{"id":1865,"date":"2022-05-16T09:06:33","date_gmt":"2022-05-16T06:06:33","guid":{"rendered":"https:\/\/rocketplay-game.com\/casino\/"},"modified":"2022-10-28T20:50:57","modified_gmt":"2022-10-28T17:50:57","slug":"casino","status":"publish","type":"page","link":"https:\/\/rocketplay-game.com\/de\/casino\/","title":{"rendered":"Kasino"},"content":{"rendered":"<div id=\"wppb-builder-container\" class=\"wppb-builder-container\">                <div  class=\"wppb-row-parent  wppb-row-1651149714946 \"  >\n\t\t\t\t\t\n\t\t\t\t\t\t\t\t\t\t\n\t\t\t\t\t\t\t\t\t\t\n\t\t\t\t\t<div class=\"wppb-container \">\n\t\t\t\t\t\t\t\t\t\t\t\t\t\n                        <div class=\"wppb-row\">\n\t\t\t\t\t\t\t                                    <div  class=\"wppb-column-parent wppb-column-parent-view wppb-col-1651149714949  \"  >\n                                        <div class=\"wppb-column\">\n\t\t\t\t\t\n\t\t\t\t\t\t\t\t\t\t\t\n                                            <div class=\"wppb-builder-addons\">\n\t\t\t\t\t\t\t\t\t\t\t\t<div class='wppb-builder-addon wppb-addon-1651150162258'  data-addon-id='1651150162258'><div class='wppb-addon'><div class=\"wppb-headline-addon\"><div class=\"wppb-headline-content\"><h1 class=\"wppb-addon-title\">\u00dcberpr\u00fcfung der Online-Casinos RocketPlay<\/h1><\/div><\/div><\/div><\/div><div class='wppb-builder-addon wppb-addon-1651150171497'  data-addon-id='1651150171497'><div class='wppb-addon'><div class=\"wppb-text-block-addon\"><div class=\"wppb-text-block-content 0\"><p><a href=\"https:\/\/rocketplay-game.com\/de\">RocketPlay Casino<\/a> ist das beliebteste Casino in Australien unter Spielern, es hat sich perfekt auf dem Markt etabliert, bietet attraktive Bedingungen f\u00fcr Benutzer und lockt sie mit seiner Atmosph\u00e4re, hellen Bildern und echten Gewinnen.<\/p><p>Im Casino kann jeder ein Spiel f\u00fcr sich finden, sich aufregen und inspirieren lassen, indem er in die echte Gl\u00fccksspielwelt eintaucht.<\/p><\/div><\/div><\/div><\/div><div class='wppb-builder-addon wppb-addon-1651149715158'  data-addon-id='1651149715158'><div class='wppb-addon'><div class=\"wppb-addon wppb-button-addon\"><div class=\"wppb-button-addon-content\"><a  href=\"\/go-casino\/\" target=_blank class=\"wppb-btn-addons  wppb-btn-custom wppb-btn-round wppb-btn-large wppb-btn-no\">JETZT SPIELEN<\/a><\/div><\/div><\/div><\/div>                                            <\/div>\n                                        <\/div>\n                                    <\/div>\n\t\t\t\t\t\t\t\t\t                                    <div  class=\"wppb-column-parent wppb-column-parent-view wppb-col-1651149714947  \"  >\n                                        <div class=\"wppb-column\">\n\t\t\t\t\t\n\t\t\t\t\t\t\t\t\t\t\t\n                                            <div class=\"wppb-builder-addons\">\n\t\t\t\t\t\t\t\t\t\t\t\t<div class='wppb-builder-addon wppb-addon-1707724572466'  data-addon-id='1707724572466'><div class='wppb-addon'><div class=\"wppb-image-addon\"><figure class=\"wppb-image-addon-content-wrap\"><div class=\"wppb-image-addon-content wppb-imginlineblock\"><img decoding=\"async\" class=\"wppb-image-addon-img\" src=\"https:\/\/rocketplay-game.com\/wp-content\/uploads\/2024\/02\/cas1.jpg\" alt=\"RocketPlay\"><\/div><\/figure><\/div><\/div><\/div>                                            <\/div>\n                                        <\/div>\n                                    <\/div>\n\t\t\t\t\t\t\t\t\t                        <\/div>\n\n                    <\/div>\n                <\/div>\n\t\t\t\t                <div  class=\"wppb-row-parent  wppb-row-1651149715118 \"  >\n\t\t\t\t\t\n\t\t\t\t\t\t\t\t\t\t\n\t\t\t\t\t\t\t\t\t\t\n\t\t\t\t\t<div class=\"wppb-container \">\n\t\t\t\t\t\t\t\t\t\t\t\t\t\n                        <div class=\"wppb-row\">\n\t\t\t\t\t\t\t                                    <div  class=\"wppb-column-parent wppb-column-parent-view wppb-col-1651149715122  \"  >\n                                        <div class=\"wppb-column\">\n\t\t\t\t\t\n\t\t\t\t\t\t\t\t\t\t\t\n                                            <div class=\"wppb-builder-addons\">\n\t\t\t\t\t\t\t\t\t\t\t\t<div class='wppb-builder-addon wppb-addon-1707724572471'  data-addon-id='1707724572471'><div class='wppb-addon'><div class=\"wppb-image-addon\"><figure class=\"wppb-image-addon-content-wrap\"><div class=\"wppb-image-addon-content wppb-imginlineblock\"><img decoding=\"async\" class=\"wppb-image-addon-img\" src=\"https:\/\/rocketplay-game.com\/wp-content\/uploads\/2024\/02\/cas2.jpg\" alt=\"RocketPlay 2\"><\/div><\/figure><\/div><\/div><\/div>                                            <\/div>\n                                        <\/div>\n                                    <\/div>\n\t\t\t\t\t\t\t\t\t                                    <div  class=\"wppb-column-parent wppb-column-parent-view wppb-col-1651149715119  \"  >\n                                        <div class=\"wppb-column\">\n\t\t\t\t\t\n\t\t\t\t\t\t\t\t\t\t\t\n                                            <div class=\"wppb-builder-addons\">\n\t\t\t\t\t\t\t\t\t\t\t\t<div class='wppb-builder-addon wppb-addon-1651149715120'  data-addon-id='1651149715120'><div class='wppb-addon'><div class=\"wppb-headline-addon\"><div class=\"wppb-headline-content\"><h2 class=\"wppb-addon-title\">Offizielle RocketPlay-Website<\/h2><\/div><\/div><\/div><\/div><div class='wppb-builder-addon wppb-addon-1651149715121'  data-addon-id='1651149715121'><div class='wppb-addon'><div class=\"wppb-text-block-addon\"><div class=\"wppb-text-block-content 0\"><p>Wenn Sie auf die Website des Online-Casinos gehen, werden Sie eine bequeme und \u00fcbersichtliche Benutzeroberfl\u00e4che vorfinden - helle Bilder, Spielatmosph\u00e4re und unaufdringlicher Sound verleihen dem Spiel zus\u00e4tzlichen Charme. Website-Entwickler aktualisieren und modernisieren sie regelm\u00e4\u00dfig, damit alle Prozesse im Casino den modernen Trends entsprechen. Am wichtigsten ist, dass die Nutzung der Casino-Website nicht schwierig ist, die Benutzeroberfl\u00e4che wird jeder verstehen k\u00f6nnen.<\/p><p><strong>Beim Betreten der Website werden dem Benutzer die folgenden Abschnitte angeboten:<\/strong><\/p><ul><li>das Spielzimmer, das alle <a href=\"https:\/\/rocketplay-game.com\/de\/slots\/\">Spielautomaten<\/a> des Online-Casinos enth\u00e4lt;<\/li><li>Sport-Poker;<\/li><li>Boni;<\/li><li>Ruhmeshalle, in der die Gewinne registrierter Benutzer von Spielautomaten untergebracht sind;<\/li><li>Turniere, bei denen registrierte Spieler das Recht haben, daran teilzunehmen, Boni und andere Preise zu erhalten und diese dann in den Automaten einzusetzen, um ihre Gewinnchancen zu erh\u00f6hen;<\/li><li>Quests, Passing, das k\u00f6nnen t\u00e4gliche Freispiele, Freespins und andere Geldpreise sein, die sich dann im Casino als n\u00fctzlich erweisen k\u00f6nnen;<\/li><li>Hilfe, wo Sie Antworten auf die h\u00e4ufigsten Fragen von Spielern finden, ohne den Support kontaktieren zu m\u00fcssen.<\/li><\/ul><\/div><\/div><\/div><\/div>                                            <\/div>\n                                        <\/div>\n                                    <\/div>\n\t\t\t\t\t\t\t\t\t                        <\/div>\n\n                    <\/div>\n                <\/div>\n\t\t\t\t                <div  class=\"wppb-row-parent  wppb-row-1652183192609 \"  >\n\t\t\t\t\t\n\t\t\t\t\t\t\t\t\t\t\n\t\t\t\t\t\t\t\t\t\t\n\t\t\t\t\t<div class=\"wppb-container \">\n\t\t\t\t\t\t\t\t\t\t\t\t\t\n                        <div class=\"wppb-row\">\n\t\t\t\t\t\t\t                                    <div  class=\"wppb-column-parent wppb-column-parent-view wppb-col-1652183192610  \"  >\n                                        <div class=\"wppb-column\">\n\t\t\t\t\t\n\t\t\t\t\t\t\t\t\t\t\t\n                                            <div class=\"wppb-builder-addons\">\n\t\t\t\t\t\t\t\t\t\t\t\t<div class='wppb-builder-addon wppb-addon-1652183192623'  data-addon-id='1652183192623'><div class='wppb-addon'><div class=\"wppb-headline-addon\"><div class=\"wppb-headline-content\"><h2 class=\"wppb-addon-title\">Registrierung und Anmeldung im Online-Casino<\/h2><\/div><\/div><\/div><\/div><div class='wppb-builder-addon wppb-addon-1652183192612'  data-addon-id='1652183192612'><div class='wppb-addon'><div class=\"wppb-text-block-addon\"><div class=\"wppb-text-block-content 0\"><p><strong>Sie k\u00f6nnen sich in wenigen Sekunden auf der Ressource registrieren. Dazu m\u00fcssen Sie elementare Aktionen ausf\u00fchren:<\/strong><\/p><ul><li>Besuchen Sie die offizielle Website des Online-Casinos RocketPlay;<\/li><li>Klicken Sie auf die Schaltfl\u00e4che - \"Registrierung\";<\/li><li>F\u00fcllen Sie einen Standardfragebogen aus, in dem Sie eine E-Mail-Adresse angeben, einen Benutzernamen und ein Passwort finden und echte Informationen \u00fcber sich selbst angeben m\u00fcssen.<\/li><li>Der n\u00e4chste Schritt wird die Auswahl der Spielw\u00e4hrung sein;<\/li><li>Nachdem Sie die Richtigkeit der eingegebenen Daten \u00fcberpr\u00fcft haben, m\u00fcssen Sie die Regeln des Gl\u00fccksspielunternehmens Joycasino lesen;<\/li><li>In der E-Mail nach dem Absenden des Formulars wird das Konto best\u00e4tigt.<\/li><li>Gehen Sie auf den Hyperlink und Sie k\u00f6nnen sich jetzt ganz einfach in Ihr pers\u00f6nliches Kabinett einloggen.<\/li><\/ul><p><strong>Dar\u00fcber hinaus k\u00f6nnen sich Spieler \u00fcber eines der sozialen Netzwerke anmelden:<\/strong><\/p><ul><li>Facebook;<\/li><li>Google+.<\/li><\/ul><p>Die Registrierung gilt als absolut kostenlos und erfordert keine zus\u00e4tzliche Investition. Da nur vollj\u00e4hrige Personen ein Profil in einem Online-Casino erstellen k\u00f6nnen, kann der Sicherheitsdienst ein Foto Ihres Dokuments zu Identifizierungszwecken verlangen. Dieses Verfahren stellt auch eine reibungslose Geldabhebung von Ihrem Spielkonto sicher.<\/p><\/div><\/div><\/div><\/div>                                            <\/div>\n                                        <\/div>\n                                    <\/div>\n\t\t\t\t\t\t\t\t\t                                    <div  class=\"wppb-column-parent wppb-column-parent-view wppb-col-1652183192613  \"  >\n                                        <div class=\"wppb-column\">\n\t\t\t\t\t\n\t\t\t\t\t\t\t\t\t\t\t\n                                            <div class=\"wppb-builder-addons\">\n\t\t\t\t\t\t\t\t\t\t\t\t<div class='wppb-builder-addon wppb-addon-1707724572476'  data-addon-id='1707724572476'><div class='wppb-addon'><div class=\"wppb-image-addon\"><figure class=\"wppb-image-addon-content-wrap\"><div class=\"wppb-image-addon-content wppb-imginlineblock\"><img decoding=\"async\" class=\"wppb-image-addon-img\" src=\"https:\/\/rocketplay-game.com\/wp-content\/uploads\/2024\/02\/cas3.jpg\" alt=\"RocketPlay 3\"><\/div><\/figure><\/div><\/div><\/div>                                            <\/div>\n                                        <\/div>\n                                    <\/div>\n\t\t\t\t\t\t\t\t\t                        <\/div>\n\n                    <\/div>\n                <\/div>\n\t\t\t\t                <div  class=\"wppb-row-parent  wppb-row-1652183192642 \"  >\n\t\t\t\t\t\n\t\t\t\t\t\t\t\t\t\t\n\t\t\t\t\t\t\t\t\t\t\n\t\t\t\t\t<div class=\"wppb-container \">\n\t\t\t\t\t\t\t\t\t\t\t\t\t\n                        <div class=\"wppb-row\">\n\t\t\t\t\t\t\t                                    <div  class=\"wppb-column-parent wppb-column-parent-view wppb-col-1652183192643  \"  >\n                                        <div class=\"wppb-column\">\n\t\t\t\t\t\n\t\t\t\t\t\t\t\t\t\t\t\n                                            <div class=\"wppb-builder-addons\">\n\t\t\t\t\t\t\t\t\t\t\t\t<div class='wppb-builder-addon wppb-addon-1707724572481'  data-addon-id='1707724572481'><div class='wppb-addon'><div class=\"wppb-image-addon\"><figure class=\"wppb-image-addon-content-wrap\"><div class=\"wppb-image-addon-content wppb-imginlineblock\"><img decoding=\"async\" class=\"wppb-image-addon-img\" src=\"https:\/\/rocketplay-game.com\/wp-content\/uploads\/2024\/02\/cas-4.jpg\" alt=\"RocketPlay 4\"><\/div><\/figure><\/div><\/div><\/div>                                            <\/div>\n                                        <\/div>\n                                    <\/div>\n\t\t\t\t\t\t\t\t\t                                    <div  class=\"wppb-column-parent wppb-column-parent-view wppb-col-1652183192645  \"  >\n                                        <div class=\"wppb-column\">\n\t\t\t\t\t\n\t\t\t\t\t\t\t\t\t\t\t\n                                            <div class=\"wppb-builder-addons\">\n\t\t\t\t\t\t\t\t\t\t\t\t<div class='wppb-builder-addon wppb-addon-1652183192646'  data-addon-id='1652183192646'><div class='wppb-addon'><div class=\"wppb-headline-addon\"><div class=\"wppb-headline-content\"><h2 class=\"wppb-addon-title\">Support-Service<\/h2><\/div><\/div><\/div><\/div><div class='wppb-builder-addon wppb-addon-1652183192647'  data-addon-id='1652183192647'><div class='wppb-addon'><div class=\"wppb-text-block-addon\"><div class=\"wppb-text-block-content 0\"><p>Wenn der Spieler in den h\u00e4ufig gestellten Fragen keine Antwort auf Ihre Frage finden kann, kann er jederzeit Casino-Profis fragen, die rund um die Uhr ohne Pausen und Wochenenden auf der neuen Website von RocketPlay Casino online arbeiten.<\/p><p><strong>Sie k\u00f6nnen den Support auf folgende Weise kontaktieren:<\/strong><\/p><ul><li>E-Mail - durch Senden der entsprechenden E-Mail;<\/li><li>Kontakt-Telefon;<\/li><li>Chatbot in Telegram und Viber.<\/li><\/ul><p>Die Hauptsache ist, dass all diese Methoden absolut allen Spielern und Benutzern zur Verf\u00fcgung stehen, relevant sind und ohne Einschr\u00e4nkungen funktionieren. Support-Casino-Profis wiederum versuchen, die notwendigen Informationen bereitzustellen und Fragen so schnell wie m\u00f6glich zu kl\u00e4ren.<\/p><\/div><\/div><\/div><\/div>                                            <\/div>\n                                        <\/div>\n                                    <\/div>\n\t\t\t\t\t\t\t\t\t                        <\/div>\n\n                    <\/div>\n                <\/div>\n\t\t\t\t                <div  class=\"wppb-row-parent  wppb-row-1652183192667 \"  >\n\t\t\t\t\t\n\t\t\t\t\t\t\t\t\t\t\n\t\t\t\t\t\t\t\t\t\t\n\t\t\t\t\t<div class=\"wppb-container \">\n\t\t\t\t\t\t\t\t\t\t\t\t\t\n                        <div class=\"wppb-row\">\n\t\t\t\t\t\t\t                                    <div  class=\"wppb-column-parent wppb-column-parent-view wppb-col-1652183192668  \"  >\n                                        <div class=\"wppb-column\">\n\t\t\t\t\t\n\t\t\t\t\t\t\t\t\t\t\t\n                                            <div class=\"wppb-builder-addons\">\n\t\t\t\t\t\t\t\t\t\t\t\t<div class='wppb-builder-addon wppb-addon-1652183192669'  data-addon-id='1652183192669'><div class='wppb-addon'><div class=\"wppb-headline-addon\"><div class=\"wppb-headline-content\"><h2 class=\"wppb-addon-title\">Einarmige Banditen<\/h2><\/div><\/div><\/div><\/div><div class='wppb-builder-addon wppb-addon-1652183192670'  data-addon-id='1652183192670'><div class='wppb-addon'><div class=\"wppb-text-block-addon\"><div class=\"wppb-text-block-content 0\"><p>Die Website RocketPlay Casino Australia pr\u00e4sentierte eine ziemlich gro\u00dfe Auswahl an Spielautomaten aller Art von verschiedenen Entwicklern. Jeder Automat ist auf seine Weise einzigartig, lockt mit eigenen Bedingungen, Bonusprogrammen und einer echten Gl\u00fccksspielatmosph\u00e4re.<\/p><p>Es gibt sowohl klassische Spiele, die in anderen Casinos zu finden sind, als auch seltenere.<\/p><p><strong>Fast alle vorgestellten Spiele zeichnen sich durch folgende Attribute aus:<\/strong><\/p><ul><li>Eine interessante Abenteuergeschichte, die einem Film oder Buch entnommen werden kann;<\/li><li>Das Vorhandensein von sich drehenden Rollen und Schn\u00fcren;<\/li><li>Bonusangebote, Freispiele und Freespins.<\/li><\/ul><p><strong>Dar\u00fcber hinaus hat jeder Spielautomat zwei Versionen:<\/strong> kostenpflichtig und kostenlos. Kostenlos ist in der Regel interessanter f\u00fcr Neulinge in Online-Casinos, die gerade erst mit ihrer Gl\u00fccksspielreise beginnen und die Grundlagen des Spiels erlernen m\u00f6chten. Die kostenpflichtige Version ist f\u00fcr erfahrenere Spieler gedacht, die in der Lage und bereit sind, echte Wetten abzuschlie\u00dfen und echtes Geld zu gewinnen, indem sie Geld abheben. Aber jeder ist mit der F\u00e4higkeit ausgestattet, zu w\u00e4hlen, was genau er mag, welche Spielvariante und welchen Ausgang die Ereignisse haben.<\/p><\/div><\/div><\/div><\/div>                                            <\/div>\n                                        <\/div>\n                                    <\/div>\n\t\t\t\t\t\t\t\t\t                                    <div  class=\"wppb-column-parent wppb-column-parent-view wppb-col-1652183192671  \"  >\n                                        <div class=\"wppb-column\">\n\t\t\t\t\t\n\t\t\t\t\t\t\t\t\t\t\t\n                                            <div class=\"wppb-builder-addons\">\n\t\t\t\t\t\t\t\t\t\t\t\t<div class='wppb-builder-addon wppb-addon-1707724572486'  data-addon-id='1707724572486'><div class='wppb-addon'><div class=\"wppb-image-addon\"><figure class=\"wppb-image-addon-content-wrap\"><div class=\"wppb-image-addon-content wppb-imginlineblock\"><img decoding=\"async\" class=\"wppb-image-addon-img\" src=\"https:\/\/rocketplay-game.com\/wp-content\/uploads\/2024\/02\/cas-5.jpg\" alt=\"RocketPlay 5\"><\/div><\/figure><\/div><\/div><\/div>                                            <\/div>\n                                        <\/div>\n                                    <\/div>\n\t\t\t\t\t\t\t\t\t                        <\/div>\n\n                    <\/div>\n                <\/div>\n\t\t\t\t                <div  class=\"wppb-row-parent  wppb-row-1652449333680 \"  >\n\t\t\t\t\t\n\t\t\t\t\t\t\t\t\t\t\n\t\t\t\t\t\t\t\t\t\t\n\t\t\t\t\t<div class=\"wppb-container \">\n\t\t\t\t\t\t\t\t\t\t\t\t\t\n                        <div class=\"wppb-row\">\n\t\t\t\t\t\t\t                                    <div  class=\"wppb-column-parent wppb-column-parent-view wppb-col-1652449333681  \"  >\n                                        <div class=\"wppb-column\">\n\t\t\t\t\t\n\t\t\t\t\t\t\t\t\t\t\t\n                                            <div class=\"wppb-builder-addons\">\n\t\t\t\t\t\t\t\t\t\t\t\t<div class='wppb-builder-addon wppb-addon-1707724572491'  data-addon-id='1707724572491'><div class='wppb-addon'><div class=\"wppb-image-addon\"><figure class=\"wppb-image-addon-content-wrap\"><div class=\"wppb-image-addon-content wppb-imginlineblock\"><img decoding=\"async\" class=\"wppb-image-addon-img\" src=\"https:\/\/rocketplay-game.com\/wp-content\/uploads\/2024\/02\/cas6-1.jpg\" alt=\"RocketPlay 6\"><\/div><\/figure><\/div><\/div><\/div>                                            <\/div>\n                                        <\/div>\n                                    <\/div>\n\t\t\t\t\t\t\t\t\t                                    <div  class=\"wppb-column-parent wppb-column-parent-view wppb-col-1652449333683  \"  >\n                                        <div class=\"wppb-column\">\n\t\t\t\t\t\n\t\t\t\t\t\t\t\t\t\t\t\n                                            <div class=\"wppb-builder-addons\">\n\t\t\t\t\t\t\t\t\t\t\t\t<div class='wppb-builder-addon wppb-addon-1652449333684'  data-addon-id='1652449333684'><div class='wppb-addon'><div class=\"wppb-headline-addon\"><div class=\"wppb-headline-content\"><h2 class=\"wppb-addon-title\">Bewertungen \u00fcber das Casino im Netzwerk<\/h2><\/div><\/div><\/div><\/div><div class='wppb-builder-addon wppb-addon-1652449333685'  data-addon-id='1652449333685'><div class='wppb-addon'><div class=\"wppb-text-block-addon\"><div class=\"wppb-text-block-content 0\"><p>Verschiedene Spieler, die Zeit hatten, die Dienste des Spielplatzes zu erkunden, berichten im Internet von ihren Erfahrungen. Vorwiegend werden jedoch die Vielfalt der Slots und die Bequemlichkeit der Auswahl interessanter Entwicklungen hervorgehoben. Positive Bewertungen verdient und <a href=\"https:\/\/rocketplay-game.com\/de\/vip\/\">VIP<\/a>-System. Spieler sprechen \u00fcber den Schutz von Geldern und pers\u00f6nlichen Daten. Gewinne werden zeitnah ausgezahlt, der Kundensupport antwortet umgehend auf Fragen. Die RocketPlay Casino-App funktioniert sehr gut.<\/p><\/div><\/div><\/div><\/div>                                            <\/div>\n                                        <\/div>\n                                    <\/div>\n\t\t\t\t\t\t\t\t\t                        <\/div>\n\n                    <\/div>\n                <\/div>\n\t\t\t\t                <div  class=\"wppb-row-parent  wppb-row-1651158175344 \"  >\n\t\t\t\t\t\n\t\t\t\t\t\t\t\t\t\t\n\t\t\t\t\t\t\t\t\t\t\n\t\t\t\t\t<div class=\"wppb-container \">\n\t\t\t\t\t\t\t\t\t\t\t\t\t\n                        <div class=\"wppb-row\">\n\t\t\t\t\t\t\t                                    <div  class=\"wppb-column-parent wppb-column-parent-view wppb-col-1651158175347  \"  >\n                                        <div class=\"wppb-column\">\n\t\t\t\t\t\n\t\t\t\t\t\t\t\t\t\t\t\n                                            <div class=\"wppb-builder-addons\">\n\t\t\t\t\t\t\t\t\t\t\t\t<div class='wppb-builder-addon wppb-addon-1651158175348'  data-addon-id='1651158175348'><div class='wppb-addon'><div class=\"wppb-headline-addon\"><div class=\"wppb-headline-content\"><h2 class=\"wppb-addon-title\">Registrierung und Willkommensbonus<\/h2><\/div><\/div><\/div><\/div><div class='wppb-builder-addon wppb-addon-1651158175349'  data-addon-id='1651158175349'><div class='wppb-addon'><div class=\"wppb-text-block-addon\"><div class=\"wppb-text-block-content 0\"><p>Die Registrierung auf der offiziellen Website dauert nur ein paar Minuten - Sie m\u00fcssen eine E-Mail ausf\u00fcllen, ein Passwort erstellen, um sich zu sch\u00fctzen, und nach dem Ausf\u00fcllen des Formulars die Kontaktinformationen \u00fcberpr\u00fcfen. Jedem Neuling steht f\u00fcr das Bestehen der Anmeldung ein Startbonus zu. Der Casino-Anmeldebonus kommt sofort, und dann k\u00f6nnen Sie anfangen, um Geld zu spielen. Zuvor wurde empfohlen, die Liste der Regeln erneut zu lesen, nach denen sich nur erwachsene Spieler registrieren d\u00fcrfen.<\/p><p>Virtuelle Casinos sind ohne Pausen und Wochenenden verf\u00fcgbar, sodass Spieler unter allen Umst\u00e4nden die M\u00f6glichkeit haben, virtuelle Maschinen zu betreiben. Diese RocketPlay-Casino-Rezension sollte dazu beigetragen haben, alle Feinheiten der Arbeit zu verstehen.<\/p><\/div><\/div><\/div><\/div>                                            <\/div>\n                                        <\/div>\n                                    <\/div>\n\t\t\t\t\t\t\t\t\t                                    <div  class=\"wppb-column-parent wppb-column-parent-view wppb-col-1651158175345  \"  >\n                                        <div class=\"wppb-column\">\n\t\t\t\t\t\n\t\t\t\t\t\t\t\t\t\t\t\n                                            <div class=\"wppb-builder-addons\">\n\t\t\t\t\t\t\t\t\t\t\t\t<div class='wppb-builder-addon wppb-addon-1707724572496'  data-addon-id='1707724572496'><div class='wppb-addon'><div class=\"wppb-image-addon\"><figure class=\"wppb-image-addon-content-wrap\"><div class=\"wppb-image-addon-content wppb-imginlineblock\"><img decoding=\"async\" class=\"wppb-image-addon-img\" src=\"https:\/\/rocketplay-game.com\/wp-content\/uploads\/2024\/02\/cas7.jpg\" alt=\"RocketPlay 7\"><\/div><\/figure><\/div><\/div><\/div>                                            <\/div>\n                                        <\/div>\n                                    <\/div>\n\t\t\t\t\t\t\t\t\t                        <\/div>\n\n                    <\/div>\n                <\/div>\n\t\t\t\t<\/div>","protected":false},"excerpt":{"rendered":"<p>\u00dcberpr\u00fcfung der Online-Casinos RocketPlayRocketPlay Casino ist das beliebteste Casino in Australien unter Spielern, es hat sich perfekt auf dem Markt etabliert, bietet attraktive Bedingungen f\u00fcr Benutzer und lockt sie mit seiner Atmosph\u00e4re, hellen Bildern und echten Gewinnen.Im Casino kann jeder ein Spiel f\u00fcr sich finden, sich aufregen und inspirieren lassen, indem er in die echte&#8230;<\/p>\n","protected":false},"author":1,"featured_media":0,"parent":0,"menu_order":0,"comment_status":"closed","ping_status":"closed","template":"wppb_theme_template","meta":{"_acf_changed":false,"_kad_post_transparent":"default","_kad_post_title":"default","_kad_post_layout":"default","_kad_post_sidebar_id":"","_kad_post_content_style":"default","_kad_post_vertical_padding":"default","_kad_post_feature":"","_kad_post_feature_position":"","_kad_post_header":false,"_kad_post_footer":false,"footnotes":""},"class_list":["post-1865","page","type-page","status-publish","hentry"],"acf":[],"rttpg_featured_image_url":null,"rttpg_author":{"display_name":"Tom","author_link":"https:\/\/rocketplay-game.com\/de\/author\/pemvas95n89x\/"},"rttpg_comment":0,"rttpg_category":null,"rttpg_excerpt":"\u00dcberpr\u00fcfung der Online-Casinos RocketPlayRocketPlay Casino ist das beliebteste Casino in Australien unter Spielern, es hat sich perfekt auf dem Markt etabliert, bietet attraktive Bedingungen f\u00fcr Benutzer und lockt sie mit seiner Atmosph\u00e4re, hellen Bildern und echten Gewinnen.Im Casino kann jeder ein Spiel f\u00fcr sich finden, sich aufregen und inspirieren lassen, indem er in die echte...","_links":{"self":[{"href":"https:\/\/rocketplay-game.com\/de\/wp-json\/wp\/v2\/pages\/1865","targetHints":{"allow":["GET"]}}],"collection":[{"href":"https:\/\/rocketplay-game.com\/de\/wp-json\/wp\/v2\/pages"}],"about":[{"href":"https:\/\/rocketplay-game.com\/de\/wp-json\/wp\/v2\/types\/page"}],"author":[{"embeddable":true,"href":"https:\/\/rocketplay-game.com\/de\/wp-json\/wp\/v2\/users\/1"}],"replies":[{"embeddable":true,"href":"https:\/\/rocketplay-game.com\/de\/wp-json\/wp\/v2\/comments?post=1865"}],"version-history":[{"count":2,"href":"https:\/\/rocketplay-game.com\/de\/wp-json\/wp\/v2\/pages\/1865\/revisions"}],"predecessor-version":[{"id":1867,"href":"https:\/\/rocketplay-game.com\/de\/wp-json\/wp\/v2\/pages\/1865\/revisions\/1867"}],"wp:attachment":[{"href":"https:\/\/rocketplay-game.com\/de\/wp-json\/wp\/v2\/media?parent=1865"}],"curies":[{"name":"wp","href":"https:\/\/api.w.org\/{rel}","templated":true}]}}