{"id":1872,"date":"2022-06-17T16:45:32","date_gmt":"2022-06-17T13:45:32","guid":{"rendered":"https:\/\/rocketplay-game.com\/download\/"},"modified":"2024-02-09T16:32:12","modified_gmt":"2024-02-09T13:32:12","slug":"download","status":"publish","type":"page","link":"https:\/\/rocketplay-game.com\/de\/download\/","title":{"rendered":"Laden Sie das Online-Casino RocketPlay herunter"},"content":{"rendered":"<p>Heutzutage versuchen viele Menschen gerne ihr Gl\u00fcck und spielen Slots, und daf\u00fcr gibt es eine Vielzahl von Institutionen. Zum Beispiel k\u00f6nnen Sie das RocketPlay Online Casino herunterladen. Aber viele fragen sich, ob Sie versuchen k\u00f6nnen, kostenlos zu spielen, ohne ihr eigenes Geld zu verlieren? Gibt es eine solche Chance? Und wir antworten mit gro\u00dfer Zuversicht, dass es nicht nur existiert, sondern auch sehr beliebt ist! Gerade Anf\u00e4nger spielen gerne ohne Geld. Denken Sie daran, dass Sie in diesem Fall Ihre Gewinne nicht abheben k\u00f6nnen, da Sie keine eigenen mitbringen, aber es gibt viele andere Vorteile. Dar\u00fcber werden wir jetzt sprechen. Aber beginnen wir mit einigen grundlegenden Informationen \u00fcber Online-Gl\u00fccksspiele.<\/p>\n<p style=\"text-align: center;\"><img loading=\"lazy\" decoding=\"async\" class=\"aligncenter wp-image-4723\" src=\"https:\/\/rocketplay-game.com\/wp-content\/uploads\/2024\/02\/tytryew2.png\" alt=\"Download RocketPlay\" width=\"800\" height=\"388\" srcset=\"https:\/\/rocketplay-game.com\/wp-content\/uploads\/2024\/02\/tytryew2.png 1386w, https:\/\/rocketplay-game.com\/wp-content\/uploads\/2024\/02\/tytryew2-300x145.png 300w, https:\/\/rocketplay-game.com\/wp-content\/uploads\/2024\/02\/tytryew2-1024x496.png 1024w, https:\/\/rocketplay-game.com\/wp-content\/uploads\/2024\/02\/tytryew2-768x372.png 768w\" sizes=\"auto, (max-width: 800px) 100vw, 800px\" \/><\/p>\n<h2>Was ist Online Casino: N\u00fctzliche Informationen<\/h2>\n<p>Jedem Spieler sollte bewusst sein, dass fast alle Klubs heute nach und nach auf das Online-Format umsteigen. Virtuelle Casinos bieten fast so viele Maschinen wie herk\u00f6mmliche. Somit pr\u00e4sentieren sie eine breite Palette an Unterhaltung f\u00fcr Spieler, darunter Online-Slots, Kartenspiele, <a href=\"https:\/\/rocketplay-game.com\/de\/poker\/\">Poker<\/a> und vieles mehr. Und alle stehen absolut jedem Spieler zur Verf\u00fcgung, der sich entscheidet, eine bestimmte Seite zu besuchen und dort Spa\u00df zu haben.<\/p>\n<p>Zu den Vorteilen eines jeden Casinos im Internet geh\u00f6rt die M\u00f6glichkeit, kostenlose RocketPlay-Casinospiele herunterzuladen. Mit dieser Option k\u00f6nnen Sie Ihrem Lieblingshobby auch unterwegs nachgehen. Und wenn Sie unterwegs sind, k\u00f6nnen Sie auf die Seite gehen und Spielautomaten spielen.<\/p>\n<h2>Casino-Download-Leitfaden<\/h2>\n<p>Angenommen, Sie entscheiden sich f\u00fcr den Download der RocketPlay-Casino-App. In diesem Fall m\u00fcssen Sie wie folgt vorgehen:<\/p>\n<ul>\n<li>Laden Sie die Casino-Dateien herunter. Wir empfehlen, das Casino ausschlie\u00dflich von seinem offiziellen Portal herunterzuladen. So k\u00f6nnen Sie sicher sein, dass Sie nicht auf Betr\u00fcger hereinfallen und genau die Dateien erhalten, die Sie ben\u00f6tigen \u2013 ohne Viren, Trojaner und andere Schadsoftware;<\/li>\n<li>Client starten. Nachdem Sie die Dateien heruntergeladen haben, m\u00fcssen Sie sie nur noch \u00f6ffnen. Beeilen Sie sich nicht, auf alle Schaltfl\u00e4chen zu klicken \u2013 Sie werden bald aufgefordert, die Bedingungen der Benutzervereinbarung zu lesen, eine Sprache f\u00fcr die Benutzeroberfl\u00e4che auszuw\u00e4hlen und so weiter;<\/li>\n<li>Wenn Sie kein Profil auf der \u201evollst\u00e4ndigen\u201c Casino-Website haben, erstellen Sie ein neues Konto. Wenn Sie bereits ein Profil haben, melden Sie sich einfach mit Ihrem alten Benutzernamen und Passwort bei Ihrem Live-Konto an. Wenn sie aus irgendeinem Grund nicht mit Ihrem Benutzernamen und Passwort \u00fcbereinstimmen, wenden Sie sich an den technischen Support.<\/li>\n<\/ul>\n<p>Online-Casinos in mobilen Anwendungen bieten die Wahl, um echtes Geld oder kostenlos zu spielen. Wir empfehlen Ihnen, zuerst die kostenlose Demoversion von RocketPlay Casino zu w\u00e4hlen und dann RocketPlay Casinospiele f\u00fcr echtes Geld herunterzuladen. Sie k\u00f6nnen sich mit dem Men\u00fc und der Position der Funktionstasten vertraut machen und alle Funktionen und F\u00e4higkeiten des Spiels kennenlernen. Dieser Schritt erm\u00f6glicht es Ihnen, Fehler zu vermeiden.<\/p>\n<h2>Mobile Casinos \u2013 haben sie irgendwelche Vorteile?<\/h2>\n<p>Der mobile Download von RocketPlay Casino auf Smartphones und Tablets bietet Spielclubs mit Spielautomaten und Kartenspielen mehrere bedeutende Vorteile:<\/p>\n<ul>\n<li>Die Auswahl und Vielfalt der Spiele ist nicht geringer als das, was Sie in der Vollversion des Casinos erwartet;<\/li>\n<li>Die Anwendungsoberfl\u00e4che ist auch f\u00fcr Neulinge zug\u00e4nglich und verst\u00e4ndlich;<\/li>\n<li><a href=\"https:\/\/rocketplay-game.com\/de\/mobile-version\/\">Mobile Anwendungen<\/a> haben einen starken Schutz vor b\u00f6sartigem Code;<\/li>\n<li>Alle Spielerdaten (Konto und Guthaben) werden von der regul\u00e4ren Version des Casinos gespeichert;<\/li>\n<li>Spiele haben tendenziell eine h\u00f6here Grafikqualit\u00e4t und frieren seltener ein;<\/li>\n<li>Die Auswahl an Einstellungen ist umfangreich;<\/li>\n<li>Zum Spielen ist keine Hochgeschwindigkeits-Internetverbindung erforderlich. Selbst mit einem langsamen Netzwerk und minimalem Datenverkehr k\u00f6nnen Sie eine tolle Zeit haben.<\/li>\n<\/ul>\n<p>Kann ich an Online-Casino-Turnieren teilnehmen, w\u00e4hrend ich von meinem Smartphone aus spiele? Die Antwort ist ja. Alle Aktionen und Sonderangebote des Clubs stehen Ihnen zur Verf\u00fcgung. Es gibt auch keine Preisauszahlungslimits<\/p>\n<h2>So laden Sie die Casino-Software herunter<\/h2>\n<p>Um jederzeit Zugriff auf RocketPlay-Spielautomaten zu haben, m\u00fcssen Sie RocketPlay Casino Australia finden und herunterladen, das f\u00fcr das Ger\u00e4t geeignet ist, von dem aus Sie auf die virtuellen Hallen des Spielclubs zugreifen m\u00f6chten.<\/p>\n<h2>Optionen, die von der RocketPlay-Administration angeboten werden<\/h2>\n<p>Da die \u00fcberwiegende Mehrheit der Internetnutzer mit den Grundlagen der Programmierung nicht sehr vertraut ist, sind beliebte Anwendungen diejenigen, die auf &#8222;einfachen&#8220; Betriebssystemen installiert werden k\u00f6nnen:<\/p>\n<ul>\n<li>Windows von Microsoft;<\/li>\n<li>Android von Google;<\/li>\n<li>iOS von Apple.<\/li>\n<\/ul>\n<h2>So laden Sie die RocketPlay-Android-App herunter<\/h2>\n<p>Der Download der Vollversion von RocketPlay-Casinospielen kann durch Klicken auf die entsprechende Schaltfl\u00e4che auf der Download-Seite Ihres Android-Tablets oder -Smartphones erfolgen. Normalerweise dauert dieser Vorgang bei einer normalen Internetverbindung nicht l\u00e4nger als zwei bis drei Minuten. Denken Sie vor dem Herunterladen daran, das Kontrollk\u00e4stchen \u201eInstallation aus unbekannten Quellen zulassen\u201c in den Sicherheitseinstellungen Ihres Gadgets zu aktivieren.<\/p>\n<p>Sobald das RocketPlay-Dienstprogramm heruntergeladen wurde, starten Sie es, indem Sie die Installation des Programms autorisieren. Sobald die Anwendung installiert ist, erscheint eine RocketPlay-Verkn\u00fcpfung auf Ihrem Smartphone- oder Tablet-Desktop.<\/p>\n<p>Sie sollten sich dann in Ihren sicheren Kundenbereich einloggen oder den Registrierungsprozess abschlie\u00dfen und von dort aus alle Vorteile eines vollwertigen Mitglieds des RocketPlay-Clubs genie\u00dfen.<\/p>\n<h2>So laden Sie die RocketPlay-App f\u00fcr Windows herunter<\/h2>\n<p>Wenn Sie es gewohnt sind, bequem von zu Hause aus Spa\u00df zu haben, ist RocketPlay f\u00fcr Windows ideal. Zumal die Installation auf einem PC genauso einfach ist wie auf einem Smartphone:<\/p>\n<ul>\n<li>Laden Sie die App herunter und speichern Sie sie in einem Ordner Ihrer Wahl auf Ihrem Computer.<\/li>\n<li>F\u00fchren Sie die Installation des Dienstprogramms aus, indem Sie einen Ordner ausw\u00e4hlen, um es zu installieren.<\/li>\n<li>Klicken Sie auf die Schaltfl\u00e4che \u201eSchlie\u00dfen\u201c, bis die Installation abgeschlossen ist.<\/li>\n<\/ul>\n<p>Und alle <a href=\"https:\/\/rocketplay-game.com\/de\/bonus\/\">Boni<\/a>, Aktionen und \u00dcberraschungen der RocketPlay-Administration stehen Ihnen zur Verf\u00fcgung!<\/p>\n<p style=\"text-align: center;\"><img loading=\"lazy\" decoding=\"async\" class=\"wp-image-4712 aligncenter\" src=\"https:\/\/rocketplay-game.com\/wp-content\/uploads\/2024\/02\/31244399_smartphone231-scaled.jpg\" alt=\"Download RocketPlay 2\" width=\"800\" height=\"400\" srcset=\"https:\/\/rocketplay-game.com\/wp-content\/uploads\/2024\/02\/31244399_smartphone231-scaled.jpg 2560w, https:\/\/rocketplay-game.com\/wp-content\/uploads\/2024\/02\/31244399_smartphone231-300x150.jpg 300w, https:\/\/rocketplay-game.com\/wp-content\/uploads\/2024\/02\/31244399_smartphone231-1024x512.jpg 1024w, https:\/\/rocketplay-game.com\/wp-content\/uploads\/2024\/02\/31244399_smartphone231-768x384.jpg 768w, https:\/\/rocketplay-game.com\/wp-content\/uploads\/2024\/02\/31244399_smartphone231-1536x768.jpg 1536w, https:\/\/rocketplay-game.com\/wp-content\/uploads\/2024\/02\/31244399_smartphone231-2048x1024.jpg 2048w\" sizes=\"auto, (max-width: 800px) 100vw, 800px\" \/><\/p>\n<h2>Funktionen der herunterladbaren Casino-Lobby<\/h2>\n<p>Jeder Hersteller von Internet-Gl\u00fccksspielsoftware implementiert seine eigenen Merkmale in der herunterladbaren Software. In der Regel sind folgende Abschnitte immer verf\u00fcgbar:<\/p>\n<ul>\n<li>Registrierkasse, wo die Finanztransaktionen durchgef\u00fchrt werden;<\/li>\n<li>Kabinett mit Kundendaten;<\/li>\n<li>Lobby mit Spielen, die in thematische Abschnitte unterteilt sind;<\/li>\n<li>Turnierfenster;<\/li>\n<li>Bonus- und Promotionsseite;<\/li>\n<li>Methoden zur Kontaktaufnahme mit den Kundendienstmitarbeitern;<\/li>\n<li>Ein Postfach, in dem E-Mails ankommen, und so weiter.<\/li>\n<\/ul>\n<p>Alle Hersteller versuchen, die Casino-Client-Software f\u00fcr jeden Anf\u00e4nger intuitiv und f\u00fcr alle Benutzer so bequem wie m\u00f6glich zu gestalten. Diverse Einstellungen und Zusatzfunktionen sind in der Regel vorhanden und sollten von Fall zu Fall kennengelernt werden.<\/p>\n<h2>K\u00f6nnen die Live-Dealer-Spiele heruntergeladen werden?<\/h2>\n<p>Die meisten gro\u00dfen Portale erm\u00f6glichen es Ihnen, Gl\u00fccksspiele mit echten Croupiers zu spielen. Wenn eine Institution ein herunterladbares Programm anbietet, k\u00f6nnen Sie sicher sein, dass das Live-Casino in diesem Format pr\u00e4sentiert wird.<\/p>\n<p>Aber viele browserbasierte Gl\u00fccksspielseiten erm\u00f6glichen es Ihnen, mit echten Dealern zu spielen, ohne zus\u00e4tzliche Software zu installieren.<\/p>\n<h2>Online-Casinos<\/h2>\n<p>Es muss gesagt werden, dass sie mit Online-Gl\u00fccksspielen Gl\u00fcck haben. Sie sind von fast jedem Online-Casino angetan, unabh\u00e4ngig davon, welche Software sie verwenden, unter wessen Lizenz sie arbeiten oder wo sich ihre Server befinden. Es gibt also eine gro\u00dfe Auswahl an Optionen f\u00fcr Spieler.<\/p>\n<p>Dar\u00fcber hinaus erm\u00f6glichen viele seri\u00f6se Online-Casinos wie RocketPlay Kunden vom \u201egr\u00fcnen Kontinent\u201c, Einzahlungen und Eins\u00e4tze in bequemen australischen Dollar zu t\u00e4tigen, und einige bieten ihnen sogar geb\u00fchrenfreie Kundendienstnummern.<\/p>\n<p>Tats\u00e4chlich ist die Liste der Online-Casinos f\u00fcr australische und neuseel\u00e4ndische Spieler lang. Und wenn ein Bewohner des &#8222;Gr\u00fcnen Kontinents&#8220; zustimmt, in anderen W\u00e4hrungen zu spielen und ein internationales Support-Telefon zu benutzen, ist die \u00fcberwiegende Mehrheit dieser Einrichtungen f\u00fcr ihn geeignet.<\/p>\n<p>Top 5 der besten Online-Casinos :<\/p>\n<ul>\n<li>RocketPlay;<\/li>\n<li>Casino-Freude;<\/li>\n<li>Frank spielen;<\/li>\n<li>Grand Reef-Kasino;<\/li>\n<li>Jackpot-City-Casino.<\/li>\n<\/ul>\n<h2>FAQ zu Casino-Downloads<\/h2>\n<ul>\n<li>Haben herunterladbare Casinos viele Vorteile gegen\u00fcber browserbasierten Casinos?<\/li>\n<\/ul>\n<p>Sie haben ihre Vorz\u00fcge, aber browserbasierte Online-Casinos haben auch viele Vorteile. Es ist einfach eine Frage der pers\u00f6nlichen Vorlieben des Spielers.<\/p>\n<ul>\n<li>M\u00fcssen mobile Casinos heruntergeladen werden?<\/li>\n<\/ul>\n<p>Immer mehr mobile Online-Casinos laufen jetzt in einem Browser.<\/p>\n<ul>\n<li>Ben\u00f6tigen alle Casinos die Installation von Software zum Spielen?<\/li>\n<\/ul>\n<p>Nein, die meisten der besten Online-Casinos funktionieren im Browser, sodass keine Software installiert werden muss.<\/p>\n","protected":false},"excerpt":{"rendered":"<p>Heutzutage versuchen viele Menschen gerne ihr Gl\u00fcck und spielen Slots, und daf\u00fcr gibt es eine Vielzahl von Institutionen. Zum Beispiel k\u00f6nnen Sie das RocketPlay Online Casino herunterladen. Aber viele fragen sich, ob Sie versuchen k\u00f6nnen, kostenlos zu spielen, ohne ihr eigenes Geld zu verlieren? Gibt es eine solche Chance? Und wir antworten mit gro\u00dfer Zuversicht,&#8230;<\/p>\n","protected":false},"author":1,"featured_media":0,"parent":0,"menu_order":0,"comment_status":"closed","ping_status":"closed","template":"page-with-bonus.php","meta":{"_acf_changed":false,"_kad_post_transparent":"default","_kad_post_title":"default","_kad_post_layout":"default","_kad_post_sidebar_id":"","_kad_post_content_style":"default","_kad_post_vertical_padding":"default","_kad_post_feature":"","_kad_post_feature_position":"","_kad_post_header":false,"_kad_post_footer":false,"footnotes":""},"class_list":["post-1872","page","type-page","status-publish","hentry"],"acf":[],"rttpg_featured_image_url":null,"rttpg_author":{"display_name":"Tom","author_link":"https:\/\/rocketplay-game.com\/de\/author\/pemvas95n89x\/"},"rttpg_comment":0,"rttpg_category":null,"rttpg_excerpt":"Heutzutage versuchen viele Menschen gerne ihr Gl\u00fcck und spielen Slots, und daf\u00fcr gibt es eine Vielzahl von Institutionen. Zum Beispiel k\u00f6nnen Sie das RocketPlay Online Casino herunterladen. Aber viele fragen sich, ob Sie versuchen k\u00f6nnen, kostenlos zu spielen, ohne ihr eigenes Geld zu verlieren? Gibt es eine solche Chance? Und wir antworten mit gro\u00dfer Zuversicht,...","_links":{"self":[{"href":"https:\/\/rocketplay-game.com\/de\/wp-json\/wp\/v2\/pages\/1872","targetHints":{"allow":["GET"]}}],"collection":[{"href":"https:\/\/rocketplay-game.com\/de\/wp-json\/wp\/v2\/pages"}],"about":[{"href":"https:\/\/rocketplay-game.com\/de\/wp-json\/wp\/v2\/types\/page"}],"author":[{"embeddable":true,"href":"https:\/\/rocketplay-game.com\/de\/wp-json\/wp\/v2\/users\/1"}],"replies":[{"embeddable":true,"href":"https:\/\/rocketplay-game.com\/de\/wp-json\/wp\/v2\/comments?post=1872"}],"version-history":[{"count":5,"href":"https:\/\/rocketplay-game.com\/de\/wp-json\/wp\/v2\/pages\/1872\/revisions"}],"predecessor-version":[{"id":5297,"href":"https:\/\/rocketplay-game.com\/de\/wp-json\/wp\/v2\/pages\/1872\/revisions\/5297"}],"wp:attachment":[{"href":"https:\/\/rocketplay-game.com\/de\/wp-json\/wp\/v2\/media?parent=1872"}],"curies":[{"name":"wp","href":"https:\/\/api.w.org\/{rel}","templated":true}]}}