{"id":1881,"date":"2022-06-13T19:37:05","date_gmt":"2022-06-13T16:37:05","guid":{"rendered":"https:\/\/rocketplay-game.com\/table-games\/"},"modified":"2024-02-09T14:47:54","modified_gmt":"2024-02-09T11:47:54","slug":"table-games","status":"publish","type":"page","link":"https:\/\/rocketplay-game.com\/de\/table-games\/","title":{"rendered":"Tischspiele online im RocketPlay Casino"},"content":{"rendered":"<p>Trotz der Tatsache, dass die beliebteste Kategorie des virtuellen Gl\u00fccksspiels heute Video-Slots sind, bevorzugen viele dieser Liebhaber von Risiko und Spannung Online-Gl\u00fccksspieltische.<\/p>\n<p>RocketPlay Casino-Tischspiele sind eine der \u00e4ltesten Unterhaltungen der Menschheit, die seit Jahrhunderten nicht an Popularit\u00e4t verloren hat. Diese Popularit\u00e4t ist auf eine Vielzahl von Gr\u00fcnden zur\u00fcckzuf\u00fchren, von denen Sie hier erfahren, dem offiziellen Online-Casino RocketPlay.<\/p>\n<p><img loading=\"lazy\" decoding=\"async\" class=\"aligncenter wp-image-244\" src=\"https:\/\/rocketplay-game.com\/wp-content\/uploads\/2022\/06\/rocketplay-site-300x114.png\" alt=\"Tischspiele online im RocketPlay Casino\" width=\"800\" height=\"303\" srcset=\"https:\/\/rocketplay-game.com\/wp-content\/uploads\/2022\/06\/rocketplay-site-300x114.png 300w, https:\/\/rocketplay-game.com\/wp-content\/uploads\/2022\/06\/rocketplay-site-768x291.png 768w, https:\/\/rocketplay-game.com\/wp-content\/uploads\/2022\/06\/rocketplay-site.png 930w\" sizes=\"auto, (max-width: 800px) 100vw, 800px\" \/><\/p>\n<h2>Beliebte Online-Tischspiele im RocketPlay Casino<\/h2>\n<p>In \u00dcbereinstimmung mit den aktuellen Realit\u00e4ten des modernen Lebens hat sich die meiste Gl\u00fccksspielunterhaltung in die Online-Sph\u00e4re verlagert. Wenn Sie zu der Gruppe von Menschen geh\u00f6ren, die sich nicht weigern werden, die Gunst des Gl\u00fccks am Spieltisch zu versuchen &#8211; speziell f\u00fcr Sie RocketPlay Casino-Tischspiele online von den weltweit f\u00fchrenden Anbietern.<\/p>\n<p>In diesem Bereich k\u00f6nnen Sie kostenlos ohne Registrierung oder um echtes Geld online Poker spielen. Dar\u00fcber hinaus gibt es hier speziell f\u00fcr Sie das Kartenspiel Baccarat, die europ\u00e4ische und amerikanische Version von Roulette, das Kartenspiel Twenty-One Online (alias Blackjack) und vieles mehr. In diesem Abschnitt haben wir die beliebtesten RocketPlay besten Casino-Tischspiele zusammengestellt, die in den Spielhallen auf der ganzen Welt zu finden sind.<\/p>\n<h2>RocketPlay-Tischspiele<\/h2>\n<p>Beim Spielen in der Demoversion k\u00f6nnen Anf\u00e4nger die theoretischen Aspekte und Eigenschaften einer bestimmten Maschine sorgf\u00e4ltig lernen, und erfahrenere Spieler &#8211; um ihre eigenen F\u00e4higkeiten zu \u00fcben und individuelle Gewinnstrategien zu entwickeln.<\/p>\n<p>Alle eingereichten Maschinen zeichnen sich durch hochwertige, sehr realistische Grafiken aus, die zur Schaffung der Atmosph\u00e4re der realen Anwesenheit des Spielers im Casino-Raum beitragen.<\/p>\n<p>Aus diesem Grund achten vor allem die weltweit f\u00fchrenden Anbieter wie Microgaming oder TomHorn Games \u2013 die f\u00fchrenden Entwickler von Emulatoren f\u00fcr Tischspiele wie Poker, Online-Roulette etc. \u2013 auf die Qualit\u00e4t der Grafik sowie der Musik . Dar\u00fcber hinaus verf\u00fcgen die auf der Website RocketPlay vorgestellten kostenlosen Casino-Tischspiele \u00fcber eine intuitive Benutzeroberfl\u00e4che, die den Lernprozess als Benutzer vereinfacht.<\/p>\n<p>Jeder Spieler, der die virtuelle Gl\u00fccksspieleinrichtung besucht, m\u00f6chte interessante Zeit verbringen und die Atmosph\u00e4re des Risikos genie\u00dfen, und das ist, was er tun kann RocketPlay Online-Casino-Tischspiele f\u00fcr echtes Geld. Wenn Sie echte Wetten abschlie\u00dfen, haben Sie die Chance, Besitzer eines gro\u00dfen Preises zu werden. <a href=\"https:\/\/rocketplay-game.com\/de\/registration\/\">Registrieren<\/a> Sie sich dazu einfach auf der Website RocketPlay und zahlen Sie auf beliebige Weise ein.<\/p>\n<h2>Vorteile von Tischspielen gegen\u00fcber Video-Slots<\/h2>\n<p>Trotz der Tatsache, dass diejenigen, die sich gerade erst mit der Welt des virtuellen Gl\u00fccksspiels vertraut machen, die RocketPlay-Casino-Tischspiel-App zu kompliziert zu sein scheint und sie helle und farbenfrohe Video-Slots bevorzugen, ist diese Entscheidung ein wenig falsch.<\/p>\n<p>Diese Kategorie bietet den Spielern eine gro\u00dfe Vielfalt an Unterhaltung, unter denen Sie Optionen mit komplexen Regeln und einfachen Spielen finden k\u00f6nnen, bei denen nur eine Wette abgeschlossen und der Startknopf gedr\u00fcckt werden muss.<\/p>\n<p>F\u00fchrende Entwickler haben ihre Produkte mit detaillierten Regeln ausgestattet, durch die selbst der Spieler, der solchen Spielen zum ersten Mal begegnet, die Verwaltung und alle Funktionen der Verwaltung leicht verstehen kann.<\/p>\n<h2>Roulette-Tischspiel im Online-Casino RocketPlay<\/h2>\n<p>Und wenn Sie alle Regeln herausfinden und mit dem Spielen beginnen, wird Sie der Prozess vollst\u00e4ndig in Anspruch nehmen. Im Gegensatz zu Spielautomaten, bei denen das Ergebnis zu 100 % vom Wohlwollen von Fortune abh\u00e4ngt, liegt der Vorteil bei Tischspielen auf der Seite des Spielers. Und das ist kein Fantasie-Entwickler, sondern eine wirklich bewiesene Tatsache.<\/p>\n<p><img loading=\"lazy\" decoding=\"async\" class=\"aligncenter wp-image-4629\" src=\"https:\/\/rocketplay-game.com\/wp-content\/uploads\/2024\/02\/2222.png\" alt=\"Tischspiele online im RocketPlay Casino 2\" width=\"800\" height=\"431\" srcset=\"https:\/\/rocketplay-game.com\/wp-content\/uploads\/2024\/02\/2222.png 1343w, https:\/\/rocketplay-game.com\/wp-content\/uploads\/2024\/02\/2222-300x162.png 300w, https:\/\/rocketplay-game.com\/wp-content\/uploads\/2024\/02\/2222-1024x551.png 1024w, https:\/\/rocketplay-game.com\/wp-content\/uploads\/2024\/02\/2222-768x413.png 768w\" sizes=\"auto, (max-width: 800px) 100vw, 800px\" \/><\/p>\n<p>Jeder wei\u00df, dass die Grundlage jedes Video-Slots ein Zufallszahlengenerator ist \u2013 ein Ger\u00e4t, das eine zuf\u00e4llige Zahlenfolge erzeugt. Das Ergebnis wird als Kombination von Symbolen auf den Walzen angezeigt. In diesem Fall versprach jeder Spielautomaten-Entwickler zun\u00e4chst prozentuale Renditen an die Spieler. Bei den besten Slots, die Sie im entsprechenden Abschnitt unserer Website finden, liegt dieser Prozentsatz bei etwa 95 %.<\/p>\n<p>Allerdings ist die Unterhaltung dieser Kategorie und Premium-Casinos f\u00fcr die Spieler viel geringer. Dar\u00fcber hinaus beh\u00e4lt der Teilnehmer die absolute Kontrolle \u00fcber den Ablauf und das Spiel. In allen beliebten Online-Casinos mit Tischspielen wird das Ergebnis des Spiels nicht nur vom Gl\u00fcck des Spielers bestimmt, sondern h\u00e4ngt auch proportional von den von ihm getroffenen Entscheidungen ab.<\/p>\n<p>Der Prozess, dessen Ergebnis von den eigenen Entscheidungen des Benutzers abh\u00e4ngt, bringt ein viel lebendigeres und reichhaltigeres Erlebnis und f\u00fcllt das Blut mit Adrenalin. Daher sind es die Casino-Tischspiele, die f\u00fcr erfahrene Spieler mit einem viel lebendigeren Gef\u00fchl der Atmosph\u00e4re von Risiko und Aufregung verbunden sind.<\/p>\n<h2>Eine Variation des Tischkartenspiels &#8211; Video Poker<\/h2>\n<p>Ein weiterer wichtiger Vorteil ist die Dauer des Spiels. W\u00e4hrend sich die Walzen oft f\u00fcr ein paar Sekunden drehen, kann ein Kartenspiel beim Three Card <a href=\"https:\/\/rocketplay-game.com\/de\/poker\/\">Poker<\/a> viel l\u00e4nger dauern. Sie k\u00f6nnen Ihr eigenes, f\u00fcr Ihr eigenes Spieltempo geeignetes Tempo ausw\u00e4hlen, beispielsweise im Slot Baccara (Baccarat).<\/p>\n<h2>Wie w\u00e4hle ich ein Brettspiel aus?<\/h2>\n<p>Bei der Auswahl einer geeigneten Unterhaltung sollten Sie auf die folgenden Hauptmerkmale achten:<\/p>\n<ul>\n<li>hochwertige Grafiken;<\/li>\n<li>Die M\u00f6glichkeit, von <a href=\"https:\/\/rocketplay-game.com\/de\/mobile-version\/\">einem mobilen<\/a> Ger\u00e4t aus zu spielen, das die innovative Technologie HTML5 unterst\u00fctzt, sodass Sie Ihre Lieblingsspiele jederzeit und an jedem geeigneten Ort genie\u00dfen k\u00f6nnen;<\/li>\n<li>stabiler Betrieb \u2013 da bei solcher Unterhaltung das Ergebnis weitgehend von der Taktik des Spielers abh\u00e4ngt, kann jeder Ausfall oder jede Unterbrechung der Verbindung fatal sein;<\/li>\n<li>realistische Spielmechanik, die es den Teilnehmern erm\u00f6glicht, den Spielprozess in vollen Z\u00fcgen zu genie\u00dfen, und eine echte Pr\u00e4senzatmosph\u00e4re im Casino-Spielraum schafft;<\/li>\n<li>Die Einhaltung internationaler Gl\u00fccksspielstandards erm\u00f6glicht es Benutzern aus verschiedenen L\u00e4ndern, am Spiel teilzunehmen, ohne \u00fcber die Unterschiede in den Regeln nachzudenken.<\/li>\n<\/ul>\n<p>Kein Einzahlungsbonus-Casino f\u00fcr Tischspiele RocketPlay erf\u00fcllt alle oben genannten Eigenschaften vollst\u00e4ndig. \u00d6ffnen Sie also einfach das Spiel, das Ihnen gef\u00e4llt \u2013 und genie\u00dfen Sie die aufregende Atmosph\u00e4re aus Spannung und Risiko mit dem Online-Casino RocketPlay!<\/p>\n<p><img loading=\"lazy\" decoding=\"async\" class=\"aligncenter wp-image-4638\" src=\"https:\/\/rocketplay-game.com\/wp-content\/uploads\/2024\/02\/33333.png\" alt=\"Tischspiele online im RocketPlay Casino 3\" width=\"800\" height=\"393\" srcset=\"https:\/\/rocketplay-game.com\/wp-content\/uploads\/2024\/02\/33333.png 1348w, https:\/\/rocketplay-game.com\/wp-content\/uploads\/2024\/02\/33333-300x147.png 300w, https:\/\/rocketplay-game.com\/wp-content\/uploads\/2024\/02\/33333-1024x503.png 1024w, https:\/\/rocketplay-game.com\/wp-content\/uploads\/2024\/02\/33333-768x377.png 768w\" sizes=\"auto, (max-width: 800px) 100vw, 800px\" \/><\/p>\n<h2>Tischspiele-Casino-FAQ<\/h2>\n<h3>Was sind Casino-Tischspiele?<\/h3>\n<p>Tischspiele sind virtuelle Emulatoren der beliebtesten Kartenspiele und Roulettespiele, die mit einem H\u00f6chstma\u00df an Realismus umgesetzt werden, sowie Live-Spiele mit einem Live-Dealer. Hier kann der Spieler durch eigene Entscheidungen und Geschick den Ausgang der Runde beeinflussen und eine hochwertige Umsetzung schafft eine echte Pr\u00e4senzatmosph\u00e4re im realen Spielsaal.<\/p>\n<h3>Welche Tischspiele k\u00f6nnen im RocketPlay Online Casino gespielt werden?<\/h3>\n<p>Das Online-Casino RocketPlay bietet alle g\u00e4ngigen Arten von Tischspielen um Geld: Karten (Poker, Blackjack und Baccarat), Roulette (franz\u00f6sisch, amerikanisch und europ\u00e4isch), Craps, Rubbellose und andere. Eine eigene Kategorie sind Spiele mit Live-Dealern (Live Casino): W\u00fcrfel, Baccarat, Poker sowie Lotterien und Gl\u00fccksrad. Schaut man sich die einzelnen Spiele an, so gibt es Tisch-Gl\u00fccksspiele online von den Anbietern Tom Horn, Microgaming, Playtech, Playson, Amatic und BetGames TV.<\/p>\n<h3>Welches Tabletop-Gl\u00fccksspiel sollte man w\u00e4hlen, um um Geld zu spielen?<\/h3>\n<p>Die Frage nach der Wahl des besten Online-Tischspiels \u2013 Karten oder Roulette \u2013 zum Spielen um echte Eins\u00e4tze ist eine individuelle Frage. Denn im Gegensatz zu Video-Slots, bei denen das Gameplay weitgehend identisch ist, hat jede Spezies ihren eigenen einzigartigen Charakter. Achten Sie auch auf den Auszahlungsprozentsatz eines bestimmten Modells (f\u00fcr Videopoker und Spielautomaten mit Roulette), ein Indikator, der sich direkt auf die Rentabilit\u00e4t Ihres Spiels auswirkt. Erfahrene Spieler w\u00e4hlen am h\u00e4ufigsten Aces and Faces Poker, French Roulette, Bet-on-Poker und Deuces Wild.<\/p>\n<h3>Welche Online-Casino-Tischspiele sind besser: Roulette, Karten oder Craps?<\/h3>\n<p>Es ist unm\u00f6glich, die Frage, welche Online-Casino-Tischspiele besser sind, eindeutig zu beantworten, da dies eine Frage der individuellen Vorlieben ist. Wenn Sie die allgemeine Beliebtheit dieser Art von Spielautomaten unter den Spielern zugrunde legen, sind die beliebtesten Karten, n\u00e4mlich Video Poker, mit denen virtuelles Blackjack praktisch Schritt halten kann. Roulette verliert auch in der virtuellen Inkarnation nicht seinen Stellenwert, rechtfertigt seinen \u201eK\u00f6nigstitel\u201c.<\/p>\n<h3>Kann ich Tischgl\u00fccksspiele kostenlos spielen?<\/h3>\n<p>Auf der offiziellen Website des Casinos RocketPlay k\u00f6nnen Sie jeden Tischautomaten im kostenlosen Demomodus ausprobieren. Das Demospiel erfordert keine Registrierung auf der Website oder Einzahlung und steht jedem Besucher des Projekts zur Verf\u00fcgung. W\u00e4hlen Sie einfach das entsprechende Modell aus und fahren Sie mit dem Spiel fort.<\/p>\n","protected":false},"excerpt":{"rendered":"<p>Trotz der Tatsache, dass die beliebteste Kategorie des virtuellen Gl\u00fccksspiels heute Video-Slots sind, bevorzugen viele dieser Liebhaber von Risiko und Spannung Online-Gl\u00fccksspieltische. RocketPlay Casino-Tischspiele sind eine der \u00e4ltesten Unterhaltungen der Menschheit, die seit Jahrhunderten nicht an Popularit\u00e4t verloren hat. Diese Popularit\u00e4t ist auf eine Vielzahl von Gr\u00fcnden zur\u00fcckzuf\u00fchren, von denen Sie hier erfahren, dem offiziellen&#8230;<\/p>\n","protected":false},"author":1,"featured_media":0,"parent":0,"menu_order":0,"comment_status":"closed","ping_status":"closed","template":"page-with-bonus.php","meta":{"_acf_changed":false,"_kad_post_transparent":"default","_kad_post_title":"default","_kad_post_layout":"default","_kad_post_sidebar_id":"","_kad_post_content_style":"default","_kad_post_vertical_padding":"default","_kad_post_feature":"","_kad_post_feature_position":"","_kad_post_header":false,"_kad_post_footer":false,"footnotes":""},"class_list":["post-1881","page","type-page","status-publish","hentry"],"acf":[],"rttpg_featured_image_url":null,"rttpg_author":{"display_name":"Tom","author_link":"https:\/\/rocketplay-game.com\/de\/author\/pemvas95n89x\/"},"rttpg_comment":0,"rttpg_category":null,"rttpg_excerpt":"Trotz der Tatsache, dass die beliebteste Kategorie des virtuellen Gl\u00fccksspiels heute Video-Slots sind, bevorzugen viele dieser Liebhaber von Risiko und Spannung Online-Gl\u00fccksspieltische. RocketPlay Casino-Tischspiele sind eine der \u00e4ltesten Unterhaltungen der Menschheit, die seit Jahrhunderten nicht an Popularit\u00e4t verloren hat. Diese Popularit\u00e4t ist auf eine Vielzahl von Gr\u00fcnden zur\u00fcckzuf\u00fchren, von denen Sie hier erfahren, dem offiziellen...","_links":{"self":[{"href":"https:\/\/rocketplay-game.com\/de\/wp-json\/wp\/v2\/pages\/1881","targetHints":{"allow":["GET"]}}],"collection":[{"href":"https:\/\/rocketplay-game.com\/de\/wp-json\/wp\/v2\/pages"}],"about":[{"href":"https:\/\/rocketplay-game.com\/de\/wp-json\/wp\/v2\/types\/page"}],"author":[{"embeddable":true,"href":"https:\/\/rocketplay-game.com\/de\/wp-json\/wp\/v2\/users\/1"}],"replies":[{"embeddable":true,"href":"https:\/\/rocketplay-game.com\/de\/wp-json\/wp\/v2\/comments?post=1881"}],"version-history":[{"count":3,"href":"https:\/\/rocketplay-game.com\/de\/wp-json\/wp\/v2\/pages\/1881\/revisions"}],"predecessor-version":[{"id":5204,"href":"https:\/\/rocketplay-game.com\/de\/wp-json\/wp\/v2\/pages\/1881\/revisions\/5204"}],"wp:attachment":[{"href":"https:\/\/rocketplay-game.com\/de\/wp-json\/wp\/v2\/media?parent=1881"}],"curies":[{"name":"wp","href":"https:\/\/api.w.org\/{rel}","templated":true}]}}