{"id":1889,"date":"2022-06-13T18:04:06","date_gmt":"2022-06-13T15:04:06","guid":{"rendered":"https:\/\/rocketplay-game.com\/bingo\/"},"modified":"2025-11-21T13:04:40","modified_gmt":"2025-11-21T10:04:40","slug":"bingo","status":"publish","type":"page","link":"https:\/\/rocketplay-game.com\/de\/bingo\/","title":{"rendered":"Wie man Bingo im RocketPlay Casino spielt"},"content":{"rendered":"<p>Wenn Sie noch nie <a href=\"https:\/\/rocketplay-game.com\/de\">RocketPlay<\/a> kostenloses Online-Bingo gespielt haben, k\u00f6nnen Sie die Spielregeln trotzdem leicht verstehen, da Bingo ein einfaches Jackpot-Spiel ist, bei dem viele Leute in jedem Pferd um einen (oder mehrere) Gewinnpreise konkurrieren. Es gibt jedoch mehrere verschiedene Formate, in denen dieses Spiel gespielt werden kann, und jedes verwendet leicht unterschiedliche Regeln.<\/p>\n<p>In diesem Spiel kaufen die Spieler Karten mit einem F\u00fcnf-mal-f\u00fcnf-Raster. F\u00fcnfzehn Zahlen beziehen sich auf jede der f\u00fcnf Spalten, und normalerweise ist jede Spalte mit einem der Buchstaben B-I-N-G-O verbunden. Beispielsweise enth\u00e4lt B die Zahlen 1-15, I die Zahlen 16-30 usw. Die Karten enthalten in jeder Spalte zuf\u00e4llig zugewiesene Zahlen aus dem entsprechenden Bereich. In vielen Variationen von RocketPlay Online-Bingo-Rezensionen wird den Spielern das Mittelfeld zu Beginn des Spiels als \u201efreies Feld\u201c zur Verf\u00fcgung gestellt, das haupts\u00e4chlich dazu dient, das Spiel in irgendeiner Weise zu beschleunigen.<\/p>\n<p><img loading=\"lazy\" decoding=\"async\" class=\"aligncenter wp-image-220\" src=\"https:\/\/rocketplay-game.com\/wp-content\/uploads\/2022\/06\/rocketplaycasino-300x113.webp\" alt=\"\" width=\"800\" height=\"300\" srcset=\"https:\/\/rocketplay-game.com\/wp-content\/uploads\/2022\/06\/rocketplaycasino-300x113.webp 300w, https:\/\/rocketplay-game.com\/wp-content\/uploads\/2022\/06\/rocketplaycasino-1024x384.webp 1024w, https:\/\/rocketplay-game.com\/wp-content\/uploads\/2022\/06\/rocketplaycasino-768x288.webp 768w, https:\/\/rocketplay-game.com\/wp-content\/uploads\/2022\/06\/rocketplaycasino.webp 1140w\" sizes=\"auto, (max-width: 800px) 100vw, 800px\" \/><\/p>\n<p>Der Gastgeber nennt die Zahlen eine nach der anderen und die Spieler markieren die entsprechenden Felder auf ihren Karten, wenn diese Zahlen \u00fcbereinstimmen. Das Ziel des Spiels ist es, der erste Spieler zu sein, der die f\u00fcr ein bestimmtes Spiel erforderlichen Zahlen eintr\u00e4gt. Meistens m\u00fcssen die Spieler eine horizontale, vertikale oder diagonale Reihe von f\u00fcnf Feldern hintereinander ausf\u00fcllen. Es sind auch verschiedene andere St\u00fccke m\u00f6glich: Rauten, vier Ecken, Rahmen, Buchstaben, vollst\u00e4ndige Abdeckung der Felder (das sogenannte &#8222;Verdunkeln&#8220;). Im Allgemeinen kann jedes St\u00fcck verwendet werden, solange die Spieler verstehen, was erforderlich ist, um einen Gewinn zu erzielen. Traditionell muss ein Spieler, nachdem er seine oder ihre Figur geschlossen hat, \u201eBINGO!\u201c rufen, woraufhin der Host das Ticket des Spielers \u00fcberpr\u00fcft und der Spieler einen Preis f\u00fcr dieses Spiel oder diese Figur erh\u00e4lt.<\/p>\n<p>In weiten Teilen der Welt, insbesondere in Australien, ist haupts\u00e4chlich eine Variante des Spiels namens 90-Ball Bingo verbreitet. In diesem Fall erhalten die Spieler Karten mit drei Reihen und neun Spalten. Es gibt jedoch nur f\u00fcnf Zahlen pro Spalte (die restlichen Felder sind leer), was bedeutet, dass die Karte jedes Spielers 15 Zahlen enth\u00e4lt. Die Zahlen in jeder Spalte sind verschiedenen Gruppen von etwa zehn Zahlen zugeordnet: Die erste Spalte kann nur die Zahlen 1\u20139 enthalten, die zweite Spalte kann die Zahlen 10\u201319 enthalten und die neunte Spalte enth\u00e4lt die Zahlen 80\u201390.<\/p>\n<p>Beim regul\u00e4ren Online-Bingo-Bonusspiel von RocketPlay werden drei verschiedene Preise vergeben. Der erste, kleinste Preis wird dem Gewinner f\u00fcr \u201eeine Linie\u201c gegeben, d. h. der erste Spieler, der alle f\u00fcnf Zahlen auf einer horizontalen Linie auf seiner Karte err\u00e4t. Den zweiten vorl\u00e4ufigen Gewinn erh\u00e4lt der Spieler, der zwei Linien (insgesamt zehn Felder \u2013 die sogenannten Spots) f\u00fcllt. Schlie\u00dflich geht der Hauptpreis an den ersten Spieler (oder die ersten Spieler), die ein &#8222;Full House&#8220; bekommen, indem sie alle 15 Zahlen auf ihrer Karte richtig angekreuzt haben.<\/p>\n<p>Andere Versionen des Spiels sind ebenfalls \u00fcblich, auch wenn sie weniger beliebt sind als die beiden Hauptoptionen. Die 80-Ball-RocketPlay-Bingospiel-Online-Karten verwenden eine Vier-mal-Vier-Figur, aber dieses Spiel ist eher ein 75-Ball-Spiel, bei dem das Ziel f\u00fcr Spieler, die einen Preis gewinnen m\u00f6chten, oft darin besteht, alle Linien oder Teile abzudecken. Eine Version dieses Spiels, 30-Ball, ist eine &#8222;schnelle&#8220; Version des Spiels: Die Spieler erhalten normalerweise eine Drei-gegen-Drei-Karte, und die erste Person, die die gesamte Karte gef\u00fcllt hat, gewinnt den Preis dieses Kegels.<\/p>\n<h2>F\u00fcllen Sie Ihre virtuelle Karte aus<\/h2>\n<p>RocketPlay Play Bingo online wurde Ende der 90er Jahre eingef\u00fchrt, wobei die ersten Versionen des Spiels um 1996 online erschienen. Viele dieser Spiele waren kostenlos, einige boten Preise (normalerweise nicht in Geldform) f\u00fcr die Gewinner. Echtgeld-Bingo begann sich erst wirklich online zu verbreiten, nachdem viele andere Formen des Online-Gl\u00fccksspiels, wie z. B. Online-Poker, im ersten Jahrzehnt des 21. Jahrhunderts erfolgreich wurden.<\/p>\n<p>Heute k\u00f6nnen Spieler aus Dutzenden seri\u00f6ser, zuverl\u00e4ssiger und beliebter Seiten w\u00e4hlen, wie z. B. RocketPlay Online-Bingo Australien.<\/p>\n<p>Die beliebtesten Formate sind mit 75 und 90 B\u00e4llen. Die Verbreitung der einzelnen Spielarten h\u00e4ngt davon ab, auf welche Regionen eine bestimmte Seite ausgerichtet ist: Wenn also das Hauptpublikum der Seite Amerikaner oder Kanadier sind, wird das B-I-N-G-O-Format wahrscheinlich dominieren.<\/p>\n<p>Die meisten Softwaresysteme enthalten gemeinsame Funktionen, die Spieler verwenden k\u00f6nnen, um ihr Spiel besser zu organisieren. Und w\u00e4hrend jeder Spieler normalerweise die M\u00f6glichkeit hat, Karten manuell zu markieren (was das Spiel dem Live-Modus n\u00e4her bringt), gibt es auch eine \u201eAutolabel\u201c-Funktion, die diese Arbeit automatisch erledigt \u2013 eine Funktion, die besonders n\u00fctzlich ist, wenn man mit vielen Karten spielt.<\/p>\n<p>Apropos diejenigen, die mit zu vielen Karten spielen und nicht alle im Auge behalten k\u00f6nnen, es gibt Seiten, die M\u00f6glichkeiten bieten, Ihre Schl\u00fcsselaktionen zu markieren, wenn Sie eine Con gewinnen. Normalerweise wird ein bestimmter Sortiermechanismus angeboten, der Ihre erfolgreichsten Karten nach oben verschiebt, sodass Sie sofort sehen k\u00f6nnen, wie nah Sie an der Bildung einer Gewinnfigur sind.<\/p>\n<p><img loading=\"lazy\" decoding=\"async\" class=\"aligncenter wp-image-219\" src=\"https:\/\/rocketplay-game.com\/wp-content\/uploads\/2022\/06\/2832_rocketplay-game-selection-300x176.webp\" alt=\"\" width=\"800\" height=\"471\" srcset=\"https:\/\/rocketplay-game.com\/wp-content\/uploads\/2022\/06\/2832_rocketplay-game-selection-300x176.webp 300w, https:\/\/rocketplay-game.com\/wp-content\/uploads\/2022\/06\/2832_rocketplay-game-selection.webp 680w\" sizes=\"auto, (max-width: 800px) 100vw, 800px\" \/><\/p>\n<h2>Wie man anf\u00e4ngt?<\/h2>\n<p>Wenn Sie sich entschieden haben, sich am RocketPlay Online-Bingo zu versuchen, haben Sie die richtige Entscheidung getroffen. Die Website bietet RocketPlay-Bingo-Online-Echtgeldspiele in Ihrem Gebiet an.<\/p>\n<p>Nachdem Sie ein Konto er\u00f6ffnet haben, m\u00fcssen Sie einen Weg finden, eine Einzahlung darauf vorzunehmen. F\u00fcr das Online-Bingo-Spiel RocketPlay ohne Einzahlung gibt es verschiedene Bankoptionen, die f\u00fcr Internet-Gl\u00fccksspiele verwendet werden, und sie sind mehr oder weniger die gleichen wie die, die in <a href=\"https:\/\/rocketplay-game.com\/de\/casino\/\">Online-Casinos<\/a> angeboten werden. Wenn Sie damit nicht vertraut sind, finden Sie hier Erkl\u00e4rungen zu den von Spielern am h\u00e4ufigsten verwendeten Methoden:<\/p>\n<ul>\n<li>Kreditkarten: Kann ich f\u00fcr diesen Zweck Kreditkarten verwenden? Visa und MasterCard werden in der Welt der Online-Gl\u00fccksspiele weithin akzeptiert, obwohl es den ausstellenden Banken \u00fcberlassen bleibt, ob sie ihre Karten auf solchen Seiten verwenden m\u00f6chten. Das bedeutet, dass Sie m\u00f6glicherweise feststellen, dass einige Karten auf einigen der Websites, auf denen Sie spielen m\u00f6chten, nicht verarbeitet werden.<\/li>\n<li>Elektronische Geldb\u00f6rsen: Mit diesen Diensten k\u00f6nnen Sie Geld in einer virtuellen \u201eGeldb\u00f6rse\u201c aufbewahren, mit der Sie Einzahlungen t\u00e4tigen, Abhebungen bearbeiten oder Geld auf Ihr Bankkonto zur\u00fccksenden k\u00f6nnen. Normalerweise verbindet sich ein E-Wallet mit Ihrem Bankkonto, Ihrer Kreditkarte oder einer anderen Finanzierungsquelle, und dann k\u00f6nnen Sie das E-Wallet verwenden, um alle Ihre Banktransaktionen zu koordinieren. Skrill und Neteller sind beliebte E-Wallets in der Spielewelt, und PayPal (vielleicht das bekannteste E-Wallet f\u00fcr allgemeine Zwecke) wird auf einigen Websites ebenfalls akzeptiert.<\/li>\n<li>Bank\u00fcberweisungen: Wenn Sie sich nicht mit Vermittlern befassen m\u00f6chten, k\u00f6nnen Sie Gelder jederzeit direkt von Ihrer Bank auf die richtige Website \u00fcberweisen.<\/li>\n<li>Vorausbezahlte Gutscheine\/Karten: Vielleicht m\u00f6chten Sie Bargeld verwenden, um Ihr Spiel zu finanzieren, aber Sie k\u00f6nnen nicht einfach ein paar Dollar nehmen und es an Ihre Lieblingsseite senden. Stattdessen k\u00f6nnen Sie ein Prepaid-Produkt kaufen, das Sie zusammen mit einem Code erhalten, den Sie auf der gew\u00fcnschten Website verwenden k\u00f6nnen, um Ihr Konto aufzuladen. Ein gro\u00dfartiges Beispiel ist Ukash. Es ist ein Gutschein, der an tausend Einzelhandelsstandorten verkauft wird. PaySafeCard ist eine weitere beliebte Option f\u00fcr Prepaid-Einzahlungen.<\/li>\n<\/ul>\n<p>Dies sind nur einige der vielen M\u00f6glichkeiten, Ihr Konto zu finanzieren. Der Erhalt Ihrer Auszahlungen erfolgt normalerweise auf \u00e4hnliche Weise \u2013 au\u00dferdem senden Ihnen die meisten Betreiber gerne einen Scheck zu, wenn dies der beste Weg f\u00fcr Sie w\u00e4re, Ihre Gewinne zu erhalten. Wenn Sie bereits ein Konto haben und \u00fcber gen\u00fcgend Guthaben verf\u00fcgen, um es aufzuladen, k\u00f6nnen Sie Karten kaufen und Ihr erstes Spiel in nur wenigen Minuten spielen!<\/p>\n<p>In Bezug auf die Software wird RocketPlay von Sofortzahlungsplattformen unterst\u00fctzt, auf die Sie direkt \u00fcber Ihren Webbrowser zugreifen k\u00f6nnen. Heutzutage hat das Interesse an mobilem Bingo, wie bei anderen Arten von Internet-Gl\u00fccksspielen, erheblich zugenommen. RocketPlay Casino bietet eine App, auf die Sie direkt von Ihrem <a href=\"https:\/\/rocketplay-game.com\/de\/mobile-version\/\">Smartphone<\/a> oder Tablet aus zugreifen k\u00f6nnen, sodass Sie direkt einsteigen und ein paar Eins\u00e4tze spielen k\u00f6nnen, w\u00e4hrend Sie mit dem Internet verbunden sind.<\/p>\n","protected":false},"excerpt":{"rendered":"<p>Wenn Sie noch nie RocketPlay kostenloses Online-Bingo gespielt haben, k\u00f6nnen Sie die Spielregeln trotzdem leicht verstehen, da Bingo ein einfaches Jackpot-Spiel ist, bei dem viele Leute in jedem Pferd um einen (oder mehrere) Gewinnpreise konkurrieren. Es gibt jedoch mehrere verschiedene Formate, in denen dieses Spiel gespielt werden kann, und jedes verwendet leicht unterschiedliche Regeln. In&#8230;<\/p>\n","protected":false},"author":1,"featured_media":0,"parent":0,"menu_order":0,"comment_status":"closed","ping_status":"closed","template":"page-with-bonus.php","meta":{"_acf_changed":false,"_kad_post_transparent":"default","_kad_post_title":"default","_kad_post_layout":"default","_kad_post_sidebar_id":"","_kad_post_content_style":"default","_kad_post_vertical_padding":"default","_kad_post_feature":"","_kad_post_feature_position":"","_kad_post_header":false,"_kad_post_footer":false,"footnotes":""},"class_list":["post-1889","page","type-page","status-publish","hentry"],"acf":[],"rttpg_featured_image_url":null,"rttpg_author":{"display_name":"Tom","author_link":"https:\/\/rocketplay-game.com\/de\/author\/pemvas95n89x\/"},"rttpg_comment":0,"rttpg_category":null,"rttpg_excerpt":"Wenn Sie noch nie RocketPlay kostenloses Online-Bingo gespielt haben, k\u00f6nnen Sie die Spielregeln trotzdem leicht verstehen, da Bingo ein einfaches Jackpot-Spiel ist, bei dem viele Leute in jedem Pferd um einen (oder mehrere) Gewinnpreise konkurrieren. Es gibt jedoch mehrere verschiedene Formate, in denen dieses Spiel gespielt werden kann, und jedes verwendet leicht unterschiedliche Regeln. In...","_links":{"self":[{"href":"https:\/\/rocketplay-game.com\/de\/wp-json\/wp\/v2\/pages\/1889","targetHints":{"allow":["GET"]}}],"collection":[{"href":"https:\/\/rocketplay-game.com\/de\/wp-json\/wp\/v2\/pages"}],"about":[{"href":"https:\/\/rocketplay-game.com\/de\/wp-json\/wp\/v2\/types\/page"}],"author":[{"embeddable":true,"href":"https:\/\/rocketplay-game.com\/de\/wp-json\/wp\/v2\/users\/1"}],"replies":[{"embeddable":true,"href":"https:\/\/rocketplay-game.com\/de\/wp-json\/wp\/v2\/comments?post=1889"}],"version-history":[{"count":3,"href":"https:\/\/rocketplay-game.com\/de\/wp-json\/wp\/v2\/pages\/1889\/revisions"}],"predecessor-version":[{"id":1892,"href":"https:\/\/rocketplay-game.com\/de\/wp-json\/wp\/v2\/pages\/1889\/revisions\/1892"}],"wp:attachment":[{"href":"https:\/\/rocketplay-game.com\/de\/wp-json\/wp\/v2\/media?parent=1889"}],"curies":[{"name":"wp","href":"https:\/\/api.w.org\/{rel}","templated":true}]}}