{"id":1938,"date":"2022-08-11T20:51:13","date_gmt":"2022-08-11T17:51:13","guid":{"rendered":"https:\/\/rocketplay-game.com\/promo-code\/"},"modified":"2022-10-29T00:30:48","modified_gmt":"2022-10-28T21:30:48","slug":"promo-code","status":"publish","type":"page","link":"https:\/\/rocketplay-game.com\/de\/promo-code\/","title":{"rendered":"Aktionscode RocketPlay 2023"},"content":{"rendered":"<p><img loading=\"lazy\" decoding=\"async\" class=\" wp-image-300 aligncenter\" src=\"https:\/\/rocketplay-game.com\/wp-content\/uploads\/2022\/08\/rocketplay-casino-bonuses-300x125.jpg\" alt=\"promo code\" width=\"624\" height=\"260\" srcset=\"https:\/\/rocketplay-game.com\/wp-content\/uploads\/2022\/08\/rocketplay-casino-bonuses-300x125.jpg 300w, https:\/\/rocketplay-game.com\/wp-content\/uploads\/2022\/08\/rocketplay-casino-bonuses.jpg 700w\" sizes=\"auto, (max-width: 624px) 100vw, 624px\" \/><\/p>\n<p>Der <a href=\"https:\/\/rocketplay-game.com\/de\">RocketPlay<\/a>-Casino-Promo-Code ist eine g\u00e4ngige Praxis f\u00fcr australische Online-Casino-Stammg\u00e4ste. Obwohl es f\u00fcr alle neuen Benutzer einfach ist, sich f\u00fcr die Registrierung in diesem oder jenem Online-Casino zu entscheiden, wenn es einen Promo-Code mit netten Boni f\u00fcr ein langes Spiel um echtes Geld gibt.<\/p>\n<p>Sie finden einen Aktionscode auf den offiziellen Seiten des Online-Casinos in sozialen Netzwerken oder auf der offiziellen Website oder auf den Seiten sozialer Netzwerke und auf den Websites von Online-Casino-Partnern. Normalerweise erweitert das Partnercasino selbst Informationen \u00fcber angenehme Boni und ermutigt die Benutzer, sich auf der Casino-Website zu registrieren.<\/p>\n<h2>Wie erhalte ich einen Promo-Code?<\/h2>\n<p>Obwohl das Casino eine ganze Reihe von Promo-Codes f\u00fcr neue und regelm\u00e4\u00dfige Benutzer ausgibt, k\u00f6nnen alle auf diese Weise erhalten werden. In erster Linie m\u00fcssen Sie sich registrieren oder das Vorhandensein einer Aufzeichnung auf der offiziellen Website des Online-Casinos best\u00e4tigen. Bevor Sie diesen oder jenen Bonus mit einem Aktionscode erhalten, sollten Sie sicherstellen, dass er zum Spieler passt und ihm wirklich hilft, im Spiel um virtuelles oder echtes Geld erfolgreich zu sein.<\/p>\n<p>Wie bekomme ich den RocketPlay-Promo-Code 2023? Wenn sich der Benutzer registriert hat, muss er ein Login und ein Passwort eingeben, um sein eigenes Konto zu betreten, zum Profil und dann zum Abschnitt Bonusangebote zu gehen. Dann sollten Sie den Bonus, an dem Sie interessiert sind, \u00fcberpr\u00fcfen und Ihre Absicht best\u00e4tigen, ein bestimmtes Passwort einzugeben.<\/p>\n<p>Diejenigen Benutzer, die gerade ihr eigenes Konto registriert haben, k\u00f6nnen einen RocketPlay-Promo-Code ohne Einzahlung und 25 Freispiele erhalten. Um Besitzer einer solchen Anzahl von Freispielen zu werden, m\u00fcssen Sie den RocketPlay-Bonuscode ROCKET in das spezielle Feld eingeben und den Erhalt des Bonus best\u00e4tigen. Es muss jedoch nicht lange gewartet werden, um den 50xV-Wettbonus zu erhalten, da der Benutzer nur 1 Tag Zeit hat, um das Bonusangebot zu aktivieren, und nur 5 Tage, um die 25 Freispiele zu nutzen. Es scheint, dass die Regeln einfach sind, aber nicht alle Benutzer schaffen es, rechtzeitig einen Bonus zu aktivieren und zu erstellen.<\/p>\n<p>Wenn es um 25 Freispiele f\u00fcr das Erstellen eines neuen Musiktitels auf der RocketPlay-Casinoseite geht, wo k\u00f6nnen sie verwendet werden? Es gibt eine begrenzte Liste von Spielautomaten, die m\u00f6glicherweise Freispiele erfordern. In erster Linie sprechen wir \u00fcber einen der beliebten Slots des globalen Spielesoftwareanbieters BGaming, n\u00e4mlich West Town. Was ist \u00fcber diesen Slot bekannt? Der RTP-Indikator betr\u00e4gt 96,95 %. Dies ist ein ziemlich hoher Prozentsatz von Wetten, die von einem bestimmten Spielautomaten an den Spieler zur\u00fcckgegeben werden. Wenn der Spieler Erfahrung mit dem Spielen von Spielautomaten um echtes Geld hat, dann ist der Spielautomat von West Town einem anderen recht beliebten Spielautomaten im Bereich des Gl\u00fccksspiels sehr \u00e4hnlich \u2013 Dead Or Alive.<\/p>\n<h2>Andere RocketPlay-Boni<\/h2>\n<p>Zus\u00e4tzlich zum einzahlungsfreien RocketPlay-Bonuscode ohne Einzahlung k\u00f6nnen Sie weitere Boni f\u00fcr die Registrierung oder das <a href=\"https:\/\/rocketplay-game.com\/de\/download\/\">Herunterladen<\/a> einer mobilen Anwendung auf der RocketPlay-Website erhalten. Nur neue Benutzer, die zuvor noch keine Spielautomaten oder andere Online-Gl\u00fccksspiele auf der RocketPlay-Casino-Website gespielt haben, k\u00f6nnen bei der Registrierung einen Bonus erhalten, sodass der Bonus f\u00fcr das Herunterladen der mobilen Anwendung von allen Benutzern erhalten werden kann, die den Download angegeben haben. Dies k\u00f6nnen nat\u00fcrlich sowohl neue Benutzer sein, die sich gerade registriert haben, als auch Spieler, die seit ihrer Gr\u00fcndung Slots auf der Casino-Website spielen.<\/p>\n<p>Trotz der Tatsache, dass ziemlich viele Casino-Boni f\u00fcr die Ausf\u00fchrung der einen oder anderen Aktion erhalten werden k\u00f6nnen, anstatt das Spielkonto aufzuf\u00fcllen, ohne Geld einzuzahlen, ist es unwahrscheinlich, dass der Benutzer das Bonusangebot aktivieren kann. Wenn der Spieler zustimmt, diesen oder jenen Bonus zu nehmen, sollte er sehen, welche Bedingungen f\u00fcr seine Aktivierung gelten. Die H\u00f6he der Einzahlung variiert von Bonus zu Bonus.<\/p>\n<p>In Form eines Bonus k\u00f6nnen Sie nicht nur Freispiele, Freispiele der Trommel, sondern auch echtes Geld z\u00e4hlen, das dann um echtes Geld in das Spiel investiert werden kann. Die H\u00f6he der Gewinne h\u00e4ngt von den Bedingungen f\u00fcr den Erhalt eines bestimmten Bonus und der H\u00f6he der Einzahlung ab, die der Benutzer auf dem Hauptkonto haben wird, um das Bonusangebot zu aktivieren.<\/p>\n<p><img loading=\"lazy\" decoding=\"async\" class=\" wp-image-301 aligncenter\" src=\"https:\/\/rocketplay-game.com\/wp-content\/uploads\/2022\/08\/b5cafdb1ad0027f89a28ea8aa9901b83-300x144.jpg\" alt=\"promo code rocketplay\" width=\"652\" height=\"313\" srcset=\"https:\/\/rocketplay-game.com\/wp-content\/uploads\/2022\/08\/b5cafdb1ad0027f89a28ea8aa9901b83-300x144.jpg 300w, https:\/\/rocketplay-game.com\/wp-content\/uploads\/2022\/08\/b5cafdb1ad0027f89a28ea8aa9901b83-768x370.jpg 768w, https:\/\/rocketplay-game.com\/wp-content\/uploads\/2022\/08\/b5cafdb1ad0027f89a28ea8aa9901b83.jpg 800w\" sizes=\"auto, (max-width: 652px) 100vw, 652px\" \/><\/p>\n<h2>FAQ<\/h2>\n<h3>Kann ein Benutzer des RocketPlay-Bonuscodes des Online-Casinos nur eine neue Musikplatte erstellen?<\/h3>\n<p>Auf Partnerseiten bieten Online-Casinos viele andere Angebote, die f\u00fcr diejenigen Benutzer geeignet sein k\u00f6nnen, die den Registrierungsprozess bereits durchlaufen haben, sodass sie sich nicht erneut registrieren m\u00fcssen. Es gibt Promo-Codes, um Boni f\u00fcr eine bestimmte Anzahl von Freispielen zu aktivieren, z. B. 20 zus\u00e4tzliche Freispiele f\u00fcr das Spielen um echtes Geld in einem bestimmten Online-Casino-Slot. Dar\u00fcber hinaus k\u00f6nnen Sie einen Bonus von 125 % beanspruchen, wenn Sie einen speziellen Bonuscode eingeben. Es gibt auch einen Aktionscode zur Aktivierung eines 100% Ersteinzahlungsbonus. 100 Freispiele oder Freispiele der Rolle in Spielautomaten werden zum 100%-Bonus hinzugef\u00fcgt.<\/p>\n<h3>Welche Boni sind auf der RocketPlay-Casino-Website verf\u00fcgbar?<\/h3>\n<p>Auf der Website des australischen Online-Casinos finden Sie viele n\u00fctzliche und angenehme Boni f\u00fcr neue und regelm\u00e4\u00dfige Benutzer, Kenner des Online-Gl\u00fccksspiels. Im Allgemeinen k\u00f6nnen alle Boni in zwei Gruppen eingeteilt werden \u2013 Einzahlung und Nicht-Einzahlung. Dies ist eine recht praktische Verteilung, insbesondere f\u00fcr neue Benutzer. Schlie\u00dflich gibt es Boni, die nur f\u00fcr die Registrierung und das Herunterladen der mobilen Anwendung erh\u00e4ltlich sind, und es gibt Boni f\u00fcr die erste, zweite oder dritte Einzahlung. Der Vorteil von Bonussen ohne Einzahlung besteht darin, dass Sie Spielautomaten um echtes Geld spielen k\u00f6nnen, ohne Einzahlungsgelder zu verwenden. Allerdings wird das Einzahlungsguthaben noch ben\u00f6tigt, um das eine oder andere Bonusangebot zu aktivieren.<\/p>\n","protected":false},"excerpt":{"rendered":"<p>Der RocketPlay-Casino-Promo-Code ist eine g\u00e4ngige Praxis f\u00fcr australische Online-Casino-Stammg\u00e4ste. Obwohl es f\u00fcr alle neuen Benutzer einfach ist, sich f\u00fcr die Registrierung in diesem oder jenem Online-Casino zu entscheiden, wenn es einen Promo-Code mit netten Boni f\u00fcr ein langes Spiel um echtes Geld gibt. Sie finden einen Aktionscode auf den offiziellen Seiten des Online-Casinos in sozialen&#8230;<\/p>\n","protected":false},"author":1,"featured_media":0,"parent":0,"menu_order":0,"comment_status":"closed","ping_status":"closed","template":"","meta":{"_acf_changed":false,"_kad_post_transparent":"default","_kad_post_title":"default","_kad_post_layout":"default","_kad_post_sidebar_id":"","_kad_post_content_style":"default","_kad_post_vertical_padding":"default","_kad_post_feature":"","_kad_post_feature_position":"","_kad_post_header":false,"_kad_post_footer":false,"footnotes":""},"class_list":["post-1938","page","type-page","status-publish","hentry"],"acf":[],"rttpg_featured_image_url":null,"rttpg_author":{"display_name":"Tom","author_link":"https:\/\/rocketplay-game.com\/de\/author\/pemvas95n89x\/"},"rttpg_comment":0,"rttpg_category":null,"rttpg_excerpt":"Der RocketPlay-Casino-Promo-Code ist eine g\u00e4ngige Praxis f\u00fcr australische Online-Casino-Stammg\u00e4ste. Obwohl es f\u00fcr alle neuen Benutzer einfach ist, sich f\u00fcr die Registrierung in diesem oder jenem Online-Casino zu entscheiden, wenn es einen Promo-Code mit netten Boni f\u00fcr ein langes Spiel um echtes Geld gibt. Sie finden einen Aktionscode auf den offiziellen Seiten des Online-Casinos in sozialen...","_links":{"self":[{"href":"https:\/\/rocketplay-game.com\/de\/wp-json\/wp\/v2\/pages\/1938","targetHints":{"allow":["GET"]}}],"collection":[{"href":"https:\/\/rocketplay-game.com\/de\/wp-json\/wp\/v2\/pages"}],"about":[{"href":"https:\/\/rocketplay-game.com\/de\/wp-json\/wp\/v2\/types\/page"}],"author":[{"embeddable":true,"href":"https:\/\/rocketplay-game.com\/de\/wp-json\/wp\/v2\/users\/1"}],"replies":[{"embeddable":true,"href":"https:\/\/rocketplay-game.com\/de\/wp-json\/wp\/v2\/comments?post=1938"}],"version-history":[{"count":2,"href":"https:\/\/rocketplay-game.com\/de\/wp-json\/wp\/v2\/pages\/1938\/revisions"}],"predecessor-version":[{"id":1940,"href":"https:\/\/rocketplay-game.com\/de\/wp-json\/wp\/v2\/pages\/1938\/revisions\/1940"}],"wp:attachment":[{"href":"https:\/\/rocketplay-game.com\/de\/wp-json\/wp\/v2\/media?parent=1938"}],"curies":[{"name":"wp","href":"https:\/\/api.w.org\/{rel}","templated":true}]}}