{"id":1954,"date":"2022-08-18T17:06:40","date_gmt":"2022-08-18T14:06:40","guid":{"rendered":"https:\/\/rocketplay-game.com\/slots\/"},"modified":"2022-10-29T01:25:12","modified_gmt":"2022-10-28T22:25:12","slug":"slots","status":"publish","type":"page","link":"https:\/\/rocketplay-game.com\/de\/slots\/","title":{"rendered":"\u00dcberpr\u00fcfen Sie die RocketPlay-Slots"},"content":{"rendered":"<p>Jedes Mal, wenn ein neues Spielautomatenspiel auf den Markt kommt, und tats\u00e4chlich bevor es ver\u00f6ffentlicht wird, ver\u00f6ffentlichen Online-Casinos und unabh\u00e4ngige Unternehmen ihre Bewertungen auf der Grundlage von Spielerfeedback, Kommentaren und Meinungen. Bewertungen k\u00f6nnen online f\u00fcr jedes Slot-Spiel gefunden werden, das jemals ver\u00f6ffentlicht wurde oder kurz vor der Ver\u00f6ffentlichung steht. Wir \u00fcberpr\u00fcfen Spielautomaten anhand vieler Kriterien wie Anzahl der Walzen und Gewinnlinien, Jackpot-Gr\u00f6\u00dfe, Symbole auf den Walzen und Sonderfunktionen, und wir achten darauf, wer den Spielautomaten hergestellt hat.<\/p>\n<p>Wenn Sie nicht ganz neu in der Online-Casino-Gaming-Szene sind, wissen Sie vielleicht, dass Sie Online-Slots nicht nur um echtes Geld, sondern auch kostenlos und zum Spa\u00df spielen k\u00f6nnen. Dies ist ideal f\u00fcr Spieler, da sie die Spielautomaten ausprobieren k\u00f6nnen, bevor sie ihr eigenes Spielgeld einsetzen. Bewertungen helfen Ihnen, alles \u00fcber Spielautomaten zu verstehen und was andere \u00fcber sie denken, und das kostenlose Spiel hilft Ihnen beim \u00dcben, bis Sie sich wohl genug f\u00fchlen, um es um echtes Geld auszuprobieren.<\/p>\n<p>Die Anzahl der Online-Spielautomaten steigt von Tag zu Tag, und jetzt stehen Hunderte, wenn nicht Tausende von Spielen zur Auswahl, was verwirrend sein kann! Slot-Rezensionen bieten den Spielern ein Gef\u00fchl f\u00fcr das Spiel, das Thema, die Grafik, die Helden und die Leichtigkeit des Gewinnens. Sie werden erstaunt sein, was Sie alles \u00fcber ein Spielautomatenspiel herausfinden k\u00f6nnen, wenn Sie dessen Rezension lesen.<\/p>\n<p>Wie Online-Casinos funktionieren, wie sie Geld verdienen und wie viel Spieler verlieren, erz\u00e4hlt RocketPlay<\/p>\n<p style=\"text-align: center;\"><img loading=\"lazy\" decoding=\"async\" class=\"aligncenter wp-image-346 size-large\" src=\"https:\/\/rocketplay-game.com\/wp-content\/uploads\/2022\/08\/slots-online-1024x576.jpg\" alt=\"slots online\" width=\"1024\" height=\"576\" srcset=\"https:\/\/rocketplay-game.com\/wp-content\/uploads\/2022\/08\/slots-online-1024x576.jpg 1024w, https:\/\/rocketplay-game.com\/wp-content\/uploads\/2022\/08\/slots-online-300x169.jpg 300w, https:\/\/rocketplay-game.com\/wp-content\/uploads\/2022\/08\/slots-online-768x432.jpg 768w, https:\/\/rocketplay-game.com\/wp-content\/uploads\/2022\/08\/slots-online-1536x864.jpg 1536w, https:\/\/rocketplay-game.com\/wp-content\/uploads\/2022\/08\/slots-online.jpg 1920w\" sizes=\"auto, (max-width: 1024px) 100vw, 1024px\" \/><\/p>\n<h2>Die besten Online-Slots-Rezensionen<\/h2>\n<p>Nachdem Sie eine gute Online-Spielautomaten-Rezension gelesen haben, sind Sie bereit, direkt in das bew\u00e4hrte Spielautomatenspiel einzusteigen, das Ihnen nicht nur jede Menge Spa\u00df bereiten wird, sondern Ihnen auch die Chance gibt, einige dringend ben\u00f6tigte Gewinne anzuh\u00e4ufen!<\/p>\n<h2>Bonusfunktionen und Softwareentwickler<\/h2>\n<p>Wenn Sie ein erfahrener Spielautomaten-Enthusiast sind, k\u00f6nnen Sie wahrscheinlich erkennen, welche Spiele von welchen Designern gemacht werden, indem Sie sich einfach das Aussehen und die Struktur des Spiels ansehen. F\u00fcr diejenigen, die noch nicht so erfahren sind, bieten Slot-Rezensionen alle Details \u00fcber die Slot-Konfiguration, den M\u00fcnzwert, die Anzahl der Gewinnlinien und wie viel mit jedem Symbol gewonnen werden kann, wenn es auf die Walzen trifft. Spielautomaten-Rezensionen sprechen auch \u00fcber den progressiven Jackpot, den Sie gewinnen k\u00f6nnen, seine Gr\u00f6\u00dfe und andere interessante Informationen, wie z. B. ob der Spielautomat \u00fcber Autoplay oder eine Gl\u00fccksspielfunktion verf\u00fcgt, die Ihrem Spielerlebnis eine ganz neue Ebene hinzuf\u00fcgen kann.<\/p>\n<h2>Die besten Softwareanbieter f\u00fcr Spielautomaten<\/h2>\n<p>Microgaming ist einer der \u00e4ltesten Anbieter von Online-Spielautomaten, der seit 1994 t\u00e4tig ist. Sie sind verantwortlich f\u00fcr so kultige Spiele wie Thunderstruck, Avalon, Game of Thrones und Jurassic World. Lesen Sie mehr \u00fcber diesen Anbieter auf der Seite unseres Microgaming-Casinos.<\/p>\n<p><strong>Bewertungen \u00fcber Spielautomaten:<\/strong><\/p>\n<ul>\n<li><a href=\"https:\/\/rocketplay-game.com\/de\/slots\/mega-moolah\/\">Mega Moolah<\/a><\/li>\n<li><a href=\"https:\/\/rocketplay-game.com\/de\/slots\/money-train-2\/\">Money Train 2<\/a><\/li>\n<li><a href=\"https:\/\/rocketplay-game.com\/de\/slots\/book-of-ra-deluxe\/\">Book of Ra Deluxe<\/a><\/li>\n<li><a href=\"https:\/\/rocketplay-game.com\/de\/slots\/cash-pig\/\">Cash Pig<\/a><\/li>\n<\/ul>\n","protected":false},"excerpt":{"rendered":"<p>Jedes Mal, wenn ein neues Spielautomatenspiel auf den Markt kommt, und tats\u00e4chlich bevor es ver\u00f6ffentlicht wird, ver\u00f6ffentlichen Online-Casinos und unabh\u00e4ngige Unternehmen ihre Bewertungen auf der Grundlage von Spielerfeedback, Kommentaren und Meinungen. Bewertungen k\u00f6nnen online f\u00fcr jedes Slot-Spiel gefunden werden, das jemals ver\u00f6ffentlicht wurde oder kurz vor der Ver\u00f6ffentlichung steht. Wir \u00fcberpr\u00fcfen Spielautomaten anhand vieler Kriterien&#8230;<\/p>\n","protected":false},"author":1,"featured_media":0,"parent":0,"menu_order":0,"comment_status":"closed","ping_status":"closed","template":"page-with-slot.php","meta":{"_acf_changed":false,"_kad_post_transparent":"default","_kad_post_title":"default","_kad_post_layout":"default","_kad_post_sidebar_id":"","_kad_post_content_style":"default","_kad_post_vertical_padding":"default","_kad_post_feature":"","_kad_post_feature_position":"","_kad_post_header":false,"_kad_post_footer":false,"footnotes":""},"class_list":["post-1954","page","type-page","status-publish","hentry"],"acf":[],"rttpg_featured_image_url":null,"rttpg_author":{"display_name":"Tom","author_link":"https:\/\/rocketplay-game.com\/de\/author\/pemvas95n89x\/"},"rttpg_comment":0,"rttpg_category":null,"rttpg_excerpt":"Jedes Mal, wenn ein neues Spielautomatenspiel auf den Markt kommt, und tats\u00e4chlich bevor es ver\u00f6ffentlicht wird, ver\u00f6ffentlichen Online-Casinos und unabh\u00e4ngige Unternehmen ihre Bewertungen auf der Grundlage von Spielerfeedback, Kommentaren und Meinungen. Bewertungen k\u00f6nnen online f\u00fcr jedes Slot-Spiel gefunden werden, das jemals ver\u00f6ffentlicht wurde oder kurz vor der Ver\u00f6ffentlichung steht. Wir \u00fcberpr\u00fcfen Spielautomaten anhand vieler Kriterien...","_links":{"self":[{"href":"https:\/\/rocketplay-game.com\/de\/wp-json\/wp\/v2\/pages\/1954","targetHints":{"allow":["GET"]}}],"collection":[{"href":"https:\/\/rocketplay-game.com\/de\/wp-json\/wp\/v2\/pages"}],"about":[{"href":"https:\/\/rocketplay-game.com\/de\/wp-json\/wp\/v2\/types\/page"}],"author":[{"embeddable":true,"href":"https:\/\/rocketplay-game.com\/de\/wp-json\/wp\/v2\/users\/1"}],"replies":[{"embeddable":true,"href":"https:\/\/rocketplay-game.com\/de\/wp-json\/wp\/v2\/comments?post=1954"}],"version-history":[{"count":2,"href":"https:\/\/rocketplay-game.com\/de\/wp-json\/wp\/v2\/pages\/1954\/revisions"}],"predecessor-version":[{"id":1956,"href":"https:\/\/rocketplay-game.com\/de\/wp-json\/wp\/v2\/pages\/1954\/revisions\/1956"}],"wp:attachment":[{"href":"https:\/\/rocketplay-game.com\/de\/wp-json\/wp\/v2\/media?parent=1954"}],"curies":[{"name":"wp","href":"https:\/\/api.w.org\/{rel}","templated":true}]}}