{"id":1962,"date":"2022-10-03T13:29:24","date_gmt":"2022-10-03T10:29:24","guid":{"rendered":"https:\/\/rocketplay-game.com\/slots\/cash-pig\/"},"modified":"2025-11-21T13:34:22","modified_gmt":"2025-11-21T10:34:22","slug":"cash-pig","status":"publish","type":"page","link":"https:\/\/rocketplay-game.com\/de\/slots\/cash-pig\/","title":{"rendered":"Cash Pig bei RocketPlay"},"content":{"rendered":"<p>Rocket Play Cash Pig Slot ist ein neu entstandener Spielplatz des Entwicklungsteams von Booming Games. Sie startete 2021. Diese Plattform beinhaltet die M\u00f6glichkeit eines unverbindlichen Trainingsspiels. Dieser Spielplatz ist durch extreme Preisvolatilit\u00e4t gekennzeichnet. Enth\u00e4lt 5 Scheiben und 4 Richtungen. Es hat bis zu drei\u00dfig profitable Schemata und einen exorbitanten Multiplikator &#8211; 8.000.<\/p>\n<p>Das k\u00fcrzliche Erscheinen des Online-Slots Rocket Play Cash Pig behindert die Entwicklung seiner Popularit\u00e4t nicht. Wer gerne alles in einem Krug aufbewahrt, wird diese Unterhaltung m\u00f6gen. Finanzielle Beitr\u00e4ge zu allen Arten von Objekten gewinnbringend beitragen. Nat\u00fcrlich besteht die M\u00f6glichkeit, einen Verlust zu erleiden, aber Sie k\u00f6nnen auch einen gro\u00dfen Jackpot knacken, also Fifty-Fifty.<\/p>\n<p>Sobald Sie sich entschieden haben, werden Sie dank der erh\u00f6hten Volatilit\u00e4t der Preispolitik f\u00fcr die von Ihnen in der Box angesammelten Objekte die Kraft finden, die H\u00f6he Ihrer Beitr\u00e4ge zu erh\u00f6hen. Je mehr Sie also angesammelt haben, desto profitabler ist Ihr Gewinn. Ihre maximale Dividende ist in diesem Fall die H\u00f6he der Einlage mit einem Multiplikator von 8.000. Immerhin liegt der h\u00f6chste Einsatz bei 54 M\u00fcnzen. Aber f\u00fcr den Mindesteinsatz (0,3 M\u00fcnzen) ist das auch ein gutes Einkommen.<\/p>\n<p style=\"text-align: center;\"><img loading=\"lazy\" decoding=\"async\" class=\"aligncenter wp-image-500 size-full\" src=\"https:\/\/rocketplay-game.com\/wp-content\/uploads\/2022\/10\/cash-pig.jpeg\" alt=\"cash pig\" width=\"730\" height=\"500\" srcset=\"https:\/\/rocketplay-game.com\/wp-content\/uploads\/2022\/10\/cash-pig.jpeg 730w, https:\/\/rocketplay-game.com\/wp-content\/uploads\/2022\/10\/cash-pig-300x205.jpeg 300w\" sizes=\"auto, (max-width: 730px) 100vw, 730px\" \/><\/p>\n<h2>Wie man Cash Pig spielt<\/h2>\n<p>Wenn der Rocket Play Cash Pig Slot Test durchgef\u00fchrt wird, wurde das Spielfeld in einem unaufdringlichen Farbschema gestaltet. Ausdrucksstarkes Zeichnen l\u00e4sst kein Element unbemerkt. Rotationselemente warten an den ungew\u00f6hnlichsten Orten auf Sie: auf dem Dach der Wolkendecke, auf der Spitze des Eiffelturms, im Korb eines aufsteigenden Ballons und in der Landschaft einer soliden Metropole. Hier ist eine Plattform, auf der Sie Geld verdienen k\u00f6nnen. Wetten, drehen und Risiken eingehen. Eine komfortable Koordinationskonsole hilft Ihnen dabei:<\/p>\n<ul>\n<li>Das Bild eines kreisf\u00f6rmigen Pfeils auf der gr\u00fcnen Schaltfl\u00e4che bedeutet den Beginn der Rocket Play Cash Pig-<a href=\"https:\/\/rocketplay-game.com\/de\/free-spins\/\">Freispiele<\/a>.<\/li>\n<li>Unten sehen Sie einen Bildschirm f\u00fcr Ihre Kontodetails.<\/li>\n<li>In der N\u00e4he befindet sich ein Pluszeichen, das f\u00fcr den Ton, die Beendigung der musikalischen Begleitung, die maximale Einzahlung von Geldern mit einem Klick und die Einf\u00fchrung von f\u00fcnfzig Autoumdrehungen in das Spiel verantwortlich ist.<\/li>\n<li>Etwas weiter entfernt befindet sich das Schild zum Einstellen der Eingabemenge.<\/li>\n<li>Oben auf der Spieleplattform befindet sich ein Nachrichtensymbol, um sich mit den Spielbedingungen, Eingabegr\u00f6\u00dfen usw. vertraut zu machen.<\/li>\n<li>Durch die Installation einer mobilen Anwendung f\u00fcr die Spielplattform ist es m\u00f6glich, von jedem Gadget, das Sie besitzen, an einem f\u00fcr Sie bequemen Ort am Spiel teilzunehmen.<\/li>\n<\/ul>\n<h2>Cash Pig-Bonusfunktionen<\/h2>\n<p>Die Spielbasis hat drei\u00dfig profitable Optionen. Sie k\u00f6nnen nicht nur in irgendeiner Richtung liegen, sondern auch beliebige Formen bilden. F\u00fcr eine rentable Option m\u00fcssen Sie 3 bis 5 gleichwertige Zeichen sammeln. Symbole, auf die Sie achten sollten:<\/p>\n<ul>\n<li>Das Schweinezeichen ist ein Sparschwein, was bedeutet, dass die bisherige M\u00fcnzersparnis auf Ihr Depot \u00fcbertragen wird.<\/li>\n<li>Eine Flasche Champagner auf einer oder f\u00fcnf Scheiben sorgt f\u00fcr zus\u00e4tzliche Drehzahlen.<\/li>\n<li>Das Wild-Zeichen ist ein solider Diamant, der jedes Bild ersetzen kann, um ein profitables Schema zu bilden.<\/li>\n<\/ul>\n<p>Es gibt einen Rocket Play Cash Pig <a href=\"https:\/\/rocketplay-game.com\/de\/bonus\/\">Bonus<\/a> f\u00fcr Sie. Dieser Spielplatz hat drei Incentive-Runden:<\/p>\n<ul>\n<li>Gro\u00dfes Upgrade. Kommt unerwartet ins Spiel und verwandelt einfache Zeichen in wertvolle.<\/li>\n<li>Kleiner Eliminator. Es taucht auch unerwartet auf und verdr\u00e4ngt die Budget-Schilder vom Spielplatz.<\/li>\n<li>Sparschwein. Betritt das Spiel, wenn sechs oder mehr M\u00fcnzen herausfallen. Dann beginnen 3 Perioden Wurzeln zu schlagen, wenn die n\u00e4chste M\u00fcnze erscheint. Ich bin froh, dass eine separate M\u00fcnze Gewinn bringt.<\/li>\n<\/ul>\n<h2>FAQ<\/h2>\n<h3>Wie gewinnt man Geld?<\/h3>\n<p>Um am Spielautomaten Rocket Play Cash Pig teilzunehmen, m\u00fcssen Sie Ihr Konto aktivieren und eine Einzahlung t\u00e4tigen.<\/p>\n<h3>Wie kann man Cash Pig ohne Investition spielen?<\/h3>\n<p>Auf dieser Gaming-Plattform finden unverbindliche Trainingsrunden statt.<\/p>\n<h3>Hat diese Plattform eine gro\u00dfe Bank und ist es m\u00f6glich, sie abzuheben?<\/h3>\n<p>Auf dieser Seite gibt es einen guten Jackpot mit einem Multiplikator von 8.000.<\/p>\n<h3>Wie hoch ist die R\u00fccklaufquote f\u00fcr diese Unterhaltung?<\/h3>\n<p>Die Gewinnaussichten sind recht gro\u00df. Die R\u00fcckfallquote dieses Spielplatzes ist sehr hoch \u2013 96,03 %.<\/p>\n","protected":false},"excerpt":{"rendered":"<p>Rocket Play Cash Pig Slot ist ein neu entstandener Spielplatz des Entwicklungsteams von Booming Games. Sie startete 2021. Diese Plattform beinhaltet die M\u00f6glichkeit eines unverbindlichen Trainingsspiels. Dieser Spielplatz ist durch extreme Preisvolatilit\u00e4t gekennzeichnet. Enth\u00e4lt 5 Scheiben und 4 Richtungen. Es hat bis zu drei\u00dfig profitable Schemata und einen exorbitanten Multiplikator &#8211; 8.000. Das k\u00fcrzliche Erscheinen&#8230;<\/p>\n","protected":false},"author":1,"featured_media":0,"parent":1954,"menu_order":0,"comment_status":"closed","ping_status":"closed","template":"page-with-slot.php","meta":{"_acf_changed":false,"_kad_post_transparent":"default","_kad_post_title":"default","_kad_post_layout":"default","_kad_post_sidebar_id":"","_kad_post_content_style":"default","_kad_post_vertical_padding":"default","_kad_post_feature":"","_kad_post_feature_position":"","_kad_post_header":false,"_kad_post_footer":false,"footnotes":""},"class_list":["post-1962","page","type-page","status-publish","hentry"],"acf":[],"rttpg_featured_image_url":null,"rttpg_author":{"display_name":"Tom","author_link":"https:\/\/rocketplay-game.com\/de\/author\/pemvas95n89x\/"},"rttpg_comment":0,"rttpg_category":null,"rttpg_excerpt":"Rocket Play Cash Pig Slot ist ein neu entstandener Spielplatz des Entwicklungsteams von Booming Games. Sie startete 2021. Diese Plattform beinhaltet die M\u00f6glichkeit eines unverbindlichen Trainingsspiels. Dieser Spielplatz ist durch extreme Preisvolatilit\u00e4t gekennzeichnet. Enth\u00e4lt 5 Scheiben und 4 Richtungen. Es hat bis zu drei\u00dfig profitable Schemata und einen exorbitanten Multiplikator &#8211; 8.000. Das k\u00fcrzliche Erscheinen...","_links":{"self":[{"href":"https:\/\/rocketplay-game.com\/de\/wp-json\/wp\/v2\/pages\/1962","targetHints":{"allow":["GET"]}}],"collection":[{"href":"https:\/\/rocketplay-game.com\/de\/wp-json\/wp\/v2\/pages"}],"about":[{"href":"https:\/\/rocketplay-game.com\/de\/wp-json\/wp\/v2\/types\/page"}],"author":[{"embeddable":true,"href":"https:\/\/rocketplay-game.com\/de\/wp-json\/wp\/v2\/users\/1"}],"replies":[{"embeddable":true,"href":"https:\/\/rocketplay-game.com\/de\/wp-json\/wp\/v2\/comments?post=1962"}],"version-history":[{"count":2,"href":"https:\/\/rocketplay-game.com\/de\/wp-json\/wp\/v2\/pages\/1962\/revisions"}],"predecessor-version":[{"id":1964,"href":"https:\/\/rocketplay-game.com\/de\/wp-json\/wp\/v2\/pages\/1962\/revisions\/1964"}],"up":[{"embeddable":true,"href":"https:\/\/rocketplay-game.com\/de\/wp-json\/wp\/v2\/pages\/1954"}],"wp:attachment":[{"href":"https:\/\/rocketplay-game.com\/de\/wp-json\/wp\/v2\/media?parent=1962"}],"curies":[{"name":"wp","href":"https:\/\/api.w.org\/{rel}","templated":true}]}}