{"id":1970,"date":"2022-10-03T13:39:15","date_gmt":"2022-10-03T10:39:15","guid":{"rendered":"https:\/\/rocketplay-game.com\/slots\/elvis-frog-vegas\/"},"modified":"2026-02-27T23:29:43","modified_gmt":"2026-02-27T20:29:43","slug":"elvis-frog-vegas","status":"publish","type":"page","link":"https:\/\/rocketplay-game.com\/de\/slots\/elvis-frog-vegas\/","title":{"rendered":"Rezension des Spielautomaten Elvis Frog In Vegas"},"content":{"rendered":"<p><img loading=\"lazy\" decoding=\"async\" class=\"alignleft wp-image-503 size-medium\" src=\"https:\/\/rocketplay-game.com\/wp-content\/uploads\/2022\/10\/elvis-frog-rocketplay-202x300.png\" alt=\"Elvis Frog Rocketplay\" width=\"202\" height=\"300\" srcset=\"https:\/\/rocketplay-game.com\/wp-content\/uploads\/2022\/10\/elvis-frog-rocketplay-202x300.png 202w, https:\/\/rocketplay-game.com\/wp-content\/uploads\/2022\/10\/elvis-frog-rocketplay.png 389w\" sizes=\"auto, (max-width: 202px) 100vw, 202px\" \/><\/p>\n<p>Sie k\u00f6nnen den Rocket Play Elvis Frog in Vegas Slot ohne Investition testen. Das Automatenspiel Rocket Play Elvis Frog in Vegas ist f\u00fcr seine 96-prozentige R\u00fccklaufquote bekannt. Es hat auch f\u00fcnf Umlaufscheiben und f\u00fcnfundzwanzig Ausgleichsrichtungen. Es gibt ein Premium-Spiel, bevorzugte Ums\u00e4tze und Wild- und Scatter-Symbole, aber keinen Multiplikator.<\/p>\n<p>Der Spielplatz verf\u00fcgt \u00fcber einen automatischen Modus und einen aktiven Promotion-Mechanismus. Im Simulator ist der Frosch die Hauptfigur. Wenn Sie in dieses Spiel eintauchen, besuchen Sie Las Vegas, wo Elvis der Frosch Rock&#8217;n&#8217;Roll auff\u00fchrt. Mit Spa\u00df von Herzen k\u00f6nnen Sie eine ordentliche Summe aufbringen, die Ihren Beitrag zweieinhalbtausend Mal multipliziert.<\/p>\n<h2>RTP &amp; Volatilit\u00e4t<\/h2>\n<p>Nach Rocket Play Elvis Frog in Vegas Slot Review hat das Feld 5 sich drehende Scheiben und 25 Gewinnlinien. Um zu gewinnen, m\u00fcssen Sie sich in der Reihenfolge der Punktzahl von 3 oder mehr gleichwertigen Zeichen aufstellen. Nachdem Sie einen Beitrag von zweieinhalb bis f\u00fcnfundzwanzig Euro f\u00fcr die Promotion geleistet haben, k\u00f6nnen Sie sich dem Gameplay auf jedem Gadget anschlie\u00dfen. Der Simulator hat ein geringes finanzielles Risiko; Der Prozentsatz der Rendite betr\u00e4gt 96, und die maximale Auszahlung f\u00fcr eine Aktion kann zweieinhalbtausend Mal h\u00f6her sein als Ihre Einzahlung.<\/p>\n<h2>Spielanleitung<\/h2>\n<p>Das Hauptzeichen des Online-Slot-Simulators Rocket Play Elvis Frog in Vegas ist der Elvis-Frosch, der alle anderen Zeichen ersetzt, um das Gewinnschema zu sammeln. Wenn es bei einer Aktion klappt, bekommt ihr zus\u00e4tzliche Touren. Das M\u00fcnzzeichen (Goldm\u00fcnze) f\u00e4llt im Hauptspiel und w\u00e4hrend Gnadenzyklen aus. Wenn die erforderliche Anzahl dieser Zeichen gebildet wird, steht Ihnen ein garantierter Preis zur Verf\u00fcgung.<\/p>\n<p>F\u00fcnf zus\u00e4tzliche Zyklen ohne Einsatz stehen Ihnen zur Verf\u00fcgung, die erneut in das Spiel eintreten k\u00f6nnen, wenn 3 weitere Sternzeichen erscheinen. In weiteren Zyklen erscheint die Option Blazing Reels, was das Erscheinen eines gro\u00dfen Symbols bedeutet, wenn 2, 3 und 4 Walzen kombiniert werden. Es kann Ihnen guten Gewinn bringen. Coin Respin \u2013 Diese Funktion wird gestartet, wenn mindestens 6 Geldm\u00fcnzen auf dem Spielfeld erscheinen, die ihre Pl\u00e4tze einnehmen. Und andere Fenster sind leer. Im Laufe der Zeit stehen Ihnen drei Neustarts zur Verf\u00fcgung, um die leeren Fenster mit M\u00fcnzen zu f\u00fcllen.<\/p>\n<p>In dem Moment, in dem die M\u00fcnze in das Fenster f\u00e4llt, kehren die Wiederholungen zu ihren Ausgangspositionen zur\u00fcck. Dieser Vorgang wird fortgesetzt, bis alle leeren K\u00e4stchen gef\u00fcllt sind. Am Ende wird der Betrag aller Coins auf Ihr Depot \u00fcbertragen. W\u00e4hrend dieser Spielposition k\u00f6nnen Sie das Gl\u00fcck haben, einen der Preise zu gewinnen, wobei der Hauptpreis Mega ist. Sie k\u00f6nnen es zur\u00fcckgewinnen, wenn alle leeren Fenster mit Goldm\u00fcnzen gef\u00fcllt sind. Es ist eine unterhaltsame Plattform zum Spielen mit einem anst\u00e4ndigen Webdesign, gro\u00dfartigen Funktionen und zufriedenstellenden Auszahlungen.<\/p>\n<p style=\"text-align: center;\"><img loading=\"lazy\" decoding=\"async\" class=\"aligncenter wp-image-504 size-full\" src=\"https:\/\/rocketplay-game.com\/wp-content\/uploads\/2022\/10\/elvis-frog-in-vegas.jpeg\" alt=\"Elvis Frog In Vegas\" width=\"736\" height=\"248\" srcset=\"https:\/\/rocketplay-game.com\/wp-content\/uploads\/2022\/10\/elvis-frog-in-vegas.jpeg 736w, https:\/\/rocketplay-game.com\/wp-content\/uploads\/2022\/10\/elvis-frog-in-vegas-300x101.jpeg 300w\" sizes=\"auto, (max-width: 736px) 100vw, 736px\" \/><\/p>\n<h2>FAQ<\/h2>\n<h3>Welche Boni bietet der Slot?<\/h3>\n<p>Rocket Play Elvis Frog in Vegas Freispiele ist ein Sonderangebot. Es besteht darin, einem Spieler die M\u00f6glichkeit zu geben, zus\u00e4tzliche Runden kostenlos zu spielen. Basierend auf allen Gewinnkombinationen werden die Endgewinne addiert. Das erhaltene Geld kann nach eigenem Ermessen verwendet werden &#8211; es auf Auszahlung stellen oder weiterhin Wetten platzieren.<\/p>\n<h3>Was sind die Vorteile von Boni?<\/h3>\n<p>Spielautomaten mit \u00dcberraschungen sind sowohl bei Anf\u00e4ngern als auch bei Profispielern beliebt. Ihre Nachfrage beruht auf einer Reihe von Vorteilen. Der erste unter ihnen ist die Einf\u00fchrung von Lebensfreude in das Gameplay. Es wird spannender. Der zweite Vorteil ist eine Erh\u00f6hung der Chancen, einen gro\u00dfen Betrag zu erhalten. Zum Beispiel k\u00f6nnen beim Rocket Play Elvis Frog in Vegas Bonus unter den Freispielen ein paar Gewinnkombinationen mit einem gro\u00dfen Gewinn herausfallen.<\/p>\n<p><strong>Lesen Sie auch \u00fcber:<\/strong><\/p>\n<ul>\n<li><a href=\"https:\/\/rocketplay-game.com\/de\/slots\/hit-gold-hold-and-win\/\">Hit Gold!Halten und gewinnen<\/a><\/li>\n<li><a href=\"https:\/\/rocketplay-game.com\/de\/slots\/queen-and-dragons\/\">Queen and the Dragons<\/a><\/li>\n<\/ul>\n","protected":false},"excerpt":{"rendered":"<p>Sie k\u00f6nnen den Rocket Play Elvis Frog in Vegas Slot ohne Investition testen. Das Automatenspiel Rocket Play Elvis Frog in Vegas ist f\u00fcr seine 96-prozentige R\u00fccklaufquote bekannt. Es hat auch f\u00fcnf Umlaufscheiben und f\u00fcnfundzwanzig Ausgleichsrichtungen. Es gibt ein Premium-Spiel, bevorzugte Ums\u00e4tze und Wild- und Scatter-Symbole, aber keinen Multiplikator. Der Spielplatz verf\u00fcgt \u00fcber einen automatischen Modus&#8230;<\/p>\n","protected":false},"author":1,"featured_media":0,"parent":1954,"menu_order":0,"comment_status":"closed","ping_status":"closed","template":"page-with-slot.php","meta":{"_acf_changed":false,"_kad_post_transparent":"default","_kad_post_title":"default","_kad_post_layout":"default","_kad_post_sidebar_id":"","_kad_post_content_style":"default","_kad_post_vertical_padding":"default","_kad_post_feature":"","_kad_post_feature_position":"","_kad_post_header":false,"_kad_post_footer":false,"footnotes":""},"class_list":["post-1970","page","type-page","status-publish","hentry"],"acf":[],"rttpg_featured_image_url":null,"rttpg_author":{"display_name":"Tom","author_link":"https:\/\/rocketplay-game.com\/de\/author\/pemvas95n89x\/"},"rttpg_comment":0,"rttpg_category":null,"rttpg_excerpt":"Sie k\u00f6nnen den Rocket Play Elvis Frog in Vegas Slot ohne Investition testen. Das Automatenspiel Rocket Play Elvis Frog in Vegas ist f\u00fcr seine 96-prozentige R\u00fccklaufquote bekannt. Es hat auch f\u00fcnf Umlaufscheiben und f\u00fcnfundzwanzig Ausgleichsrichtungen. Es gibt ein Premium-Spiel, bevorzugte Ums\u00e4tze und Wild- und Scatter-Symbole, aber keinen Multiplikator. Der Spielplatz verf\u00fcgt \u00fcber einen automatischen Modus...","_links":{"self":[{"href":"https:\/\/rocketplay-game.com\/de\/wp-json\/wp\/v2\/pages\/1970","targetHints":{"allow":["GET"]}}],"collection":[{"href":"https:\/\/rocketplay-game.com\/de\/wp-json\/wp\/v2\/pages"}],"about":[{"href":"https:\/\/rocketplay-game.com\/de\/wp-json\/wp\/v2\/types\/page"}],"author":[{"embeddable":true,"href":"https:\/\/rocketplay-game.com\/de\/wp-json\/wp\/v2\/users\/1"}],"replies":[{"embeddable":true,"href":"https:\/\/rocketplay-game.com\/de\/wp-json\/wp\/v2\/comments?post=1970"}],"version-history":[{"count":4,"href":"https:\/\/rocketplay-game.com\/de\/wp-json\/wp\/v2\/pages\/1970\/revisions"}],"predecessor-version":[{"id":10264,"href":"https:\/\/rocketplay-game.com\/de\/wp-json\/wp\/v2\/pages\/1970\/revisions\/10264"}],"up":[{"embeddable":true,"href":"https:\/\/rocketplay-game.com\/de\/wp-json\/wp\/v2\/pages\/1954"}],"wp:attachment":[{"href":"https:\/\/rocketplay-game.com\/de\/wp-json\/wp\/v2\/media?parent=1970"}],"curies":[{"name":"wp","href":"https:\/\/api.w.org\/{rel}","templated":true}]}}