{"id":1980,"date":"2022-10-03T13:50:30","date_gmt":"2022-10-03T10:50:30","guid":{"rendered":"https:\/\/rocketplay-game.com\/slots\/hit-gold-hold-and-win\/"},"modified":"2025-11-21T13:36:23","modified_gmt":"2025-11-21T10:36:23","slug":"hit-gold-hold-and-win","status":"publish","type":"page","link":"https:\/\/rocketplay-game.com\/de\/slots\/hit-gold-hold-and-win\/","title":{"rendered":"Hit The Gold!Halten und gewinnen"},"content":{"rendered":"<p><img loading=\"lazy\" decoding=\"async\" class=\"size-medium wp-image-507 alignleft\" src=\"https:\/\/rocketplay-game.com\/wp-content\/uploads\/2022\/10\/hit-the-gold-hold-and-win-300x232.png\" alt=\"Hit The Gold! Hold And Win\" width=\"300\" height=\"232\" srcset=\"https:\/\/rocketplay-game.com\/wp-content\/uploads\/2022\/10\/hit-the-gold-hold-and-win-300x232.png 300w, https:\/\/rocketplay-game.com\/wp-content\/uploads\/2022\/10\/hit-the-gold-hold-and-win.png 320w\" sizes=\"auto, (max-width: 300px) 100vw, 300px\" \/>Simulator Rocket Play Hit the Gold! Hold and Win Slot ist ein aufregendes Konzept, das im Juni 2021 vom weltber\u00fchmten Spieletechnologie-Entwickler Booongo zum Leben erweckt wurde. Die Entwickler erforschten den Prozess des Goldabbaus im Spiel. Die Hauptfiguren des Drehbuchs sind ein Bergmann und sein Hund, die nach einer Goldmine suchen. Die Teilnehmer des Spiels versuchen, der Hauptfigur mithilfe der zentralen Spielzeichen zu helfen. Sehen Sie sich die Regeln des Wettspiels an und versuchen Sie, ein \u00dcbungsspiel zu spielen, ohne Ihr Geld zu riskieren.<\/p>\n<h2>Renditeprozentsatz und Varianz<\/h2>\n<p>Rocket Play Hit the Gold! Der Online-Slot Hold and Win lockt mit einer Reihe von Parametern. Das Spiel hat eine Rendite von 95,66 Prozent. Der Simulator von Booongo umfasst f\u00fcnf Umlaufkreise und f\u00fcnfundzwanzig Ausgleichsrichtungen. Die maximale Gewinngrenze betr\u00e4gt x2000 Einzahlungsbetrag. F\u00fcr <a href=\"https:\/\/rocketplay-game.com\/de\/mobile-version\/\">mobile Anwendungen<\/a> <span style=\"font-family: var(--global-body-font-family);\">wurde eine Variante von HTML5 entwickelt, die es erm\u00f6glicht, von jedem tragbaren Ger\u00e4t aus am Spiel teilzunehmen.<\/span><\/p>\n<p>Rocket Play Hit the Gold! Hold and Win Spielautomat sollte f\u00fcr potenzielle Internetspieler von Interesse sein. Die Plattform hat eine Reihe von Zeichen, die dem Benutzer helfen, zu gewinnen. Sie kennenlernen:<\/p>\n<ul>\n<li>Hund, Freund und Besch\u00fctzer der Hauptfigur.<\/li>\n<li>Sandsack.<\/li>\n<li>Goldene Fragmente.<\/li>\n<li>Kylo f\u00fcr den Goldabbau;<\/li>\n<li>Lateinische Buchstaben A, K, Q und J!<\/li>\n<\/ul>\n<p>Der Teilnehmer der Spielaktion erstellt aus diesen Bezeichnungen ein Schema, um Multiplikatoren zu erhalten. Um von diesem Spielplatz einen guten Gewinn zu erzielen, verwenden Sie die Hauptzeichen von Spielautomaten. Es gibt viele Anzeichen wie diese:<\/p>\n<ul>\n<li>Streubild &#8211; Eisenbahnschienen;<\/li>\n<li>Wildes Zeichen &#8211; Goldgr\u00e4ber;<\/li>\n<li>Das Bonuszeichen ist ein goldener Chip.<\/li>\n<\/ul>\n<p>Das Scatter-Symbol erscheint auf den mittleren drei Walzen, was ein Ereignis zum Extrahieren von Spin-Zyklen ohne Eins\u00e4tze (Rocket Play Hit the Gold! Hold and Win-Bonus) im Gameplay beinhaltet.<\/p>\n<h2>Merkmale des Spiels<\/h2>\n<p>Um das Spiel auf Simulatoren zu spielen, ist keine Aktivierung erforderlich. Daf\u00fcr gibt es eine von Anf\u00e4ngern genutzte Trainingsrunde am Start. In dieser Runde entscheiden neu hinzugekommene Spieler endlich selbst, ob sie spielen oder nicht. Potenzielle Spieler, die von dem Spielverfahren profitieren m\u00f6chten, m\u00fcssen den Betrag aktivieren und auf ihrem Konto einzahlen. Als n\u00e4chstes kommen wir in ein ernsthaftes Wettspiel.<\/p>\n<p>Der Neustart wird er\u00f6ffnet, wenn sich drei Goldbarren auf der Spielplattform befinden. Jetzt erhalten Sie acht zus\u00e4tzliche Runden. Wenn sechs weitere Goldst\u00fccke an der gleichen Stelle ankommen, kommt das <a href=\"https:\/\/rocketplay-game.com\/de\/bonus\/\">Bonusspiel<\/a> ins Spiel, mit der Ausgabe von drei Neustarts. Es ist Rocket Play Hit the Gold! Slot-Bonus halten und gewinnen. Ein einzelner Goldbarren entspricht einem Neustart der Trommel. In der Premium-Runde erscheint auf dem Spielfeld eine Belohnungs-Chiffre, die einen gro\u00dfen Preis ins Spiel bringt. Nachdem Sie f\u00fcnfzehn Bonus-Hieroglyphen gesammelt haben, ist es wirklich m\u00f6glich, einen unversch\u00e4mten Jackpot zu gewinnen.<\/p>\n<p style=\"text-align: center;\"><img loading=\"lazy\" decoding=\"async\" class=\"aligncenter wp-image-508 size-full\" src=\"https:\/\/rocketplay-game.com\/wp-content\/uploads\/2022\/10\/hit-the-gold-hold-and-win.jpeg\" alt=\"Hit The Gold! Hold And Win\" width=\"730\" height=\"487\" srcset=\"https:\/\/rocketplay-game.com\/wp-content\/uploads\/2022\/10\/hit-the-gold-hold-and-win.jpeg 730w, https:\/\/rocketplay-game.com\/wp-content\/uploads\/2022\/10\/hit-the-gold-hold-and-win-300x200.jpeg 300w\" sizes=\"auto, (max-width: 730px) 100vw, 730px\" \/><\/p>\n<h2>Expert opinion<\/h2>\n<p>The one-armed bandit was invented and brought to life by the well-known company Booongo. It continues the theme of gold diggers and fans of the Aztec Gold gaming platform. By spinning the drum on the playing field Strike Gold, there is an opportunity to get a good profit. This simulator is known for good return rates, exciting rewards, and powerful multipliers.<\/p>\n<p>If you spend Rocket Play Hit the Gold! Hold and Win slot review, the web design of the simulator makes a vivid impression, and sharp images attract players. An intriguing scenario, accessible gameplay, and enticing scoring systems all attract the interest of potential players.<\/p>\n<p>If you don&#8217;t want to risk your finances, you can try the demo version. Thus, you will study the operation of the device and understand the specifics of the game. Only after you feel confident can you place bets and fight for real money winnings.<\/p>\n","protected":false},"excerpt":{"rendered":"<p>Simulator Rocket Play Hit the Gold! Hold and Win Slot ist ein aufregendes Konzept, das im Juni 2021 vom weltber\u00fchmten Spieletechnologie-Entwickler Booongo zum Leben erweckt wurde. Die Entwickler erforschten den Prozess des Goldabbaus im Spiel. Die Hauptfiguren des Drehbuchs sind ein Bergmann und sein Hund, die nach einer Goldmine suchen. Die Teilnehmer des Spiels versuchen,&#8230;<\/p>\n","protected":false},"author":1,"featured_media":0,"parent":1954,"menu_order":0,"comment_status":"closed","ping_status":"closed","template":"page-with-slot.php","meta":{"_acf_changed":false,"_kad_post_transparent":"default","_kad_post_title":"default","_kad_post_layout":"default","_kad_post_sidebar_id":"","_kad_post_content_style":"default","_kad_post_vertical_padding":"default","_kad_post_feature":"","_kad_post_feature_position":"","_kad_post_header":false,"_kad_post_footer":false,"footnotes":""},"class_list":["post-1980","page","type-page","status-publish","hentry"],"acf":[],"rttpg_featured_image_url":null,"rttpg_author":{"display_name":"Tom","author_link":"https:\/\/rocketplay-game.com\/de\/author\/pemvas95n89x\/"},"rttpg_comment":0,"rttpg_category":null,"rttpg_excerpt":"Simulator Rocket Play Hit the Gold! Hold and Win Slot ist ein aufregendes Konzept, das im Juni 2021 vom weltber\u00fchmten Spieletechnologie-Entwickler Booongo zum Leben erweckt wurde. Die Entwickler erforschten den Prozess des Goldabbaus im Spiel. Die Hauptfiguren des Drehbuchs sind ein Bergmann und sein Hund, die nach einer Goldmine suchen. Die Teilnehmer des Spiels versuchen,...","_links":{"self":[{"href":"https:\/\/rocketplay-game.com\/de\/wp-json\/wp\/v2\/pages\/1980","targetHints":{"allow":["GET"]}}],"collection":[{"href":"https:\/\/rocketplay-game.com\/de\/wp-json\/wp\/v2\/pages"}],"about":[{"href":"https:\/\/rocketplay-game.com\/de\/wp-json\/wp\/v2\/types\/page"}],"author":[{"embeddable":true,"href":"https:\/\/rocketplay-game.com\/de\/wp-json\/wp\/v2\/users\/1"}],"replies":[{"embeddable":true,"href":"https:\/\/rocketplay-game.com\/de\/wp-json\/wp\/v2\/comments?post=1980"}],"version-history":[{"count":1,"href":"https:\/\/rocketplay-game.com\/de\/wp-json\/wp\/v2\/pages\/1980\/revisions"}],"predecessor-version":[{"id":1982,"href":"https:\/\/rocketplay-game.com\/de\/wp-json\/wp\/v2\/pages\/1980\/revisions\/1982"}],"up":[{"embeddable":true,"href":"https:\/\/rocketplay-game.com\/de\/wp-json\/wp\/v2\/pages\/1954"}],"wp:attachment":[{"href":"https:\/\/rocketplay-game.com\/de\/wp-json\/wp\/v2\/media?parent=1980"}],"curies":[{"name":"wp","href":"https:\/\/api.w.org\/{rel}","templated":true}]}}