{"id":1988,"date":"2022-10-03T13:58:41","date_gmt":"2022-10-03T10:58:41","guid":{"rendered":"https:\/\/rocketplay-game.com\/slots\/queen-and-dragons\/"},"modified":"2022-10-29T02:34:54","modified_gmt":"2022-10-28T23:34:54","slug":"queen-and-dragons","status":"publish","type":"page","link":"https:\/\/rocketplay-game.com\/de\/slots\/queen-and-dragons\/","title":{"rendered":"Queen and the Dragons Online-Slot-Rezension"},"content":{"rendered":"<p><img loading=\"lazy\" decoding=\"async\" class=\"size-medium wp-image-511 alignleft\" src=\"https:\/\/rocketplay-game.com\/wp-content\/uploads\/2022\/10\/queenandthedragons-223x300.jpeg\" alt=\"Queen And The Dragons\" width=\"223\" height=\"300\" srcset=\"https:\/\/rocketplay-game.com\/wp-content\/uploads\/2022\/10\/queenandthedragons-223x300.jpeg 223w, https:\/\/rocketplay-game.com\/wp-content\/uploads\/2022\/10\/queenandthedragons.jpeg 432w\" sizes=\"auto, (max-width: 223px) 100vw, 223px\" \/><\/p>\n<p>Der mechanische Gangster-Slot Rocket Play Queen and the Dragons des Entwicklers IGT bietet die M\u00f6glichkeit, ein Trainingsspiel ohne Eins\u00e4tze zu spielen.<\/p>\n<p>Der Rocket Play Queen and the Dragons Slot Online-Simulator hat die folgenden Parameter: 96,47 Prozent Gewinn, f\u00fcnf umlaufende Scheiben, 25 Auszahlungsrichtungen, Preisvolatilit\u00e4t des Spiels ist unbekannt. Es gibt keine zus\u00e4tzlichen Runden im Slot und es gibt keine Multiplikatoren und Belohnungen. Wild- und Scatter-Bilder werden im Gameplay verwendet. Der einarmige Bandit Queen and the Dragons verf\u00fcgt \u00fcber Auto- und Instant-<\/p>\n<p>Spin-Mechanismen. Die Anzahl der Einzahlungen reicht von $0.25\u00a0 bis $125 Der Spieldienstleister IG Tech lockt die Teilnehmer mit der Simulation \u201eQueen and the Dragons\u201c, begleitet von entz\u00fcckenden Videos, in die magische Welt der Fantasie. Dieser besondere Spielautomat wird Sie mit der Anwesenheit fantastischer Drachen, einer Periode bevorzugter Ums\u00e4tze und betr\u00e4chtlicher Einnahmen begeistern.<\/p>\n<h2>Slot-Funktionen und Symbole<\/h2>\n<p>Rocket Play Queen and the Dragons Spielautomat hat eine triviale Konfiguration \u2013 ein 5&#215;3-Spielfeld und 25 garantierte Auszahlungsrichtungen. Der mechanische Bandit unterst\u00fctzt Eingaben von 0,25 bis 125 M\u00fcnzen oder in einer f\u00fcr den Spieler geeigneten gleichwertigen W\u00e4hrung. Wenn Sie ein Schema mit f\u00fcnf Wild-Bildern erstellen, ist es m\u00f6glich, den maximalen Gewinn f\u00fcr diesen Slot zu erzielen \u2013 x16 aus dem eingegebenen Betrag. 96,47 % ist der R\u00fcckgabeprozentsatz.<\/p>\n<p>Der Spielautomat hat eine Trainingsphase, keine Live-Wetten und eine eigene <a href=\"https:\/\/rocketplay-game.com\/de\/mobile-version\/\">mobile Anwendung<\/a>. Die Protagonisten dieser Fantasy-Spielwelt sind eine Kaiserin mit roten Haaren und Drachenpupillen. Um die Spielaktion zu aktivieren, entscheiden Sie sich f\u00fcr die H\u00f6he der Einzahlung und klicken Sie auf \u201eStart\u201c.<\/p>\n<p>H\u00e4lt man den Finger einige Sekunden auf dieser Taste, startet der automatische Spielmechanismus. Zahlungen erhalten Sie bereits ab den ersten Ums\u00e4tzen, wenn Sie ein Schema mit 2 teuren (K\u00f6nigin und Drachen) oder 3 Budget- (Kartenfarben) Zeichen nebeneinander auf einer dynamischen Linie haben.<\/p>\n<p>Nachdem wir die Slot-Rezension von Rocket Play Queen and the Dragons durchgef\u00fchrt haben, sehen wir, dass das Design der Plattform f\u00fcr das Spiel unpr\u00e4tenti\u00f6s ist; Es gibt nur Rollen darauf. Aber die Bilder und begleitenden Elemente werden k\u00fcnstlerisch pr\u00e4sentiert, was einen bleibenden Eindruck hinterl\u00e4sst.<\/p>\n<p>Das musikalische Arrangement unterst\u00fctzt die magische Spielf\u00fchrung. Bei der Erstellung eines Gewinnschemas werden alle seine Teile in einer Cartoon-Kopie wiedergeboren, was es erm\u00f6glicht, die Charaktere besser kennenzulernen. Wir haben gelernt, dass ein blauer Drache im Wasser lebt und ein gr\u00fcner Drache in den Bergen.<\/p>\n<h2>Queen and the Dragons Bonusrunden<\/h2>\n<p>In Queen and the Dragons sowie in anderen Spielautomaten gibt es Wild- und Scatter-Symbole. Das Wild-Zeichen ersetzt tendenziell alle anderen Figuren in profitablen Schemata. Und wenn 3 Scatter treffen, starten f\u00fcnf Rocket Play Queen and the Dragons-<a href=\"https:\/\/rocketplay-game.com\/de\/free-spins\/\">Freispiele<\/a>, die die einzige Belohnung dieses einarmigen Banditen sind.<\/p>\n<p>Dies kann jedoch dadurch kompensiert werden, dass der Teilnehmer vor den kostenlosen Zyklen nach einer Bef\u00f6rderung f\u00fcr sich selbst suchen kann &#8211; Einkommensmultiplikatoren von x1 bis x5. Je h\u00f6her das Verh\u00e4ltnis, desto unwahrscheinlicher ist es, dass es auftritt. Jeder freiberufliche Scatter auf dem Spielfeld bringt drei weitere begrenzte Drehungen in das Spiel ein; ihre Anzahl ist nicht begrenzt.<\/p>\n<p>Queen and the Dragons ist ein stereotyper mechanischer Gangster mit f\u00fcnf sich drehenden Kreisen, einer magischen Handlung und unpr\u00e4tenti\u00f6sen Schaupl\u00e4tzen. Es gibt nicht genug Anreizm\u00f6glichkeiten darin, aber Multiplikatoren werden mit bevorzugten Ums\u00e4tzen helfen. Moderne Spielautomaten sind mit coolen Extras ausgestattet, die langweilig sind, und Queen and Dragons ist ein schn\u00f6rkelloses Unterhaltungsspiel, das Ihnen die M\u00f6glichkeit gibt, sich zu entspannen.<\/p>\n<p style=\"text-align: center;\"><img loading=\"lazy\" decoding=\"async\" class=\"aligncenter wp-image-512 size-full\" src=\"https:\/\/rocketplay-game.com\/wp-content\/uploads\/2022\/10\/queen_and_dragons.jpeg\" alt=\"queen and dragons\" width=\"680\" height=\"511\" srcset=\"https:\/\/rocketplay-game.com\/wp-content\/uploads\/2022\/10\/queen_and_dragons.jpeg 680w, https:\/\/rocketplay-game.com\/wp-content\/uploads\/2022\/10\/queen_and_dragons-300x225.jpeg 300w, https:\/\/rocketplay-game.com\/wp-content\/uploads\/2022\/10\/queen_and_dragons-600x450.jpeg 600w\" sizes=\"auto, (max-width: 680px) 100vw, 680px\" \/><\/p>\n<h2>FAQ<\/h2>\n<h3>Ist es kostenlos zu spielen?<\/h3>\n<p>Nat\u00fcrlich hat dieser Simulator eine Trainingstour, die Sie unverbindlich spielen k\u00f6nnen. Zu Ihrer Information bietet das IGT-Webstudio auf allen Seiten Zugriff auf Trainingsspiele.<\/p>\n<h3>Kannst du auf dem Handy spielen?<\/h3>\n<p>Durch das Herunterladen der mobilen Anwendung \u201eQueen and Dragons\u201c wird das Spiel auf allen Gadgets verf\u00fcgbar.<\/p>\n<h3>Was ist RTP?<\/h3>\n<p>Der Prozentsatz der Verg\u00fctung aus dem Spiel wird RTP genannt. Die Gaming-Plattform Queen and the Dragons hat eine Rendite von 96,47 %; In naher Zukunft wird dieser einarmige Gangster 3,53 Prozent aller Bareinlagen der Spieler \u00fcbernehmen.<\/p>\n<h3>Was ist Volatilit\u00e4t?<\/h3>\n<p>Die Slot-Volatilit\u00e4t ist ein Parameter, der anzeigt, wie oft und wie viel Sie in einem bestimmten Simulator gewinnen k\u00f6nnen. Mechanische Gangster mit geringer Volatilit\u00e4t erm\u00f6glichen Spielern bescheidene, aber konstante Dividenden.<\/p>\n","protected":false},"excerpt":{"rendered":"<p>Der mechanische Gangster-Slot Rocket Play Queen and the Dragons des Entwicklers IGT bietet die M\u00f6glichkeit, ein Trainingsspiel ohne Eins\u00e4tze zu spielen. Der Rocket Play Queen and the Dragons Slot Online-Simulator hat die folgenden Parameter: 96,47 Prozent Gewinn, f\u00fcnf umlaufende Scheiben, 25 Auszahlungsrichtungen, Preisvolatilit\u00e4t des Spiels ist unbekannt. Es gibt keine zus\u00e4tzlichen Runden im Slot und&#8230;<\/p>\n","protected":false},"author":1,"featured_media":0,"parent":1954,"menu_order":0,"comment_status":"closed","ping_status":"closed","template":"page-with-slot.php","meta":{"_acf_changed":false,"_kad_post_transparent":"default","_kad_post_title":"default","_kad_post_layout":"default","_kad_post_sidebar_id":"","_kad_post_content_style":"default","_kad_post_vertical_padding":"default","_kad_post_feature":"","_kad_post_feature_position":"","_kad_post_header":false,"_kad_post_footer":false,"footnotes":""},"class_list":["post-1988","page","type-page","status-publish","hentry"],"acf":[],"rttpg_featured_image_url":null,"rttpg_author":{"display_name":"Tom","author_link":"https:\/\/rocketplay-game.com\/de\/author\/pemvas95n89x\/"},"rttpg_comment":0,"rttpg_category":null,"rttpg_excerpt":"Der mechanische Gangster-Slot Rocket Play Queen and the Dragons des Entwicklers IGT bietet die M\u00f6glichkeit, ein Trainingsspiel ohne Eins\u00e4tze zu spielen. Der Rocket Play Queen and the Dragons Slot Online-Simulator hat die folgenden Parameter: 96,47 Prozent Gewinn, f\u00fcnf umlaufende Scheiben, 25 Auszahlungsrichtungen, Preisvolatilit\u00e4t des Spiels ist unbekannt. Es gibt keine zus\u00e4tzlichen Runden im Slot und...","_links":{"self":[{"href":"https:\/\/rocketplay-game.com\/de\/wp-json\/wp\/v2\/pages\/1988","targetHints":{"allow":["GET"]}}],"collection":[{"href":"https:\/\/rocketplay-game.com\/de\/wp-json\/wp\/v2\/pages"}],"about":[{"href":"https:\/\/rocketplay-game.com\/de\/wp-json\/wp\/v2\/types\/page"}],"author":[{"embeddable":true,"href":"https:\/\/rocketplay-game.com\/de\/wp-json\/wp\/v2\/users\/1"}],"replies":[{"embeddable":true,"href":"https:\/\/rocketplay-game.com\/de\/wp-json\/wp\/v2\/comments?post=1988"}],"version-history":[{"count":3,"href":"https:\/\/rocketplay-game.com\/de\/wp-json\/wp\/v2\/pages\/1988\/revisions"}],"predecessor-version":[{"id":1994,"href":"https:\/\/rocketplay-game.com\/de\/wp-json\/wp\/v2\/pages\/1988\/revisions\/1994"}],"up":[{"embeddable":true,"href":"https:\/\/rocketplay-game.com\/de\/wp-json\/wp\/v2\/pages\/1954"}],"wp:attachment":[{"href":"https:\/\/rocketplay-game.com\/de\/wp-json\/wp\/v2\/media?parent=1988"}],"curies":[{"name":"wp","href":"https:\/\/api.w.org\/{rel}","templated":true}]}}