{"id":2111,"date":"2022-08-18T17:57:39","date_gmt":"2022-08-18T14:57:39","guid":{"rendered":"https:\/\/rocketplay-game.com\/slots\/book-of-ra-deluxe\/"},"modified":"2023-01-17T22:26:43","modified_gmt":"2023-01-17T19:26:43","slug":"book-of-ra-deluxe","status":"publish","type":"page","link":"https:\/\/rocketplay-game.com\/de\/slots\/book-of-ra-deluxe\/","title":{"rendered":"Testen Sie den Book of Ra Deluxe Slot"},"content":{"rendered":"<p>Book of Ra Deluxe Slot ist zu einem klassischen Beispiel daf\u00fcr geworden, wie sehr ein Spiel von Benutzern geliebt werden kann. Das Thema und die Handlung f\u00fchren die Benutzer ins alte \u00c4gypten. Farben, Musikbegleitung und Design werden unter Ber\u00fccksichtigung all der kleinen Dinge hergestellt, die den Stil und die Stimmung dieser Epoche und des Ortes des Geschehens vollst\u00e4ndig vermitteln. Wir machen Sie auf eine kurze Book of Ra Deluxe-Rezension aufmerksam, die Ihnen helfen wird, die Essenz des Prozesses zu verstehen.<\/p>\n<p style=\"text-align: center;\"><img loading=\"lazy\" decoding=\"async\" class=\"aligncenter wp-image-368 size-full\" src=\"https:\/\/rocketplay-game.com\/wp-content\/uploads\/2022\/08\/book-of-ra-deluxe-logo.jpeg\" alt=\"Book of Ra Deluxe logo\" width=\"770\" height=\"462\" srcset=\"https:\/\/rocketplay-game.com\/wp-content\/uploads\/2022\/08\/book-of-ra-deluxe-logo.jpeg 770w, https:\/\/rocketplay-game.com\/wp-content\/uploads\/2022\/08\/book-of-ra-deluxe-logo-300x180.jpeg 300w, https:\/\/rocketplay-game.com\/wp-content\/uploads\/2022\/08\/book-of-ra-deluxe-logo-768x461.jpeg 768w\" sizes=\"auto, (max-width: 770px) 100vw, 770px\" \/><\/p>\n<p>Book of Ra Deluxe Slot RTP, Details &amp; Einsatzlimits<\/p>\n<p>Der maximale Einsatz pro Gewinnkombination betr\u00e4gt \u00a318. Es gibt auch ein \u201eZufallsspiel\u201c, das in dem Spielautomaten verf\u00fcgbar ist, mit dem Sie ein volles Risiko eingehen k\u00f6nnen. Daf\u00fcr steht ein beliebiger Einsatzbetrag zur Verf\u00fcgung \u2013 vom Minimum bis zum Maximum.<\/p>\n<p>Ein weiterer Vorteil der Maschine ist die Bereitstellung von Freispielen. Zuvor wird ein Charakter zuf\u00e4llig ausgew\u00e4hlt. Egal in welcher Position es herausf\u00e4llt, der Gewinn wird gutgeschrieben.<\/p>\n<table border=\"0\" cellspacing=\"0\" cellpadding=\"0\">\n<colgroup>\n<col \/>\n<col \/> <\/colgroup>\n<tbody>\n<tr>\n<td>Eigenschaften<\/td>\n<td>Einzelheiten<\/td>\n<\/tr>\n<tr>\n<td>Anzahl R\u00e4der<\/td>\n<td>5<\/td>\n<\/tr>\n<tr>\n<td>Anzahl der Zeilen<\/td>\n<td>3<\/td>\n<\/tr>\n<tr>\n<td>Auszahlungslinien<\/td>\n<td>9<\/td>\n<\/tr>\n<tr>\n<td>Mindesteinsatz<\/td>\n<td>0,20 M\u00fcnzen<\/td>\n<\/tr>\n<tr>\n<td>Maximaler Einsatz<\/td>\n<td>18 Banknoten<\/td>\n<\/tr>\n<tr>\n<td>Maximale Belohnungen<\/td>\n<td>Faktor 10014,1<\/td>\n<\/tr>\n<tr>\n<td>Mobile Version<\/td>\n<td>+<\/td>\n<\/tr>\n<tr>\n<td>Volatilit\u00e4t<\/td>\n<td>hoch<\/td>\n<\/tr>\n<tr>\n<td>Entwickler<\/td>\n<td>Novomatic<\/td>\n<\/tr>\n<tr>\n<td>RTP<\/td>\n<td>92,13%<\/td>\n<\/tr>\n<\/tbody>\n<\/table>\n<p><em>Das Online-Casino<\/em> pr\u00e4sentiert zwei Startmethoden \u2013 Book of Ra Deluxe Demo und f\u00fcr echtes Geld.<\/p>\n<p>Die Demoversion ist eine gro\u00dfartige Option, um sich mit dem Ablauf des Spiels vertraut zu machen, in seine Essenz einzutauchen, die Regeln und Feinheiten zu lernen und Ihre eigene Strategie zu entwickeln. Es wird kein einziger Cent ausgegeben, selbst wenn Sie verlieren. Das kostenlose Online-Spielen von Book of Ra Deluxe eignet sich f\u00fcr Anf\u00e4nger und f\u00fcr diejenigen, die gerade erst in den Gl\u00fccksspielprozess einsteigen. Ideal f\u00fcr den Einstieg, aber zu wenig f\u00fcr Entwicklung und langfristige Perspektive.<\/p>\n<h2>Thema \u2013 Entdecken Sie die wahren Sch\u00e4tze der Pharaonen<\/h2>\n<p>Das Online-Spielen von Book of Ra ist von jedem verf\u00fcgbaren Ger\u00e4t mit Internetzugang aus m\u00f6glich. Book of Ra Deluxe Android, Windows oder iOS eignet sich gleicherma\u00dfen f\u00fcr ein fehlerfreies Spiel. Auf dem Arbeitsbildschirm der Maschine sieht der Spieler ein Feld mit 5 Walzen in 3 Reihen. Es ist m\u00f6glich, 9 Gewinnlinien zu starten. Die Kombination besteht aus verschiedenen Zeichen. Grunds\u00e4tzlich pr\u00e4sentiert das Spiel typisch \u00e4gyptische Bilder. Aber ein besonderes Zeichen ist der Entdecker mit Hut. Eine Zeile mit 2-5 solcher Bilder verursacht hohe Kosten. Jeder Benutzer kann die Quoten berechnen, wie viel Sie mit Book of Ra online verdienen k\u00f6nnen, indem er sich die Ergebnistabelle ansieht:<\/p>\n<ul>\n<li>Wenn 5 Entdecker gleichzeitig auf derselben Linie erscheinen, wird der Auszahlungsbetrag mit dem 5000-fachen des urspr\u00fcnglichen Einsatzes multipliziert;<\/li>\n<li>F\u00fcr 5 Pharaonen erh\u00f6ht der Spieler den Einsatzbetrag um das 2000-fache;<\/li>\n<li>5 Horus bringt einen 750-mal h\u00f6heren Gewinn als das, was aufs Spiel gesetzt wird;<\/li>\n<li>Beim Sammeln von 5 Kartenfarben wird der Einsatz mit dem 100- bis 150-fachen multipliziert;<\/li>\n<li>Das Vorhandensein eines Scatters (Wild-Symbol) auf der Linie in H\u00f6he von 5 St\u00fcck erh\u00f6ht die ausgegebene Einzahlung um das 1800-fache!<\/li>\n<\/ul>\n<p>Das Wild-Symbol kann auf jeder der Linien landen. In diesem Fall \u00fcbernimmt er die Rolle des Jokers und kann jedes andere Zeichen ersetzen. So ist es viel einfacher, eine Gewinnkombination zu sammeln, und Sie k\u00f6nnen mehr Quoten daf\u00fcr nehmen. Das Buchsymbol im Book of Rams spielt gleichzeitig die Rolle eines Jokers und eines Scatters. Der Spieler gewinnt, solange mindestens 3 Symbole in einer Drehung an beliebiger Stelle auf der Walze erscheinen.<\/p>\n<p>Die Funktion, Scatter und Wild in einem Zeichen zu kombinieren, erm\u00f6glicht es Ihnen, die Gewinnkombination nicht zu blockieren. Dar\u00fcber hinaus k\u00f6nnen Sie dank der Funktion \u201eDoppelte Chance\u201c des Spielautomaten die H\u00f6he des Jackpots verdoppeln. Gleichzeitig besteht jedoch eine hohe Wahrscheinlichkeit zu verlieren.<\/p>\n<p style=\"text-align: center;\"><img loading=\"lazy\" decoding=\"async\" class=\"aligncenter wp-image-369 size-full\" src=\"https:\/\/rocketplay-game.com\/wp-content\/uploads\/2022\/08\/book-of-ra-deluxe-slot.jpeg\" alt=\"Book of Ra Deluxe slot\" width=\"770\" height=\"462\" srcset=\"https:\/\/rocketplay-game.com\/wp-content\/uploads\/2022\/08\/book-of-ra-deluxe-slot.jpeg 770w, https:\/\/rocketplay-game.com\/wp-content\/uploads\/2022\/08\/book-of-ra-deluxe-slot-300x180.jpeg 300w, https:\/\/rocketplay-game.com\/wp-content\/uploads\/2022\/08\/book-of-ra-deluxe-slot-768x461.jpeg 768w\" sizes=\"auto, (max-width: 770px) 100vw, 770px\" \/><\/p>\n<h2>Book of Ra Deluxe Bonusmaterial<\/h2>\n<p>Die Maschine hat profitable Boni und Werbeaktionen, die helfen, die Gewinne n\u00e4her zu bringen. Erstens sind dies die Book of Ra Deluxe-Freispiele ohne Einzahlung. Vor Beginn der Freispiele werden die Spieler aufgefordert, ein Bonussymbol auszuw\u00e4hlen, das automatisch bestimmt wird. Es fungiert auch weiterhin als Standard-Basissymbol, wenn eine beliebige Linie aktiviert wird.<\/p>\n<p>Zweitens k\u00f6nnen Benutzer nach dem Erhalt einer beliebigen Gewinnkombination riskante Runden nutzen, die ihre Gewinne im Falle eines erfolgreichen Ergebnisses verdoppeln. Dazu m\u00fcssen die Spieler die richtige Farbe f\u00fcr die Kartenfarbe ausw\u00e4hlen.<\/p>\n<h2>H\u00e4ufig gestellte Fragen zu Book of Ra Deluxe<\/h2>\n<h3>Gibt es Bonusspiele?<\/h3>\n<p>Es sieht die Bereitstellung eines Bonusspiels vor. Dies geschieht, wenn der Spieler mindestens 3 Scatter in einer Drehung hat.<\/p>\n<h3>Gibt es eine mobile Version?<\/h3>\n<p>Ja, die mobile Version ist f\u00fcr alle Spieler verf\u00fcgbar. Um es nutzen zu k\u00f6nnen, ben\u00f6tigen Sie ein Smartphone mit Internetzugang. Von einem Mobiltelefon aus k\u00f6nnen Sie den Slot \u00fcber einen Browser oder eine Anwendung besuchen.<\/p>\n<h3>Wie gewinnt man im Spiel?<\/h3>\n<p>Wie bei jedem \u00e4hnlichen Gl\u00fccksspiel m\u00fcssen Sie Gl\u00fcck haben, um zu gewinnen. Daneben werden aber auch Achtsamkeit und Besonnenheit zu wichtigen Faktoren. Lerne die Regeln gut, probiere die kostenlose Version aus und sei aktiv.<\/p>\n<p><strong>Bewertungen \u00fcber Spielautomaten:<\/strong><\/p>\n<ul>\n<li><a href=\"https:\/\/rocketplay-game.com\/de\/slots\/king-of-the-nile\/\">King Of The Nile<\/a><\/li>\n<li><a href=\"https:\/\/rocketplay-game.com\/de\/slots\/wolf-treasure\/\">Wolf Treasure<\/a><\/li>\n<\/ul>\n","protected":false},"excerpt":{"rendered":"<p>Book of Ra Deluxe Slot ist zu einem klassischen Beispiel daf\u00fcr geworden, wie sehr ein Spiel von Benutzern geliebt werden kann. Das Thema und die Handlung f\u00fchren die Benutzer ins alte \u00c4gypten. Farben, Musikbegleitung und Design werden unter Ber\u00fccksichtigung all der kleinen Dinge hergestellt, die den Stil und die Stimmung dieser Epoche und des Ortes&#8230;<\/p>\n","protected":false},"author":1,"featured_media":0,"parent":1954,"menu_order":0,"comment_status":"closed","ping_status":"closed","template":"page-with-slot.php","meta":{"_acf_changed":false,"_kad_post_transparent":"default","_kad_post_title":"default","_kad_post_layout":"default","_kad_post_sidebar_id":"","_kad_post_content_style":"default","_kad_post_vertical_padding":"default","_kad_post_feature":"","_kad_post_feature_position":"","_kad_post_header":false,"_kad_post_footer":false,"footnotes":""},"class_list":["post-2111","page","type-page","status-publish","hentry"],"acf":[],"rttpg_featured_image_url":null,"rttpg_author":{"display_name":"Tom","author_link":"https:\/\/rocketplay-game.com\/de\/author\/pemvas95n89x\/"},"rttpg_comment":0,"rttpg_category":null,"rttpg_excerpt":"Book of Ra Deluxe Slot ist zu einem klassischen Beispiel daf\u00fcr geworden, wie sehr ein Spiel von Benutzern geliebt werden kann. Das Thema und die Handlung f\u00fchren die Benutzer ins alte \u00c4gypten. Farben, Musikbegleitung und Design werden unter Ber\u00fccksichtigung all der kleinen Dinge hergestellt, die den Stil und die Stimmung dieser Epoche und des Ortes...","_links":{"self":[{"href":"https:\/\/rocketplay-game.com\/de\/wp-json\/wp\/v2\/pages\/2111","targetHints":{"allow":["GET"]}}],"collection":[{"href":"https:\/\/rocketplay-game.com\/de\/wp-json\/wp\/v2\/pages"}],"about":[{"href":"https:\/\/rocketplay-game.com\/de\/wp-json\/wp\/v2\/types\/page"}],"author":[{"embeddable":true,"href":"https:\/\/rocketplay-game.com\/de\/wp-json\/wp\/v2\/users\/1"}],"replies":[{"embeddable":true,"href":"https:\/\/rocketplay-game.com\/de\/wp-json\/wp\/v2\/comments?post=2111"}],"version-history":[{"count":2,"href":"https:\/\/rocketplay-game.com\/de\/wp-json\/wp\/v2\/pages\/2111\/revisions"}],"predecessor-version":[{"id":2118,"href":"https:\/\/rocketplay-game.com\/de\/wp-json\/wp\/v2\/pages\/2111\/revisions\/2118"}],"up":[{"embeddable":true,"href":"https:\/\/rocketplay-game.com\/de\/wp-json\/wp\/v2\/pages\/1954"}],"wp:attachment":[{"href":"https:\/\/rocketplay-game.com\/de\/wp-json\/wp\/v2\/media?parent=2111"}],"curies":[{"name":"wp","href":"https:\/\/api.w.org\/{rel}","templated":true}]}}