{"id":2133,"date":"2022-08-18T16:13:45","date_gmt":"2022-08-18T13:13:45","guid":{"rendered":"https:\/\/rocketplay-game.com\/slots\/indian-dreaming\/"},"modified":"2022-10-29T11:26:08","modified_gmt":"2022-10-29T08:26:08","slug":"indian-dreaming","status":"publish","type":"page","link":"https:\/\/rocketplay-game.com\/de\/slots\/indian-dreaming\/","title":{"rendered":"\u00dcberpr\u00fcfen Sie den Spielautomaten Indian Dreaming"},"content":{"rendered":"<p>Der Spielautomat Indian Dreaming wurde von der Kultur und den Traditionen der amerikanischen Ureinwohner inspiriert. Es ist ein Video-Slot, der von Aristocrat Studio, einem Spiel- und Softwareentwickler aus Australien, ins Leben gerufen wurde.<\/p>\n<p>Das Spiel hat 9 Linien, die Ihnen helfen, zu gewinnen. Der Slot selbst wurde bereits 1999 ver\u00f6ffentlicht und erfreut sich immer noch gro\u00dfer Beliebtheit und Liebe unter den Spielern. Alles dank h\u00e4ufiger und hoher Auszahlungen und der Freispielfunktion, die bis zu 45 Boni geben kann.<\/p>\n<p>Sie k\u00f6nnen sich dem Stamm anschlie\u00dfen und in diesem Abenteuer Seite an Seite mit dem H\u00e4uptling stehen. Streben Sie danach, doppelte Auszahlungen zu gewinnen, wenn ein bestimmtes Symbol in Ihre Kombination auf den Walzen eingebettet ist.<\/p>\n<p>Die Grafik mag Ihnen etwas veraltet erscheinen, aber f\u00fcr Retro-Fans ist dieser Slot genau das, was Sie brauchen. Zus\u00e4tzlich kann Ihnen der Spielautomat einen festen Jackpot von 9.000 M\u00fcnzen bieten. Daher empfehlen wir den Download von Indian Dreaming.<\/p>\n<p style=\"text-align: center;\"><img loading=\"lazy\" decoding=\"async\" class=\"aligncenter wp-image-335 size-full\" src=\"https:\/\/rocketplay-game.com\/wp-content\/uploads\/2022\/08\/indian-dreaming-logo.png\" alt=\"indian dreaming logo\" width=\"730\" height=\"564\" srcset=\"https:\/\/rocketplay-game.com\/wp-content\/uploads\/2022\/08\/indian-dreaming-logo.png 730w, https:\/\/rocketplay-game.com\/wp-content\/uploads\/2022\/08\/indian-dreaming-logo-300x232.png 300w\" sizes=\"auto, (max-width: 730px) 100vw, 730px\" \/><\/p>\n<h2>Indian Dreaming Symbole und Werte<\/h2>\n<p>Beim Spielen des kostenlosen Spielautomaten Indian Dreaming werden Sie auf zwei Kategorien von Symbolen sto\u00dfen. Die erste Kategorie umfasst Symbole wie eine Axt, einen Totempfahl, einen B\u00fcffel und einen H\u00e4uptling. Der Anf\u00fchrer ist das wertvollste Symbol in dieser Kategorie. Die Jackpot-Auszahlung von 9.000 M\u00fcnzen wartet auf Sie, wenn Sie 5 Anf\u00fchrer auf einmal auf der Walze sammeln.<\/p>\n<p>Die n\u00e4chste Kategorie sind Low-Level-Charaktere. Sie werden durch die Pokerwerte A, Q, K und die Zahlen 10 und 9 repr\u00e4sentiert. Das teuerste Symbol dieser Kategorie, das Ass, bringt bis zu 200 M\u00fcnzen, wenn es gelingt, eine F\u00fcnf zu sammeln. Nat\u00fcrlich h\u00e4ngt es davon ab, ob die Gewinnlinie zu diesem Zeitpunkt aktiv war.<\/p>\n<p>Wenn wir \u00fcber das Scatter-Symbol sprechen, ist sein Bild ein Traumf\u00e4nger.<\/p>\n<p>Der Verlust von drei Scatter-Symbolen gibt dem Spieler 10 Freispiele. Vier Symbole bescheren Ihnen bereits 15 Freispiele, und wenn Sie Gl\u00fcck haben und f\u00fcnf Symbole herausfallen, warten 20 Drehungen auf Sie.<\/p>\n<p>Zus\u00e4tzlich erhalten Sie einen weiteren 3-fachen Multiplikator f\u00fcr alle Gewinnm\u00f6glichkeiten, die Sie in einer Reihe von Bonusdrehungen machen, wenn Sie drei Scatter finden. Diese Funktion kann auf einen 15-fachen Multiplikator erh\u00f6ht werden, wenn Sie f\u00fcnf Scatter erhalten.<\/p>\n<h2>Indian Dreaming Slot RTP\/Volatilit\u00e4t<\/h2>\n<p>Der Spielautomat hat eine ziemlich gute Auszahlungsquote. Sie k\u00f6nnen Wettoptionen mit einem niedrigeren Prozentsatz und auch einem h\u00f6heren finden. Indian Dreaming Slot f\u00fcr Android wird Sie mit einem RTP von 94% erfreuen, was Ihnen eine gute Chance gibt, Ihre Wetten zu gewinnen. Dar\u00fcber hinaus gibt es viele Symbole und Freispiele, die Ihnen zus\u00e4tzlich helfen werden, dem lang ersehnten Preis n\u00e4her zu kommen.<\/p>\n<p>Bei all dem ist es erw\u00e4hnenswert, dass die Volatilit\u00e4t in diesem Slot als durchschnittlich angesehen wird, sodass jeder Spieler sein Gl\u00fcck versuchen kann. In Verbindung mit solchen Volatilit\u00e4ts- und RTP-Indikatoren haben Sie alle Chancen und noch mehr, eine gute und angenehme Auszahlung zu erhalten, die Ihnen definitiv nicht nur positive Emotionen beschert, sondern auch Ihre Wetten blockiert.<\/p>\n<p style=\"text-align: center;\"><img loading=\"lazy\" decoding=\"async\" class=\"aligncenter wp-image-338 size-large\" src=\"https:\/\/rocketplay-game.com\/wp-content\/uploads\/2022\/08\/indian-dreaming-1024x576.png\" alt=\"indian dreaming\" width=\"1024\" height=\"576\" srcset=\"https:\/\/rocketplay-game.com\/wp-content\/uploads\/2022\/08\/indian-dreaming-1024x576.png 1024w, https:\/\/rocketplay-game.com\/wp-content\/uploads\/2022\/08\/indian-dreaming-300x169.png 300w, https:\/\/rocketplay-game.com\/wp-content\/uploads\/2022\/08\/indian-dreaming-768x432.png 768w, https:\/\/rocketplay-game.com\/wp-content\/uploads\/2022\/08\/indian-dreaming-1536x864.png 1536w, https:\/\/rocketplay-game.com\/wp-content\/uploads\/2022\/08\/indian-dreaming.png 1920w\" sizes=\"auto, (max-width: 1024px) 100vw, 1024px\" \/><\/p>\n<h2>Spielen Sie Indian Dreaming auf dem Handy<\/h2>\n<p>Mit der wachsenden Popularit\u00e4t von Handyspielen in Online-Casinos ver\u00f6ffentlichen Unternehmen ihre Spiele zunehmend nicht nur f\u00fcr Desktop-Computer, sondern auch f\u00fcr Kunden, die ein Telefon oder Tablet verwenden. Wenn das Spiel in diesem Fall sofort nur auf einem Computer ver\u00f6ffentlicht wurde, arbeiten die Studios daran, das Spiel anzupassen, da ein gro\u00dfer Prozentsatz aller Spieler mobile Spieler sind.<\/p>\n<p>Aristocrat Studio hat dasselbe getan, sodass Sie diesen Spielautomaten Indian Dreaming ganz einfach online \u00fcber die mobile Echtgeldversion der Website spielen k\u00f6nnen. Es passt sich bequem an den Bildschirm Ihres Telefons jeder Gr\u00f6\u00dfe an. Dank dessen k\u00f6nnen Sie jederzeit Zeit in Ihrem Lieblings-Slot verbringen, wenn es f\u00fcr Sie bequem ist.<\/p>\n<h2>Indian Dreaming\u00a0H\u00e4ufig gestellte Fragen<\/h2>\n<h3>Ist es m\u00f6glich, den Slot kostenlos zu spielen?<\/h3>\n<p>Aristocrat Company f\u00fcgt den Demo-Modus in viele seiner Spielautomaten ein, weil sich dank ihm viele Spieler mit allen Funktionen und dem Gameplay vertraut machen k\u00f6nnen, ohne ihr eigenes Geld zu riskieren und nicht weniger angenehme Emotionen zu erleben. Nach dem Demo-Modus k\u00f6nnen Sie jederzeit in den vollwertigen Modus mit echten Eins\u00e4tzen und Gewinnen wechseln.<\/p>\n<h3>Ist dieser Spielautomat progressiv?<\/h3>\n<p>Der Echtgeld-Slot Indian Dreaming hat einen eigenen Jackpot, der in H\u00f6he von 9.000 M\u00fcnzen berechnet wird und dank 5 Symbolen des Anf\u00fchrers auf den Walzen aktiviert wird. Es ist jedoch erw\u00e4hnenswert, dass dies kein progressiver Jackpot ist. Daher kann der Spielautomat nicht als progressiv betrachtet werden. Der Jackpot ist hier festgelegt, und Sie haben viele Chancen, ihn zu bekommen.<\/p>\n<h3>Was ist die Variation der Wetten im Spielautomaten?<\/h3>\n<p>Der Spielautomat hat eine Reihe von Betr\u00e4gen, die Sie setzen k\u00f6nnen, beginnend bei 0,09 M\u00fcnzen und endend mit einem maximalen Einsatz von 90 M\u00fcnzen. Au\u00dferdem gibt es Multiplikatoren im Spiel. Daher k\u00f6nnen Sie trotz der kleinen Eins\u00e4tze gute Auszahlungen erhalten, wenn die Walzen ihre Drehung beenden.<\/p>\n<p><strong>Bewertungen \u00fcber Spielautomaten:<\/strong><\/p>\n<ul>\n<li><a href=\"https:\/\/rocketplay-game.com\/de\/slots\/book-of-ra-deluxe\/\">Book Of Ra Deluxe<\/a><\/li>\n<li><a href=\"https:\/\/rocketplay-game.com\/de\/slots\/king-of-the-nile\/\">King Of The Nile<\/a><\/li>\n<li><a href=\"https:\/\/rocketplay-game.com\/de\/slots\/hit-gold-hold-and-win\/\">Hit Gold! Hold and Win<\/a><\/li>\n<\/ul>\n","protected":false},"excerpt":{"rendered":"<p>Der Spielautomat Indian Dreaming wurde von der Kultur und den Traditionen der amerikanischen Ureinwohner inspiriert. Es ist ein Video-Slot, der von Aristocrat Studio, einem Spiel- und Softwareentwickler aus Australien, ins Leben gerufen wurde. Das Spiel hat 9 Linien, die Ihnen helfen, zu gewinnen. Der Slot selbst wurde bereits 1999 ver\u00f6ffentlicht und erfreut sich immer noch&#8230;<\/p>\n","protected":false},"author":1,"featured_media":0,"parent":1954,"menu_order":0,"comment_status":"closed","ping_status":"closed","template":"page-with-slot.php","meta":{"_acf_changed":false,"_kad_post_transparent":"default","_kad_post_title":"default","_kad_post_layout":"default","_kad_post_sidebar_id":"","_kad_post_content_style":"default","_kad_post_vertical_padding":"default","_kad_post_feature":"","_kad_post_feature_position":"","_kad_post_header":false,"_kad_post_footer":false,"footnotes":""},"class_list":["post-2133","page","type-page","status-publish","hentry"],"acf":[],"rttpg_featured_image_url":null,"rttpg_author":{"display_name":"Tom","author_link":"https:\/\/rocketplay-game.com\/de\/author\/pemvas95n89x\/"},"rttpg_comment":0,"rttpg_category":null,"rttpg_excerpt":"Der Spielautomat Indian Dreaming wurde von der Kultur und den Traditionen der amerikanischen Ureinwohner inspiriert. Es ist ein Video-Slot, der von Aristocrat Studio, einem Spiel- und Softwareentwickler aus Australien, ins Leben gerufen wurde. Das Spiel hat 9 Linien, die Ihnen helfen, zu gewinnen. Der Slot selbst wurde bereits 1999 ver\u00f6ffentlicht und erfreut sich immer noch...","_links":{"self":[{"href":"https:\/\/rocketplay-game.com\/de\/wp-json\/wp\/v2\/pages\/2133","targetHints":{"allow":["GET"]}}],"collection":[{"href":"https:\/\/rocketplay-game.com\/de\/wp-json\/wp\/v2\/pages"}],"about":[{"href":"https:\/\/rocketplay-game.com\/de\/wp-json\/wp\/v2\/types\/page"}],"author":[{"embeddable":true,"href":"https:\/\/rocketplay-game.com\/de\/wp-json\/wp\/v2\/users\/1"}],"replies":[{"embeddable":true,"href":"https:\/\/rocketplay-game.com\/de\/wp-json\/wp\/v2\/comments?post=2133"}],"version-history":[{"count":2,"href":"https:\/\/rocketplay-game.com\/de\/wp-json\/wp\/v2\/pages\/2133\/revisions"}],"predecessor-version":[{"id":2135,"href":"https:\/\/rocketplay-game.com\/de\/wp-json\/wp\/v2\/pages\/2133\/revisions\/2135"}],"up":[{"embeddable":true,"href":"https:\/\/rocketplay-game.com\/de\/wp-json\/wp\/v2\/pages\/1954"}],"wp:attachment":[{"href":"https:\/\/rocketplay-game.com\/de\/wp-json\/wp\/v2\/media?parent=2133"}],"curies":[{"name":"wp","href":"https:\/\/api.w.org\/{rel}","templated":true}]}}