{"id":2148,"date":"2022-08-18T17:46:19","date_gmt":"2022-08-18T14:46:19","guid":{"rendered":"https:\/\/rocketplay-game.com\/slots\/king-of-the-nile\/"},"modified":"2025-11-25T20:46:49","modified_gmt":"2025-11-25T17:46:49","slug":"king-of-the-nile","status":"publish","type":"page","link":"https:\/\/rocketplay-game.com\/de\/slots\/king-of-the-nile\/","title":{"rendered":"\u00dcberpr\u00fcfen Sie den Spielautomaten King of the Nile"},"content":{"rendered":"<p>King of the Nile Spielautomaten gibt es seit 1997 und es ist bis heute ein Favorit vieler Spieler. Zum ersten Mal wurde der Slot f\u00fcr Spieler gew\u00f6hnlicher Casinos in Australien verf\u00fcgbar. Bald erschien der Spielautomat in der Online-Version und wurde an Casinos auf der ganzen Welt vertrieben.<\/p>\n<p>Wenn Sie sich heute die King of the Nile-App ansehen, werden die Grafiken und Animationen offen gesagt veraltet sein. Trotzdem bleibt der Slot ein hervorragender Klassiker f\u00fcr Casino -Spieler, die es nicht wirklich vorziehen, moderne Spiele zu spielen, die mit Grafiken und 3D -Effekten \u00fcberf\u00fcllt sind. Das Gameplay in diesem Slot wird einfach und entspannt sein.<\/p>\n<p>Wie bei vielen Slots dieser Zeit besteht das Spielfeld aus 5 mal 3 Walzen. Der Hintergrund in Braunt\u00f6nen erg\u00e4nzt die W\u00fcstenatmosph\u00e4re, da dies das Hauptthema des Spielautomaten ist.<\/p>\n<p style=\"text-align: center;\"><img loading=\"lazy\" decoding=\"async\" class=\"aligncenter wp-image-365 size-full\" src=\"https:\/\/rocketplay-game.com\/wp-content\/uploads\/2022\/08\/king-of-the-nile-logo.jpeg\" alt=\"king of the nile logo\" width=\"625\" height=\"416\" srcset=\"https:\/\/rocketplay-game.com\/wp-content\/uploads\/2022\/08\/king-of-the-nile-logo.jpeg 625w, https:\/\/rocketplay-game.com\/wp-content\/uploads\/2022\/08\/king-of-the-nile-logo-300x200.jpeg 300w\" sizes=\"auto, (max-width: 625px) 100vw, 625px\" \/><\/p>\n<h2>King of The Nile Symbole und Werte<\/h2>\n<p>King of the Nile Slot hat 8 zus\u00e4tzliche Bonusfunktionen, die auch Joker und Freispiele beinhalten. Dieser Spielautomat hat ein Scatter-Symbol, das die Bonusrunde ausl\u00f6st. Und obwohl das Spiel nur die \u00fcbliche Reihe von Freispielen hat, wird das Spiel viele Spieler anziehen und interessieren k\u00f6nnen, die das Gl\u00fccksspiel wirklich lieben.<\/p>\n<p>Alle acht Funktionen des Demo-Slots King of the Nile sind w\u00e4hrend des Spiels eng miteinander verbunden. Nat\u00fcrlich gibt es ein Wild-Symbol, und es fungiert als Ikone eines Pharaos; durch seine Aktion ersetzt es alle \u00fcbrigen Symbole, aber nur bis auf die Pyramide, da es als Scatter-Symbol fungiert.<\/p>\n<p>F\u00fcr den Fall, dass der Benutzer mindestens 3 Scatter findet, wird automatisch eine Runde Freispiele ausgel\u00f6st. Je nachdem, wie viele Scatter Sie in einer Kombination gesammelt haben, unterscheidet sich auch die Anzahl der erhaltenen Spins. Mit 3 Scattern haben Sie eine Reihe von 15 Spins, 4 Symbole k\u00f6nnen bereits 20 Spins starten und dementsprechend 25 Spins f\u00fcr eine vollst\u00e4ndige Kombination von 5 gleichzeitig gesammelten Scattern auf den Walzen.<\/p>\n<h2>King of The Nile Slot RTP\/Volatilit\u00e4t<\/h2>\n<p>Wenn Sie eine Frage stellen, die den RTP-Indikator betrifft, warten Sie auf verschwommene Indikatoren f\u00fcr Informationen im Internet. Tats\u00e4chlich liegt dies daran, dass der Prozentsatz der R\u00fcckzahlung an den Spieler st\u00e4ndig variiert, von Nummer zu Nummer variiert und davon abh\u00e4ngt, welche Zahlungen die Spieler bei King of the Nile online free erhalten.<\/p>\n<p>Dieser Faktor kann viele moderne Spieler abschrecken, die an Besonderheiten gew\u00f6hnt sind, und sie wissen mit Sicherheit, ob sie mit angenehmen Auszahlungen oder beispielsweise Jackpots rechnen k\u00f6nnen, wenn sie sich nur den Prozentsatz des RTP ansehen.<\/p>\n<p>Trotzdem bleiben Spieler, die mit dem Slot vertraut sind und Erfahrung damit haben, oder diejenigen, die kein Risiko scheuen und regelm\u00e4\u00dfig neue Spielautomaten sowie Klassiker kennenlernen, nach dem Spiel zufrieden und f\u00fcllen ihre Bankroll auf.<\/p>\n<h2>King of the Nile auf Mobilger\u00e4ten spielen<\/h2>\n<p>Da der Slot schon recht alt war, war es fr\u00fcher nicht m\u00f6glich, auf mobilen Ger\u00e4ten zu spielen, und es bestand auch kein gro\u00dfer Bedarf daf\u00fcr. Jetzt m\u00f6chten viele Spieler kostenlos von einem Telefon oder Tablet aus spielen, sodass Sie leicht ein Online-Casino finden k\u00f6nnen, in dem dieser Slot in einer angepassten Version f\u00fcr mobile Ger\u00e4te verf\u00fcgbar sein wird. Es lohnt sich zu bedenken, dass Sie, um spielen zu k\u00f6nnen, den King of the Nile Spielautomaten nicht herunterladen und zus\u00e4tzliche Software installieren m\u00fcssen. \u00d6ffnen Sie einfach den Browser und klicken Sie auf die Schaltfl\u00e4che \u201ePlay\u201c.<\/p>\n<h2>H\u00e4ufig gestellte Fragen King of the Nile<\/h2>\n<h3>Wie kann man den Slot King of The Nile kostenlos spielen?<\/h3>\n<p>Es gibt eine Demoversion des Spielautomaten, mit der Sie sich mit den Funktionen und dem Ablauf des Spiels vertraut machen k\u00f6nnen. Sie m\u00fcssen Ihr eigenes echtes Geld nicht verlieren und riskieren. Gleichzeitig erhalten Sie ein vollwertiges Erlebnis, Golden Ring, und alles, was der Slot zu bieten hat. Die Auszahlungen erfolgen jedoch nur virtuell, und Sie m\u00fcssen immer noch echte Wetten abschlie\u00dfen, um echten Gewinn zu erzielen.<\/p>\n<h3>Was sind die Eins\u00e4tze im King of The Nile-Spiel?<\/h3>\n<p>Dieser Slot erfordert keine gro\u00dfen Eins\u00e4tze in King of the Nile Australia, und Sie k\u00f6nnen mit nur 0,02 Cent pro Linie beginnen, die Walzen zu drehen, und der maximal zul\u00e4ssige Wert ist ein Einsatz von 120 Credits. Dies ist eine gute Auswahl an Wetten, da sowohl kleine Spieler als auch erfahrene Spieler mit einer gro\u00dfen Bankroll spielen k\u00f6nnen.<\/p>\n<h3>Wie spiele ich den Spielautomaten Mega Moolah Australia?<\/h3>\n<p>Der Spielautomat hat keine komplizierte Mechanik. Um das Spiel zu starten, m\u00fcssen Sie sich nur entscheiden, um welche Betr\u00e4ge Sie spielen m\u00f6chten. W\u00e4hlen Sie zun\u00e4chst, wie viele Gewinnlinien beteiligt sind; Es k\u00f6nnen maximal 20 Linien in einem Spiel gespielt werden. Als n\u00e4chstes sollten Sie sich entscheiden und eine Wette platzieren, die in Ihrem Spin ausgef\u00fchrt wird. Um die Walzen zu starten, dr\u00fccken Sie am Ende die Spin-Taste.<\/p>\n<p><strong>Bewertungen \u00fcber Spielautomaten:<\/strong><\/p>\n<ul>\n<li><a href=\"https:\/\/rocketplay-game.com\/de\/slots\/mega-moolah\/\">Mega Moolah<\/a><\/li>\n<li><a href=\"https:\/\/rocketplay-game.com\/de\/slots\/money-train-2\/\">Money Train 2<\/a><\/li>\n<\/ul>\n","protected":false},"excerpt":{"rendered":"<p>King of the Nile Spielautomaten gibt es seit 1997 und es ist bis heute ein Favorit vieler Spieler. Zum ersten Mal wurde der Slot f\u00fcr Spieler gew\u00f6hnlicher Casinos in Australien verf\u00fcgbar. Bald erschien der Spielautomat in der Online-Version und wurde an Casinos auf der ganzen Welt vertrieben. Wenn Sie sich heute die King of the&#8230;<\/p>\n","protected":false},"author":1,"featured_media":0,"parent":1954,"menu_order":0,"comment_status":"closed","ping_status":"closed","template":"page-with-slot.php","meta":{"_acf_changed":false,"_kad_post_transparent":"default","_kad_post_title":"default","_kad_post_layout":"default","_kad_post_sidebar_id":"","_kad_post_content_style":"default","_kad_post_vertical_padding":"default","_kad_post_feature":"","_kad_post_feature_position":"","_kad_post_header":false,"_kad_post_footer":false,"footnotes":""},"class_list":["post-2148","page","type-page","status-publish","hentry"],"acf":[],"rttpg_featured_image_url":null,"rttpg_author":{"display_name":"Tom","author_link":"https:\/\/rocketplay-game.com\/de\/author\/pemvas95n89x\/"},"rttpg_comment":0,"rttpg_category":null,"rttpg_excerpt":"King of the Nile Spielautomaten gibt es seit 1997 und es ist bis heute ein Favorit vieler Spieler. Zum ersten Mal wurde der Slot f\u00fcr Spieler gew\u00f6hnlicher Casinos in Australien verf\u00fcgbar. Bald erschien der Spielautomat in der Online-Version und wurde an Casinos auf der ganzen Welt vertrieben. Wenn Sie sich heute die King of the...","_links":{"self":[{"href":"https:\/\/rocketplay-game.com\/de\/wp-json\/wp\/v2\/pages\/2148","targetHints":{"allow":["GET"]}}],"collection":[{"href":"https:\/\/rocketplay-game.com\/de\/wp-json\/wp\/v2\/pages"}],"about":[{"href":"https:\/\/rocketplay-game.com\/de\/wp-json\/wp\/v2\/types\/page"}],"author":[{"embeddable":true,"href":"https:\/\/rocketplay-game.com\/de\/wp-json\/wp\/v2\/users\/1"}],"replies":[{"embeddable":true,"href":"https:\/\/rocketplay-game.com\/de\/wp-json\/wp\/v2\/comments?post=2148"}],"version-history":[{"count":2,"href":"https:\/\/rocketplay-game.com\/de\/wp-json\/wp\/v2\/pages\/2148\/revisions"}],"predecessor-version":[{"id":2152,"href":"https:\/\/rocketplay-game.com\/de\/wp-json\/wp\/v2\/pages\/2148\/revisions\/2152"}],"up":[{"embeddable":true,"href":"https:\/\/rocketplay-game.com\/de\/wp-json\/wp\/v2\/pages\/1954"}],"wp:attachment":[{"href":"https:\/\/rocketplay-game.com\/de\/wp-json\/wp\/v2\/media?parent=2148"}],"curies":[{"name":"wp","href":"https:\/\/api.w.org\/{rel}","templated":true}]}}