{"id":2163,"date":"2022-08-18T17:30:43","date_gmt":"2022-08-18T14:30:43","guid":{"rendered":"https:\/\/rocketplay-game.com\/slots\/mega-moolah\/"},"modified":"2025-11-25T23:13:50","modified_gmt":"2025-11-25T20:13:50","slug":"mega-moolah","status":"publish","type":"page","link":"https:\/\/rocketplay-game.com\/de\/slots\/mega-moolah\/","title":{"rendered":"\u00dcberpr\u00fcfen Sie den Mega Moolah-Slot"},"content":{"rendered":"<p><img loading=\"lazy\" decoding=\"async\" class=\"size-medium wp-image-356 alignright\" src=\"https:\/\/rocketplay-game.com\/wp-content\/uploads\/2022\/08\/mega-moolah-logo-300x167.png\" alt=\"Mega Moolah logo\" width=\"300\" height=\"167\" srcset=\"https:\/\/rocketplay-game.com\/wp-content\/uploads\/2022\/08\/mega-moolah-logo-300x167.png 300w, https:\/\/rocketplay-game.com\/wp-content\/uploads\/2022\/08\/mega-moolah-logo-1024x569.png 1024w, https:\/\/rocketplay-game.com\/wp-content\/uploads\/2022\/08\/mega-moolah-logo-768x426.png 768w, https:\/\/rocketplay-game.com\/wp-content\/uploads\/2022\/08\/mega-moolah-logo.png 1140w\" sizes=\"auto, (max-width: 300px) 100vw, 300px\" \/><\/p>\n<p>Jeder Spieler, der sich zumindest ein wenig mit Online-Casinos auskennt oder aktiv spielt, hat definitiv schon einmal von dem unglaublich beliebten Slot Mega Moolah Australia geh\u00f6rt. Dieser Spielautomat wurde von Microgaming entwickelt und brachte den Entwicklern sicherlich gro\u00dfen Erfolg. Der Slot beinhaltet vier verschiedene Mega-Jackpots, die ebenfalls progressiv sind. Und dieser Slot nimmt eine f\u00fchrende Position in der Liste der meistbezahlten Slots ein. Die Betr\u00e4ge, die Spieler hier gewinnen k\u00f6nnten, liegen einfach au\u00dferhalb des Bereichs des M\u00f6glichen.<\/p>\n<p>Der Spielautomat unterscheidet sich nicht in modernen und hellen Grafiken, vergessen Sie nicht, dass er vor langer Zeit im Jahr 2006 erstellt wurde.<\/p>\n<p>Das Thema und Design des Mega Moolah-Mobils entf\u00fchren Sie in die afrikanischen Ebenen, eine Wildtiersafari. Der Slot ist auch der \u00e4lteste bei Microgaming, aber bisher hat er nicht an Popularit\u00e4t verloren und riesige Gewinne gebracht.<\/p>\n<p>Der Spielraum, den Ihnen der Mega Moolah-Slot bietet, ist ganz normal f\u00fcr einen Slot, der in Form eines Videos erstellt wurde. Sie werden von einem Gitter mit 5 rotierenden Walzen und 3 Reihen nebeneinander begr\u00fc\u00dft. Zus\u00e4tzlich sind 25 einstellbare Gewinnlinien an den Walzen angebracht, mit denen Sie individuell und bequem selbst einstellen k\u00f6nnen, wie viele Linien Sie f\u00fcr einen perfekten Spin aktivieren m\u00f6chten.<\/p>\n<h2>Mega Moolah Symbole und Werte<\/h2>\n<p>Bunte Symbole, Werte von A bis 10 und teurere Wildtiere begegnen Ihnen regelm\u00e4\u00dfig auf den Walzen. Unter ihnen sind B\u00fcffel, Giraffen, Zebras und andere. Das profitabelste Symbol ist der Elefant. Je mehr Elefanten Ihre Kombination auf den Walzen hervorbringt, desto gr\u00f6\u00dfer erwartet Sie die Auszahlung. F\u00fcr 5 Symbole gleichzeitig k\u00f6nnen Sie das 30-fache Ihres Einsatzes erhalten.<\/p>\n<p>Der L\u00f6we ist ein Wild-Symbol. Bei all dem wird 0,6, 5 oder 60 oder alles 600 Mal mehr als Ihr Einsatz ausgezahlt. Und nat\u00fcrlich h\u00e4ngt der Multiplikator von der Kombination ab. Au\u00dferdem ersetzt das Wild-Symbol alle Standardsymbole. Ein wilder L\u00f6we gepaart mit einer Gewinnkombination und einem Standardsymbol erh\u00f6ht Ihre Gewinne um das Zweifache und das Doppelte. Zus\u00e4tzlich bietet das Mega Moolah Online Casino den Spielern 2 Bonusfunktionen.<\/p>\n<p>Sie haben einen Bonus, Mega Moolah 80 Freispiele, bei dem ein 3-facher Multiplikator auf alle Ihre Gewinne angewendet wird. Besonderes Augenmerk wird auf das Jackpot-Bonusspiel gelegt, das absolut zuf\u00e4llig gestartet wird. Darin k\u00f6nnen Sie das Gl\u00fccksrad drehen, und dies wird Ihnen helfen, 1 von 4 progressiven Jackpots zu gewinnen.<\/p>\n<h2>Mega Moolah Slot RTP\/Volatilit\u00e4t<\/h2>\n<p>Dieser Slot hat mehr als genug Gewinnchancen. Und das liegt nicht nur an den vielen Boni, zus\u00e4tzlichen Freispielcodes, Multiplikatoren und dem Gl\u00fccksrad. Ein Indikator f\u00fcr niedrige Volatilit\u00e4t hilft Ihnen beim Gewinnen. Die Varianz des Mega Moolah-Slots betr\u00e4gt 46,36 %, was es fast der H\u00e4lfte der Spieler erm\u00f6glicht, h\u00e4ufige Auszahlungen problemlos zu erhalten.<\/p>\n<p>Wenn wir \u00fcber den Prozentsatz der R\u00fcckzahlung an den Spieler sprechen, erreicht der Indikator 93%, und dies ist ein ausgezeichneter Indikator f\u00fcr einen progressiven Slot, besonders wenn die Spieldemo bis zu 4 Jackpots darin trifft! Die Auszahlung kann Ihren Einsatz um das 1955-fache \u00fcbersteigen.<\/p>\n<p style=\"text-align: center;\"><img loading=\"lazy\" decoding=\"async\" class=\"aligncenter wp-image-357 size-full\" src=\"https:\/\/rocketplay-game.com\/wp-content\/uploads\/2022\/08\/mega-moolah-slot.jpeg\" alt=\"Mega Moolah slot\" width=\"900\" height=\"500\" srcset=\"https:\/\/rocketplay-game.com\/wp-content\/uploads\/2022\/08\/mega-moolah-slot.jpeg 900w, https:\/\/rocketplay-game.com\/wp-content\/uploads\/2022\/08\/mega-moolah-slot-300x167.jpeg 300w, https:\/\/rocketplay-game.com\/wp-content\/uploads\/2022\/08\/mega-moolah-slot-768x427.jpeg 768w\" sizes=\"auto, (max-width: 900px) 100vw, 900px\" \/><\/p>\n<h2>Spielen Sie Mega Moolah auf dem Handy<\/h2>\n<p>Es w\u00e4re \u00fcberraschend, wenn ein Slot mit so gro\u00dfer Beliebtheit nicht auf mobilen Ger\u00e4ten verf\u00fcgbar w\u00e4re. Microgaming folgt den neusten Technologien und geht mit der Zeit. Dank dessen k\u00f6nnen Sie Mega Moolah ganz einfach um echtes Geld spielen und die Benutzeroberfl\u00e4che bequem nutzen; Au\u00dferdem ist der Spielraum nicht so gro\u00df und es ist bequem, durch ihn zu navigieren. Und die Grafiken werden nicht geladen und sind nicht mit unn\u00f6tigen Elementen \u00fcberf\u00fcllt, sodass der Slot schnell funktioniert und die Spieler keine Bedenken bemerken.<\/p>\n<h2>H\u00e4ufig gestellte Fragen zu Mega Moolah<\/h2>\n<h3>Gibt es einen Mega Moolah Slot ohne progressiven Jackpot?<\/h3>\n<p>Es gibt eine solche Variante des Spielautomaten, aber sie ist nicht so beliebt, weil Sie nicht in der Lage sein werden, so gro\u00dfe Auszahlungen zu erhalten. Und der RTP-Indikator von Mega Moolah wurde auf 88 % gesenkt. Was auch Spieler nicht wirklich anzieht, die an moderne Slots mit Indikatoren \u00fcber 90% gew\u00f6hnt sind.<\/p>\n<h3>Was ist der maximale Jackpot, der beim Mega Moolah-Spielautomaten gewonnen wurde?<\/h3>\n<p>Im Slot Mega Moolah Australia wurde der gesamte maximale Jackpot aufgezeichnet, der 2013 von 4 Spielern geteilt wurde. Die H\u00f6he dieses Jackpots betrug mehr als 13 Millionen US-Dollar. Wenn wir den Statistikbonus um die Welt nehmen, werden die Betr\u00e4ge um ein Vielfaches h\u00f6her sein.<\/p>\n<h3>Gibt es einen Autoplay-Modus im Mega Moolah-Slot?<\/h3>\n<p>Genau! Der Slot hat eine Funktion, die ein automatisches Spiel startet. Sie k\u00f6nnen unabh\u00e4ngig konfigurieren, wie oft das Spiel gestartet wird und auch mit welchen Raten. In den Einstellungen f\u00fcr die Anzahl der Spiele sind mindestens 10 Spiele und maximal 100 verf\u00fcgbar.<\/p>\n<p><strong>Bewertungen \u00fcber Spielautomaten:<\/strong><\/p>\n<ul>\n<li><a href=\"https:\/\/rocketplay-game.com\/de\/slots\/5-dragons\/\">5 Dragons<\/a><\/li>\n<li><a href=\"https:\/\/rocketplay-game.com\/de\/slots\/indian-dreaming\/\">Indian Dreaming<\/a><\/li>\n<li><a href=\"https:\/\/rocketplay-game.com\/de\/slots\/sun-of-fortune\/\">Sun of the Fortune<\/a><\/li>\n<\/ul>\n","protected":false},"excerpt":{"rendered":"<p>Jeder Spieler, der sich zumindest ein wenig mit Online-Casinos auskennt oder aktiv spielt, hat definitiv schon einmal von dem unglaublich beliebten Slot Mega Moolah Australia geh\u00f6rt. Dieser Spielautomat wurde von Microgaming entwickelt und brachte den Entwicklern sicherlich gro\u00dfen Erfolg. Der Slot beinhaltet vier verschiedene Mega-Jackpots, die ebenfalls progressiv sind. Und dieser Slot nimmt eine f\u00fchrende&#8230;<\/p>\n","protected":false},"author":1,"featured_media":0,"parent":1954,"menu_order":0,"comment_status":"closed","ping_status":"closed","template":"page-with-slot.php","meta":{"_acf_changed":false,"_kad_post_transparent":"default","_kad_post_title":"default","_kad_post_layout":"default","_kad_post_sidebar_id":"","_kad_post_content_style":"default","_kad_post_vertical_padding":"default","_kad_post_feature":"","_kad_post_feature_position":"","_kad_post_header":false,"_kad_post_footer":false,"footnotes":""},"class_list":["post-2163","page","type-page","status-publish","hentry"],"acf":[],"rttpg_featured_image_url":null,"rttpg_author":{"display_name":"Tom","author_link":"https:\/\/rocketplay-game.com\/de\/author\/pemvas95n89x\/"},"rttpg_comment":0,"rttpg_category":null,"rttpg_excerpt":"Jeder Spieler, der sich zumindest ein wenig mit Online-Casinos auskennt oder aktiv spielt, hat definitiv schon einmal von dem unglaublich beliebten Slot Mega Moolah Australia geh\u00f6rt. Dieser Spielautomat wurde von Microgaming entwickelt und brachte den Entwicklern sicherlich gro\u00dfen Erfolg. Der Slot beinhaltet vier verschiedene Mega-Jackpots, die ebenfalls progressiv sind. Und dieser Slot nimmt eine f\u00fchrende...","_links":{"self":[{"href":"https:\/\/rocketplay-game.com\/de\/wp-json\/wp\/v2\/pages\/2163","targetHints":{"allow":["GET"]}}],"collection":[{"href":"https:\/\/rocketplay-game.com\/de\/wp-json\/wp\/v2\/pages"}],"about":[{"href":"https:\/\/rocketplay-game.com\/de\/wp-json\/wp\/v2\/types\/page"}],"author":[{"embeddable":true,"href":"https:\/\/rocketplay-game.com\/de\/wp-json\/wp\/v2\/users\/1"}],"replies":[{"embeddable":true,"href":"https:\/\/rocketplay-game.com\/de\/wp-json\/wp\/v2\/comments?post=2163"}],"version-history":[{"count":2,"href":"https:\/\/rocketplay-game.com\/de\/wp-json\/wp\/v2\/pages\/2163\/revisions"}],"predecessor-version":[{"id":2166,"href":"https:\/\/rocketplay-game.com\/de\/wp-json\/wp\/v2\/pages\/2163\/revisions\/2166"}],"up":[{"embeddable":true,"href":"https:\/\/rocketplay-game.com\/de\/wp-json\/wp\/v2\/pages\/1954"}],"wp:attachment":[{"href":"https:\/\/rocketplay-game.com\/de\/wp-json\/wp\/v2\/media?parent=2163"}],"curies":[{"name":"wp","href":"https:\/\/api.w.org\/{rel}","templated":true}]}}