{"id":2178,"date":"2022-08-18T17:35:57","date_gmt":"2022-08-18T14:35:57","guid":{"rendered":"https:\/\/rocketplay-game.com\/slots\/money-train-2\/"},"modified":"2026-02-27T23:34:09","modified_gmt":"2026-02-27T20:34:09","slug":"money-train-2","status":"publish","type":"page","link":"https:\/\/rocketplay-game.com\/de\/slots\/money-train-2\/","title":{"rendered":"Rezension zu Money Train 2 Slot"},"content":{"rendered":"<p>Der einzigartige Slot Money Train 2 Australia wurde bereits 2020 der \u00d6ffentlichkeit vorgestellt. Der Slot erwies sich als sehr beliebt bei den Spielern, was das Studio Relax Gaming zu einem gro\u00dfen Erfolg f\u00fchrte.<\/p>\n<p>In der zweiten Version des beliebten Slots hat die Entwicklungsfirma einige Korrekturmomente vorgenommen, die der Maschine noch mehr Zustimmung bei den Spielern verschafften. Und vor allem sind die erfolgreichsten Merkmale in der zweiten Serie des Slot noch vorhanden.<\/p>\n<p>Sobald Sie den Schlitz \u00f6ffnen, werden Sie von der Atmosph\u00e4re des Westens, futuristisch, mit Steampunk -Elementen ges\u00e4ttigt. Der Zug ist mit vielen relevanten Elementen wie Zahnr\u00e4dern und Rohren gef\u00fcllt. Und die Musik und Kl\u00e4nge, die Sie umgeben, verleihen noch mehr Sinn f\u00fcr Pr\u00e4senz.<\/p>\n<p>Die Spielzone besteht aus 5 Rollen und bietet Ihnen gleichzeitig bis zu 40 Gehaltslinien, mit denen Sie die Gewinnchancen erh\u00f6hen k\u00f6nnen.<\/p>\n<p>Tauchen Sie auf eine lange Reise durch eine hei\u00dfe, verlassene Stadt in Ihrem farbenfrohen Steampunk -Zug! Erfahren Sie mehr \u00fcber Money Train 2 Free Play f\u00fcr echtes Geld unten.<\/p>\n<p style=\"text-align: center;\"><img loading=\"lazy\" decoding=\"async\" class=\"wp-image-361 size-full aligncenter\" src=\"https:\/\/rocketplay-game.com\/wp-content\/uploads\/2022\/08\/money-train-2-logo.jpeg\" alt=\"Money Train 2 logo\" width=\"800\" height=\"600\" srcset=\"https:\/\/rocketplay-game.com\/wp-content\/uploads\/2022\/08\/money-train-2-logo.jpeg 800w, https:\/\/rocketplay-game.com\/wp-content\/uploads\/2022\/08\/money-train-2-logo-300x225.jpeg 300w, https:\/\/rocketplay-game.com\/wp-content\/uploads\/2022\/08\/money-train-2-logo-768x576.jpeg 768w, https:\/\/rocketplay-game.com\/wp-content\/uploads\/2022\/08\/money-train-2-logo-600x450.jpeg 600w\" sizes=\"auto, (max-width: 800px) 100vw, 800px\" \/><\/p>\n<h2>Symbole des Ger\u00e4ts und deren Wert f\u00fcr den Spieler<\/h2>\n<p>Es gibt mehrere Symbole in der Money Train 2-Demo, die Ihre Gewinneins\u00e4tze erh\u00f6hen, Ihnen helfen k\u00f6nnen, Kombinationen zu bilden, und Ihnen mehr Gewinnchancen geben. Das Wild-Symbol ist das profitabelste und begehrteste, es hat die meisten Multiplikatoren und dank ihm k\u00f6nnen Sie mit dem gr\u00f6\u00dften Preis rechnen.<\/p>\n<p>Nach dem Wild-Symbol gibt es Symbole wie Nekromant, Sammler, Scharfsch\u00fctze und Zahler. Als n\u00e4chstes folgen die Symbole der Schaufel, des Herzens und des Diamanten.<\/p>\n<p>Durch das Sammeln der richtigen Symbolkombinationen k\u00f6nnen Sie eine Reihe von Freispielen, Freispielen oder eine Erh\u00f6hung des Spielfelds von 5 auf 7 Walzen erhalten.<\/p>\n<p>Je mehr Symbole Sie sammeln, desto lukrativere Bonusangebote warten am Ende auf Sie.<\/p>\n<p>Der Spielautomat hat auch eine Bonusrunde Money Cart, die ihre eigenen exklusiven Funktionen hat; Beginnend mit Payer f\u00fcgt er jedem klebrigen Symbol auf der Walze Bedeutung und Wert hinzu. Der Sammler hat das Recht, die Kosten f\u00fcr Charaktere festzulegen, die f\u00fcr ihn sichtbar sind. Gleichzeitig sammelt der Sammler die Multiplikatoren und gibt ihren Gesamtwert an andere Symbole weiter.<\/p>\n<p>Das Scharfsch\u00fctzensymbol verdoppelt die Werte und reicht von drei bis acht zuf\u00e4lligen Symbolen in Money Train 2 kostenlos.<\/p>\n<p>Vergessen Sie nicht den Nekromanten, der 2-7 bereits verwendete Symbole zur\u00fcckgibt, um Ihren beiden folgenden Drehungen zus\u00e4tzliche Multiplikatoren hinzuzuf\u00fcgen.<\/p>\n<h2>Money Train 2 Slot RTP\/Volatilit\u00e4t<\/h2>\n<p>Eine sp\u00fcrbare Verbesserung in der zweiten Version des Slots wirkte sich auf den RTP-Indikator aus. Jetzt betr\u00e4gt der Prozentsatz der R\u00fcckzahlung an den Spieler 96,4 %, und wenn Sie die Bonuskauffunktion aktivieren, springt RTP auf einen Rekordwert von 98 %.<\/p>\n<p>Die Volatilit\u00e4t ist jedoch extrem hoch. Seien Sie daher vorsichtig, denn im Bonusspiel k\u00f6nnen Sie absolut alles erwarten. Das Spiel wird intensiv und energisch sein, und jeder Spieler wird genau die Emotionen erleben k\u00f6nnen, die er w\u00e4hrend des Spiels anstrebt.<\/p>\n<h2><img loading=\"lazy\" decoding=\"async\" class=\"aligncenter wp-image-362 size-full\" style=\"text-align: center; font-family: var(--global-body-font-family); font-size: 16px; font-weight: normal;\" src=\"https:\/\/rocketplay-game.com\/wp-content\/uploads\/2022\/08\/money-train-2-slot.jpeg\" alt=\"Money Train 2 slot\" width=\"838\" height=\"471\" srcset=\"https:\/\/rocketplay-game.com\/wp-content\/uploads\/2022\/08\/money-train-2-slot.jpeg 838w, https:\/\/rocketplay-game.com\/wp-content\/uploads\/2022\/08\/money-train-2-slot-300x169.jpeg 300w, https:\/\/rocketplay-game.com\/wp-content\/uploads\/2022\/08\/money-train-2-slot-768x432.jpeg 768w\" sizes=\"auto, (max-width: 838px) 100vw, 838px\" \/><\/h2>\n<h2>Spielen Sie Money Train 2 auf dem Handy<\/h2>\n<p>In der modernen Welt f\u00fcgen viele Unternehmen und Online-Casinos Anpassungen f\u00fcr mobile Ger\u00e4te zu ihren Spielautomaten hinzu. Das Entwicklerstudio Relax Gaming bietet zusammen mit seinem beliebten Money Train 2-Slot vielen Spielern diese M\u00f6glichkeit. Denn je mehr Plattformen den Slot f\u00fcr das Spiel unterst\u00fctzen, desto mehr Spieler k\u00f6nnen das Gameplay und viele Boni genie\u00dfen, die w\u00e4hrend des Spiels auftreten.<\/p>\n<p>F\u00fcr ein komfortables Spiel m\u00fcssen Sie nichts herunterladen, starten Sie einfach die Maschine im Browser und genie\u00dfen Sie.<\/p>\n<h2>H\u00e4ufig gestellte Fragen zu Money Train 2<\/h2>\n<h3>Wie funktioniert die Respin-Funktion in Money Train 2?<\/h3>\n<p>Wenn Sie es schaffen, regul\u00e4re Symbole auf einer der Walzen des Spielautomaten zu fangen, k\u00f6nnen Sie diese Funktion aktivieren. In diesem Fall wird der Multiplikator auf dem Bildschirm angezeigt. Solche Indikatoren werden hinzugef\u00fcgt und helfen dem Spieler, Re-Spins zu sammeln. Der gesamte Prozentsatz ist w\u00fctend, bis Sie Ihre Gewinne mitnehmen. Wenn die Antwort keinen Gewinn bringt, hilft dies, den Multiplikator um eine Einheit zu erh\u00f6hen.<\/p>\n<h3>Kann ich Money Train 2 kostenlos spielen?<\/h3>\n<p>Sie k\u00f6nnen den Money Train 2-Modus spielen, ohne Ihr eigenes Geld zu riskieren. Dies ist eine gro\u00dfartige L\u00f6sung f\u00fcr diejenigen Spieler, die zun\u00e4chst \u00fcberpr\u00fcfen m\u00f6chten, ob ihnen der Slot gef\u00e4llt. Lernen Sie die Walzen besser kennen und erleben Sie das gesamte Gameplay auf eigene Faust.<\/p>\n<h3>Was ist das profitabelste Symbol im Slot?<\/h3>\n<p>Das bestbezahlte Symbol, das Sie im Spiel treffen werden, ist das Wild-Symbol. Wenn Sie den maximalen Einsatz t\u00e4tigen und alle 5 Symbole auf den Walzen sammeln, betr\u00e4gt der Multiplikator in diesem Fall das 20.000-fache des Rekords. Die gleichen Multiplikatoren finden sich beim Nekromanten-Symbol.<\/p>\n<p><strong>Bewertungen \u00fcber Spielautomaten:<\/strong><\/p>\n<ul>\n<li><a href=\"https:\/\/rocketplay-game.com\/de\/slots\/more-chilli\/\">More Chilli<\/a><\/li>\n<li><a href=\"https:\/\/rocketplay-game.com\/de\/slots\/queen-of-the-nile\/\">Queen Of The Nile<\/a><\/li>\n<\/ul>\n","protected":false},"excerpt":{"rendered":"<p>Der einzigartige Slot Money Train 2 Australia wurde bereits 2020 der \u00d6ffentlichkeit vorgestellt. Der Slot erwies sich als sehr beliebt bei den Spielern, was das Studio Relax Gaming zu einem gro\u00dfen Erfolg f\u00fchrte. In der zweiten Version des beliebten Slots hat die Entwicklungsfirma einige Korrekturmomente vorgenommen, die der Maschine noch mehr Zustimmung bei den Spielern&#8230;<\/p>\n","protected":false},"author":1,"featured_media":0,"parent":1954,"menu_order":0,"comment_status":"closed","ping_status":"closed","template":"page-with-slot.php","meta":{"_acf_changed":false,"_kad_post_transparent":"default","_kad_post_title":"default","_kad_post_layout":"default","_kad_post_sidebar_id":"","_kad_post_content_style":"default","_kad_post_vertical_padding":"default","_kad_post_feature":"","_kad_post_feature_position":"","_kad_post_header":false,"_kad_post_footer":false,"footnotes":""},"class_list":["post-2178","page","type-page","status-publish","hentry"],"acf":[],"rttpg_featured_image_url":null,"rttpg_author":{"display_name":"Tom","author_link":"https:\/\/rocketplay-game.com\/de\/author\/pemvas95n89x\/"},"rttpg_comment":0,"rttpg_category":null,"rttpg_excerpt":"Der einzigartige Slot Money Train 2 Australia wurde bereits 2020 der \u00d6ffentlichkeit vorgestellt. Der Slot erwies sich als sehr beliebt bei den Spielern, was das Studio Relax Gaming zu einem gro\u00dfen Erfolg f\u00fchrte. In der zweiten Version des beliebten Slots hat die Entwicklungsfirma einige Korrekturmomente vorgenommen, die der Maschine noch mehr Zustimmung bei den Spielern...","_links":{"self":[{"href":"https:\/\/rocketplay-game.com\/de\/wp-json\/wp\/v2\/pages\/2178","targetHints":{"allow":["GET"]}}],"collection":[{"href":"https:\/\/rocketplay-game.com\/de\/wp-json\/wp\/v2\/pages"}],"about":[{"href":"https:\/\/rocketplay-game.com\/de\/wp-json\/wp\/v2\/types\/page"}],"author":[{"embeddable":true,"href":"https:\/\/rocketplay-game.com\/de\/wp-json\/wp\/v2\/users\/1"}],"replies":[{"embeddable":true,"href":"https:\/\/rocketplay-game.com\/de\/wp-json\/wp\/v2\/comments?post=2178"}],"version-history":[{"count":3,"href":"https:\/\/rocketplay-game.com\/de\/wp-json\/wp\/v2\/pages\/2178\/revisions"}],"predecessor-version":[{"id":10269,"href":"https:\/\/rocketplay-game.com\/de\/wp-json\/wp\/v2\/pages\/2178\/revisions\/10269"}],"up":[{"embeddable":true,"href":"https:\/\/rocketplay-game.com\/de\/wp-json\/wp\/v2\/pages\/1954"}],"wp:attachment":[{"href":"https:\/\/rocketplay-game.com\/de\/wp-json\/wp\/v2\/media?parent=2178"}],"curies":[{"name":"wp","href":"https:\/\/api.w.org\/{rel}","templated":true}]}}