{"id":2187,"date":"2022-08-18T16:23:00","date_gmt":"2022-08-18T13:23:00","guid":{"rendered":"https:\/\/rocketplay-game.com\/slots\/more-chilli\/"},"modified":"2022-10-29T13:04:50","modified_gmt":"2022-10-29T10:04:50","slug":"more-chilli","status":"publish","type":"page","link":"https:\/\/rocketplay-game.com\/de\/slots\/more-chilli\/","title":{"rendered":"\u00dcberpr\u00fcfen Sie den More Chilli Slot"},"content":{"rendered":"<p>More Chilli Poker ist einer dieser Spielautomaten, die heute sowohl in landgest\u00fctzten als auch in Online-Casinos zu finden sind. Und sie sind beim Gl\u00fccksspielpublikum sehr beliebt.<\/p>\n<p>Der More Chilli Slot wird sowohl Gl\u00fccksspiel-Anf\u00e4nger als auch Gro\u00dfkunden mit Erfahrung ansprechen. Alles aus dem Grund, dass dieses m Casino Joker, zus\u00e4tzliche Bonusserien von Spielen oder Scatter-Symbole hat, die Ihre Chancen auf den maximalen Gewinn vervielfachen.<\/p>\n<p>Der Spielautomat hat ein attraktives Aussehen und erm\u00f6glicht es den Spielern, w\u00e4hrend des Spiels bequem Zeit zu verbringen. Der Spielautomat More Chilli wurde urspr\u00fcnglich von Aristocrat speziell f\u00fcr lokale Casinos und Spielautomaten entwickelt, aber seine gro\u00dfe Popularit\u00e4t erfreut jetzt Spieler auf der ganzen Welt.<\/p>\n<p style=\"text-align: center;\"><img loading=\"lazy\" decoding=\"async\" class=\"aligncenter wp-image-342 size-full\" src=\"https:\/\/rocketplay-game.com\/wp-content\/uploads\/2022\/08\/more-chilli-logo.jpeg\" alt=\"More Chilli logo\" width=\"948\" height=\"712\" srcset=\"https:\/\/rocketplay-game.com\/wp-content\/uploads\/2022\/08\/more-chilli-logo.jpeg 948w, https:\/\/rocketplay-game.com\/wp-content\/uploads\/2022\/08\/more-chilli-logo-300x225.jpeg 300w, https:\/\/rocketplay-game.com\/wp-content\/uploads\/2022\/08\/more-chilli-logo-768x577.jpeg 768w, https:\/\/rocketplay-game.com\/wp-content\/uploads\/2022\/08\/more-chilli-logo-600x450.jpeg 600w\" sizes=\"auto, (max-width: 948px) 100vw, 948px\" \/><\/p>\n<h2>More Chili-Symbole und -Werte<\/h2>\n<p>In der More Chilli-App gibt es Symbole, darunter die Sonne, H\u00fchner, eine Geldtasche, ein Chihuahua-Hund, ein Chili-Stand, Tequila, H\u00e4hne sowie ein grinsender Mexikaner. Au\u00dferdem sto\u00dfen Sie auf den Walzen auf die Symbole 9, 10, Ass, Dame, Bube und K\u00f6nig. Das Scatter-Symbol ist ein Geldbeutel oder eine Chilischote. Eine Besonderheit ist eine mexikanische Kultur in einem Sombrero, der &#8222;Noch ein Chili!&#8220; st\u00e4ndig. Der Slot motiviert dich regelm\u00e4\u00dfig, damit du alles schaffst und am Ende den Jackpot gewinnst.<\/p>\n<p>Das Wild-Symbol ist ein l\u00e4chelnder Mexikaner. Das Wild-Symbol ersetzt alle anderen Symbole au\u00dfer dem Scatter-Symbol. Bei einer Kombination aus drei oder beispielsweise einer gr\u00f6\u00dferen Anzahl an Scatter-Symbolen wartet der Nutzer auf 10 Freispiele. Die Reihe von Drehungen kann auf 15 erh\u00f6ht werden, wenn f\u00fcnf zus\u00e4tzliche Wetten w\u00e4hrend der Funktion f\u00fcr aktive Drehungen platziert wurden.<\/p>\n<p>Die Besonderheit der Freispielfunktion besteht darin, dass die pr\u00e4zisen Scatter-Symbole, die Sie gleichzeitig auf der Walze sammeln, desto mehr Drehungen erhalten Sie. Wenn Sie 9 Spreads erhalten, erhalten Sie auch drei Walzens\u00e4tze. Je mehr Symbole, desto mehr Walzen. Und so f\u00fchren 30 Symbole dazu, dass Sie ein Bild der dritten, vierten und f\u00fcnften Walze sehen, die vollst\u00e4ndig mit Wild-Symbolen gef\u00fcllt sind und Ihnen viele Freispiele bescheren werden.<\/p>\n<h2>More Chilli RTP\/Volatilit\u00e4t am Chilli Slot<\/h2>\n<p>Die Auszahlungsquote beim Online-Slot More Chilli variiert zwischen 96-97 %. Diese Prozents\u00e4tze gelten als ziemlich hoch. Wenn wir auch die Tatsache ber\u00fccksichtigen, dass die Volatilit\u00e4t des Spielautomaten durchschnittlich ist, haben die Spieler eine ziemlich hohe Chance, diesen Spielautomaten zu gewinnen. Und jeder, der Gl\u00fcck hat, kann einen Jackpot gewinnen, der Ihren Einsatz tausendfach \u00fcbersteigt.<\/p>\n<p>Nicht nur RTP und Volatilit\u00e4t helfen Ihnen beim Gewinnen, sondern auch die Anzahl der Boni, die Sie im Spiel treffen k\u00f6nnen.<\/p>\n<p style=\"text-align: center;\"><img loading=\"lazy\" decoding=\"async\" class=\"aligncenter wp-image-343 size-full\" src=\"https:\/\/rocketplay-game.com\/wp-content\/uploads\/2022\/08\/more-chilli-slot.jpeg\" alt=\"more chilli slot\" width=\"815\" height=\"608\" srcset=\"https:\/\/rocketplay-game.com\/wp-content\/uploads\/2022\/08\/more-chilli-slot.jpeg 815w, https:\/\/rocketplay-game.com\/wp-content\/uploads\/2022\/08\/more-chilli-slot-300x224.jpeg 300w, https:\/\/rocketplay-game.com\/wp-content\/uploads\/2022\/08\/more-chilli-slot-768x573.jpeg 768w\" sizes=\"auto, (max-width: 815px) 100vw, 815px\" \/><\/p>\n<h2>Spielen More Chilli auf dem Handy<\/h2>\n<p>Je weiter sich das Online-Gl\u00fccksspiel entwickelt, desto mehr Fans werden More Chilli online kostenlos von einem Handy aus spielen. Schlie\u00dflich ist es sehr bequem und Sie k\u00f6nnen jederzeit auf Ihr Casino-Konto und Ihre Spielautomaten zugreifen. Der Internetzugang er\u00f6ffnet Ihnen alle M\u00f6glichkeiten eines mobilen Online-Casinos.<\/p>\n<p>Dies ist nicht nur praktisch, weil es \u00fcberall verf\u00fcgbar ist, sondern auch, weil nichts vorher heruntergeladen werden muss.<\/p>\n<p>Um den W\u00fcnschen der Spieler gerecht zu werden und vollen Komfort bei More Chilli online Echtgeld zu bieten, arbeitet das Entwicklerstudio Aristocrat sofort daran, dass die Spiele sowohl auf Computern als auch auf dem Handy verf\u00fcgbar sind. Neben dem Telefon k\u00f6nnen das auch andere Ger\u00e4te sein, die Sie im Alltag nutzen, wie zum Beispiel ein Tablet.<\/p>\n<h2>More Chilli-FAQs<\/h2>\n<h3>Muss ich die More Chilli App herunterladen?<\/h3>\n<p>Sie m\u00fcssen die App \u00fcberhaupt nicht herunterladen, da Sie die Webversion der Website verwenden k\u00f6nnen. Es gibt jedoch Casinos, in denen dieser Slot in der Anwendung vorhanden ist. Wenn Sie m\u00f6chten, k\u00f6nnen Sie es installieren und verwenden. Die Webversion ist jedoch nicht anders und spart Speicherplatz auf Ihrem Ger\u00e4t.<\/p>\n<h3>Kann ich den More Chilli Slot kostenlos spielen?<\/h3>\n<p>Es gibt Demoversionen dieses Slots, die Sie auf verschiedenen Websites ausprobieren k\u00f6nnen. Trotz der Tatsache, dass es sich bei der Version nur um eine Einf\u00fchrungsversion handelt und Sie Ihr Geld nicht riskieren m\u00fcssen, haben Sie auf jeden Fall Zugriff auf vollwertiges Gameplay und Walzen. Und Boni, die es auch in einem regul\u00e4ren Slot f\u00fcr echtes Geld gibt.<\/p>\n<h3>Ist es besser, More Chilli online oder in einem landbasierten Casino zu spielen?<\/h3>\n<p>In diesem Fall, wenn Sie sich entschieden haben, die Online-Version dieses Spielautomaten zu spielen, wartet ein netter Bonus auf Sie, der Ihnen die M\u00f6glichkeit gibt, die Gewinnlinien zu erh\u00f6hen. Das bedeutet, dass auch Ihr RTP aktualisiert wird. Dies ist \u00fcberhaupt eine kleine prozentuale Steigerung; In Land-Slots besteht jedoch keine solche M\u00f6glichkeit.<\/p>\n<p><strong>Bewertungen \u00fcber Spielautomaten:<\/strong><\/p>\n<ul>\n<li><a href=\"https:\/\/rocketplay-game.com\/de\/slots\/book-of-ra-deluxe\/\">Book Of Ra Deluxe<\/a><\/li>\n<li><a href=\"https:\/\/rocketplay-game.com\/de\/slots\/mega-moolah\/\">Mega Moolah<\/a><\/li>\n<\/ul>\n","protected":false},"excerpt":{"rendered":"<p>More Chilli Poker ist einer dieser Spielautomaten, die heute sowohl in landgest\u00fctzten als auch in Online-Casinos zu finden sind. Und sie sind beim Gl\u00fccksspielpublikum sehr beliebt. Der More Chilli Slot wird sowohl Gl\u00fccksspiel-Anf\u00e4nger als auch Gro\u00dfkunden mit Erfahrung ansprechen. Alles aus dem Grund, dass dieses m Casino Joker, zus\u00e4tzliche Bonusserien von Spielen oder Scatter-Symbole hat,&#8230;<\/p>\n","protected":false},"author":1,"featured_media":0,"parent":1954,"menu_order":0,"comment_status":"closed","ping_status":"closed","template":"page-with-slot.php","meta":{"_acf_changed":false,"_kad_post_transparent":"default","_kad_post_title":"default","_kad_post_layout":"default","_kad_post_sidebar_id":"","_kad_post_content_style":"default","_kad_post_vertical_padding":"default","_kad_post_feature":"","_kad_post_feature_position":"","_kad_post_header":false,"_kad_post_footer":false,"footnotes":""},"class_list":["post-2187","page","type-page","status-publish","hentry"],"acf":[],"rttpg_featured_image_url":null,"rttpg_author":{"display_name":"Tom","author_link":"https:\/\/rocketplay-game.com\/de\/author\/pemvas95n89x\/"},"rttpg_comment":0,"rttpg_category":null,"rttpg_excerpt":"More Chilli Poker ist einer dieser Spielautomaten, die heute sowohl in landgest\u00fctzten als auch in Online-Casinos zu finden sind. Und sie sind beim Gl\u00fccksspielpublikum sehr beliebt. Der More Chilli Slot wird sowohl Gl\u00fccksspiel-Anf\u00e4nger als auch Gro\u00dfkunden mit Erfahrung ansprechen. Alles aus dem Grund, dass dieses m Casino Joker, zus\u00e4tzliche Bonusserien von Spielen oder Scatter-Symbole hat,...","_links":{"self":[{"href":"https:\/\/rocketplay-game.com\/de\/wp-json\/wp\/v2\/pages\/2187","targetHints":{"allow":["GET"]}}],"collection":[{"href":"https:\/\/rocketplay-game.com\/de\/wp-json\/wp\/v2\/pages"}],"about":[{"href":"https:\/\/rocketplay-game.com\/de\/wp-json\/wp\/v2\/types\/page"}],"author":[{"embeddable":true,"href":"https:\/\/rocketplay-game.com\/de\/wp-json\/wp\/v2\/users\/1"}],"replies":[{"embeddable":true,"href":"https:\/\/rocketplay-game.com\/de\/wp-json\/wp\/v2\/comments?post=2187"}],"version-history":[{"count":2,"href":"https:\/\/rocketplay-game.com\/de\/wp-json\/wp\/v2\/pages\/2187\/revisions"}],"predecessor-version":[{"id":2189,"href":"https:\/\/rocketplay-game.com\/de\/wp-json\/wp\/v2\/pages\/2187\/revisions\/2189"}],"up":[{"embeddable":true,"href":"https:\/\/rocketplay-game.com\/de\/wp-json\/wp\/v2\/pages\/1954"}],"wp:attachment":[{"href":"https:\/\/rocketplay-game.com\/de\/wp-json\/wp\/v2\/media?parent=2187"}],"curies":[{"name":"wp","href":"https:\/\/api.w.org\/{rel}","templated":true}]}}