{"id":2195,"date":"2022-08-18T17:24:15","date_gmt":"2022-08-18T14:24:15","guid":{"rendered":"https:\/\/rocketplay-game.com\/slots\/queen-of-the-nile\/"},"modified":"2025-11-25T23:04:39","modified_gmt":"2025-11-25T20:04:39","slug":"queen-of-the-nile","status":"publish","type":"page","link":"https:\/\/rocketplay-game.com\/de\/slots\/queen-of-the-nile\/","title":{"rendered":"\u00dcberpr\u00fcfen Sie den Spielautomaten Queen of the Nile"},"content":{"rendered":"<p>Die aristokratische Firma hat einst die kostenlosen Spielautomaten Queen of The Nile geschaffen, einen Video-Spielautomaten mit 24 Gewinnlinien und bis zu 5 Walzen.<\/p>\n<p>Die Maschine basiert auf dem ber\u00fchmten Pharao des alten \u00c4gypten &#8211; K\u00f6nigin Kleopatra. Vor vielen Jahren stellte sich heraus, dass Kleopatra die letzte Pharaonin des alten \u00c4gypten war. Trotzdem war sie Ptolem\u00e4us.<\/p>\n<p>Der Spielautomat gibt Ihnen die M\u00f6glichkeit, Mindesteins\u00e4tze auf den Spin zu platzieren, die mit einem Wert von 0,25 M\u00fcnzen beginnen, w\u00e4hrend der H\u00f6chsteinsatz 50 M\u00fcnzen betr\u00e4gt. Der Slot hat einen Jackpot von 1.500 M\u00fcnzen sowie verschiedene Multiplikatoren und eine Reihe von Freispielen, die Ihnen helfen, den Jackpot zu knacken. Daher empfehlen wir den kostenlosen Download von Queen of The Nile.<\/p>\n<p><img loading=\"lazy\" decoding=\"async\" class=\"wp-image-350 size-full aligncenter\" src=\"https:\/\/rocketplay-game.com\/wp-content\/uploads\/2022\/08\/queen-of-the-nile-logo.jpeg\" alt=\"Queen of The Nile logo\" width=\"800\" height=\"600\" srcset=\"https:\/\/rocketplay-game.com\/wp-content\/uploads\/2022\/08\/queen-of-the-nile-logo.jpeg 800w, https:\/\/rocketplay-game.com\/wp-content\/uploads\/2022\/08\/queen-of-the-nile-logo-300x225.jpeg 300w, https:\/\/rocketplay-game.com\/wp-content\/uploads\/2022\/08\/queen-of-the-nile-logo-768x576.jpeg 768w, https:\/\/rocketplay-game.com\/wp-content\/uploads\/2022\/08\/queen-of-the-nile-logo-600x450.jpeg 600w\" sizes=\"auto, (max-width: 800px) 100vw, 800px\" \/><\/p>\n<h2>Queen of the Nile Symbole und Werte<\/h2>\n<p>Dieser Spielautomat \u201eQueen of the Nile\u201c ist in gew\u00f6hnlichen Casinos sehr beliebt, und es ist nicht verwunderlich, dass das Aristocrat Studio beschlossen hat, den Spielautomaten auch online zu ver\u00f6ffentlichen.<\/p>\n<p>Das gesamte Erscheinungsbild der Maschine in einem Online-Casino und nat\u00fcrlich die Symbole vermitteln genau diese Zeit im alten \u00c4gypten.<\/p>\n<p>Du wirst sehen:<\/p>\n<ul>\n<li>verstreute Pyramide;<\/li>\n<li>Lotus Blume;<\/li>\n<li>K\u00f6nigin Kleopatra;<\/li>\n<li>Karten von 9 bis Ass;<\/li>\n<li>Auge des Horus;<\/li>\n<li>Skarab\u00e4us.<\/li>\n<\/ul>\n<p>Das Wild-Symbol ist K\u00f6nigin Kleopatra, sie ersetzt benachbarte Symbole, und wenn eine Gewinnkombination erzielt wurde, werden Ihre Wettauszahlungen verdoppelt. Kleopatra ersetzt nicht nur die Scatter-Symbole in der Spielautomaten-App Queen of The Nile.<\/p>\n<p>Der vollst\u00e4ndige Zweck Ihres Spiels besteht nicht nur darin, Wetten zu gewinnen, sondern auch die Freispielfunktion freizuschalten. Schlie\u00dflich helfen sie Ihnen beim Gewinnen und bringen Ihre Jackpot-Chancen n\u00e4her.<\/p>\n<p>Die Drehungen werden dank der Scatter-Symbole und der Zahlungsoption, dh der Pyramide, aktiviert. Sobald w\u00e4hrend des Hauptspiels 3 oder mehr Symbole auf den Walzen erscheinen, wird ein neuer Bildschirm ge\u00f6ffnet, auf dem Cleopatra selbst dem Spieler anbietet, eine der 4 Freispielfunktionen auszuw\u00e4hlen.<\/p>\n<p>Die anf\u00e4ngliche Freispielfunktion gibt Ihnen 5 Drehungen mit einem 10-fachen Multiplikator, und mit jedem Level erh\u00f6hen sich die Drehungen um 5. Multiplikatoren, im Gegenteil. In der zweiten Funktion finden Sie einen 5-fachen Multiplikator, in der dritten einen 3-fachen Multiplikator und in der letzten nur einen 2-fachen Multiplikator.<\/p>\n<p>Der Spieler kann auch Auszahlungen f\u00fcr Scatter erhalten. 5 Scatter ergeben 100 M\u00fcnzen. Gewinne aus dem Scatter-Symbol werden mit Ihrem Gesamteinsatz im Spielautomaten multipliziert.<\/p>\n<p>Zus\u00e4tzlich zu den Hauptsymbolen und Bonusfunktionen, die im Spiel zu finden sind, gibt es auch ein zus\u00e4tzliches Risikospiel. Sie k\u00f6nnen es nach Ihrem Sieg spielen, und dies ist eine ziemlich h\u00e4ufige Art von zus\u00e4tzlichem Spiel. Ihre Aufgabe ist es, die Farbe der Karte oder ihrer Farbe zu erraten. Alles ist einfach, und wenn Sie gewinnen, werden Ihre Gewinne verdoppelt oder um das Vierfache erh\u00f6ht.<\/p>\n<h2>Queen of The Nile Slot RTP\/Volatilit\u00e4t<\/h2>\n<p>Dieser Spielautomat hat eine mittlere Volatilit\u00e4t und ist eher f\u00fcr Spieler geeignet, die gerne gro\u00df spielen. Aber auch Spieler mit einer kleinen Bank k\u00f6nnen eine tolle Zeit mit Queen of The Nile Free Play verbringen.<\/p>\n<p>Wenn Sie es geschafft haben, eine gute Auszahlung zu gewinnen, ist es ratsam, sie auszuzahlen, damit Sie mindestens 50 % Ihrer Bankroll \u00fcbrig haben und die restlichen 50 % Ihr Preis sind, den Sie ehrlich gewonnen haben.<\/p>\n<p>Sie k\u00f6nnen sicher sein, dass Sie gute Chancen haben, eine Auszahlung zu erhalten, denn beachten Sie, dass der Prozentsatz der Auszahlung an den Spieler 95,5 % betr\u00e4gt. Dies ist ein recht angenehmer Indikator, da in vielen Spielautomaten, insbesondere in landgest\u00fctzten Casinos, der Prozentsatz des RTP um ein Vielfaches niedriger ist.<\/p>\n<h2><img loading=\"lazy\" decoding=\"async\" class=\"aligncenter wp-image-352 size-full\" style=\"text-align: center; font-family: var(--global-body-font-family); font-size: 16px; font-weight: normal;\" src=\"https:\/\/rocketplay-game.com\/wp-content\/uploads\/2022\/08\/queen-of-the-nile-slot-1.jpeg\" alt=\"queen of the nile slot\" width=\"827\" height=\"620\" srcset=\"https:\/\/rocketplay-game.com\/wp-content\/uploads\/2022\/08\/queen-of-the-nile-slot-1.jpeg 827w, https:\/\/rocketplay-game.com\/wp-content\/uploads\/2022\/08\/queen-of-the-nile-slot-1-300x225.jpeg 300w, https:\/\/rocketplay-game.com\/wp-content\/uploads\/2022\/08\/queen-of-the-nile-slot-1-768x576.jpeg 768w, https:\/\/rocketplay-game.com\/wp-content\/uploads\/2022\/08\/queen-of-the-nile-slot-1-600x450.jpeg 600w\" sizes=\"auto, (max-width: 827px) 100vw, 827px\" \/><\/h2>\n<h2>Spielen Sie Queen of the Nile auf dem Handy<\/h2>\n<p>Die gute Nachricht f\u00fcr mobile Spieler wird sein, dass der Slot perfekt auf Handys und anderen Ger\u00e4ten gespielt und gef\u00fchlt wird. Sie k\u00f6nnen das Spiel in Ihrem Browser \u00f6ffnen und das Gameplay von jedem Bildschirm aus genie\u00dfen. Die Entwickler haben daf\u00fcr gesorgt, dass sich die Benutzeroberfl\u00e4che bequem \u00fcber die gesamte Fl\u00e4che Ihres Ger\u00e4ts befindet und Sie beim Spielen keine Beschwerden haben.<\/p>\n<p>In der Version Queen of The Nile pokies Echtgeld stehen alle Funktionen, alle Symbole und Kombinationen zur Verf\u00fcgung, die Sie wie am Computer zum gew\u00fcnschten Sieg und Jackpot f\u00fchren.<\/p>\n<h2>H\u00e4ufig gestellte Fragen zur Queen of the Nile<\/h2>\n<h3>Ist der Slot progressiv?<\/h3>\n<p>Der Slot Queen of The Nile hat einen eigenen Jackpot im Spiel, ist aber nicht progressiv. Trotzdem k\u00f6nnen Sie mit kleinen oder gro\u00dfen Eins\u00e4tzen immer noch sch\u00f6ne Auszahlungen erhalten.<\/p>\n<h3>Kann ich den Slot Queen of The Nile kostenlos spielen?<\/h3>\n<p>Sie k\u00f6nnen den integrierten Demo-Modus f\u00fcr ein kostenloses Spiel nutzen, das Sie in das Gameplay einf\u00fchrt und Sie in die Atmosph\u00e4re des alten \u00c4gyptens eintauchen l\u00e4sst. Nachdem Sie den Slot kostenlos ausprobiert haben, sollten Sie anfangen, um echtes Geld zu wetten und betr\u00e4chtliche Auszahlungen zu erhalten.<\/p>\n<h3>Wie viele M\u00fcnzen gibt das Wild-Symbol?<\/h3>\n<p>Wenn Sie den maximalen Einsatz machen und eine Kombination aus 5 Joker-Symbolen von Cleopatra sammeln, dann k\u00f6nnen Sie in diesem Spielautomaten Queen of The Nile mit einem Gewinn von 3.000 M\u00fcnzen rechnen.<\/p>\n<p><strong>Bewertungen \u00fcber Spielautomaten:<\/strong><\/p>\n<ul>\n<li><a href=\"https:\/\/rocketplay-game.com\/de\/slots\/king-of-the-nile\/\">King Of The Nile<\/a><\/li>\n<li><a href=\"https:\/\/rocketplay-game.com\/de\/slots\/5-dragons\/\">5 Dragons<\/a><\/li>\n<li><a href=\"https:\/\/rocketplay-game.com\/de\/slots\/queen-and-dragons\/\">Queen and Dragons<\/a><\/li>\n<\/ul>\n","protected":false},"excerpt":{"rendered":"<p>Die aristokratische Firma hat einst die kostenlosen Spielautomaten Queen of The Nile geschaffen, einen Video-Spielautomaten mit 24 Gewinnlinien und bis zu 5 Walzen. Die Maschine basiert auf dem ber\u00fchmten Pharao des alten \u00c4gypten &#8211; K\u00f6nigin Kleopatra. Vor vielen Jahren stellte sich heraus, dass Kleopatra die letzte Pharaonin des alten \u00c4gypten war. Trotzdem war sie Ptolem\u00e4us&#8230;.<\/p>\n","protected":false},"author":1,"featured_media":0,"parent":1954,"menu_order":0,"comment_status":"closed","ping_status":"closed","template":"page-with-slot.php","meta":{"_acf_changed":false,"_kad_post_transparent":"default","_kad_post_title":"default","_kad_post_layout":"default","_kad_post_sidebar_id":"","_kad_post_content_style":"default","_kad_post_vertical_padding":"default","_kad_post_feature":"","_kad_post_feature_position":"","_kad_post_header":false,"_kad_post_footer":false,"footnotes":""},"class_list":["post-2195","page","type-page","status-publish","hentry"],"acf":[],"rttpg_featured_image_url":null,"rttpg_author":{"display_name":"Tom","author_link":"https:\/\/rocketplay-game.com\/de\/author\/pemvas95n89x\/"},"rttpg_comment":0,"rttpg_category":null,"rttpg_excerpt":"Die aristokratische Firma hat einst die kostenlosen Spielautomaten Queen of The Nile geschaffen, einen Video-Spielautomaten mit 24 Gewinnlinien und bis zu 5 Walzen. Die Maschine basiert auf dem ber\u00fchmten Pharao des alten \u00c4gypten &#8211; K\u00f6nigin Kleopatra. Vor vielen Jahren stellte sich heraus, dass Kleopatra die letzte Pharaonin des alten \u00c4gypten war. Trotzdem war sie Ptolem\u00e4us....","_links":{"self":[{"href":"https:\/\/rocketplay-game.com\/de\/wp-json\/wp\/v2\/pages\/2195","targetHints":{"allow":["GET"]}}],"collection":[{"href":"https:\/\/rocketplay-game.com\/de\/wp-json\/wp\/v2\/pages"}],"about":[{"href":"https:\/\/rocketplay-game.com\/de\/wp-json\/wp\/v2\/types\/page"}],"author":[{"embeddable":true,"href":"https:\/\/rocketplay-game.com\/de\/wp-json\/wp\/v2\/users\/1"}],"replies":[{"embeddable":true,"href":"https:\/\/rocketplay-game.com\/de\/wp-json\/wp\/v2\/comments?post=2195"}],"version-history":[{"count":2,"href":"https:\/\/rocketplay-game.com\/de\/wp-json\/wp\/v2\/pages\/2195\/revisions"}],"predecessor-version":[{"id":2197,"href":"https:\/\/rocketplay-game.com\/de\/wp-json\/wp\/v2\/pages\/2195\/revisions\/2197"}],"up":[{"embeddable":true,"href":"https:\/\/rocketplay-game.com\/de\/wp-json\/wp\/v2\/pages\/1954"}],"wp:attachment":[{"href":"https:\/\/rocketplay-game.com\/de\/wp-json\/wp\/v2\/media?parent=2195"}],"curies":[{"name":"wp","href":"https:\/\/api.w.org\/{rel}","templated":true}]}}