{"id":2211,"date":"2022-08-18T18:14:08","date_gmt":"2022-08-18T15:14:08","guid":{"rendered":"https:\/\/rocketplay-game.com\/slots\/wolf-treasure\/"},"modified":"2025-11-25T23:12:27","modified_gmt":"2025-11-25T20:12:27","slug":"wolf-treasure","status":"publish","type":"page","link":"https:\/\/rocketplay-game.com\/de\/slots\/wolf-treasure\/","title":{"rendered":"\u00dcberpr\u00fcfen Sie Wolf Treasure Slot"},"content":{"rendered":"<p>Wolf Treasure Pokies sind Spielautomaten, die Spieler in den Wilden Westen entf\u00fchren und es ihnen erm\u00f6glichen, das Leben verschiedener Tiere zu beobachten. Auf dem Spielbildschirm besteht die M\u00f6glichkeit, verschiedene Vertreter der Tierwelt zu treffen, die bei guter Laune und in der richtigen Gesellschaft sogar einen Mega-Jackpot geben k\u00f6nnen. Dieser aufregende Video-Slot ist die Kreation eines neuen Entwicklers von Spielinhalten, einer jungen Firma namens IGTech. Das Spielbrett enth\u00e4lt 3 Reihen, 5 Walzen und 25 Gewinnlinien.<\/p>\n<p>Solche hervorragenden Eigenschaften geben Spielern neben aufregenden Emotionen und au\u00dfergew\u00f6hnlichen Abenteuern mit W\u00f6lfen ein solides Auszahlungspotential. Tauchen Sie ein in die Welt des Wilden Westens und begeben Sie sich auf ein Abenteuer, und mit hochwertiger Grafik, Spezialeffekten und passenden Soundtracks wird dies ganz einfach.<\/p>\n<p style=\"text-align: center;\"><img loading=\"lazy\" decoding=\"async\" class=\"wp-image-375 size-large aligncenter\" src=\"https:\/\/rocketplay-game.com\/wp-content\/uploads\/2022\/08\/wolf-treasure-logo-1-1024x576.jpeg\" alt=\"Wolf Treasure logo\" width=\"1024\" height=\"576\" srcset=\"https:\/\/rocketplay-game.com\/wp-content\/uploads\/2022\/08\/wolf-treasure-logo-1-1024x576.jpeg 1024w, https:\/\/rocketplay-game.com\/wp-content\/uploads\/2022\/08\/wolf-treasure-logo-1-300x169.jpeg 300w, https:\/\/rocketplay-game.com\/wp-content\/uploads\/2022\/08\/wolf-treasure-logo-1-768x432.jpeg 768w, https:\/\/rocketplay-game.com\/wp-content\/uploads\/2022\/08\/wolf-treasure-logo-1.jpeg 1200w\" sizes=\"auto, (max-width: 1024px) 100vw, 1024px\" \/><\/p>\n<h2>Wie spiele ich online in Au?<\/h2>\n<p>Wolf Treasure Australia entf\u00fchrt den Spieler sofort in die wilde Natur. Spezialeffekte und passende Sounds tragen dazu perfekt bei. Die Trommeln auf dem Spielbrett befinden sich gegen\u00fcber der Schlucht, sodass Steinb\u00f6schungen und thematische Landschaften vor den Augen der Spieler erscheinen. All dies wird vor dem Hintergrund der D\u00e4mmerung stattfinden, die allm\u00e4hlich alles um sich herum zu umh\u00fcllen beginnt. Und der Mond, der k\u00fcrzlich am Himmel erschien, hat den W\u00f6lfen bereits einen Befehl \u00fcber den Beginn ihrer Saison gegeben.<\/p>\n<p>Beim Start des Slots Wolf Treasure sieht der Spieler einen Bildschirm mit 5 Walzen und 25 Gewinnlinien vor sich. Der Slot muss so gestartet werden, dass eine Gewinnkombination herausf\u00e4llt, die gem\u00e4\u00df der Wertetabelle jedes Symbols ausgezahlt wird. Das Thema des Spielautomaten pr\u00e4sentiert dem Spieler Kombinationen aus Tierbildern und Kartensymbolen.<\/p>\n<p>Der Entwickler des Wolf Treasure Casinos zeigte auch gro\u00dfen Einfallsreichtum bei der Erstellung von Geldsymbolen. Darunter sind hochbezahlte und billigere Schilder. Zu den hochbezahlten Bildern geh\u00f6ren:<\/p>\n<ul>\n<li>Bergl\u00f6wen;<\/li>\n<li>Bisons;<\/li>\n<li>Adler;<\/li>\n<li>Mustangs!<\/li>\n<\/ul>\n<p>Die billigeren Symbole haben Bilder von verschiedenen Karten \u2013 Bube, Dame, K\u00f6nig und Ass. Dar\u00fcber hinaus gibt es Wild- und Scatter-Symbole.<\/p>\n<h2>Wolf Treasure Slot RTP, Details und Einsatzlimits<\/h2>\n<p>Der Einfachheit halber stellen wir Ihnen eine Tabelle vor, die grundlegende Informationen \u00fcber den Video-Slot enth\u00e4lt.<\/p>\n<table border=\"0\" cellspacing=\"0\" cellpadding=\"0\">\n<colgroup>\n<col \/>\n<col \/> <\/colgroup>\n<tbody>\n<tr>\n<td>Eigenschaften<\/td>\n<td>Einzelheiten<\/td>\n<\/tr>\n<tr>\n<td>Anzahl R\u00e4der<\/td>\n<td>5<\/td>\n<\/tr>\n<tr>\n<td>Anzahl der Zeilen<\/td>\n<td>3<\/td>\n<\/tr>\n<tr>\n<td>Auszahlungslinien<\/td>\n<td>25<\/td>\n<\/tr>\n<tr>\n<td>Mindesteinsatz<\/td>\n<td>0,25 Dollar<\/td>\n<\/tr>\n<tr>\n<td>Maximaler Einsatz<\/td>\n<td>25 Dollar<\/td>\n<\/tr>\n<tr>\n<td>Jackpot<\/td>\n<td>mini am besten mega<\/td>\n<\/tr>\n<tr>\n<td>Mobile version<\/td>\n<td>+<\/td>\n<\/tr>\n<tr>\n<td>Besondere Embleme<\/td>\n<td>wild, zerstreuen<\/td>\n<\/tr>\n<tr>\n<td>Entwickler<\/td>\n<td>IGTech<\/td>\n<\/tr>\n<tr>\n<td>RTP<\/td>\n<td>sechsundneunzig%<\/td>\n<\/tr>\n<\/tbody>\n<\/table>\n<p>&nbsp;<\/p>\n<h2>Bonusfunktionen und -spiele im Wolf Treasure Slot<\/h2>\n<p>Spezielle Symbole helfen Ihnen, das Spiel nicht nur interessant und spannend zu gestalten, sondern auch zus\u00e4tzliche Gewinnchancen zu erhalten. Auf diese Weise bringen drei gleichzeitig fallende Scatter einen Faktor, der Ihren anf\u00e4nglichen Einsatz mit 1 und f\u00fcnf Bonusrunden multipliziert.<\/p>\n<p>Wolf Treasure-Freispiele werden den Spielern jedes Mal gutgeschrieben, wenn drei Scatter-Symbole gleichzeitig auf dem Spielfeld erscheinen. Dies ist eine \u00e4u\u00dferst vorteilhafte Funktion, mit der Sie \u00f6fter einen Geldpreis gewinnen k\u00f6nnen.<\/p>\n<p>Dar\u00fcber hinaus bietet der Wolf Treasure Bonus ohne Einzahlung Australien den Benutzern zus\u00e4tzliche Gewinnm\u00f6glichkeiten. Sie werden in Form von Freispielen vergeben und k\u00f6nnen w\u00e4hrend des Spiels verwendet werden. Normalerweise werden solche Anreize neuen Spielern gegeben. Sie bieten jedoch auch g\u00fcnstige Konditionen und Geschenke f\u00fcr erfahrene Spieler. Und der wichtigste Preis wird die M\u00f6glichkeit sein, den Mega-Jackpot zu gewinnen.<\/p>\n<p>Wenn Sie nicht bereit sind, sofort Geld zu setzen, k\u00f6nnen Sie den Demo-Modus ausprobieren. Dies ist eine absolut identische Version des Spiels, bei der Wetten auf virtuelle M\u00fcnzen platziert werden. Es ist auch eine gro\u00dfartige Gelegenheit, den Spielautomaten kennenzulernen, zu verstehen, wie er funktioniert, die Regeln und Preise der Symbole zu lernen sowie eigene Taktiken und Strategien zu entwickeln.<\/p>\n<h2>H\u00e4ufig gestellte Fragen<\/h2>\n<h3>Wie spielt man den Spielautomaten Wolf Treasure?<\/h3>\n<p>Beim Start des Slots Wolf Treasure sieht der Spieler einen Bildschirm mit 5 Walzen und 25 Gewinnlinien vor sich. Der Slot muss so gestartet werden, dass eine Gewinnkombination herausf\u00e4llt, die gem\u00e4\u00df der Wertetabelle jedes Icons ausgezahlt wird.<\/p>\n<h3>Kann der Slot Wolf Treasure kostenlos gespielt werden?<\/h3>\n<p>Die Entwickler des Slots haben in der Demoversion eine kostenlose Spieloption bereitgestellt. Die analoge Version unterscheidet sich nicht von der Originalversion. Grafiken, Regeln und Symbole sind gleich. Der einzige Unterschied liegt im Gewinn. In der Demoversion k\u00f6nnen Sie gewinnen, aber kein Geld verdienen.<\/p>\n<h3>Wie kann man im Spielautomaten Wolf Treasure Geld gewinnen?<\/h3>\n<p>Wie bei jedem anderen Spielautomaten ist auch hier der Gl\u00fccksmoment des Spielers der Hauptfaktor f\u00fcr den Gewinn. Es ist unm\u00f6glich, den Erfolg des Spins zu garantieren, aber Sie k\u00f6nnen die Gewinnchancen maximieren. Das Geheimnis besteht darin, Ihre Finanzen auf so viele Eins\u00e4tze wie m\u00f6glich zu verteilen.<\/p>\n<p>Bewertungen \u00fcber Spielautomaten:<\/p>\n<ul>\n<li><a href=\"https:\/\/rocketplay-game.com\/de\/slots\/money-train-2\/\">Money Train 2<\/a><\/li>\n<li><a href=\"https:\/\/rocketplay-game.com\/de\/slots\/queen-of-the-nile\/\">Queen Of The Nile<\/a><\/li>\n<\/ul>\n","protected":false},"excerpt":{"rendered":"<p>Wolf Treasure Pokies sind Spielautomaten, die Spieler in den Wilden Westen entf\u00fchren und es ihnen erm\u00f6glichen, das Leben verschiedener Tiere zu beobachten. Auf dem Spielbildschirm besteht die M\u00f6glichkeit, verschiedene Vertreter der Tierwelt zu treffen, die bei guter Laune und in der richtigen Gesellschaft sogar einen Mega-Jackpot geben k\u00f6nnen. Dieser aufregende Video-Slot ist die Kreation eines&#8230;<\/p>\n","protected":false},"author":1,"featured_media":0,"parent":1954,"menu_order":0,"comment_status":"closed","ping_status":"closed","template":"page-with-slot.php","meta":{"_acf_changed":false,"_kad_post_transparent":"default","_kad_post_title":"default","_kad_post_layout":"default","_kad_post_sidebar_id":"","_kad_post_content_style":"default","_kad_post_vertical_padding":"default","_kad_post_feature":"","_kad_post_feature_position":"","_kad_post_header":false,"_kad_post_footer":false,"footnotes":""},"class_list":["post-2211","page","type-page","status-publish","hentry"],"acf":[],"rttpg_featured_image_url":null,"rttpg_author":{"display_name":"Tom","author_link":"https:\/\/rocketplay-game.com\/de\/author\/pemvas95n89x\/"},"rttpg_comment":0,"rttpg_category":null,"rttpg_excerpt":"Wolf Treasure Pokies sind Spielautomaten, die Spieler in den Wilden Westen entf\u00fchren und es ihnen erm\u00f6glichen, das Leben verschiedener Tiere zu beobachten. Auf dem Spielbildschirm besteht die M\u00f6glichkeit, verschiedene Vertreter der Tierwelt zu treffen, die bei guter Laune und in der richtigen Gesellschaft sogar einen Mega-Jackpot geben k\u00f6nnen. Dieser aufregende Video-Slot ist die Kreation eines...","_links":{"self":[{"href":"https:\/\/rocketplay-game.com\/de\/wp-json\/wp\/v2\/pages\/2211","targetHints":{"allow":["GET"]}}],"collection":[{"href":"https:\/\/rocketplay-game.com\/de\/wp-json\/wp\/v2\/pages"}],"about":[{"href":"https:\/\/rocketplay-game.com\/de\/wp-json\/wp\/v2\/types\/page"}],"author":[{"embeddable":true,"href":"https:\/\/rocketplay-game.com\/de\/wp-json\/wp\/v2\/users\/1"}],"replies":[{"embeddable":true,"href":"https:\/\/rocketplay-game.com\/de\/wp-json\/wp\/v2\/comments?post=2211"}],"version-history":[{"count":2,"href":"https:\/\/rocketplay-game.com\/de\/wp-json\/wp\/v2\/pages\/2211\/revisions"}],"predecessor-version":[{"id":2213,"href":"https:\/\/rocketplay-game.com\/de\/wp-json\/wp\/v2\/pages\/2211\/revisions\/2213"}],"up":[{"embeddable":true,"href":"https:\/\/rocketplay-game.com\/de\/wp-json\/wp\/v2\/pages\/1954"}],"wp:attachment":[{"href":"https:\/\/rocketplay-game.com\/de\/wp-json\/wp\/v2\/media?parent=2211"}],"curies":[{"name":"wp","href":"https:\/\/api.w.org\/{rel}","templated":true}]}}