{"id":2225,"date":"2022-10-03T14:13:39","date_gmt":"2022-10-03T11:13:39","guid":{"rendered":"https:\/\/rocketplay-game.com\/slots\/sun-of-fortune\/"},"modified":"2025-11-25T20:48:53","modified_gmt":"2025-11-25T17:48:53","slug":"sun-of-fortune","status":"publish","type":"page","link":"https:\/\/rocketplay-game.com\/de\/slots\/sun-of-fortune\/","title":{"rendered":"Sun of Fortune bei RocketPlay"},"content":{"rendered":"<p>Der Sch\u00f6pfer von Online-Spielen \u2013 das Unternehmen Wazdan hat seine Kreation ver\u00f6ffentlicht, die es den Benutzern erm\u00f6glicht, um den Jackpot zu k\u00e4mpfen. Das Rocket Play Sun of Fortune-Slot-Special wird ausgel\u00f6st, wenn mehrere Spezialbilder als Kombination erscheinen. Davon sollten es mindestens 6 sein. F\u00fcr den Fall, dass weniger Bilder erscheinen, \u00e4ndert sich nichts.<\/p>\n<p>Dann wird eine weitere Runde aktiviert, die die M\u00f6glichkeit bietet, ein Sonderangebot einzubeziehen \u2013 Halten Sie den Jackpot. Wenn es sich einschaltet, muss der Spieler 3 Phasen durchlaufen. Nach jedem von ihnen erfolgt ein Reset, wenn spezielle Bilder erscheinen.<\/p>\n<p>Der Online-Slot Rocket Play Sun of Fortune wird viele Spieler ansprechen. Schlie\u00dflich kennen und lieben viele die Jackpot-Hold-Funktion. Ein Sonderzeitraum wird aktiviert, wenn 6 oder mehr Sonderbilder in einer Runde erscheinen.<\/p>\n<p>Aber der Hersteller hat den Prozess der Aktivierung eines speziellen Zeitraums vereinfacht. Wenn drei, vier oder f\u00fcnf Spezialbilder erscheinen, werden sie in der n\u00e4chsten Spezialrunde gespeichert. Wenn die zus\u00e4tzliche Periode eingeschaltet ist, erh\u00e4lt der Benutzer drei Sonderrunden. Dann werden die Drehungen mit dem Aufkommen eines speziellen Bildes aktualisiert.<\/p>\n<p><img loading=\"lazy\" decoding=\"async\" class=\"aligncenter wp-image-515 size-full\" style=\"text-align: center; font-family: var(--global-body-font-family);\" src=\"https:\/\/rocketplay-game.com\/wp-content\/uploads\/2022\/10\/sun-of-fortune.jpeg\" alt=\"Sun of Fortune\" width=\"1140\" height=\"350\" srcset=\"https:\/\/rocketplay-game.com\/wp-content\/uploads\/2022\/10\/sun-of-fortune.jpeg 1140w, https:\/\/rocketplay-game.com\/wp-content\/uploads\/2022\/10\/sun-of-fortune-300x92.jpeg 300w, https:\/\/rocketplay-game.com\/wp-content\/uploads\/2022\/10\/sun-of-fortune-1024x314.jpeg 1024w, https:\/\/rocketplay-game.com\/wp-content\/uploads\/2022\/10\/sun-of-fortune-768x236.jpeg 768w\" sizes=\"auto, (max-width: 1140px) 100vw, 1140px\" \/><\/p>\n<h2>Wettoptionen und Funktionen<\/h2>\n<p>Nach der \u00dcberpr\u00fcfung des Rocket Play Sun of Fortune-Slots sehen wir ein 4&#215;4-Spielfeld und sechzehn einzelne Walzen. Die Maschine startet den Spielablauf, bei dem eine Kombination aus 8 identischen Bildern erscheinen soll. Wenn dies geschieht, gewinnt der Spieler Geld. Joker kann jedes Bild ersetzen, aber keine speziellen Bilder.<\/p>\n<p>Eine Neuheit des Herstellers Wazdan &#8211; Rocket Play Sun of Fortune Slot bietet Benutzern eine sehr bequeme moderne Funktionalit\u00e4t. Zum Beispiel ein beschleunigter Modus, eine Erweiterung des Spielfelds und eine gute Volatilit\u00e4t. Sie werden viele angenehme \u00dcberraschungen in der Maschine finden, die Ihnen helfen werden, einen Geldpreis zu gewinnen.<\/p>\n<h2>Thema und Symbole<\/h2>\n<p>F\u00fcr jedes Sonderbild wird eine Geb\u00fchr erhoben. Es wird gegeben, wenn die spezielle Extrarunde vorbei ist. Diese Runde wird in Form von Rocket Play Sun of Fortune-Freispielen enthalten sein. Der Benutzer kann einen kleinen Jackpot, einen etwas gr\u00f6\u00dferen Jackpot oder den maximalen Gewinn gewinnen. Diese Jackpots werden als besondere \u00dcberraschungen im Spiel vergeben.<\/p>\n<p>Die Essenz des Spiels besteht darin, den gr\u00f6\u00dften Geldbetrag zu erhalten &#8211; den Grand Jackpot. Es ist tausendmal mehr als die urspr\u00fcngliche Menge. Aber dazu muss das gesamte Feld mit speziellen Bildern gef\u00fcllt werden. Letztendlich kann der Spieler viel Geld bekommen. Der Jackpot kann zus\u00e4tzlich zu verschiedenen Preisen sein.<\/p>\n<p>Wir sehen, dass der Spielautomat die echte chinesische Atmosph\u00e4re vermittelt. Es wird durch spezielle Bilder \u00fcbertragen, die auf dem Spielfeld zu finden sind. Sie sehen Bilder von:<\/p>\n<ul>\n<li>Drachen,<\/li>\n<li>Drachenschildkr\u00f6ten,<\/li>\n<li>Koifisch,<\/li>\n<li>Chinesische Ph\u00f6nixe,<\/li>\n<li>m\u00e4chtige goldene Bonussymbole mit feurigen Sonnenbildern.<\/li>\n<\/ul>\n<p>Wie bereits erw\u00e4hnt, ist der Slot mit modernen und komfortablen Funktionen ausgestattet. Sie k\u00f6nnen das Gameplay beschleunigen, das Spielfeld auf dem Monitor vergr\u00f6\u00dfern und die Volatilit\u00e4t \u00fcberwachen. Sie k\u00f6nnen auch die \u201eKaufen\u201c-Funktion nutzen. Mit seiner Hilfe wird eine spezielle Zusatzperiode \u201eHold the Jackpot\u201c aktiviert. Sie k\u00f6nnen es jederzeit aktivieren.<\/p>\n<h2>FAQ<\/h2>\n<h3>Wie gewinnt man Geld?<\/h3>\n<p>Um auf den 16 unabh\u00e4ngigen 4&#215;4-Walzen im Standardspiel zu gewinnen, m\u00fcssen Sie acht identische Symbole treffen. Wild kann jedes Bild ersetzen, aber kein spezielles.<\/p>\n<h3>Gibt es einen Jackpot?<\/h3>\n<p>Der gr\u00f6\u00dfte Einzelgewinn ist der Grand Jackpot, der den Einsatz um das bis zu 1000-fache erh\u00f6ht. Um einen solchen Gewinn zu erzielen, muss das gesamte Spielfeld in speziellen Bildern sein. Aber das ist noch nicht alles \u2013 es sollte beachtet werden, dass getroffene Jackpots zu anderen Gewinnen hinzugerechnet werden!<\/p>\n<h3>Was sind die Sonderzeichen?<\/h3>\n<p>Bonussymbole garantieren Gewinne in unterschiedlicher H\u00f6he und Sie k\u00f6nnen auch Jackpots in verschiedenen Gr\u00f6\u00dfen gewinnen.<\/p>\n<p><strong>Lesen Sie auch \u00fcber:<\/strong><\/p>\n<ul>\n<li><a href=\"https:\/\/rocketplay-game.com\/de\/slots\/cash-pig\/\">Cash Pig<\/a><\/li>\n<li><a href=\"https:\/\/rocketplay-game.com\/de\/slots\/elvis-frog-vegas\/\">Elvis Frog In Vegas<\/a><\/li>\n<\/ul>\n","protected":false},"excerpt":{"rendered":"<p>Der Sch\u00f6pfer von Online-Spielen \u2013 das Unternehmen Wazdan hat seine Kreation ver\u00f6ffentlicht, die es den Benutzern erm\u00f6glicht, um den Jackpot zu k\u00e4mpfen. Das Rocket Play Sun of Fortune-Slot-Special wird ausgel\u00f6st, wenn mehrere Spezialbilder als Kombination erscheinen. Davon sollten es mindestens 6 sein. F\u00fcr den Fall, dass weniger Bilder erscheinen, \u00e4ndert sich nichts. Dann wird eine&#8230;<\/p>\n","protected":false},"author":1,"featured_media":0,"parent":1954,"menu_order":0,"comment_status":"closed","ping_status":"closed","template":"page-with-slot.php","meta":{"_acf_changed":false,"_kad_post_transparent":"default","_kad_post_title":"default","_kad_post_layout":"default","_kad_post_sidebar_id":"","_kad_post_content_style":"default","_kad_post_vertical_padding":"default","_kad_post_feature":"","_kad_post_feature_position":"","_kad_post_header":false,"_kad_post_footer":false,"footnotes":""},"class_list":["post-2225","page","type-page","status-publish","hentry"],"acf":[],"rttpg_featured_image_url":null,"rttpg_author":{"display_name":"Tom","author_link":"https:\/\/rocketplay-game.com\/de\/author\/pemvas95n89x\/"},"rttpg_comment":0,"rttpg_category":null,"rttpg_excerpt":"Der Sch\u00f6pfer von Online-Spielen \u2013 das Unternehmen Wazdan hat seine Kreation ver\u00f6ffentlicht, die es den Benutzern erm\u00f6glicht, um den Jackpot zu k\u00e4mpfen. Das Rocket Play Sun of Fortune-Slot-Special wird ausgel\u00f6st, wenn mehrere Spezialbilder als Kombination erscheinen. Davon sollten es mindestens 6 sein. F\u00fcr den Fall, dass weniger Bilder erscheinen, \u00e4ndert sich nichts. Dann wird eine...","_links":{"self":[{"href":"https:\/\/rocketplay-game.com\/de\/wp-json\/wp\/v2\/pages\/2225","targetHints":{"allow":["GET"]}}],"collection":[{"href":"https:\/\/rocketplay-game.com\/de\/wp-json\/wp\/v2\/pages"}],"about":[{"href":"https:\/\/rocketplay-game.com\/de\/wp-json\/wp\/v2\/types\/page"}],"author":[{"embeddable":true,"href":"https:\/\/rocketplay-game.com\/de\/wp-json\/wp\/v2\/users\/1"}],"replies":[{"embeddable":true,"href":"https:\/\/rocketplay-game.com\/de\/wp-json\/wp\/v2\/comments?post=2225"}],"version-history":[{"count":2,"href":"https:\/\/rocketplay-game.com\/de\/wp-json\/wp\/v2\/pages\/2225\/revisions"}],"predecessor-version":[{"id":2227,"href":"https:\/\/rocketplay-game.com\/de\/wp-json\/wp\/v2\/pages\/2225\/revisions\/2227"}],"up":[{"embeddable":true,"href":"https:\/\/rocketplay-game.com\/de\/wp-json\/wp\/v2\/pages\/1954"}],"wp:attachment":[{"href":"https:\/\/rocketplay-game.com\/de\/wp-json\/wp\/v2\/media?parent=2225"}],"curies":[{"name":"wp","href":"https:\/\/api.w.org\/{rel}","templated":true}]}}