{"id":2233,"date":"2022-08-11T21:12:04","date_gmt":"2022-08-11T18:12:04","guid":{"rendered":"https:\/\/rocketplay-game.com\/cashback\/"},"modified":"2022-10-29T14:52:46","modified_gmt":"2022-10-29T11:52:46","slug":"cashback","status":"publish","type":"page","link":"https:\/\/rocketplay-game.com\/de\/cashback\/","title":{"rendered":"RocketPlay-Casino-Cashback"},"content":{"rendered":"<p><img loading=\"lazy\" decoding=\"async\" class=\" wp-image-316 aligncenter\" src=\"https:\/\/rocketplay-game.com\/wp-content\/uploads\/2022\/08\/what-is-a-casino-cashback-300x100.jpg\" alt=\"cashback\" width=\"612\" height=\"204\" srcset=\"https:\/\/rocketplay-game.com\/wp-content\/uploads\/2022\/08\/what-is-a-casino-cashback-300x100.jpg 300w, https:\/\/rocketplay-game.com\/wp-content\/uploads\/2022\/08\/what-is-a-casino-cashback-768x256.jpg 768w, https:\/\/rocketplay-game.com\/wp-content\/uploads\/2022\/08\/what-is-a-casino-cashback.jpg 827w\" sizes=\"auto, (max-width: 612px) 100vw, 612px\" \/><\/p>\n<p>Der Cashback-Bonus von Casino <a href=\"https:\/\/rocketplay-game.com\/de\">RocketPlay<\/a> ist einer der angenehmen Casino-Boni, die nicht so sehr von neuen Benutzern als von erfahrenen Spielern erhalten werden k\u00f6nnen. Cashback wird schlie\u00dflich nur jenen Spielern gutgeschrieben, die ein regul\u00e4res Spiel um echtes Geld bevorzugen, und dabei spielt es keine Rolle, ob es sich bei den Nutzern um Low Roller oder High Roller handelt. Die H\u00f6he des Cashbacks h\u00e4ngt jedoch von dem Betrag ab, den der Benutzer in dem Automatenspiel um echtes Geld spielt.<\/p>\n<p>Daher ist Cashback ein notwendiger Bonus f\u00fcr diejenigen Benutzer, die einen Teil ihres Geldes oder ihr gesamtes Einzahlungsgeld verloren haben und bereit sind, das Spiel f\u00fcr echtes Geld zu beenden. RocketPlay-Casino-Cashback-Benutzer k\u00f6nnen immer wieder auf die offizielle Casino-Website zur\u00fcckkehren, um neue Herausforderungen und Einf\u00fchrungen in die RocketPlay-Sammlung von Online-Gl\u00fccksspielen zu erhalten.<\/p>\n<h2>Wie verwende ich Cashback?<\/h2>\n<p>Obwohl sich neue Benutzer sofort auf das private Bonuspaket st\u00fcrzen, ist dies nicht die einzige angenehme \u00dcberraschung f\u00fcr erfahrene Online-Spieler. Neben dem privaten Paket mit einem Bonus von 100 % und 100 <a href=\"https:\/\/rocketplay-game.com\/de\/free-spins\/\">Freispielen<\/a> hat der Nutzer Zugriff auf w\u00f6chentliches Cashback. Cashback Online Casino RocketPlay an alle Benutzer, aber nicht alle Benutzer k\u00f6nnen ein so einzigartiges Angebot voll aussch\u00f6pfen. Darum geht es doch?<\/p>\n<p>Zuallererst m\u00fcssen Sie daran denken, dass die offizielle Website des Online-Casinos nur in einer Sprache verf\u00fcgbar ist \u2013 Englisch, was praktisch ist. Eine Sprache muss nicht ge\u00e4ndert werden und die Website ist f\u00fcr die gr\u00f6\u00dften Benutzer weltweit zug\u00e4nglich. Dann hat der Benutzer nach der Registrierung ein pers\u00f6nliches Konto mit einem Spielkonto.<\/p>\n<p>Die Registrierung erfolgt sofort, Sie m\u00fcssen nur den Abschluss des Registrierungsverfahrens best\u00e4tigen, indem Sie dem Link folgen, der sich im Brief des Casinos in Ihrer pers\u00f6nlichen Post befindet. Bis zu 14 Tage sind f\u00fcr die \u00dcberpr\u00fcfung vorgesehen, bei der der Benutzer eine Kopie eines Dokuments senden muss, das die Identit\u00e4t des Benutzers als echte Person best\u00e4tigt. Dann beginnt das Spiel um echtes Geld, was eine Garantie daf\u00fcr ist, dass Sie Ihren ersten Cashback auf der RocketPlay-Casino-Website erhalten.<\/p>\n<p>RocketPlay Online-Casino-Cashback wird gem\u00e4\u00df dem Treueprogramm des Casinos berechnet. Es gibt 10 Spielerstatus, von denen jeder Zugriff auf bestimmte Privilegien gew\u00e4hrt. Wenn es Bronze ist, dann hat der Benutzer regelm\u00e4\u00dfig 10 Freispiele, was als Geschenk gez\u00e4hlt wird. W\u00e4hrend Silver die H\u00f6he des Cashbacks auf bis zu 3% der eingezahlten Geldsumme erh\u00f6ht, musste in einer Woche und intensivem Spielen verschiedener Online-Spiele in Echtzeit Geld verloren werden.<\/p>\n<p>Der gr\u00f6\u00dfte Cashback-Betrag kann erhalten werden, wenn der Benutzer das Diamond Legend-Level erreicht, obwohl er 15% betr\u00e4gt. Was bleibt gleich? Cashback wird jeden Montag ausgezahlt, Einsatz &#8211; x5.<\/p>\n<h2>Cashback-Bonus abheben<\/h2>\n<p>Wenn es um Cashback im Bitcoin-Casino RocketPlay geht, ist Cashback das gesamte Bonusangebot, daher geben sich die Benutzer besonders ein wenig M\u00fche, um diese gute Pr\u00e4mie aus dem Casino-Bonus zu erhalten. Dieser Bonus wird zusammen mit dem x5-Einsatz berechnet, also muss er erf\u00fcllt werden. Dieser Cashback-Betrag ist gem\u00e4\u00df den Bedingungen seines Erhalts und anderweitig erforderlich. Wetten disziplinieren oft nicht nur RocketPlay-Benutzer, sondern auch ihren unbestreitbaren Versuch.<\/p>\n<p>Der Benutzer w\u00e4hlt die Zahlungsmethode zum Auff\u00fcllen des Spielkontos und zum Abheben von Geldern in der Phase der Registrierung, genauer gesagt, wenn er zum ersten Mal seine erste Einzahlung t\u00e4tigt. Es gibt ein Limit, wie viel Geld ein Spieler w\u00e4hrend eines Monats von seinem Konto abheben kann.<\/p>\n<p>Nur diejenigen Benutzer, die den VIP-Status erreicht haben, sind von den Einschr\u00e4nkungen nicht betroffen, sodass sie so viel abheben k\u00f6nnen, wie sie es geschafft haben, Spielautomaten oder andere Online-Gl\u00fccksspiele um echtes Geld zu spielen. Sie k\u00f6nnen die W\u00e4hrung ausw\u00e4hlen, die der Benutzer verwenden wird, um um echtes Geld zu spielen, wenn Sie sich registrieren und ein neues RocketPlay-Konto erstellen.<\/p>\n<p><img loading=\"lazy\" decoding=\"async\" class=\" wp-image-317 aligncenter\" src=\"https:\/\/rocketplay-game.com\/wp-content\/uploads\/2022\/08\/cashback-300x99.jpg\" alt=\"cashback rocketplay\" width=\"673\" height=\"222\" srcset=\"https:\/\/rocketplay-game.com\/wp-content\/uploads\/2022\/08\/cashback-300x99.jpg 300w, https:\/\/rocketplay-game.com\/wp-content\/uploads\/2022\/08\/cashback-1024x336.jpg 1024w, https:\/\/rocketplay-game.com\/wp-content\/uploads\/2022\/08\/cashback-768x252.jpg 768w, https:\/\/rocketplay-game.com\/wp-content\/uploads\/2022\/08\/cashback.jpg 1200w\" sizes=\"auto, (max-width: 673px) 100vw, 673px\" \/><\/p>\n<h2>FAQ<\/h2>\n<h3>Was sind die 10 Levels von Spielern, die im Casino-Treueprogramm ausgegeben werden, unter welchen Bedingungen k\u00f6nnen Sie Cashback und verschiedene Boni erhalten?<\/h3>\n<p>In Bezug auf das Casino-Treueprogramm gibt es 10 Spielerstatus, die seinen Aufenthalt auf der Casino-Website noch sch\u00f6ner machen k\u00f6nnen. Schlie\u00dflich erh\u00e4lt der Nutzer mit jedem neuen Level immer mehr Freispiele geschenkt. Beginnend mit Bronze, Silver, Golden, Platinum, Diamond, Silver Legend erh\u00e4lt der Benutzer 15 bis 300 Freispiele an Slots, die in der Standardsammlung von Online-Gl\u00fccksspielen pr\u00e4sentiert werden. Der Cashback steigt von 3 % auf 10 %. Auf der Stufe Golden Legend steigt der Cashback auf 12%, aber keine Bonusse ohne Einzahlung als Geschenk. Platinum Legend, Diamond Legend erh\u00f6hen den Cashback-Betrag auf 13 % bzw. 15 % und wieder alle Freispiele.<\/p>\n<h3>Hat das Casino eine mobile Version?<\/h3>\n<p>Um das Spiel um echtes Geld f\u00fcr diejenigen Benutzer zu vereinfachen, die noch nicht zum ersten Mal Online-Gl\u00fccksspiele gespielt haben, bietet das Casino ihnen an, eine mobile Anwendung herunterzuladen. Die mobile Anwendung kann jedoch von allen Benutzern heruntergeladen werden, die Slots oder andere Online-Gl\u00fccksspiele um echtes Geld spielen m\u00f6chten. Dar\u00fcber hinaus erh\u00e4lt der Benutzer f\u00fcr das Herunterladen der mobilen Anwendung zus\u00e4tzliche kostenlose Drehungen der Walzen in bestimmten Spielautomaten, was ein Bonus und ein gro\u00dfartiger Start ist, um um echtes Geld zu spielen. Benutzer von Ger\u00e4ten, die auf Android und iOS basieren, k\u00f6nnen die mobile Anwendung auf der offiziellen Website des Online-Casinos herunterladen. Es sollte jedoch ber\u00fccksichtigt werden, dass der mobilen Version einige Funktionen fehlen, sodass der Gebler die Nutzung der Vollversion der RocketPlay-Website nicht vollst\u00e4ndig ablehnen sollte.<\/p>\n","protected":false},"excerpt":{"rendered":"<p>Der Cashback-Bonus von Casino RocketPlay ist einer der angenehmen Casino-Boni, die nicht so sehr von neuen Benutzern als von erfahrenen Spielern erhalten werden k\u00f6nnen. Cashback wird schlie\u00dflich nur jenen Spielern gutgeschrieben, die ein regul\u00e4res Spiel um echtes Geld bevorzugen, und dabei spielt es keine Rolle, ob es sich bei den Nutzern um Low Roller oder&#8230;<\/p>\n","protected":false},"author":1,"featured_media":0,"parent":0,"menu_order":0,"comment_status":"closed","ping_status":"closed","template":"","meta":{"_acf_changed":false,"_kad_post_transparent":"default","_kad_post_title":"default","_kad_post_layout":"default","_kad_post_sidebar_id":"","_kad_post_content_style":"default","_kad_post_vertical_padding":"default","_kad_post_feature":"","_kad_post_feature_position":"","_kad_post_header":false,"_kad_post_footer":false,"footnotes":""},"class_list":["post-2233","page","type-page","status-publish","hentry"],"acf":[],"rttpg_featured_image_url":null,"rttpg_author":{"display_name":"Tom","author_link":"https:\/\/rocketplay-game.com\/de\/author\/pemvas95n89x\/"},"rttpg_comment":0,"rttpg_category":null,"rttpg_excerpt":"Der Cashback-Bonus von Casino RocketPlay ist einer der angenehmen Casino-Boni, die nicht so sehr von neuen Benutzern als von erfahrenen Spielern erhalten werden k\u00f6nnen. Cashback wird schlie\u00dflich nur jenen Spielern gutgeschrieben, die ein regul\u00e4res Spiel um echtes Geld bevorzugen, und dabei spielt es keine Rolle, ob es sich bei den Nutzern um Low Roller oder...","_links":{"self":[{"href":"https:\/\/rocketplay-game.com\/de\/wp-json\/wp\/v2\/pages\/2233","targetHints":{"allow":["GET"]}}],"collection":[{"href":"https:\/\/rocketplay-game.com\/de\/wp-json\/wp\/v2\/pages"}],"about":[{"href":"https:\/\/rocketplay-game.com\/de\/wp-json\/wp\/v2\/types\/page"}],"author":[{"embeddable":true,"href":"https:\/\/rocketplay-game.com\/de\/wp-json\/wp\/v2\/users\/1"}],"replies":[{"embeddable":true,"href":"https:\/\/rocketplay-game.com\/de\/wp-json\/wp\/v2\/comments?post=2233"}],"version-history":[{"count":2,"href":"https:\/\/rocketplay-game.com\/de\/wp-json\/wp\/v2\/pages\/2233\/revisions"}],"predecessor-version":[{"id":2235,"href":"https:\/\/rocketplay-game.com\/de\/wp-json\/wp\/v2\/pages\/2233\/revisions\/2235"}],"wp:attachment":[{"href":"https:\/\/rocketplay-game.com\/de\/wp-json\/wp\/v2\/media?parent=2233"}],"curies":[{"name":"wp","href":"https:\/\/api.w.org\/{rel}","templated":true}]}}