{"id":2346,"date":"2022-08-11T20:58:28","date_gmt":"2022-08-11T17:58:28","guid":{"rendered":"https:\/\/rocketplay-game.com\/no-deposit-bonus\/"},"modified":"2022-10-29T17:38:43","modified_gmt":"2022-10-29T14:38:43","slug":"no-deposit-bonus","status":"publish","type":"page","link":"https:\/\/rocketplay-game.com\/de\/no-deposit-bonus\/","title":{"rendered":"RocketPlay Bonuscodes ohne Einzahlung 2023"},"content":{"rendered":"<p><img loading=\"lazy\" decoding=\"async\" class=\" wp-image-305 aligncenter\" src=\"https:\/\/rocketplay-game.com\/wp-content\/uploads\/2022\/08\/different-types-of-bitcoin-casino-no-deposit-bonuses-300x156.jpg\" alt=\"no deposit bonus\" width=\"563\" height=\"293\" srcset=\"https:\/\/rocketplay-game.com\/wp-content\/uploads\/2022\/08\/different-types-of-bitcoin-casino-no-deposit-bonuses-300x156.jpg 300w, https:\/\/rocketplay-game.com\/wp-content\/uploads\/2022\/08\/different-types-of-bitcoin-casino-no-deposit-bonuses-1024x531.jpg 1024w, https:\/\/rocketplay-game.com\/wp-content\/uploads\/2022\/08\/different-types-of-bitcoin-casino-no-deposit-bonuses-768x398.jpg 768w, https:\/\/rocketplay-game.com\/wp-content\/uploads\/2022\/08\/different-types-of-bitcoin-casino-no-deposit-bonuses.jpg 1170w\" sizes=\"auto, (max-width: 563px) 100vw, 563px\" \/><\/p>\n<p>Neue Benutzer und erfahrene Spieler des <a href=\"https:\/\/rocketplay-game.com\/de\">RocketPlay<\/a> Casinos k\u00f6nnen nur f\u00fcr bestimmte Aktionen einen Bonus ohne Einzahlung 2023 erhalten. Wenn wir \u00fcber einen Bonus ohne Einzahlung sprechen, dann werden wirklich keine Einzahlungsgelder ben\u00f6tigt, um das Bonusangebot zu erhalten. Eine andere Situation besteht in der Aktivierung eines Bonusangebots, daher m\u00fcssen Sie immer noch eine Einzahlung auf das Spielkonto vornehmen, aber f\u00fcr einen anderen Zweck.<\/p>\n<p>Ziemlich oft kooperieren Online-Casinos mit anderen Websites im Bereich des Gl\u00fccksspiels und bieten zus\u00e4tzliche Aktionscodes oder Bonuscodes an. Diese Bonuscodes werden ben\u00f6tigt, um zus\u00e4tzliches Geld oder Freispiele an Spielautomaten zu erhalten.<\/p>\n<h2>Wie bekomme ich einen Bonus ohne Einzahlung?<\/h2>\n<p>RocketPlay Bonus ohne Einzahlung wird gesendet, wenn der Benutzer alle Bedingungen f\u00fcr seinen Erhalt erf\u00fcllt. Worum geht es? Der allererste Bonus, f\u00fcr den Sie Ihr Spielkonto nicht aufladen m\u00fcssen, ist ein Registrierungsbonus.<\/p>\n<p>Das Interessanteste ist, dass es mehrere solcher Boni gibt, wenn Sie auf Bonuscodes ohne Einzahlung im RocketPlay Casino ohne Einzahlungsbonuscodes sto\u00dfen. Schlie\u00dflich k\u00f6nnen Sie nur f\u00fcr die Erstellung eines Kontos auf der <a href=\"https:\/\/rocketplay-game.com\/de\/casino\/\">Casino<\/a>-Website zus\u00e4tzliche 25 Freispiele mit einem Einsatz von 50xV erhalten, aber Sie m\u00fcssen den Promo-Code ROCKET in die Spalte eingeben.<\/p>\n<p>Wenn es keinen solchen Aktionscode gibt oder es nicht m\u00f6glich war, ihn einzugeben, \u00e4rgern Sie sich nicht. Immerhin ist der Willkommensbonus ein ziemlich gro\u00dfz\u00fcgiger Willkommensbonus f\u00fcr neue Benutzer. Nur f\u00fcr die Erstellung eines neuen Kontos wird der Benutzer sofort Besitzer eines Bonus in H\u00f6he von 300% und 100 Freispielen. Nicht weniger interessant ist der Bonus von 100% und 100 Freispielen.<\/p>\n<p>Trotz der Tatsache, dass diese Bonusse wirklich ohne Einzahlung sind, sollte ber\u00fccksichtigt werden, dass registrierte Benutzer immer noch bestimmte Verpflichtungen gegen\u00fcber dem Online-Casino haben. Daher muss der Bonus ohne Einzahlung innerhalb eines bestimmten Zeitraums gespielt werden. Das Verfahren zur Aktivierung solcher Boni beinhaltet die Einzahlung von Geldern auf ein Spielkonto und deren Verwendung, um um echtes Geld zu spielen.<\/p>\n<p>Nat\u00fcrlich kann der Benutzer seine ersten Schritte im Bereich des Gl\u00fccksspiels unternehmen, ohne Einzahlungsmittel oder eigene Ersparnisse zu verwenden, da f\u00fcr diese Bed\u00fcrfnisse der kostenlose RocketPlay-Casinobonus ohne Einzahlung verwendet werden kann. Der Spieler ben\u00f6tigt Einzahlungsgelder, da davon ausgegangen wird, dass er sein Spiel um echtes Geld fortsetzt.<\/p>\n<h2>Andere RocketPlay-Boni<\/h2>\n<p>Der kostenlose Bonus ohne Einzahlung des RocketPlay-Casinos ist nicht der einzige Grund f\u00fcr eine dringende Registrierung auf der Online-Casino-Website. Schlie\u00dflich trauen sich viele Online-Casino-Benutzer m\u00f6glicherweise nicht, um echtes Geld zu spielen. W\u00e4hrend ein Bonus ohne Einzahlung ein ausreichender Grund sein kann, das Registrierungsverfahren zu durchlaufen und das Konto zu verifizieren, das gerade auf der Online-Casino-Website erstellt wurde. Was k\u00f6nnte besser sein als ein Bonus ohne Einzahlung? Noch ein paar Boni ohne Einzahlung.<\/p>\n<p>Was sind die RocketPlay-Boni? Auf der Online-Casino-Website k\u00f6nnen Sie ziemlich viele Boni in Form von Freispielen erhalten. Freispiele der Walzen im Spielautomaten k\u00f6nnen erhalten werden, wenn der Benutzer die mobile Anwendung erfolgreich auf sein Telefon herunterl\u00e4dt und damit um Bonusgelder oder echtes Geld spielt.<\/p>\n<p>Der Grund f\u00fcr den Erhalt des gleichen RocketPlay Casino Bonus ohne Einzahlung 2023, aber mit mehr Freispielen, ist das \u00fcbliche Registrierungsverfahren. Schlie\u00dflich wird ein registrierter Benutzer mit hoher Wahrscheinlichkeit mindestens einmal Slots um echtes Geld spielen, bevor er auf dieses Vergn\u00fcgen verzichtet.<\/p>\n<p><img loading=\"lazy\" decoding=\"async\" class=\" wp-image-306 aligncenter\" src=\"https:\/\/rocketplay-game.com\/wp-content\/uploads\/2022\/08\/cashback_1300x640_2-300x148.png\" alt=\"no deposit bonuses rocketplay\" width=\"557\" height=\"275\" srcset=\"https:\/\/rocketplay-game.com\/wp-content\/uploads\/2022\/08\/cashback_1300x640_2-300x148.png 300w, https:\/\/rocketplay-game.com\/wp-content\/uploads\/2022\/08\/cashback_1300x640_2-1024x504.png 1024w, https:\/\/rocketplay-game.com\/wp-content\/uploads\/2022\/08\/cashback_1300x640_2-768x378.png 768w, https:\/\/rocketplay-game.com\/wp-content\/uploads\/2022\/08\/cashback_1300x640_2.png 1300w\" sizes=\"auto, (max-width: 557px) 100vw, 557px\" \/><\/p>\n<h2>FAQ<\/h2>\n<h3>Wenn kein Einzahlungsbonus Australien bei RocketPlay \u00fcblich ist, gibt es dann Einzahlungsboni?<\/h3>\n<p>Neue Benutzer k\u00f6nnen auch einen Bonus f\u00fcr ihre erste Einzahlung erhalten, aber daf\u00fcr m\u00fcssen Sie einen Promo-Code eingeben. Zumindest gibt es wirklich so einen RocketPlay No Deposit Bonus Australien. Schlie\u00dflich ist es ein ziemlich ernster Schritt &#8211; Ihre erste Einzahlung zu t\u00e4tigen. Dar\u00fcber hinaus ist es praktisch unm\u00f6glich, Boni ohne Einzahlung zu aktivieren, ohne eine Einzahlung zu t\u00e4tigen. Daher ist das Einzahlen von Geldern eine Frage der Zeit f\u00fcr diejenigen Benutzer, die es immer noch gewagt haben, sich auf der Online-Casino-Website zu registrieren und planen, ein ernsthaftes Spiel um echtes Geld zu starten, egal wie leichtfertig Online-Unterhaltung Online-Gl\u00fccksspiele auch sein m\u00f6gen.<\/p>\n<h3>Ist es m\u00f6glich, die mobile Anwendung herunterzuladen?<\/h3>\n<p>Alle Benutzer, die sich gerade auf der Online-Casino-Website registriert haben oder eine Registrierung planen, haben Zugriff auf die bequemere mobile Version des Casinos. Sie m\u00fcssen jedoch die Vollversion des Online-Casinos verwenden, da die mobile Version des Casinos nur eingeschr\u00e4nkte Funktionen hat. Die mobile Online-Casino-App ist f\u00fcr Echtgeldspiele rund um die Uhr konzipiert.<\/p>\n<h3>Hat die Casino-Website einen vollen Willkommensbonus?<\/h3>\n<p>Den Willkommensbonus oder Registrierungsbonus k\u00f6nnen ausnahmslos alle Casino-Benutzer erhalten, die gerade den Registrierungsvorgang abgeschlossen haben. Registrierung bedeutet, ein Konto auf der Casino-Website zu erstellen, jedoch noch ohne Kontoverifizierung. Der Nutzer gibt pers\u00f6nliche Daten in ein spezielles Registrierungsformular ein. Der Benutzer muss eine Telefonnummer und E-Mail eingeben. Eine E-Mail mit einem Link zur Best\u00e4tigung der Erstellung eines neuen Kontos wird an Ihre pers\u00f6nliche E-Mail-Adresse gesendet.<\/p>\n<h3>Gibt es ein kostenloses Slot-Spiel?<\/h3>\n<p>Sie k\u00f6nnen auf der Online-Casino-Website v\u00f6llig kostenlos spielen, m\u00fcssen daf\u00fcr aber kein einfaches Registrierungsverfahren durchlaufen. Das Spielkonto muss nicht aufgeladen werden. Das hei\u00dft, der Benutzer sollte keinerlei Verpflichtungen gegen\u00fcber dem Casino eingehen. Dazu reicht es aus, die Demoversion von Spielautomaten mit einigen Walzen und Gewinnlinien zu betreten, wenn der Benutzer vorher keine Erfahrung mit dem Spielen um echtes Geld hat, und Online-Gl\u00fccksspiele zu spielen.<\/p>\n","protected":false},"excerpt":{"rendered":"<p>Neue Benutzer und erfahrene Spieler des RocketPlay Casinos k\u00f6nnen nur f\u00fcr bestimmte Aktionen einen Bonus ohne Einzahlung 2023 erhalten. Wenn wir \u00fcber einen Bonus ohne Einzahlung sprechen, dann werden wirklich keine Einzahlungsgelder ben\u00f6tigt, um das Bonusangebot zu erhalten. Eine andere Situation besteht in der Aktivierung eines Bonusangebots, daher m\u00fcssen Sie immer noch eine Einzahlung auf&#8230;<\/p>\n","protected":false},"author":1,"featured_media":0,"parent":0,"menu_order":0,"comment_status":"closed","ping_status":"closed","template":"","meta":{"_acf_changed":false,"_kad_post_transparent":"default","_kad_post_title":"default","_kad_post_layout":"default","_kad_post_sidebar_id":"","_kad_post_content_style":"default","_kad_post_vertical_padding":"default","_kad_post_feature":"","_kad_post_feature_position":"","_kad_post_header":false,"_kad_post_footer":false,"footnotes":""},"class_list":["post-2346","page","type-page","status-publish","hentry"],"acf":[],"rttpg_featured_image_url":null,"rttpg_author":{"display_name":"Tom","author_link":"https:\/\/rocketplay-game.com\/de\/author\/pemvas95n89x\/"},"rttpg_comment":0,"rttpg_category":null,"rttpg_excerpt":"Neue Benutzer und erfahrene Spieler des RocketPlay Casinos k\u00f6nnen nur f\u00fcr bestimmte Aktionen einen Bonus ohne Einzahlung 2023 erhalten. Wenn wir \u00fcber einen Bonus ohne Einzahlung sprechen, dann werden wirklich keine Einzahlungsgelder ben\u00f6tigt, um das Bonusangebot zu erhalten. Eine andere Situation besteht in der Aktivierung eines Bonusangebots, daher m\u00fcssen Sie immer noch eine Einzahlung auf...","_links":{"self":[{"href":"https:\/\/rocketplay-game.com\/de\/wp-json\/wp\/v2\/pages\/2346","targetHints":{"allow":["GET"]}}],"collection":[{"href":"https:\/\/rocketplay-game.com\/de\/wp-json\/wp\/v2\/pages"}],"about":[{"href":"https:\/\/rocketplay-game.com\/de\/wp-json\/wp\/v2\/types\/page"}],"author":[{"embeddable":true,"href":"https:\/\/rocketplay-game.com\/de\/wp-json\/wp\/v2\/users\/1"}],"replies":[{"embeddable":true,"href":"https:\/\/rocketplay-game.com\/de\/wp-json\/wp\/v2\/comments?post=2346"}],"version-history":[{"count":2,"href":"https:\/\/rocketplay-game.com\/de\/wp-json\/wp\/v2\/pages\/2346\/revisions"}],"predecessor-version":[{"id":2366,"href":"https:\/\/rocketplay-game.com\/de\/wp-json\/wp\/v2\/pages\/2346\/revisions\/2366"}],"wp:attachment":[{"href":"https:\/\/rocketplay-game.com\/de\/wp-json\/wp\/v2\/media?parent=2346"}],"curies":[{"name":"wp","href":"https:\/\/api.w.org\/{rel}","templated":true}]}}