{"id":2378,"date":"2022-08-11T20:40:03","date_gmt":"2022-08-11T17:40:03","guid":{"rendered":"https:\/\/rocketplay-game.com\/free-spins\/"},"modified":"2022-10-29T17:55:05","modified_gmt":"2022-10-29T14:55:05","slug":"free-spins","status":"publish","type":"page","link":"https:\/\/rocketplay-game.com\/de\/free-spins\/","title":{"rendered":"Profitieren Sie von unseren Freespins"},"content":{"rendered":"<p><img loading=\"lazy\" decoding=\"async\" class=\" wp-image-295 aligncenter\" src=\"https:\/\/rocketplay-game.com\/wp-content\/uploads\/2022\/08\/playamo-australia-review-why-should-you-play-on-playamo-casino-1-1-300x192.jpeg\" alt=\"free spins\" width=\"578\" height=\"370\" srcset=\"https:\/\/rocketplay-game.com\/wp-content\/uploads\/2022\/08\/playamo-australia-review-why-should-you-play-on-playamo-casino-1-1-300x192.jpeg 300w, https:\/\/rocketplay-game.com\/wp-content\/uploads\/2022\/08\/playamo-australia-review-why-should-you-play-on-playamo-casino-1-1-1024x656.jpeg 1024w, https:\/\/rocketplay-game.com\/wp-content\/uploads\/2022\/08\/playamo-australia-review-why-should-you-play-on-playamo-casino-1-1-768x492.jpeg 768w, https:\/\/rocketplay-game.com\/wp-content\/uploads\/2022\/08\/playamo-australia-review-why-should-you-play-on-playamo-casino-1-1-1536x983.jpeg 1536w, https:\/\/rocketplay-game.com\/wp-content\/uploads\/2022\/08\/playamo-australia-review-why-should-you-play-on-playamo-casino-1-1.jpeg 2048w\" sizes=\"auto, (max-width: 578px) 100vw, 578px\" \/><\/p>\n<p>Neue Benutzer von <a href=\"https:\/\/rocketplay-game.com\/de\">RocketPlay<\/a>-Casinobonus-Freispielen werden nicht f\u00fcr eine Einzahlung unterst\u00fctzt, sondern nur f\u00fcr das Durchlaufen des <a href=\"https:\/\/rocketplay-game.com\/de\/registration\/\">Registrierungsverfahrens<\/a> oder das Herunterladen der mobilen Anwendung &#8211; und beginnen, um echtes Geld zu spielen. Ziemlich oft finden Sie eine gro\u00dfe Liste von Boni ohne Einzahlung und Einzahlung auf der Website des Online-Casinos. Auf der RocketPlay-Website gibt es \u00fcberhaupt keine Einzahlungsboni, aber es gibt Boni ohne Einzahlung. Und der Bonus f\u00fcr das Herunterladen der mobilen Anwendung und die Registrierung ist derselbe.<\/p>\n<p>Allerdings kann nicht nur f\u00fcr die Registrierung erhalten werden. Regelm\u00e4\u00dfige Benutzer der Online-Casino-Website, die st\u00e4ndig Online-Gl\u00fccksspiele spielen und Eigent\u00fcmer von w\u00f6chentlichen und monatlichen Boni sind. Diese Boni motivieren die Benutzer erneut und kehren f\u00fcr neue Gewinne erneut zur Online-Casino-Website zur\u00fcck. Diejenigen Benutzer, die regelm\u00e4\u00dfig im Casino spielen, k\u00f6nnen einen neuen Spielerstatus erhalten, z. B. den VIP-Status. Mit dem VIP-Status tauchten nicht nur neue Verpflichtungen auf, sondern auch neue, nicht weniger angenehme Boni, zus\u00e4tzlich zu normalen Online-Casino-Benutzern.<\/p>\n<h2>Wie bekomme ich einen Freispielbonus?<\/h2>\n<p>RocketPlay-Freispiele sind f\u00fcr den Abschluss des Standardregistrierungsprozesses verf\u00fcgbar. Wenn es um Anmeldeboni geht, handelt es sich wirklich um Anmeldeboni. Das hei\u00dft, nach der Registrierung k\u00f6nnen Benutzer tats\u00e4chlich kostenlos Spielautomaten oder andere Online-Gl\u00fccksspiele spielen. Um sich zu entscheiden, um echtes Geld zu spielen, m\u00fcssen Sie zuerst mit den echten Boni spielen, die das Online-Casino gibt.<\/p>\n<p>Was muss ich tun, um den Registrierungsprozess abzuschlie\u00dfen? Nat\u00fcrlich ist es notwendig, pers\u00f6nliche Daten wie Telefonnummer und E-Mail in das Registrierungsformular einzugeben. Ein Brief mit einem individuellen Link zur Best\u00e4tigung des Registrierungsvorgangs wird an Ihre pers\u00f6nliche E-Mail gesendet. Neben der Registrierung gibt es auch ein Verifizierungsverfahren, das ebenfalls einfach wie die Registrierung ist, aber das Online-Casino verlangt, dass Sie eine Kopie eines Dokuments senden, das best\u00e4tigt, dass der Benutzer eine echte Person und kein Bot ist usw.<\/p>\n<p>Obwohl der Bonus durch ein einfaches Registrierungsverfahren erhalten werden kann, wie z. B. ein 300%-Bonus, auch Willkommensbonus genannt, ist es m\u00f6glich, einen Betrag von 20 EUR auf das allgemeine Konto einzuzahlen, um ihn zu aktivieren. Zus\u00e4tzlich zum 300%-Bonus erh\u00e4lt der Benutzer 100 Freispiele. Achten Sie unbedingt darauf, dass der Willkommensbonus nur einmal und nur von ihm erhalten werden kann. Boni unterscheiden sich nicht nur in den Merkmalen ihrer Aktivierung, sondern auch in ihrer G\u00fcltigkeitsdauer.<\/p>\n<h2>Arten von Freispielen<\/h2>\n<p>RocketPlay-Casino-Freispiele sind ein netter Bonus, obwohl Sie mit solchen Boni Slots kostenlos spielen k\u00f6nnen. Obwohl alle Freispiele frei drehende Walzen in Spielautomaten sind, gibt es kostenlose M\u00f6glichkeiten, sie zu erhalten. Sie unterscheiden sich in der Art und Weise, wie Sie Freispiele erhalten. Alles ist gut, einfach und klar.<\/p>\n<p>Wer erh\u00e4lt also tats\u00e4chlich Boni im RocketPlay-Freispiel-Casino?<\/p>\n<ul>\n<li>Sie k\u00f6nnen Bonus-Freispiele f\u00fcr das Herunterladen der mobilen Anwendung erhalten. Das hei\u00dft, Benutzer der mobilen RocketPlay-Online-Casino-Anwendung hinterlassen den Besitzern automatisch einen angenehmen Bonus f\u00fcr diese einfache Aktion.<\/li>\n<li>Neue Benutzer, die das Registrierungsverfahren abgeschlossen haben, bleiben automatisch Eigent\u00fcmer des Willkommensbonus mit zus\u00e4tzlichen 100 Freispielen. Wir geben ihnen hundert Freispiele f\u00fcr die Registrierung auf der Online-Casino-Website!<\/li>\n<li>Neue Benutzer und regelm\u00e4\u00dfige Spieler von RocketPlay Casino Free Spins No Deposit k\u00f6nnen nicht nur f\u00fcr die Aktion, sondern auch f\u00fcr das regelm\u00e4\u00dfige Spielen im Online-Casino verdienen. Es gibt keine Einzahlungsboni auf der Website, und Freispiele sind ein solcher Bonus.<\/li>\n<\/ul>\n<p>Freispiele k\u00f6nnen also einmalig, regelm\u00e4\u00dfig und individuell sein. Dies ist eine gute fiktive Aufschl\u00fcsselung der Freispiele, nur um zu sehen, dass es mehrere M\u00f6glichkeiten gibt, sie als RocketPlay-Benutzer auf der Online-Casino-Website zu erhalten.<\/p>\n<p><img loading=\"lazy\" decoding=\"async\" class=\" wp-image-296 aligncenter\" src=\"https:\/\/rocketplay-game.com\/wp-content\/uploads\/2022\/08\/freespin2-300x145.png\" alt=\"rocketplay freespin\" width=\"569\" height=\"275\" srcset=\"https:\/\/rocketplay-game.com\/wp-content\/uploads\/2022\/08\/freespin2-300x145.png 300w, https:\/\/rocketplay-game.com\/wp-content\/uploads\/2022\/08\/freespin2.png 516w\" sizes=\"auto, (max-width: 569px) 100vw, 569px\" \/><\/p>\n<h2>FAQ<\/h2>\n<h3>Sind RocketPlay Casino Freispiele Australien individuell oder Standard f\u00fcr alle neuen Benutzer und Stammspieler?<\/h3>\n<p>Auf der Casino-Website gibt es zahlreiche Arten von Boni, darunter Freispiele. Diese Freispiele k\u00f6nnen verwendet werden, um kostenlose Online-Gl\u00fccksspiele zu spielen. Obwohl die meisten dieser Boni Standard sind und von jedem registrierten Benutzer erhalten werden k\u00f6nnen, gibt es auch einen, der individuell f\u00fcr eine individuelle Leistung im Spiel berechnet wird. Alle registrierten Benutzer k\u00f6nnen sowohl individuelle als auch Standardboni in Form von Freispielen besitzen.<\/p>\n<h3>Wann k\u00f6nnen Sie 100 Freispiele f\u00fcr die Registrierung erhalten?<\/h3>\n<p>Ein solcher Bonus wird in Form eines Willkommensbonus berechnet. Nur neue Casino-Benutzer k\u00f6nnen Besitzer eines solchen Bonus werden. Dar\u00fcber hinaus k\u00f6nnen solche Boni nur einmal erhalten werden, daher ist es besser, sie voll auszunutzen. Zus\u00e4tzlich zu allen neuen Freispielen f\u00fcr ein angenehmes Slot-Spiel wird der Spieler automatisch Besitzer eines 300% Bonus. Zur Aktivierung ist eine Einzahlung erforderlich. Der auf das allgemeine Konto einzuzahlende Betrag betr\u00e4gt 20 EUR. Obwohl der Bonus keine Einzahlung ist, ben\u00f6tigt der Benutzer echtes Geld, um im Echtgeldspiel weiter voranzukommen.<\/p>\n<h3>Bonus f\u00fcr die Registrierung und das Herunterladen einer mobilen Anwendung \u2013 sind das unterschiedliche Boni?<\/h3>\n<p>Das sind nat\u00fcrlich zwei unterschiedliche Boni. Immerhin k\u00f6nnen jene Benutzer, die ein pers\u00f6nliches Konto auf der Online-Casino-Website haben, eine mobile Anwendung auch herunterladen \u2013 und ihren Download-Bonus erhalten. Benutzer, die den Registrierungsprozess noch nicht durchlaufen haben, k\u00f6nnen die mobile Anwendung herunterladen. Daher k\u00f6nnen sie nach dem Herunterladen der Anwendung auch einen Willkommensbonus von 300% f\u00fcr die Registrierung erhalten. Verpassen Sie nicht die Gelegenheit, Online-Gl\u00fccksspiele um echtes Geld zu spielen!<\/p>\n","protected":false},"excerpt":{"rendered":"<p>Neue Benutzer von RocketPlay-Casinobonus-Freispielen werden nicht f\u00fcr eine Einzahlung unterst\u00fctzt, sondern nur f\u00fcr das Durchlaufen des Registrierungsverfahrens oder das Herunterladen der mobilen Anwendung &#8211; und beginnen, um echtes Geld zu spielen. Ziemlich oft finden Sie eine gro\u00dfe Liste von Boni ohne Einzahlung und Einzahlung auf der Website des Online-Casinos. Auf der RocketPlay-Website gibt es \u00fcberhaupt&#8230;<\/p>\n","protected":false},"author":1,"featured_media":0,"parent":0,"menu_order":0,"comment_status":"closed","ping_status":"closed","template":"","meta":{"_acf_changed":false,"_kad_post_transparent":"default","_kad_post_title":"default","_kad_post_layout":"default","_kad_post_sidebar_id":"","_kad_post_content_style":"default","_kad_post_vertical_padding":"default","_kad_post_feature":"","_kad_post_feature_position":"","_kad_post_header":false,"_kad_post_footer":false,"footnotes":""},"class_list":["post-2378","page","type-page","status-publish","hentry"],"acf":[],"rttpg_featured_image_url":null,"rttpg_author":{"display_name":"Tom","author_link":"https:\/\/rocketplay-game.com\/de\/author\/pemvas95n89x\/"},"rttpg_comment":0,"rttpg_category":null,"rttpg_excerpt":"Neue Benutzer von RocketPlay-Casinobonus-Freispielen werden nicht f\u00fcr eine Einzahlung unterst\u00fctzt, sondern nur f\u00fcr das Durchlaufen des Registrierungsverfahrens oder das Herunterladen der mobilen Anwendung &#8211; und beginnen, um echtes Geld zu spielen. Ziemlich oft finden Sie eine gro\u00dfe Liste von Boni ohne Einzahlung und Einzahlung auf der Website des Online-Casinos. Auf der RocketPlay-Website gibt es \u00fcberhaupt...","_links":{"self":[{"href":"https:\/\/rocketplay-game.com\/de\/wp-json\/wp\/v2\/pages\/2378","targetHints":{"allow":["GET"]}}],"collection":[{"href":"https:\/\/rocketplay-game.com\/de\/wp-json\/wp\/v2\/pages"}],"about":[{"href":"https:\/\/rocketplay-game.com\/de\/wp-json\/wp\/v2\/types\/page"}],"author":[{"embeddable":true,"href":"https:\/\/rocketplay-game.com\/de\/wp-json\/wp\/v2\/users\/1"}],"replies":[{"embeddable":true,"href":"https:\/\/rocketplay-game.com\/de\/wp-json\/wp\/v2\/comments?post=2378"}],"version-history":[{"count":2,"href":"https:\/\/rocketplay-game.com\/de\/wp-json\/wp\/v2\/pages\/2378\/revisions"}],"predecessor-version":[{"id":2383,"href":"https:\/\/rocketplay-game.com\/de\/wp-json\/wp\/v2\/pages\/2378\/revisions\/2383"}],"wp:attachment":[{"href":"https:\/\/rocketplay-game.com\/de\/wp-json\/wp\/v2\/media?parent=2378"}],"curies":[{"name":"wp","href":"https:\/\/api.w.org\/{rel}","templated":true}]}}