{"id":2396,"date":"2022-05-15T16:51:32","date_gmt":"2022-05-15T13:51:32","guid":{"rendered":"https:\/\/rocketplay-game.com\/vip\/"},"modified":"2026-03-01T15:59:54","modified_gmt":"2026-03-01T12:59:54","slug":"vip","status":"publish","type":"page","link":"https:\/\/rocketplay-game.com\/de\/vip\/","title":{"rendered":"VIP-Programm bei RocketPlay"},"content":{"rendered":"<p>In den herausfordernden Zeiten, in denen die Welt, wie wir sie kennen, konfrontiert ist, ist es f\u00fcr Unternehmen wichtiger denn je, ein Umfeld f\u00fcr ihre Kunden zu schaffen, in dem sie sich wichtig und gesch\u00e4tzt f\u00fchlen. Typischerweise tun Online-Casinos dies durch spezielle Spielerprogramme, die virtuelle Events, Online-Lotterien und viele andere Casino-Aktionen und Boni beinhalten. Eines dieser Angebote ist das Rocket Play Casino VIP-Programm.<\/p>\n<p>F\u00fcr viele ist dieses Angebot etwas, von dem jeder schon einmal geh\u00f6rt, aber noch nie versucht hat. Wenn Sie ein echter Fan von Online-Casinos sind, k\u00f6nnen Sie individuelle Belohnungen erhalten. Das Rocket Play VIP-Programm des Online-Casinos bietet Ihnen viele Vorteile und Geschenke.<\/p>\n<p><img loading=\"lazy\" decoding=\"async\" class=\"alignnone wp-image-493 size-full\" style=\"text-align: center; font-family: var(--global-body-font-family);\" src=\"https:\/\/rocketplay-game.com\/wp-content\/uploads\/2022\/10\/vip-programs-rocketplay.png\" alt=\"vip programs rocketplay\" width=\"960\" height=\"400\" srcset=\"https:\/\/rocketplay-game.com\/wp-content\/uploads\/2022\/10\/vip-programs-rocketplay.png 960w, https:\/\/rocketplay-game.com\/wp-content\/uploads\/2022\/10\/vip-programs-rocketplay-300x125.png 300w, https:\/\/rocketplay-game.com\/wp-content\/uploads\/2022\/10\/vip-programs-rocketplay-768x320.png 768w\" sizes=\"auto, (max-width: 960px) 100vw, 960px\" \/><\/p>\n<h2>Die Vorteile, VIP zu werden<\/h2>\n<p>Das Rocket Play Casino VIP-Programm Australien funktioniert so, dass die Institution den Benutzern einen Bonus, zus\u00e4tzliche Runden und vieles mehr gibt. Unternehmen, die VIP-Programme f\u00fcr ihre Kunden entwickeln, haben ihre eigenen Kriterien, nach denen einem Spieler ein VIP-Status zugewiesen wird. Meistens basieren sie auf einem Punktesystem und regelm\u00e4\u00dfigen Einzahlungen in Form von vier- oder f\u00fcnfstelligen Betr\u00e4gen. Beginnen Sie regelm\u00e4\u00dfig zu wetten, sammeln Sie Spielpunkte und der Casino-Manager wird Sie kontaktieren, um Sie zum VIP-Programm einzuladen.<\/p>\n<p>Sie werden kaum jemanden finden, der ins Casino kommt, um zu verlieren. Auch wenn der Grund f\u00fcr den Besuch einer Gl\u00fccksspieleinrichtung nur der Spa\u00df ist, verfolgen alle Spieler nur eines \u2013 das Ziel, zu gewinnen. Leider ist es unm\u00f6glich, immer zu gewinnen; Andernfalls w\u00fcrden die Casinos geschlossen, wenn nicht jeden Tag, dann jeden zweiten Tag. Das Verlieren ist ein Teil des Spielprozesses, der richtig behandelt werden muss, insbesondere angesichts der Tatsache, dass die Casinos f\u00fcr diesen Fall einen hervorragenden mildernden Bonus bereitgestellt haben \u2013 Casino Cashback.<\/p>\n<p>Im Gegensatz zu anderen Boni, die f\u00fcr die Registrierung oder Promo-Codes bereitgestellt werden, ist dieser Bonus kumulativ. Dies ist ein wirklich sch\u00f6ner Bonus, der zeigt, dass das Casino versucht, die m\u00f6glichen negativen Auswirkungen des Verlierens abzumildern. Das einzige, woran Sie denken m\u00fcssen, um nicht entt\u00e4uscht zu werden, ist, die Bedingungen f\u00fcr den Erhalt dieses Bonus auf der Casino-Website zu lesen.<\/p>\n<h2>H\u00e4ufig gestellte Fragen zum Treueprogramm<\/h2>\n<h3>Wie werde ich Mitglied des Sonderangebots?<\/h3>\n<p>Je nach Level erh\u00e4lt der Casino-Kunde Geschenke. Zum Beispiel die Umkehrung von Geldern. Daf\u00fcr gibt es ein spezielles Angebot \u2013 das beste VIP-Programm von Rocket Play Casino. Jedes registrierte Mitglied erh\u00e4lt einen Eisenwert. Insgesamt sind es zehn. Es ist eine Art neues Level. Mit jedem von ihnen werden mehr Geschenke gemacht.<\/p>\n<h3>Welche Angebote gibt es f\u00fcr jedes Level?<\/h3>\n<p>Die zweite besteht aus 10 zus\u00e4tzlichen Runden. Am dritten \u2013 15., am Montag, betr\u00e4gt die Umkehrung 3 Prozent (x5). 4. \u2013 50 Runden, am Montag umgekehrt \u2013 5 Prozent (x5). 5. &#8211; 75 Runden, umgekehrt &#8211; 7 Prozent (x5). 6. \u2013 150 Runden, am Montag umgekehrt \u2013 9 Prozent (x5). 7. &#8211; 300 Runden, umgekehrt &#8211; 10 Prozent (x5). 8. &#8211; 12 Prozent umkehren, keine Einzahlung &#8211; 2.300 $. 9. Umkehrung -13 Prozent (x5), keine Einzahlung &#8211; 9.000 $. Die h\u00f6chste &#8211; umgekehrt &#8211; 15 Prozent, keine Einzahlung 22,5 Tausend Dollar<\/p>\n<h3>Welche Regeln gelten f\u00fcr den Empfang?<\/h3>\n<p>Runden werden nur in bestimmten Maschinen gegeben. F\u00fcr die Aktivierung sind f\u00fcnf Tage vorgesehen. Wette x20. Jede platzierte Wette gibt dem Kunden Punkte. Sie sind es, die helfen, die Ebenen zu erreichen.<\/p>\n","protected":false},"excerpt":{"rendered":"<p>In den herausfordernden Zeiten, in denen die Welt, wie wir sie kennen, konfrontiert ist, ist es f\u00fcr Unternehmen wichtiger denn je, ein Umfeld f\u00fcr ihre Kunden zu schaffen, in dem sie sich wichtig und gesch\u00e4tzt f\u00fchlen. Typischerweise tun Online-Casinos dies durch spezielle Spielerprogramme, die virtuelle Events, Online-Lotterien und viele andere Casino-Aktionen und Boni beinhalten. Eines&#8230;<\/p>\n","protected":false},"author":1,"featured_media":0,"parent":0,"menu_order":0,"comment_status":"closed","ping_status":"closed","template":"","meta":{"_acf_changed":false,"_kad_post_transparent":"default","_kad_post_title":"default","_kad_post_layout":"default","_kad_post_sidebar_id":"","_kad_post_content_style":"default","_kad_post_vertical_padding":"default","_kad_post_feature":"","_kad_post_feature_position":"","_kad_post_header":false,"_kad_post_footer":false,"footnotes":""},"class_list":["post-2396","page","type-page","status-publish","hentry"],"acf":[],"rttpg_featured_image_url":null,"rttpg_author":{"display_name":"Tom","author_link":"https:\/\/rocketplay-game.com\/de\/author\/pemvas95n89x\/"},"rttpg_comment":0,"rttpg_category":null,"rttpg_excerpt":"In den herausfordernden Zeiten, in denen die Welt, wie wir sie kennen, konfrontiert ist, ist es f\u00fcr Unternehmen wichtiger denn je, ein Umfeld f\u00fcr ihre Kunden zu schaffen, in dem sie sich wichtig und gesch\u00e4tzt f\u00fchlen. Typischerweise tun Online-Casinos dies durch spezielle Spielerprogramme, die virtuelle Events, Online-Lotterien und viele andere Casino-Aktionen und Boni beinhalten. Eines...","_links":{"self":[{"href":"https:\/\/rocketplay-game.com\/de\/wp-json\/wp\/v2\/pages\/2396","targetHints":{"allow":["GET"]}}],"collection":[{"href":"https:\/\/rocketplay-game.com\/de\/wp-json\/wp\/v2\/pages"}],"about":[{"href":"https:\/\/rocketplay-game.com\/de\/wp-json\/wp\/v2\/types\/page"}],"author":[{"embeddable":true,"href":"https:\/\/rocketplay-game.com\/de\/wp-json\/wp\/v2\/users\/1"}],"replies":[{"embeddable":true,"href":"https:\/\/rocketplay-game.com\/de\/wp-json\/wp\/v2\/comments?post=2396"}],"version-history":[{"count":3,"href":"https:\/\/rocketplay-game.com\/de\/wp-json\/wp\/v2\/pages\/2396\/revisions"}],"predecessor-version":[{"id":10306,"href":"https:\/\/rocketplay-game.com\/de\/wp-json\/wp\/v2\/pages\/2396\/revisions\/10306"}],"wp:attachment":[{"href":"https:\/\/rocketplay-game.com\/de\/wp-json\/wp\/v2\/media?parent=2396"}],"curies":[{"name":"wp","href":"https:\/\/api.w.org\/{rel}","templated":true}]}}