{"id":2433,"date":"2022-08-11T21:03:08","date_gmt":"2022-08-11T18:03:08","guid":{"rendered":"https:\/\/rocketplay-game.com\/welcome-offer\/"},"modified":"2022-10-29T18:52:48","modified_gmt":"2022-10-29T15:52:48","slug":"welcome-offer","status":"publish","type":"page","link":"https:\/\/rocketplay-game.com\/de\/welcome-offer\/","title":{"rendered":"Was ist ein Willkommensangebot?"},"content":{"rendered":"<p>Bestes Casino-Willkommensangebot <a href=\"https:\/\/rocketplay-game.com\/de\">Rocket Play<\/a> ist eine gro\u00dfartige Aussicht f\u00fcr potenzielle Spieler, um ihre Einzahlung aufzuf\u00fcllen, aber auch um eine solide Versorgung mit zus\u00e4tzlichen Perioden zu erhalten! Kein einziger Teilnehmer am Gameplay w\u00fcrde die Gelegenheit verpassen, ein paar Hilfsdrehungen zu ergattern, um den Verlauf des Duells in der Hoffnung auf eine Belohnungsrunde und den gew\u00fcnschten Gewinn zu verl\u00e4ngern.<\/p>\n<p>Die Praktizierenden von Online-Gl\u00fccksspieleinrichtungen sind temperamentvolle und eifrige Anh\u00e4nger von Wettbewerben, die ihre Freizeit mit Leidenschaft verbringen und eine gute Punktzahl erzielen m\u00f6chten. Das Willkommensangebot von Casino Rocket Play bietet ein solches Geschenk: 100 % + hundert bevorzugte Ums\u00e4tze sind ein gro\u00dfartiger Anfang. Machen Sie eine Einzahlung in H\u00f6he von 30 $ und kassieren Sie Ihre Promotion. Anreizanforderungen:<\/p>\n<ul>\n<li>Die Startgeb\u00fchr muss mindestens drei\u00dfig $ betragen, w\u00e4hrend Sie zu Recht eine 100%ige Belohnung verdienen.<\/li>\n<li>Hundert bevorzugte Ums\u00e4tze zum Start sind in der Konfiguration von zwanzig t\u00e4glichen Ums\u00e4tzen innerhalb von f\u00fcnf Tagen enthalten.<\/li>\n<li>Die Grenzpr\u00e4mie betr\u00e4gt 300 $.<\/li>\n<li>Der H\u00f6chstbetrag einer aktuellen Wette betr\u00e4gt 7,50 $.<\/li>\n<li>Multiplikator x40.<\/li>\n<\/ul>\n<p>Gewinn in H\u00f6he von dreitausend f\u00fchrt zum Ende des Spiels. Bevorzugte Ums\u00e4tze zum Start gibt es im Set f\u00fcr f\u00fcnf Tage, zwanzig f\u00fcr einen \u2013 insgesamt gibt es hundert davon.<\/p>\n<p>Die ersten zwanzig Werbeaktionen ohne Investitionen werden mit einer erfolgreichen Einzahlung von Geldern pr\u00e4sentiert. Der Umsatz des n\u00e4chsten Tages steht genau an einem Tag zur Verf\u00fcgung, sofern die x1-Rachebedingung erf\u00fcllt ist. Dieser Vorgang erstreckt sich \u00fcber vier Tage. Es ist m\u00f6glich, die Willkommensboni des Online-Casinos Rocket Play innerhalb von<a href=\"https:\/\/rocketplay-game.com\/de\/bonus\/\"> f\u00fcnf<\/a> Tagen zu nutzen. Sie k\u00f6nnen Ihren Vorzugsumsatz nur w\u00e4hrend der ersten 24 Stunden nutzen. Die Dauer des Ergebnisses von FS betr\u00e4gt f\u00fcnf Tage.<\/p>\n<p style=\"text-align: center;\"><img loading=\"lazy\" decoding=\"async\" class=\"size-medium wp-image-311 aligncenter\" src=\"https:\/\/rocketplay-game.com\/wp-content\/uploads\/2022\/08\/vip_header_icon1-300x300.png\" alt=\"rocket play casino\" width=\"300\" height=\"300\" srcset=\"https:\/\/rocketplay-game.com\/wp-content\/uploads\/2022\/08\/vip_header_icon1-300x300.png 300w, https:\/\/rocketplay-game.com\/wp-content\/uploads\/2022\/08\/vip_header_icon1-150x150.png 150w, https:\/\/rocketplay-game.com\/wp-content\/uploads\/2022\/08\/vip_header_icon1.png 552w\" sizes=\"auto, (max-width: 300px) 100vw, 300px\" \/><\/p>\n<h2>So beanspruchen Sie einen Willkommensbonus<\/h2>\n<p>Bestehende Web-Gl\u00fccksspielh\u00e4user f\u00fcgen Geschenke aus dem Treueprogramm an den Starter oder einige andere Beitr\u00e4ge zu ihren notwendigen Ereignissen hinzu. Die Hauptfunktion der besten Casino-Willkommensboni von Rocket Play besteht darin, so viele Teilnehmer wie m\u00f6glich zu mobilisieren und die Barauszahlung f\u00fcr eine langfristige Teilnahme am Spiel und eine echte Gewinnchance zu erh\u00f6hen.<\/p>\n<p>Diese Vorzugsangebote gelten nur f\u00fcr Rekruten, weshalb einzelne Spieler st\u00e4ndig neu er\u00f6ffnete Spielbanken erkunden. Dort machen sie ihren ersten Input, erhalten einen treuen Belohnungsblock, Ekstase vom Gameplay und gewinnen oft. Belohnungen aus dem Casino-Treueprogramm erscheinen auf dem Automaten nach der Abrechnung und Einzahlung des Betrags auf das Konto. Manchmal wenden sie sich an den Support, um Belohnungen zu erhalten. Bevor Sie ein pers\u00f6nliches Konto erstellen, machen Sie sich mit dem Treueprogramm vertraut.<\/p>\n<h2>Bieten Sie exklusive Angebote f\u00fcr neue Spieler an<\/h2>\n<p>Rocket Play-Willkommensangebot Australien f\u00fcr die n\u00e4chste Rate \u2013 200\u00a0% Belohnung f\u00fcr die zweite Rate. Machen Sie eine zweite Investition von mindestens f\u00fcnfundsiebzig Dollar, und die Belohnung geh\u00f6rt Ihnen. Voraussetzungen f\u00fcr den Erhalt der Auszeichnung:<\/p>\n<ul>\n<li>Nach der zweiten Eingabe von f\u00fcnfundsiebzig Dollar erh\u00e4lt der Spieler garantiert eine 200%ige Bef\u00f6rderung.<\/li>\n<li>Diese Belohnung kann nach der ersten Einzahlung verwendet werden.<\/li>\n<li>Der marginale Anreiz betr\u00e4gt dreihundert EUR.<\/li>\n<li>Der Aktionspreis betr\u00e4gt sieben australische Dollar und f\u00fcnfzig Cent.<\/li>\n<li>Koeffizient x40<\/li>\n<\/ul>\n<p>Bei dreitausend EUR ist das Spiel vorbei.<\/p>\n<h2>FAQ<\/h2>\n<h3>Warum bieten Casinos Boni an?<\/h3>\n<p>Das Belohnungssystem f\u00fcr Gl\u00fccksspielbetriebe hat keine spektakul\u00e4re, sondern eine Werbefunktion mehr. Bei dem die Teilnehmer des Spielablaufs w\u00e4hrend des Spiels zus\u00e4tzliche Runden geschenkt bekommen. Diese Veranstaltungen haben den Zweck, m\u00f6glichst viele Fans davon zu \u00fcberzeugen, sich in diesem Web-Casino anzumelden.<\/p>\n<h3>Kann der Treuebonus zweimal genutzt werden?<\/h3>\n<p>Die Antwort ist nein. Die Abteilung \u00fcberwacht diese Situationen. Die maximale Eingabemenge f\u00fcr die Aufforderung zur Rache wird ebenfalls kontrolliert, was Sie daran hindern kann, Ihre Zinsen zu verdienen. Gleichzeitig halten renommierte Gl\u00fccksspielplattformen Informationen \u00fcber den korrekten Ablauf von Geschenken und Ums\u00e4tzen ohne Investitionen im \u00f6ffentlichen Bereich. In der Regel machen sie sich damit vertraut, bevor sie sich auf dem Casino-Portal registrieren.<\/p>\n<h3>Wie lauten die Anweisungen zum Kauf von Pr\u00e4mien?<\/h3>\n<p>Um eine Belohnung zu erhalten, m\u00fcssen Sie also:<\/p>\n<ul>\n<li>Stellen Sie sicher, dass Sie eine kleine Registrierungsoperation durchlaufen.<\/li>\n<li>geben Sie Ihre pers\u00f6nlichen Daten an;<\/li>\n<li>Verwenden Sie die richtigen Schl\u00fcssel.<\/li>\n<\/ul>\n<p>In allen Gl\u00fccksspieleinrichtungen k\u00f6nnen Pr\u00e4mien sofort nach Erhalt verwendet werden.<\/p>\n<p><strong>Lesen Sie auch \u00fcber:<\/strong><\/p>\n<ul>\n<li><a href=\"https:\/\/rocketplay-game.com\/de\/bonus\/\">Regelm\u00e4\u00dfige Boni<\/a><\/li>\n<li><a href=\"https:\/\/rocketplay-game.com\/de\/bonus\/loyalty-program\/\">Treueprogramm<\/a><\/li>\n<\/ul>\n","protected":false},"excerpt":{"rendered":"<p>Bestes Casino-Willkommensangebot Rocket Play ist eine gro\u00dfartige Aussicht f\u00fcr potenzielle Spieler, um ihre Einzahlung aufzuf\u00fcllen, aber auch um eine solide Versorgung mit zus\u00e4tzlichen Perioden zu erhalten! Kein einziger Teilnehmer am Gameplay w\u00fcrde die Gelegenheit verpassen, ein paar Hilfsdrehungen zu ergattern, um den Verlauf des Duells in der Hoffnung auf eine Belohnungsrunde und den gew\u00fcnschten Gewinn&#8230;<\/p>\n","protected":false},"author":1,"featured_media":0,"parent":0,"menu_order":0,"comment_status":"closed","ping_status":"closed","template":"page-with-bonus.php","meta":{"_acf_changed":false,"_kad_post_transparent":"default","_kad_post_title":"default","_kad_post_layout":"default","_kad_post_sidebar_id":"","_kad_post_content_style":"default","_kad_post_vertical_padding":"default","_kad_post_feature":"","_kad_post_feature_position":"","_kad_post_header":false,"_kad_post_footer":false,"footnotes":""},"class_list":["post-2433","page","type-page","status-publish","hentry"],"acf":[],"rttpg_featured_image_url":null,"rttpg_author":{"display_name":"Tom","author_link":"https:\/\/rocketplay-game.com\/de\/author\/pemvas95n89x\/"},"rttpg_comment":0,"rttpg_category":null,"rttpg_excerpt":"Bestes Casino-Willkommensangebot Rocket Play ist eine gro\u00dfartige Aussicht f\u00fcr potenzielle Spieler, um ihre Einzahlung aufzuf\u00fcllen, aber auch um eine solide Versorgung mit zus\u00e4tzlichen Perioden zu erhalten! Kein einziger Teilnehmer am Gameplay w\u00fcrde die Gelegenheit verpassen, ein paar Hilfsdrehungen zu ergattern, um den Verlauf des Duells in der Hoffnung auf eine Belohnungsrunde und den gew\u00fcnschten Gewinn...","_links":{"self":[{"href":"https:\/\/rocketplay-game.com\/de\/wp-json\/wp\/v2\/pages\/2433","targetHints":{"allow":["GET"]}}],"collection":[{"href":"https:\/\/rocketplay-game.com\/de\/wp-json\/wp\/v2\/pages"}],"about":[{"href":"https:\/\/rocketplay-game.com\/de\/wp-json\/wp\/v2\/types\/page"}],"author":[{"embeddable":true,"href":"https:\/\/rocketplay-game.com\/de\/wp-json\/wp\/v2\/users\/1"}],"replies":[{"embeddable":true,"href":"https:\/\/rocketplay-game.com\/de\/wp-json\/wp\/v2\/comments?post=2433"}],"version-history":[{"count":2,"href":"https:\/\/rocketplay-game.com\/de\/wp-json\/wp\/v2\/pages\/2433\/revisions"}],"predecessor-version":[{"id":2467,"href":"https:\/\/rocketplay-game.com\/de\/wp-json\/wp\/v2\/pages\/2433\/revisions\/2467"}],"wp:attachment":[{"href":"https:\/\/rocketplay-game.com\/de\/wp-json\/wp\/v2\/media?parent=2433"}],"curies":[{"name":"wp","href":"https:\/\/api.w.org\/{rel}","templated":true}]}}