{"id":2473,"date":"2022-06-13T18:32:40","date_gmt":"2022-06-13T15:32:40","guid":{"rendered":"https:\/\/rocketplay-game.com\/poker\/"},"modified":"2024-02-09T15:29:52","modified_gmt":"2024-02-09T12:29:52","slug":"poker","status":"publish","type":"page","link":"https:\/\/rocketplay-game.com\/de\/poker\/","title":{"rendered":"Was ist Poker im RocketPlay Casino?"},"content":{"rendered":"<p>Es gibt viele Arten von Poker, die mit Kartendecks gespielt werden und auf die beste Kombination setzen. Die genauen Regeln h\u00e4ngen davon ab, f\u00fcr welche Art von Spiel Sie sich entscheiden. RocketPlay Poker online verwendet normalerweise ein Standarddeck mit 52 Karten, aber denken Sie daran, dass die genaue Anzahl der verwendeten Karten, offen oder geschlossen, von der Art des Spiels bestimmt wird, das Sie spielen m\u00f6chten.<\/p>\n<p>Poker tauchte um das 19. Jahrhundert in den Vereinigten Staaten auf, wo es bald zu einem beliebten Zeitvertreib wurde. Das Spiel hat sich im Laufe der Jahre erheblich weiterentwickelt und ist heute, teilweise dank Online-Poker, eines der gr\u00f6\u00dften Gl\u00fccksspiele der Welt. Turniere wie die World Series of Poker finden seit den 1970er Jahren j\u00e4hrlich statt. W\u00e4hrend der Events werden Millionen von Dollar gespielt.<\/p>\n<p>Die h\u00e4ufigste Pokerart, der Sie online begegnen werden, ist Texas Hold&#8217;em. Pflichtwetten gibt es bei fast allen Arten von RocketPlay-Pokerspielen \u2013 wir sprechen \u00fcber den Big Blind und den Small Blind. Diese Eins\u00e4tze werden gemacht, bevor die Karten ausgeteilt werden. Nachdem die obligatorischen Wetten get\u00e4tigt und die Karten ausgeteilt wurden, k\u00f6nnen auch andere Spieler ihre Wetten platzieren.<\/p>\n<p><img loading=\"lazy\" decoding=\"async\" class=\"aligncenter wp-image-4733\" src=\"https:\/\/rocketplay-game.com\/wp-content\/uploads\/2024\/02\/poker-2.png\" alt=\" RocketPlay poker\" width=\"800\" height=\"324\" srcset=\"https:\/\/rocketplay-game.com\/wp-content\/uploads\/2024\/02\/poker-2.png 1015w, https:\/\/rocketplay-game.com\/wp-content\/uploads\/2024\/02\/poker-2-300x121.png 300w, https:\/\/rocketplay-game.com\/wp-content\/uploads\/2024\/02\/poker-2-768x311.png 768w\" sizes=\"auto, (max-width: 800px) 100vw, 800px\" \/><\/p>\n<p>W\u00e4hrend des Spiels kann der Spieler verschiedene Aktionen ausf\u00fchren, darunter das sogenannte &#8222;Falten&#8220;. Das Aussteigen einer Karte bedeutet, dass Sie diese Hand nicht spielen und erst dann zum Spiel zur\u00fcckkehren, wenn diese Runde gespielt wurde. Sie k\u00f6nnen eine Aktion namens &#8222;Call&#8220; ausf\u00fchren &#8211; eine Wettgleichung mit Ihren Gegnern. Schlie\u00dflich k\u00f6nnen Sie Ihren Einsatz erh\u00f6hen oder erh\u00f6hen. Die anderen Spieler am Tisch m\u00fcssen Ihren Einsatz anpassen und ihn entsprechend erh\u00f6hen oder senken.<\/p>\n<p>Der Dealer f\u00fcgt gew\u00f6hnliche Karten hinzu, mit denen die Spieler versuchen, die g\u00fcnstigste Kombination aus f\u00fcnf Pokerbl\u00e4ttern zusammenzustellen. Typischerweise werden bei Pokerspielen f\u00fcnf Gemeinschaftskarten verwendet, wobei jeder Spieler seine oder ihre eigenen zwei Karten verwendet, um die bestm\u00f6gliche Kombination zusammenzustellen.<\/p>\n<p>Die Anzahl der Karten- und Pokerkombinationen h\u00e4ngt von der Art des Pokers ab, das Sie spielen. Normalerweise sind die beliebtesten Kombinationen zwei identische Karten, drei identische Karten, vier identische Karten, ein Straight \u2013 f\u00fcnf aufeinanderfolgende Karten oder ein Flush \u2013 eine Kombination aus f\u00fcnf Karten derselben Farbe. Wir werden sp\u00e4ter in unserem Leitfaden mehr \u00fcber alle Kombinationen sprechen.<\/p>\n<p>Normalerweise gibt es vier Einsatzrunden, sodass die Spieler mehrere M\u00f6glichkeiten haben, zu setzen und zu versuchen, sich gegenseitig zu schlagen. Beim Poker gewinnt nicht immer die beste Hand, weil die anderen Spieler nicht sehen k\u00f6nnen, welche Karten Sie in Ihrer Hand haben, sodass Sie bluffen und Ihre Gegner passen lassen k\u00f6nnen, selbst wenn Sie eine schw\u00e4chere Hand haben, die Ihre nicht schlagen kann Kombination des Gegners. Es gibt auch RocketPlay Pokerr\u00e4ume.<\/p>\n<h2>Warum Poker spielen?<\/h2>\n<p>Poker ist zweifellos eines der beliebtesten Kartenspiele der Welt. Online-Poker spielen RocketPlay macht gro\u00dfen Spa\u00df und im Gegensatz zu einigen anderen Casino-Spielen z\u00e4hlt nicht nur Gl\u00fcck, sondern auch Ihr Spielgeschick. Hier sind ein paar Gr\u00fcnde, warum Poker so beliebt ist und warum wir es so sehr lieben:<\/p>\n<p>Viele Optionen \u2013 es gibt Hunderte von Pokervarianten. W\u00e4hrend dies f\u00fcr den Neuling verwirrend sein kann, bietet diese Sorte eine gro\u00dfartige Wahl f\u00fcr diejenigen, die nach etwas Neuem suchen. Selbst wenn Sie die gleiche Art von Spiel spielen, werden Pokerspiele aufgrund der Vielfalt der Spieler, Kombinationen und Regeln nie gleich sein.<\/p>\n<p>Das Spiel ist geschicklichkeitsbasiert. Im Gegensatz zu Spielautomaten oder Roulette-Tischen erfordert Poker spielerische F\u00e4higkeiten. Nat\u00fcrlich h\u00e4ngt viel mehr vom Gl\u00fcck ab, zum Beispiel welche Karten ausgeteilt werden, aber denken Sie daran, dass nicht immer die besten Karten gewinnen. Sie m\u00fcssen wissen, wie Sie Karten zu Ihrem Vorteil einsetzen, indem Sie psychologische Techniken wie Bluffen anwenden, die Ihnen helfen, Ihre Gegner zu schlagen.<\/p>\n<p>Barrierefreiheit. Poker ist eines der beliebtesten Kartenspiele, daher ist es in fast jedem Online-Casino verf\u00fcgbar. Es gibt auch Hunderte von gro\u00dfartigen Pokerseiten, die sich den besten Pokertischen f\u00fcr Spieler aus der ganzen Welt verschrieben haben.<\/p>\n<p>Spielen gegen andere Spieler \u2013 Anstatt gegen den Dealer zu spielen, treten Sie gegen andere Spieler an. Das begeistert diejenigen Spieler, die es genie\u00dfen, ihren Gegner aus dem Spiel zu werfen. Es erlaubt Ihnen auch, Poker gegen Leute mit unterschiedlichen Spielst\u00e4rken zu spielen.<\/p>\n<p>Aufregung.<a href=\"https:\/\/rocketplay-game.com\/de\"> RocketPlay<\/a> kostenloses Online-Poker ist eines der aufregendsten Casinospiele mit vier Setzrunden, in denen Sie sehen k\u00f6nnen, wie Ihre Gegner spielen. Das Pokerspiel kann im Vergleich zu einigen anderen Spielen langsam sein, aber es ist immer ein Spiel mit steigenden Erwartungen.<\/p>\n<p>Gro\u00dfe Preise &#8211; Viele Leute spielen Poker, daher ist es keine \u00dcberraschung, dass sie mit einer so gro\u00dfen Spielerbasis riesige Geldsummen verdienen. Normalerweise bieten die einfachsten Seiten Spiele mit ziemlich hohen Eins\u00e4tzen an. Viele Seiten bieten auch Turniere an, bei denen den Gewinnern riesige Geldpreise angeboten werden.<\/p>\n<h2>Tipps zum Pokern<\/h2>\n<p>Bevor Sie anfangen, online Poker zu spielen, ist es wichtig sicherzustellen, dass Sie das Spiel verstehen. Das Letzte, was Sie tun m\u00f6chten, ist, gegen Spieler zu spielen, die viel mehr \u00fcber das Spiel wissen als Sie. Spieler k\u00f6nnen immer erfahrener sein, aber Sie sollten niemals mit weniger Wissen als Ihre Gegner ins Spiel gehen.<\/p>\n<p>Es gibt beim Poker auch ein Gl\u00fcckselement, besonders wenn Karten ausgeteilt werden, aber wie man setzt und wie man mit den Karten spielt, die man erh\u00e4lt, ist eine Frage der Strategie. Wir informieren Sie dar\u00fcber, welche Kombinationen am vorteilhaftesten sind, und geben Ihnen einige allgemeine Tipps.<\/p>\n<p>Gr\u00f6\u00dftenteils gelten diese Tipps f\u00fcr das Pokerspiel Texas Hold&#8217;em, das als beliebteste Form des Pokers gilt.<\/p>\n<p><img loading=\"lazy\" decoding=\"async\" class=\"aligncenter wp-image-225\" src=\"https:\/\/rocketplay-game.com\/wp-content\/uploads\/2022\/06\/rocketplay-friday-reload-bonus-855x458-1.webp\" alt=\" RocketPlay poker 2\" width=\"800\" height=\"429\" srcset=\"https:\/\/rocketplay-game.com\/wp-content\/uploads\/2022\/06\/rocketplay-friday-reload-bonus-855x458-1.webp 855w, https:\/\/rocketplay-game.com\/wp-content\/uploads\/2022\/06\/rocketplay-friday-reload-bonus-855x458-1-300x161.webp 300w, https:\/\/rocketplay-game.com\/wp-content\/uploads\/2022\/06\/rocketplay-friday-reload-bonus-855x458-1-768x411.webp 768w\" sizes=\"auto, (max-width: 800px) 100vw, 800px\" \/><\/p>\n<h2>Poker-Kombinationen<\/h2>\n<p>Beim Poker besteht das Ziel des Spiels darin, die bestm\u00f6gliche Kombination aus f\u00fcnf Karten aus Ihren Handkarten und den gemeinsamen Karten auf dem Tisch zusammenzustellen. Sie k\u00f6nnen Karten auf verschiedene Weise kombinieren, indem Sie eine oder beide der vorhandenen Karten in Ihrer Hand verwenden. Die meisten Pokerarten haben unterschiedliche Regeln, um die bestm\u00f6glichen Kombinationen zu erhalten, also schauen wir uns einige der Schl\u00fcsselkombinationen in den Regeln von Texas Hold&#8217;em Poker an.<\/p>\n<p>Nachfolgend werden die Kombinationen beschrieben, beginnend mit der g\u00fcnstigsten Kombination:<\/p>\n<ul>\n<li>Royal Flush ist die st\u00e4rkste und zugleich seltenste Pokerkombination. Es ist eine Kombination aus Ass, K\u00f6nig, Dame, Bube und Zehner in derselben Farbe.<\/li>\n<li>Straight-Flush \u2013 F\u00fcnf Karten der gleichen Farbe in einer Reihe.<\/li>\n<li>Four of a Kind \u2013 Dies ist eine Kombination aus vier gleichen Karten, wie zum Beispiel vier Asse oder vier K\u00f6nige.<\/li>\n<li>Full House \u2013 Eine Kombination, die aus einem Set (drei Karten) und einem Paar besteht.<\/li>\n<li>Flush \u2013 Eine Kombination aus f\u00fcnf Karten derselben Farbe.<\/li>\n<li>Straight \u2013 eine Handkombination aus 5 aufeinanderfolgenden Karten, aber nicht unbedingt derselben Farbe.<\/li>\n<li>Two Pairs \u2013 Eine Kombination aus zwei Paaren.<\/li>\n<li>Hohe Karte \u2013 die st\u00e4rkste Karte, wenn Sie keine Kombination gemacht haben. In diesem Fall wird Ihre h\u00f6chste Karte gespielt.<\/li>\n<\/ul>\n<h2>Poker-Strategie<\/h2>\n<p>Da es beim Poker nicht nur um Gl\u00fcck geht, haben Sie die M\u00f6glichkeit, die Dinge zu Ihren Gunsten zu wenden:<\/p>\n<p>Ein langsamer Start &#8211; Sie werden als Anf\u00e4nger angesehen, wenn Sie das Spiel starten. Dies kann anderen Spielern die Auswahl erleichtern, wenn Sie nicht aufpassen. Bevor Sie anfangen, RocketPlay Online-Poker um echtes Geld zu spielen, sollten Sie einige grundlegende Pokerf\u00e4higkeiten \u00fcben. Sie k\u00f6nnen auch mit Spielen mit niedrigen Eins\u00e4tzen beginnen, sodass der maximale Verlust ebenfalls geringer ist. Lassen Sie sich nicht davon hinrei\u00dfen, die Eins\u00e4tze zu erh\u00f6hen, selbst wenn Sie denken, dass Sie eine gro\u00dfartige Hand haben. Bewegen Sie sich langsam und sicher, um viel mehr \u00fcber Ihre Gegner zu erfahren. Wenn Sie im Laufe der Zeit erfahrener werden, k\u00f6nnen Sie Ihre Eins\u00e4tze erh\u00f6hen und schlie\u00dflich zu Spielen mit h\u00f6heren Eins\u00e4tzen und Spielen mit mehreren Tischen \u00fcbergehen.<\/p>\n<p>Die Art des Spiels verstehen. Viele Spieler werden aufgeregt und verlieren die Kontrolle, wenn sie zum ersten Mal spielen, weil sie glauben, dass die Regeln, die sie kennen, f\u00fcr alle Arten von Pokerspielen gelten. Leider ist dies nicht der Fall, und Sie werden \u00fcberrascht sein, wenn Sie hereinst\u00fcrmen, ohne die Regeln zu lesen. Bevor Sie ein Spiel beginnen, stellen Sie sicher, dass Sie wissen, was die besten Kombinationen sind, denken Sie daran, dass die meisten Spieler erfahrener sein werden als Sie, also stellen Sie sicher, dass Ihr Gegner zu Beginn des Spiels einen kleineren Vorteil gegen\u00fcber Ihnen hat!<\/p>\n<p>Profitieren Sie von <a href=\"https:\/\/rocketplay-game.com\/de\/bonus\/\">Boni<\/a> \u2013 RocketPlay Online Poker Australien bietet gro\u00dfartige Aktionen und Boni f\u00fcr neue Spieler. Nutzen Sie all diese Optionen, damit Sie ein paar Runden mit weniger Risiko spielen k\u00f6nnen. Bevor Sie sich anmelden, machen Sie sich unbedingt mit den Allgemeinen Gesch\u00e4ftsbedingungen des Spiels vertraut, da einige von ihnen Wettanforderungen oder andere Einschr\u00e4nkungen haben werden.<\/p>\n<p>Schaffung eines unauff\u00e4lligen Spielbereichs \u2013 es ist wichtig, nicht abgelenkt zu werden, bevor das Spiel fortgesetzt wird. RocketPlay-Download-Online-Poker erfordert viel Konzentration, und Sie m\u00fcssen vorsichtig sein, um zu gewinnen. Schalten Sie entspannende Musik ein, schalten Sie Ihr Smartphone auf lautlos und tauchen Sie ein in Ihre Komfortzone. Der Unterschied zwischen guten und gro\u00dfartigen Spielern besteht oft darin, wie ernst sie das Spiel nehmen.<\/p>\n<p>Balance-Steuerung. Ihr Guthaben ist, wie viel Geld Sie zur Verf\u00fcgung haben, um im Spiel zu wetten. Dies ist das Geld, das auf das Spielerkonto Ihres Casinos oder Ihrer Pokerseite eingezahlt wird. Stellen Sie sicher, dass Sie sich ein Limit setzen, wie viel Sie jeden Tag spielen k\u00f6nnen, und \u00fcberschreiten Sie es nicht. Wenn der Geldbetrag abnimmt, spielen Sie die Online-Poker-App RocketPlay mit niedrigeren Eins\u00e4tzen. Wenn der Geldbetrag steigt, k\u00f6nnen Sie mehr Risiken eingehen, indem Sie mit h\u00f6heren Eins\u00e4tzen Poker spielen. Behalten Sie Ihr Guthaben im Auge und h\u00f6ren Sie auf zu spielen, wenn Sie denken, dass Sie zu viel ausgeben.<\/p>\n<p>Limits f\u00fcr Verluste und Gewinne. Bevor Sie mit dem Spielen beginnen, ist es wichtig, Limits festzulegen, wie viel Sie zu verlieren bereit sind. Sie sollten auch den H\u00f6chstbetrag bestimmen, den Sie gewinnen k\u00f6nnen, bevor Sie an diesem Tag mit dem Spielen aufh\u00f6ren. Es ist immer ratsam, dem Gl\u00fccksspiel Grenzen zu setzen, da Gl\u00fccksspiel s\u00fcchtig machen kann. Besonders beim Verlieren, wenn die Spieler dazu neigen, zur\u00fcckzugewinnen, was normalerweise nur zu mehr Verlusten f\u00fchrt. Wenn Sie Poker spielen, ist es wichtig, ruhig zu bleiben, also sollten Sie es vermeiden, zu spielen, wenn Sie sich zu sicher sind, zu gewinnen, oder sich \u00fcber eine Niederlage \u00e4rgern.<\/p>\n<p><img loading=\"lazy\" decoding=\"async\" class=\"aligncenter wp-image-4742\" src=\"https:\/\/rocketplay-game.com\/wp-content\/uploads\/2024\/02\/poker-1.png\" alt=\" RocketPlay poker 3\" width=\"600\" height=\"317\" srcset=\"https:\/\/rocketplay-game.com\/wp-content\/uploads\/2024\/02\/poker-1.png 766w, https:\/\/rocketplay-game.com\/wp-content\/uploads\/2024\/02\/poker-1-300x159.png 300w\" sizes=\"auto, (max-width: 600px) 100vw, 600px\" \/><\/p>\n<h2>FAQ<\/h2>\n<h3>Ist es sicher, online Poker zu spielen?<\/h3>\n<p>Ja, nat\u00fcrlich ist es das. Die RocketPlay-Website ist sicher und vertrauensw\u00fcrdig.<\/p>\n<h3>Wie kann ich lernen, wie man Poker spielt?<\/h3>\n<p>Poker f\u00fcr neue Spieler kann manchmal kompliziert erscheinen, da es viele verschiedene Varianten des Spiels und seiner Regeln gibt. Sobald Sie jedoch wieder anfangen zu spielen, werden Sie feststellen, dass es ziemlich einfach zu spielen ist, es ist schwieriger zu lernen.<\/p>\n<h3>Kann ich mit Online-Poker Geld verdienen?<\/h3>\n<p>Sicher. Es gibt viele Spieler, die ihre F\u00e4higkeiten und ihr Wissen im Spiel einsetzen, um Geld zu verdienen. Es ist jedoch immer wichtig, sich daran zu erinnern, dass Poker ein Gl\u00fccksspiel ist und Sie Ihr Geld riskieren, um zu gewinnen. Spielen Sie immer verantwortungsbewusst und lassen Sie sich nicht vom Geldverdienen hinrei\u00dfen. Online-Poker sollte in erster Linie ein unterhaltsames Spiel sein.<\/p>\n","protected":false},"excerpt":{"rendered":"<p>Es gibt viele Arten von Poker, die mit Kartendecks gespielt werden und auf die beste Kombination setzen. Die genauen Regeln h\u00e4ngen davon ab, f\u00fcr welche Art von Spiel Sie sich entscheiden. RocketPlay Poker online verwendet normalerweise ein Standarddeck mit 52 Karten, aber denken Sie daran, dass die genaue Anzahl der verwendeten Karten, offen oder geschlossen,&#8230;<\/p>\n","protected":false},"author":1,"featured_media":0,"parent":0,"menu_order":0,"comment_status":"closed","ping_status":"closed","template":"page-with-bonus.php","meta":{"_acf_changed":false,"_kad_post_transparent":"default","_kad_post_title":"default","_kad_post_layout":"default","_kad_post_sidebar_id":"","_kad_post_content_style":"default","_kad_post_vertical_padding":"default","_kad_post_feature":"","_kad_post_feature_position":"","_kad_post_header":false,"_kad_post_footer":false,"footnotes":""},"class_list":["post-2473","page","type-page","status-publish","hentry"],"acf":[],"rttpg_featured_image_url":null,"rttpg_author":{"display_name":"Tom","author_link":"https:\/\/rocketplay-game.com\/de\/author\/pemvas95n89x\/"},"rttpg_comment":0,"rttpg_category":null,"rttpg_excerpt":"Es gibt viele Arten von Poker, die mit Kartendecks gespielt werden und auf die beste Kombination setzen. Die genauen Regeln h\u00e4ngen davon ab, f\u00fcr welche Art von Spiel Sie sich entscheiden. RocketPlay Poker online verwendet normalerweise ein Standarddeck mit 52 Karten, aber denken Sie daran, dass die genaue Anzahl der verwendeten Karten, offen oder geschlossen,...","_links":{"self":[{"href":"https:\/\/rocketplay-game.com\/de\/wp-json\/wp\/v2\/pages\/2473","targetHints":{"allow":["GET"]}}],"collection":[{"href":"https:\/\/rocketplay-game.com\/de\/wp-json\/wp\/v2\/pages"}],"about":[{"href":"https:\/\/rocketplay-game.com\/de\/wp-json\/wp\/v2\/types\/page"}],"author":[{"embeddable":true,"href":"https:\/\/rocketplay-game.com\/de\/wp-json\/wp\/v2\/users\/1"}],"replies":[{"embeddable":true,"href":"https:\/\/rocketplay-game.com\/de\/wp-json\/wp\/v2\/comments?post=2473"}],"version-history":[{"count":3,"href":"https:\/\/rocketplay-game.com\/de\/wp-json\/wp\/v2\/pages\/2473\/revisions"}],"predecessor-version":[{"id":5221,"href":"https:\/\/rocketplay-game.com\/de\/wp-json\/wp\/v2\/pages\/2473\/revisions\/5221"}],"wp:attachment":[{"href":"https:\/\/rocketplay-game.com\/de\/wp-json\/wp\/v2\/media?parent=2473"}],"curies":[{"name":"wp","href":"https:\/\/api.w.org\/{rel}","templated":true}]}}