{"id":3571,"date":"2023-01-10T16:25:10","date_gmt":"2023-01-10T13:25:10","guid":{"rendered":"https:\/\/rocketplay-game.com\/table-tennis\/"},"modified":"2023-01-19T23:34:45","modified_gmt":"2023-01-19T20:34:45","slug":"table-tennis","status":"publish","type":"page","link":"https:\/\/rocketplay-game.com\/de\/table-tennis\/","title":{"rendered":"Bewertung von Tischtenniswetten"},"content":{"rendered":"<p><span class=\"\">Der Hauptgrund f\u00fcr die Popularit\u00e4t von Tischtenniswetten ist, dass jeder mit solchen Wetten Zehntausende von Dollar verdienen kann.\u00a0<\/span>Die Regeln sind einfach und die Spieler wechseln st\u00e4ndig.\u00a0Jedes Spiel wird nicht l\u00e4nger als 10-15 Minuten gespielt, was bedeutet, dass es jeden Tag viele Ereignisse gibt.\u00a0Wir empfehlen, auf gro\u00dfe Turniere zu vertrauen und sich jetzt \u00fcber die Vorteile von Tischtennis beim Wetten zu informieren.<\/p>\n<p><img loading=\"lazy\" decoding=\"async\" class=\"aligncenter wp-image-3448 lazy-loaded\" src=\"https:\/\/rocketplay-game.com\/wp-content\/uploads\/2023\/01\/table-tennis-shots-300x169.jpg\" sizes=\"auto, (max-width: 800px) 100vw, 800px\" srcset=\"https:\/\/rocketplay-game.com\/wp-content\/uploads\/2023\/01\/table-tennis-shots-300x169.jpg 300w, https:\/\/rocketplay-game.com\/wp-content\/uploads\/2023\/01\/table-tennis-shots-1024x576.jpg 1024w, https:\/\/rocketplay-game.com\/wp-content\/uploads\/2023\/01\/table-tennis-shots-768x432.jpg 768w, https:\/\/rocketplay-game.com\/wp-content\/uploads\/2023\/01\/table-tennis-shots-1536x864.jpg 1536w, https:\/\/rocketplay-game.com\/wp-content\/uploads\/2023\/01\/table-tennis-shots.jpg 1920w\" alt=\"\" width=\"800\" height=\"450\" data-lazy-type=\"image\" data-src=\"https:\/\/rocketplay-game.com\/wp-content\/uploads\/2023\/01\/table-tennis-shots-300x169.jpg\" data-srcset=\"\" \/><\/p>\n<h2>Wie man auf Tischtennis wetten kann<\/h2>\n<p>Um eine Wette auf Tischtennis-Tipps abzuschlie\u00dfen, m\u00fcssen Sie eine der Gl\u00fccksspielseiten verwenden.\u00a0Es ist notwendig, sich zu registrieren und Ihr Konto zu hinterlegen, um mit der Auswahl geeigneter Spiele fortzufahren:<\/p>\n<ul>\n<li aria-level=\"1\">Sch\u00e4tzen Sie zun\u00e4chst die Teams, die vertreten sind.\u00a0Nicht selten haben sich die Gegner bereits getroffen, sodass Sie gezielte Statistiken sammeln und sich vorab f\u00fcr die aussichtsreichste Wettoption entscheiden k\u00f6nnen;<\/li>\n<li aria-level=\"1\">Sie sollten keinen gro\u00dfen Betrag auf einmal auf einen bestimmten Spieler setzen.\u00a0Selbst wenn es der Favorit dieses Spiels ist und die Quoten nahe bei 1,1 liegen, k\u00f6nnen Sie immer noch verlieren.\u00a0So verlieren Anf\u00e4nger ihr Budget;<\/li>\n<li aria-level=\"1\">Versuchen Sie, Ihre Emotionen unter Kontrolle zu halten und versuchen Sie beim n\u00e4chsten Mal nicht, mehr zu setzen, um zur\u00fcckzugewinnen.\u00a0Erstens ist der Erfolg beim Wetten eine Disziplin und das Befolgen einer bestimmten Strategie.<\/li>\n<\/ul>\n<p>Die Wahl der richtigen Taktik kann schwierig sein, daher empfiehlt es sich, die Regeln der Sportdisziplin im Detail zu studieren.\u00a0In diesem Fall sollten Sie auch die Analysen der Profis \u00fcberpr\u00fcfen und sich anhand der verf\u00fcgbaren Statistiken eine eigene erstellen.\u00a0Dies ist das Minimum, das Sie tun m\u00fcssen, um eine gro\u00dfe Summe zu gewinnen.<\/p>\n<h2>Beliebte Tischtennis-Wettm\u00e4rkte<\/h2>\n<p>Die bekannteste Variante ist die Tischtennis-Wettstrategie mit der Wahl eines bestimmten Gewinners.\u00a0Versuchen Sie, die vergangenen Spiele Ihrer Gegner zu analysieren und das wahrscheinlichste Ergebnis auszuw\u00e4hlen.\u00a0In diesem Fall k\u00f6nnen Sie schnell Ihre Belohnung erhalten und mit der n\u00e4chsten Phase des Spiels fortfahren.<\/p>\n<p>Vergessen Sie nicht, dass Spiele alle paar zehn Minuten stattfinden, setzen Sie also keine gro\u00dfe Summe auf einmal.\u00a0Konzentrieren Sie sich einfach auf das Spiel und warten Sie auf eine Gelegenheit, an Ihr Geld zu kommen.\u00a0Der Preispool geht nirgendwo hin, was bedeutet, dass Sie das Geschenk fast sofort erhalten k\u00f6nnen.<\/p>\n<h2>Tischtennis-Veranstaltungen<\/h2>\n<p>Es gibt klassische Tischtennis-Wettregeln, mit denen Sie eine geeignete Wettoption ausw\u00e4hlen k\u00f6nnen.\u00a0In diesem Fall finden fast t\u00e4glich Turniere statt, aber Anf\u00e4nger sollten in erster Linie auf die Spiele auf Weltniveau achten.\u00a0Einige davon sind der Europa und der World Racquet.\u00a0Versuchen Sie, Ihre Wette zu spielen und erhalten Sie eine Belohnung auf Ihrem Konto.<\/p>\n<h2>Tipps und Strategie<\/h2>\n<p>Die bekanntesten Optionen sind Tischtennis-Wettquoten von 1,7 oder 1,8.\u00a0Alles, weil die Spiele schnell sind und das Risiko hier hoch ist.\u00a0Aber auch die Belohnung f\u00fcr die Bereitschaft, sich an diesem Risiko zu beteiligen, ist ausgezeichnet.\u00a0Sie k\u00f6nnen verschiedene Taktiken und Strategien ausprobieren, um die Belohnung auf Ihr Konto zu bekommen.<\/p>\n<p>Einige der bekanntesten Tipps von Experten sind die folgenden:<\/p>\n<ul>\n<li aria-level=\"1\">Versuchen Sie, Ihr Budget von Anfang an in 30 oder mehr Teile aufzuteilen.\u00a0Setzen Sie nicht mehr als einen Teil, um Ihre Verluste und Gewinne zu begrenzen.\u00a0Dank dessen ist es m\u00f6glich, Ihre Prognose zu korrigieren und das Geld aus gro\u00dfer Entfernung zu erhalten.<\/li>\n<li aria-level=\"1\">Sie sollten das verdiente Geld \u00f6fter von Ihrem Konto abheben, damit Sie Ihre Ergebnisse sehen k\u00f6nnen.\u00a0Auf diese Weise k\u00f6nnen Sie das Gewicht des Geldes sp\u00fcren und die Essenz des Spiels verstehen.\u00a0Andernfalls ist es leicht, den Bezug zur Realit\u00e4t zu verlieren und alles am St\u00fcck auszugeben;<\/li>\n<li aria-level=\"1\">Versuchen Sie, Ihre Emotionen zu kontrollieren und schreiben Sie sofort die Ergebnisse Ihrer Wetten auf.\u00a0In diesem Fall wird es Ihnen leichter fallen, die perfekte Balance zwischen dem Einsatzbetrag und den Quoten zu finden.<\/li>\n<\/ul>\n<p>Probieren Sie unbedingt verschiedene Strategien und Taktiken aus, um zu gewinnen.\u00a0Vergessen Sie auch nicht die hervorragenden Boni, die Sie schnell auf der Hauptseite erhalten k\u00f6nnen.<\/p>\n<p><img loading=\"lazy\" decoding=\"async\" class=\"aligncenter wp-image-3457 lazy-loaded\" src=\"https:\/\/rocketplay-game.com\/wp-content\/uploads\/2023\/01\/table-tennis-300x143.jpg\" sizes=\"auto, (max-width: 800px) 100vw, 800px\" srcset=\"https:\/\/rocketplay-game.com\/wp-content\/uploads\/2023\/01\/table-tennis-300x143.jpg 300w, https:\/\/rocketplay-game.com\/wp-content\/uploads\/2023\/01\/table-tennis-1024x487.jpg 1024w, https:\/\/rocketplay-game.com\/wp-content\/uploads\/2023\/01\/table-tennis-768x365.jpg 768w, https:\/\/rocketplay-game.com\/wp-content\/uploads\/2023\/01\/table-tennis.jpg 1220w\" alt=\"\" width=\"800\" height=\"380\" data-lazy-type=\"image\" data-src=\"https:\/\/rocketplay-game.com\/wp-content\/uploads\/2023\/01\/table-tennis-300x143.jpg\" data-srcset=\"\" \/><\/p>\n<h2>FAQ<\/h2>\n<p>Neben hilfreichen Tischtennis-Wetttipps empfehlen wir die Lekt\u00fcre einer Reihe von Antworten auf beliebte Fragen von Anf\u00e4ngern.\u00a0Versuchen Sie, alle Besonderheiten der Sportdisziplin zu verstehen und beginnen Sie, Ihre Wetten zu genie\u00dfen.<\/p>\n<h3>Welche Vorteile haben Wetten auf Tischtennis?<\/h3>\n<p>Der Hauptvorteil besteht darin, dass Sie so schnell wie m\u00f6glich in das Spiel eintauchen, die Regeln lernen und mit dem Verdienen beginnen k\u00f6nnen.\u00a0Alle Spiele werden im Abstand von 15 Minuten gespielt, was bedeutet, dass Sie garantiert gewinnen k\u00f6nnen.\u00a0Viele Ergebnisse und ber\u00fchmte Athleten werden das Spiel spannender und abwechslungsreicher machen.<\/p>\n<h3>Wie viel kann ich beim Tischtennis pro Wette verdienen?<\/h3>\n<p>Es gibt keine Begrenzung der maximalen Gewinne an sich, aber Sie k\u00f6nnen die allgemeinen Regeln in den prim\u00e4ren Casino-Dokumenten einsehen.\u00a0Je beliebter das von Ihnen gew\u00e4hlte Turnier ist, desto mehr Chancen haben Sie, eine gro\u00dfe Geldsumme auf einmal zu setzen.\u00a0Versuchen Sie, die einmalige Gelegenheit zu nutzen, mit einer einzigen Wette viel auf einmal zu verdienen.\u00a0Da die Spiele jedoch normalerweise schnell sind, f\u00e4llt der Betrag pro Wette nicht allzu stark ins Gewicht.<\/p>\n<h3>Was sind die Auszahlungsbeschr\u00e4nkungen nach einem Sieg beim Tischtennis?<\/h3>\n<p>Auf den besten Tischtennis-Wettseiten werden Sie nach dem Gewinn keine Probleme haben, Geld abzuheben.\u00a0Solche Gl\u00fccksspielunternehmen finden Sie auf unserer Website, da wir qualitativ hochwertige Bewertungen erstellen.\u00a0Wir testen die Funktionalit\u00e4t des Casinos sorgf\u00e4ltig, wenn wir Materialien schreiben, und kontaktieren sogar den technischen Support.\u00a0Das bedeutet, dass Sie den Daten vertrauen k\u00f6nnen, die wir von uns erhalten, und Ihr lustiges Spiel sofort beginnen k\u00f6nnen.<\/p>\n","protected":false},"excerpt":{"rendered":"<p>Der Hauptgrund f\u00fcr die Popularit\u00e4t von Tischtenniswetten ist, dass jeder mit solchen Wetten Zehntausende von Dollar verdienen kann.\u00a0Die Regeln sind einfach und die Spieler wechseln st\u00e4ndig.\u00a0Jedes Spiel wird nicht l\u00e4nger als 10-15 Minuten gespielt, was bedeutet, dass es jeden Tag viele Ereignisse gibt.\u00a0Wir empfehlen, auf gro\u00dfe Turniere zu vertrauen und sich jetzt \u00fcber die Vorteile&#8230;<\/p>\n","protected":false},"author":1,"featured_media":0,"parent":0,"menu_order":0,"comment_status":"closed","ping_status":"closed","template":"page-with-bonus.php","meta":{"_acf_changed":false,"_kad_post_transparent":"default","_kad_post_title":"default","_kad_post_layout":"default","_kad_post_sidebar_id":"","_kad_post_content_style":"default","_kad_post_vertical_padding":"default","_kad_post_feature":"","_kad_post_feature_position":"","_kad_post_header":false,"_kad_post_footer":false,"footnotes":""},"class_list":["post-3571","page","type-page","status-publish","hentry"],"acf":[],"rttpg_featured_image_url":null,"rttpg_author":{"display_name":"Tom","author_link":"https:\/\/rocketplay-game.com\/de\/author\/pemvas95n89x\/"},"rttpg_comment":0,"rttpg_category":null,"rttpg_excerpt":"Der Hauptgrund f\u00fcr die Popularit\u00e4t von Tischtenniswetten ist, dass jeder mit solchen Wetten Zehntausende von Dollar verdienen kann.\u00a0Die Regeln sind einfach und die Spieler wechseln st\u00e4ndig.\u00a0Jedes Spiel wird nicht l\u00e4nger als 10-15 Minuten gespielt, was bedeutet, dass es jeden Tag viele Ereignisse gibt.\u00a0Wir empfehlen, auf gro\u00dfe Turniere zu vertrauen und sich jetzt \u00fcber die Vorteile...","_links":{"self":[{"href":"https:\/\/rocketplay-game.com\/de\/wp-json\/wp\/v2\/pages\/3571","targetHints":{"allow":["GET"]}}],"collection":[{"href":"https:\/\/rocketplay-game.com\/de\/wp-json\/wp\/v2\/pages"}],"about":[{"href":"https:\/\/rocketplay-game.com\/de\/wp-json\/wp\/v2\/types\/page"}],"author":[{"embeddable":true,"href":"https:\/\/rocketplay-game.com\/de\/wp-json\/wp\/v2\/users\/1"}],"replies":[{"embeddable":true,"href":"https:\/\/rocketplay-game.com\/de\/wp-json\/wp\/v2\/comments?post=3571"}],"version-history":[{"count":3,"href":"https:\/\/rocketplay-game.com\/de\/wp-json\/wp\/v2\/pages\/3571\/revisions"}],"predecessor-version":[{"id":3939,"href":"https:\/\/rocketplay-game.com\/de\/wp-json\/wp\/v2\/pages\/3571\/revisions\/3939"}],"wp:attachment":[{"href":"https:\/\/rocketplay-game.com\/de\/wp-json\/wp\/v2\/media?parent=3571"}],"curies":[{"name":"wp","href":"https:\/\/api.w.org\/{rel}","templated":true}]}}