{"id":3593,"date":"2023-01-10T16:01:48","date_gmt":"2023-01-10T13:01:48","guid":{"rendered":"https:\/\/rocketplay-game.com\/live-betting\/"},"modified":"2024-02-09T16:15:03","modified_gmt":"2024-02-09T13:15:03","slug":"live-betting","status":"publish","type":"page","link":"https:\/\/rocketplay-game.com\/de\/live-betting\/","title":{"rendered":"Ausf\u00fchrlicher Leitfaden f\u00fcr Live-Sportwetten"},"content":{"rendered":"<p>Live-Wetten in Deutschland werden von denen gew\u00e4hlt, die sich entscheiden, in Echtzeit auf Sport zu wetten. Bettor schlie\u00dft Wetten nicht vor Beginn des Spiels ab, sondern direkt im Verlauf des Spiels. Es gibt Gewinnchancen und erh\u00f6ht die Wahrscheinlichkeit, dass der Gewinner vorhergesagt werden kann.<\/p>\n<p><img loading=\"lazy\" decoding=\"async\" class=\"aligncenter wp-image-4765\" src=\"https:\/\/rocketplay-game.com\/wp-content\/uploads\/2024\/02\/soccer-players-action-professional-stadium.jpg\" alt=\"Live Sports Betting\" width=\"800\" height=\"492\" srcset=\"https:\/\/rocketplay-game.com\/wp-content\/uploads\/2024\/02\/soccer-players-action-professional-stadium.jpg 1000w, https:\/\/rocketplay-game.com\/wp-content\/uploads\/2024\/02\/soccer-players-action-professional-stadium-300x185.jpg 300w, https:\/\/rocketplay-game.com\/wp-content\/uploads\/2024\/02\/soccer-players-action-professional-stadium-768x472.jpg 768w\" sizes=\"auto, (max-width: 800px) 100vw, 800px\" \/><\/p>\n<h2>Was sind Live-Wetten?<\/h2>\n<p>Viele Wettende ziehen es vor, live zu wetten, um die Gewinnwahrscheinlichkeit so weit wie m\u00f6glich zu erh\u00f6hen.\u00a0Daf\u00fcr gibt es viele Gr\u00fcnde:<\/p>\n<ol>\n<li aria-level=\"1\">Dank Live-Sportwetten-Websites ist es m\u00f6glich, schnell und ohne k\u00f6rperliche Anstrengung Ihr finanzielles Einkommen zu steigern.<\/li>\n<li aria-level=\"1\">W\u00e4hrend des Spiels kann alles passieren.\u00a0Und wenn das Spiel Ihres Lieblingsteams pl\u00f6tzlich nicht gut l\u00e4uft, k\u00f6nnen Sie nicht wie geplant wetten.<\/li>\n<li aria-level=\"1\">Es ist m\u00f6glich, Wetten mit h\u00f6heren Quoten abzuschlie\u00dfen.<\/li>\n<li aria-level=\"1\">In der Live-Linie gibt es mehr Gabeln als in der normalen.\u00a0Und dies erh\u00f6ht die Chancen f\u00fcr Wetter auf einen gl\u00e4nzenden und profitablen Sieg.<\/li>\n<li aria-level=\"1\">Dank Live-Wetten ist es m\u00f6glich, Verluste zu minimieren, indem man auf den gegenteiligen Ausgang von Ereignissen setzt.<\/li>\n<\/ol>\n<p>Dies sind nicht alle Gr\u00fcnde, warum Wetter sich f\u00fcr eine Live-Sportwetten-App entscheiden.\u00a0Es gibt viele mehr.\u00a0Und jeder wird es nicht bereuen, eine solche Wahl getroffen zu haben.<\/p>\n<h2>Arten von Live-Wetten<\/h2>\n<p>Es gibt viele Arten von Live-Sportwetten, die viele Menschen lieben.\u00a0Und jede Wette ist auf ihre Weise attraktiv:<\/p>\n<ol>\n<li aria-level=\"1\">Hauptergebnis.\u00a0Diese Wette erm\u00f6glicht es, den Sieg bestimmter Teilnehmer in einem Spiel oder einem Unentschieden vorherzusagen.<\/li>\n<li aria-level=\"1\">Doppelte Chance.\u00a0Eine solche Wette kann abgeschlossen werden, wenn die Zuversicht besteht, dass eine der Mannschaften oder ein bestimmter Athlet w\u00e4hrend des Spiels nicht verlieren wird.<\/li>\n<li aria-level=\"1\">Sagen Sie voraus, wie viele Tore w\u00e4hrend des Spiels fallen werden.\u00a0Es ist m\u00f6glich, eine solche Art von Wetten wie Total, mehr oder weniger zu w\u00e4hlen.<\/li>\n<\/ol>\n<p>Viele Wettende setzen gerne auf Spiele, die bereits begonnen haben.\u00a0Es wird m\u00f6glich, auf ein bereits begonnenes Ereignis zu wetten.<\/p>\n<h2>Vorteile von Live-Wetten<\/h2>\n<p>Viele professionelle Wetter platzieren Live-Wetten.\u00a0So ist es m\u00f6glich, das Finanzkapital zu erh\u00f6hen, mehrere Wetten in einer Matte abzuschlie\u00dfen und den Ausgang von Ereignissen vorherzusagen.\u00a0Diese Wettart hat viele Vorteile:<\/p>\n<ol>\n<li>\n<ol>\n<li aria-level=\"1\">Es wird m\u00f6glich, das Spiel pers\u00f6nlich zu sehen und direkt w\u00e4hrend des Spiels Wetten abzugeben.<\/li>\n<li aria-level=\"1\">Es gibt eine echte Gelegenheit, die Einnahmen aus den Ergebnissen eines einzelnen Spiels erheblich zu steigern.<\/li>\n<li aria-level=\"1\">Hervorzuheben sind auch die hohen Quoten, die im Laufe des Spiels steigen k\u00f6nnen.\u00a0Die Wahrscheinlichkeit, eine ausgezeichnete Quote zu erwischen, wenn die Wahrscheinlichkeit des Bestehens hoch genug ist, steigt.<\/li>\n<\/ol>\n<\/li>\n<\/ol>\n<p>Die Vorteile enden hier nat\u00fcrlich nicht.\u00a0Und jeder wird gerne auf Sport wetten und sich f\u00fcr Live-Sportwettenl\u00f6sungen entscheiden.<\/p>\n<p><img loading=\"lazy\" decoding=\"async\" class=\"aligncenter wp-image-4774\" src=\"https:\/\/rocketplay-game.com\/wp-content\/uploads\/2024\/02\/sports-betting-american-football-player-appearing-from-smartphone-field-money-shower.jpg\" alt=\"Live Sports Betting 2\" width=\"800\" height=\"534\" srcset=\"https:\/\/rocketplay-game.com\/wp-content\/uploads\/2024\/02\/sports-betting-american-football-player-appearing-from-smartphone-field-money-shower.jpg 1000w, https:\/\/rocketplay-game.com\/wp-content\/uploads\/2024\/02\/sports-betting-american-football-player-appearing-from-smartphone-field-money-shower-300x200.jpg 300w, https:\/\/rocketplay-game.com\/wp-content\/uploads\/2024\/02\/sports-betting-american-football-player-appearing-from-smartphone-field-money-shower-768x512.jpg 768w\" sizes=\"auto, (max-width: 800px) 100vw, 800px\" \/><\/p>\n<h2>Live-Wettstrategie<\/h2>\n<p>Die Live-Wettstrategie ist ein Spiel in Echtzeit.\u00a0Es besteht die M\u00f6glichkeit, die Wahrscheinlichkeit, dass die Wette gespielt wird, deutlich zu erh\u00f6hen.\u00a0Es reicht aus, die Entwicklung des Spiels zu verfolgen, damit Sie genauer bestimmen k\u00f6nnen, wer aus dem Wettbewerb, auf den Sie gewettet haben, als Sieger hervorgehen wird.<\/p>\n<p>Die Analyse dessen, was Sie sehen, und das Bewusstsein f\u00fcr die Aufstellung des Teams erh\u00f6hen die Wahrscheinlichkeit, dass Sie durch Wetten gewinnen, erheblich.\u00a0Und in diesem Fall k\u00f6nnen Sie den gesamten Betrag einfach, schnell und sicher abheben, indem Sie eine bequeme Zahlungsmethode ausw\u00e4hlen.<\/p>\n<h2>Fazit<\/h2>\n<p>Die Form von Live-Sportwetten ist in verschiedenen Sportarten weit verbreitet.\u00a0Es wird von vielen derjenigen bevorzugt, die gerne auf Cybersport wetten.\u00a0Fu\u00dfball und Tennis sowie Hockey, die Lieblingssportarten vieler Wetter, k\u00f6nnen auch w\u00e4hrend des Spiels durch Wetten verfolgt werden.<\/p>\n<p>Dank der Vielfalt an Live-Wettarten hat jeder Wetter die M\u00f6glichkeit, die richtige Wahl zu treffen.\u00a0Jeder wird es genie\u00dfen, das Spiel zu sehen und gleichzeitig sein finanzielles Wohlbefinden deutlich zu verbessern &#8211; ohne k\u00f6rperliche Anstrengung.<\/p>\n<h2>FAQ<\/h2>\n<p>F\u00fcr alle, die es lieben, in Echtzeit auf Sport zu wetten, wird es hilfreich und spannend sein, die Antworten auf die Fragen zu kennen, die Wetter oft stellen.\u00a0Hier sind einige davon.<\/p>\n<h3>Was ist der Reiz von Live-Wetten?<\/h3>\n<p>Es gibt mehr als genug Gr\u00fcnde, warum Wetter sich oft f\u00fcr Live-Wetten entscheiden:<\/p>\n<ol>\n<li aria-level=\"1\">Es ist m\u00f6glich, w\u00e4hrend des Spiels zu wetten.<\/li>\n<li aria-level=\"1\">Die M\u00f6glichkeit, w\u00e4hrend des Spiels zu wetten, erh\u00f6ht die Wahrscheinlichkeit genauerer Vorhersagen.<\/li>\n<li aria-level=\"1\">Wenn man die Entwicklung der Ereignisse beobachtet, ist es m\u00f6glich, genauer vorherzusagen, wer der Gewinner in diesem Spiel sein wird.<\/li>\n<\/ol>\n<p>Das sind nat\u00fcrlich noch nicht alle Vorteile von Live Sportwetten Tipps.<\/p>\n<h3>Wie ver\u00e4ndern sich die Quoten bei Live-Wetten?<\/h3>\n<p>Wenn Sie eine Wette auf ein bereits begonnenes Ereignis platzieren, \u00e4ndern sich die Quoten proportional zum Spielverlauf.\u00a0Dies gilt f\u00fcr erzielte Tore, Elfmeter und andere Spielkomponenten.\u00a0Live-Wetten geben Ihnen mehr Gewissheit zu gewinnen.<\/p>\n<h3>Wie kann man bei Live-Wetten gewinnen?<\/h3>\n<p>Um zu gewinnen, muss der Wettende:<\/p>\n<ul>\n<li aria-level=\"1\">Konzentration und Aufmerksamkeitsspanne;<\/li>\n<li aria-level=\"1\">die F\u00e4higkeit, Emotionen zu kontrollieren;<\/li>\n<li aria-level=\"1\">Auswahl der richtigen Strategie, die beste der geschlossensten, bei der der Verlust minimiert wird;<\/li>\n<li aria-level=\"1\"><span class=\"\">Beobachten Sie die Online-\u00dcbertragung aufmerksam, um die Situation w\u00e4hrend des Spiels so genau wie m\u00f6glich einzusch\u00e4tzen und den Moment vorherzusagen, in dem das Spiel einen Wendepunkt erreichen wird.<\/span><\/li>\n<\/ul>\n<p><span class=\"\">Wenn Sie genau beobachten, wie sich die Ereignisse entwickeln, gibt es jede Chance zu gewinnen.<\/span><\/p>\n","protected":false},"excerpt":{"rendered":"<p>Live-Wetten in Deutschland werden von denen gew\u00e4hlt, die sich entscheiden, in Echtzeit auf Sport zu wetten. Bettor schlie\u00dft Wetten nicht vor Beginn des Spiels ab, sondern direkt im Verlauf des Spiels. Es gibt Gewinnchancen und erh\u00f6ht die Wahrscheinlichkeit, dass der Gewinner vorhergesagt werden kann. Was sind Live-Wetten? Viele Wettende ziehen es vor, live zu wetten,&#8230;<\/p>\n","protected":false},"author":1,"featured_media":0,"parent":0,"menu_order":0,"comment_status":"closed","ping_status":"closed","template":"page-with-bonus.php","meta":{"_acf_changed":false,"_kad_post_transparent":"default","_kad_post_title":"default","_kad_post_layout":"default","_kad_post_sidebar_id":"","_kad_post_content_style":"default","_kad_post_vertical_padding":"default","_kad_post_feature":"","_kad_post_feature_position":"","_kad_post_header":false,"_kad_post_footer":false,"footnotes":""},"class_list":["post-3593","page","type-page","status-publish","hentry"],"acf":[],"rttpg_featured_image_url":null,"rttpg_author":{"display_name":"Tom","author_link":"https:\/\/rocketplay-game.com\/de\/author\/pemvas95n89x\/"},"rttpg_comment":0,"rttpg_category":null,"rttpg_excerpt":"Live-Wetten in Deutschland werden von denen gew\u00e4hlt, die sich entscheiden, in Echtzeit auf Sport zu wetten. Bettor schlie\u00dft Wetten nicht vor Beginn des Spiels ab, sondern direkt im Verlauf des Spiels. Es gibt Gewinnchancen und erh\u00f6ht die Wahrscheinlichkeit, dass der Gewinner vorhergesagt werden kann. Was sind Live-Wetten? Viele Wettende ziehen es vor, live zu wetten,...","_links":{"self":[{"href":"https:\/\/rocketplay-game.com\/de\/wp-json\/wp\/v2\/pages\/3593","targetHints":{"allow":["GET"]}}],"collection":[{"href":"https:\/\/rocketplay-game.com\/de\/wp-json\/wp\/v2\/pages"}],"about":[{"href":"https:\/\/rocketplay-game.com\/de\/wp-json\/wp\/v2\/types\/page"}],"author":[{"embeddable":true,"href":"https:\/\/rocketplay-game.com\/de\/wp-json\/wp\/v2\/users\/1"}],"replies":[{"embeddable":true,"href":"https:\/\/rocketplay-game.com\/de\/wp-json\/wp\/v2\/comments?post=3593"}],"version-history":[{"count":4,"href":"https:\/\/rocketplay-game.com\/de\/wp-json\/wp\/v2\/pages\/3593\/revisions"}],"predecessor-version":[{"id":5272,"href":"https:\/\/rocketplay-game.com\/de\/wp-json\/wp\/v2\/pages\/3593\/revisions\/5272"}],"wp:attachment":[{"href":"https:\/\/rocketplay-game.com\/de\/wp-json\/wp\/v2\/media?parent=3593"}],"curies":[{"name":"wp","href":"https:\/\/api.w.org\/{rel}","templated":true}]}}