{"id":3597,"date":"2023-01-10T10:58:28","date_gmt":"2023-01-10T07:58:28","guid":{"rendered":"https:\/\/rocketplay-game.com\/live-games\/"},"modified":"2024-02-09T15:53:00","modified_gmt":"2024-02-09T12:53:00","slug":"live-games","status":"publish","type":"page","link":"https:\/\/rocketplay-game.com\/de\/live-games\/","title":{"rendered":"Rocket Play Live-Casinospiele im Test"},"content":{"rendered":"<p><span class=\"\">Online-Casinos sind heute relevanter denn je.\u00a0<\/span>Viele Menschen lieben es, ihre Abende damit zu verbringen, in Online-Casinos zu spielen.\u00a0Und Casinos flattern st\u00e4ndig.\u00a0Entwickelt zusammen mit der Entwicklung der Technologie und des zug\u00e4nglicheren Internets.<\/p>\n<p>So erschienen Casino Live-Spiele in den 2000er Jahren.\u00a0Aber damals war es nicht bequem, die Verbindung lie\u00df zu w\u00fcnschen \u00fcbrig und die technische Seite war nicht gut gemacht.\u00a0Seitdem ist viel Zeit vergangen und vieles hat sich verbessert.<\/p>\n<p><img loading=\"lazy\" decoding=\"async\" class=\"aligncenter wp-image-4825\" src=\"https:\/\/rocketplay-game.com\/wp-content\/uploads\/2024\/02\/live-cas.png\" alt=\"Rocket Play Live Casino\" width=\"800\" height=\"661\" srcset=\"https:\/\/rocketplay-game.com\/wp-content\/uploads\/2024\/02\/live-cas.png 886w, https:\/\/rocketplay-game.com\/wp-content\/uploads\/2024\/02\/live-cas-300x248.png 300w, https:\/\/rocketplay-game.com\/wp-content\/uploads\/2024\/02\/live-cas-768x635.png 768w\" sizes=\"auto, (max-width: 800px) 100vw, 800px\" \/><\/p>\n<h2>Arten von Live-Spielen<\/h2>\n<p>Im Internet finden Sie viele verschiedene Casino Live-Spiele.\u00a0Oft sind dies die Kartenspiele, die jeder liebt.\u00a0Zu den besten Live-Casino-Spielen geh\u00f6ren Poker, Blackjack und Lotterien.<\/p>\n<h2>Wie starte ich das Spiel?<\/h2>\n<p>Wenn Sie anfangen, sich mit der Welt des Gl\u00fccksspiels vertraut zu machen, haben Sie vielleicht eine Frage, wie Sie mit dem Spielen beginnen sollen.\u00a0Um mit dem Spielen von Live-Online-Casino-Spielen zu beginnen, m\u00fcssen Sie auf die offizielle Website des Online-Casinos gehen.\u00a0Melden Sie sich unbedingt an. Andernfalls k\u00f6nnen Sie das Spiel nicht starten.\u00a0W\u00e4hlen Sie anschlie\u00dfend oben im Men\u00fc das Element aus, um Live-Casino-Spiele zu spielen.\u00a0Eine Liste der im Live-Format verf\u00fcgbaren Spiele wird vor Ihnen angezeigt.<\/p>\n<p>Live-Spiele unterscheiden sich von regul\u00e4ren Spielen, da der Dealer mit Ihnen spielt.\u00a0Er zeigt Ihre Pokerkarten, nimmt Wetten an und kommuniziert mit Spielern.\u00a0Dies schafft unvergessliche Emotionen und eine Atmosph\u00e4re, die dem \u00e4hnelt, was Sie in landgest\u00fctzten Casinos antreffen k\u00f6nnten.<\/p>\n<h2>Boni<\/h2>\n<p>Unter den Boni in Casinos mit einem Live-Format des Spiels finden Sie solche Boni:<\/p>\n<ul>\n<li aria-level=\"1\">Willkommensbonus \u2013 der Willkommensbonus, den Sie abholen k\u00f6nnen, sobald Sie die Website des Online-Casinos besuchen.\u00a0Dies soll neue Benutzer anlocken;<\/li>\n<li aria-level=\"1\">Anmeldebonus \u2013 Sie erhalten einen Anmeldebonus, wenn Sie sich anmelden und Ihre Kontoregistrierung in der E-Mail best\u00e4tigen, die an die E-Mail gesendet wird, die Sie bei der Registrierung angegeben haben;<\/li>\n<li aria-level=\"1\">Empfehlungsprogramm-Bonus \u2013 jedes Online-Casino hat ein Empfehlungssystem.\u00a0Oft ist dies ein Code, den ein bereits registrierter Benutzer einem noch nicht registrierten Benutzer geben kann.\u00a0Wenn dieser Code bei der Registrierung angegeben wird, erhalten beide Benutzer einen Bonus;<\/li>\n<li aria-level=\"1\">Allgemeine Werbeaktionen \u2013 Jedes Casino macht regelm\u00e4\u00dfig Werbeangebote, die Sie auf der Hauptseite des Casinos finden k\u00f6nnen.\u00a0Lesen Sie die Bedingungen des Bonus sorgf\u00e4ltig durch;<\/li>\n<li aria-level=\"1\">individuelle Angebote \u2013 solche Angebote kommen per Post, die der Benutzer bei der Registrierung angegeben hat, also vergessen Sie nicht, es zu \u00fcberpr\u00fcfen;<\/li>\n<li aria-level=\"1\">Treuebonus \u2013 Diese Art von Bonus steht vielen erfahrenen Spielern f\u00fcr ihre Treue zum Casino und ihre Zeit, die sie mit Spielen verbringen, zur Verf\u00fcgung.<\/li>\n<\/ul>\n<p>Alle diese Boni haben immer einen anderen F\u00fcller, aber Sie sollten auf den Einzahlungsbonus-Multiplikator achten, den Sie erhalten k\u00f6nnen.\u00a0Vernachl\u00e4ssigen Sie auch nicht die kostenlose Spielzeit, die Sie als Bonus erhalten k\u00f6nnen.<\/p>\n<p><img loading=\"lazy\" decoding=\"async\" class=\"aligncenter wp-image-4834\" src=\"https:\/\/rocketplay-game.com\/wp-content\/uploads\/2024\/02\/live-cas-24-e1707316963692.png\" alt=\"Rocket Play Live Casino 2\" width=\"800\" height=\"501\" srcset=\"https:\/\/rocketplay-game.com\/wp-content\/uploads\/2024\/02\/live-cas-24-e1707316963692.png 1112w, https:\/\/rocketplay-game.com\/wp-content\/uploads\/2024\/02\/live-cas-24-e1707316963692-300x188.png 300w, https:\/\/rocketplay-game.com\/wp-content\/uploads\/2024\/02\/live-cas-24-e1707316963692-1024x642.png 1024w, https:\/\/rocketplay-game.com\/wp-content\/uploads\/2024\/02\/live-cas-24-e1707316963692-768x481.png 768w\" sizes=\"auto, (max-width: 800px) 100vw, 800px\" \/><\/p>\n<h2>Software<\/h2>\n<p>Angesichts der wachsenden Popularit\u00e4t von Top-Live-Casino-Spielen priorisieren viele Entwickler die Entwicklung von Software f\u00fcr Spiele mit einem Live-Dealer.\u00a0Von den f\u00fchrenden Entwicklern solcher Software kann ich Folgendes herausgreifen:<\/p>\n<ul>\n<li aria-level=\"1\">Blueprint ist f\u00fchrend in der Anzahl der entwickelten Live-Action-Spiele.\u00a0Und Quantit\u00e4t ist nicht gleich Qualit\u00e4t, aber es geht nicht um diese Jungs.\u00a0Sie machen anst\u00e4ndige Spiele;<\/li>\n<li aria-level=\"1\">SoftBet \u2013 diese Spieleentwickler sind Ihre Aufmerksamkeit wert, auch wenn sie nicht mit so vielen Spielen aufwarten k\u00f6nnen, zumindest weil ihre Software einzigartig ist.<\/li>\n<li aria-level=\"1\">NetEnt ist einer der fairsten Softwareentwickler in der Gl\u00fccksspielwelt, daher ist es gro\u00dfartig, ihre Spiele mit einem Live-Dealer zu sehen.\u00a0Sie hatten immer den h\u00f6chstm\u00f6glichen RTP und ihre Benutzer haben sich nie \u00fcber die Qualit\u00e4t der Software beschwert.<\/li>\n<\/ul>\n<p>Nat\u00fcrlich k\u00f6nnen Sie auch neue Live Casino Spiele von anderen Softwareanbietern ausprobieren.\u00a0Und es wird richtig sein, denn es ist immer wichtig, etwas zu finden, das zu Ihnen passt.<\/p>\n<h2>Einzahlung und Auszahlung<\/h2>\n<p>Es ist auch wichtig, dass das Online-Casino bequeme M\u00f6glichkeiten hat, Ihre Gewinne einzuzahlen und abzuheben.\u00a0Und dieses Online-Casino hat es.\u00a0Der Mindesteinzahlungsbetrag bei Rocket Play betr\u00e4gt 20 $.\u00a0Der Auszahlungsbetrag ist h\u00f6her \u2013 50 $.\u00a0Der Auszahlungsbetrag ist in allen Casinos h\u00f6her als der Mindesteinzahlungsbetrag.\u00a0Dies geschieht, um zu verhindern, dass Benutzer nur mit Boni betr\u00fcgen und profitieren.\u00a0Sie k\u00f6nnen Ihr Guthaben auf folgende Weise auff\u00fcllen:<\/p>\n<ul>\n<li aria-level=\"1\">\u00fcber Ihre Bankkarte, Visa, MasterCard oder American Express;<\/li>\n<li aria-level=\"1\">\u00fcber den Online-Zahlungsdienst PayPal, Payoneer oder Payeer<\/li>\n<li aria-level=\"1\">aus Ihrer Kryptow\u00e4hrungs-Wallet.<\/li>\n<\/ul>\n<p>Sie k\u00f6nnen diese Methoden auch verwenden, um Geld zur\u00fcckzuziehen.<\/p>\n<h2>FAQ<\/h2>\n<p>Unser Hauptziel war es immer, unseren Benutzern zu helfen.\u00a0Deshalb haben wir die beliebtesten Fragen von Erstbenutzern gesammelt und beantwortet.<\/p>\n<h3>Kann ich von meinem Mobilger\u00e4t aus um echtes Geld spielen?<\/h3>\n<p>Ja, Sie k\u00f6nnen von Ihrem Mobilger\u00e4t aus um echtes Geld spielen.\u00a0Dazu m\u00fcssen Sie auf die offizielle Casino-Website gehen und die Online-Casino-App herunterladen.\u00a0Wenn Sie ein iPhone haben, m\u00fcssen Sie sich auf der Website anmelden und k\u00f6nnen Ihr Guthaben aufladen und mit echtem Geld wetten.<\/p>\n<h3>Ab welchem \u200b\u200bAlter kann ich eine Einzahlung t\u00e4tigen?<\/h3>\n<p>Sie k\u00f6nnen sich nur dann in einem Online-Casino registrieren, wenn Sie mindestens 18 Jahre alt sind.\u00a0Folglich k\u00f6nnen Sie erst nach der Registrierung einzahlen, was bedeutet, dass Sie 18 Jahre alt sind.<\/p>\n<h3>Kann ich versuchen, ohne Geld in einem Casino zu spielen?<\/h3>\n<p>Ja, Sie k\u00f6nnen immer im Demo-Modus spielen.\u00a0Dort haben Sie Zugriff auf Ihr Depotkonto.\u00a0Aber denken Sie daran, dass Sie das Geld im Demo-Modus verdienen und dort bleiben.<\/p>\n","protected":false},"excerpt":{"rendered":"<p>Online-Casinos sind heute relevanter denn je.\u00a0Viele Menschen lieben es, ihre Abende damit zu verbringen, in Online-Casinos zu spielen.\u00a0Und Casinos flattern st\u00e4ndig.\u00a0Entwickelt zusammen mit der Entwicklung der Technologie und des zug\u00e4nglicheren Internets. So erschienen Casino Live-Spiele in den 2000er Jahren.\u00a0Aber damals war es nicht bequem, die Verbindung lie\u00df zu w\u00fcnschen \u00fcbrig und die technische Seite war&#8230;<\/p>\n","protected":false},"author":1,"featured_media":0,"parent":0,"menu_order":0,"comment_status":"closed","ping_status":"closed","template":"page-with-bonus.php","meta":{"_acf_changed":false,"_kad_post_transparent":"default","_kad_post_title":"default","_kad_post_layout":"default","_kad_post_sidebar_id":"","_kad_post_content_style":"default","_kad_post_vertical_padding":"default","_kad_post_feature":"","_kad_post_feature_position":"","_kad_post_header":false,"_kad_post_footer":false,"footnotes":""},"class_list":["post-3597","page","type-page","status-publish","hentry"],"acf":[],"rttpg_featured_image_url":null,"rttpg_author":{"display_name":"Tom","author_link":"https:\/\/rocketplay-game.com\/de\/author\/pemvas95n89x\/"},"rttpg_comment":0,"rttpg_category":null,"rttpg_excerpt":"Online-Casinos sind heute relevanter denn je.\u00a0Viele Menschen lieben es, ihre Abende damit zu verbringen, in Online-Casinos zu spielen.\u00a0Und Casinos flattern st\u00e4ndig.\u00a0Entwickelt zusammen mit der Entwicklung der Technologie und des zug\u00e4nglicheren Internets. So erschienen Casino Live-Spiele in den 2000er Jahren.\u00a0Aber damals war es nicht bequem, die Verbindung lie\u00df zu w\u00fcnschen \u00fcbrig und die technische Seite war...","_links":{"self":[{"href":"https:\/\/rocketplay-game.com\/de\/wp-json\/wp\/v2\/pages\/3597","targetHints":{"allow":["GET"]}}],"collection":[{"href":"https:\/\/rocketplay-game.com\/de\/wp-json\/wp\/v2\/pages"}],"about":[{"href":"https:\/\/rocketplay-game.com\/de\/wp-json\/wp\/v2\/types\/page"}],"author":[{"embeddable":true,"href":"https:\/\/rocketplay-game.com\/de\/wp-json\/wp\/v2\/users\/1"}],"replies":[{"embeddable":true,"href":"https:\/\/rocketplay-game.com\/de\/wp-json\/wp\/v2\/comments?post=3597"}],"version-history":[{"count":4,"href":"https:\/\/rocketplay-game.com\/de\/wp-json\/wp\/v2\/pages\/3597\/revisions"}],"predecessor-version":[{"id":5246,"href":"https:\/\/rocketplay-game.com\/de\/wp-json\/wp\/v2\/pages\/3597\/revisions\/5246"}],"wp:attachment":[{"href":"https:\/\/rocketplay-game.com\/de\/wp-json\/wp\/v2\/media?parent=3597"}],"curies":[{"name":"wp","href":"https:\/\/api.w.org\/{rel}","templated":true}]}}