{"id":3601,"date":"2023-01-10T11:36:33","date_gmt":"2023-01-10T08:36:33","guid":{"rendered":"https:\/\/rocketplay-game.com\/live-games\/blackjck\/"},"modified":"2024-02-09T15:48:17","modified_gmt":"2024-02-09T12:48:17","slug":"blackjck","status":"publish","type":"page","link":"https:\/\/rocketplay-game.com\/de\/live-games\/blackjck\/","title":{"rendered":"Live-Blackjack-Leitfaden"},"content":{"rendered":"<p>Blackjack ist eines der \u00e4ltesten Kartenspiele in Casinos.\u00a0Einigen Studien zufolge begann Blackjack im siebzehnten Jahrhundert, aber damals hie\u00df es \u201e21\u201c, aber die Essenz des Spiels blieb gleich.<\/p>\n<p>Im Laufe der Zeit \u00e4ndert sich alles, \u00c4nderungen in der Verf\u00fcgbarkeit von Gl\u00fccksspielen, \u00c4nderungen im Gl\u00fccksspiel und \u00c4nderungen an den Orten, an denen Menschen spielen.\u00a0Casinos tauchten auf, und mit dem Aufkommen des verf\u00fcgbaren Internets begannen die Menschen auch, in Online-Casinos zu spielen.\u00a0Deshalb bieten wir Ihnen unseren Testbericht \u00fcber die immer beliebte moderne Form des Spiels Live Blackjack an.<\/p>\n<p><img loading=\"lazy\" decoding=\"async\" class=\"aligncenter wp-image-4846\" src=\"https:\/\/rocketplay-game.com\/wp-content\/uploads\/2024\/02\/blckjk.png\" alt=\"Live Blackjack \" width=\"800\" height=\"392\" srcset=\"https:\/\/rocketplay-game.com\/wp-content\/uploads\/2024\/02\/blckjk.png 1340w, https:\/\/rocketplay-game.com\/wp-content\/uploads\/2024\/02\/blckjk-300x147.png 300w, https:\/\/rocketplay-game.com\/wp-content\/uploads\/2024\/02\/blckjk-1024x502.png 1024w, https:\/\/rocketplay-game.com\/wp-content\/uploads\/2024\/02\/blckjk-768x377.png 768w\" sizes=\"auto, (max-width: 800px) 100vw, 800px\" \/><\/p>\n<h2>Vorteile von Live Blackjack bei Rocket Play<\/h2>\n<p>Live Blackjack online hat viele Vorteile gegen\u00fcber anderen Casinospielen.\u00a0Daher empfehlen wir Ihnen zu \u00fcberlegen, welche Vorteile Sie interessieren k\u00f6nnten:<\/p>\n<ul>\n<li aria-level=\"1\">die Einfachheit der Regeln \u2013 in den vielen Jahren des Bestehens von Live Blackjack Jeder hatte Blackjack gespielt, bevor er das erste Mal ein Casino besuchte.\u00a0Das kann zu Hause bei der Familie oder auf einer Party mit Freunden sein, aber jeder kennt die Spielregeln;<\/li>\n<li aria-level=\"1\">Spielgeschwindigkeit \u2013 Vergleicht man das Live Blackjack Casino mit anderen Spielen, sieht man sofort, dass die durchschnittliche Spieldauer der Online Casino Spiele bei Live Blackjack Deutschland etwa 2,5 Mal h\u00f6her ist. Das ist aber nicht verwunderlich, denn es gibt einfach lange nichts zu spielen.;<\/li>\n<li aria-level=\"1\">Live-Dealer \u2013 das ist nat\u00fcrlich keine Besonderheit mehr, und die ersten Live-Dealer in Casinospielen tauchten in den 2000er Jahren auf.\u00a0Live-Dealer wurden popul\u00e4r, als die Menschen begannen, Zugang zu hochwertigem Internet zu haben.\u00a0Ein Live-Dealer ist eine einzigartige Interaktion, eine Garantie f\u00fcr Fairness und einfach eine gute Atmosph\u00e4re, die Sie in die Hallen landbasierter Casinos mit ihrer Ger\u00e4umigkeit, ihrem Charisma und ihrer Aufregung bringt, die in diesem Raum schweben.<\/li>\n<\/ul>\n<p>Wenn Sie alle Vorteile des Spiels kennen, k\u00f6nnen Sie sicher mit dem Spielen beginnen.\u00a0Und holen Sie sich gro\u00dfe Gewinne.<\/p>\n<h2>Beliebte Live-Blackjack-Spielarten<\/h2>\n<p>W\u00e4hrend seiner Existenz gab es viele verschiedene Variationen dieses Spiels.\u00a0Und jeder von ihnen hat eine riesige Anzahl von Fans.\u00a0Deshalb laden wir Sie ein, f\u00fcnf der beliebtesten von ihnen in einem schnellen Format zu betrachten, ohne auf die Feinheiten der Regeln von jedem von ihnen einzugehen:<\/p>\n<ul>\n<li aria-level=\"1\">Amerikanisches Blackjack \u2013 Dieses Blackjack wird haupts\u00e4chlich als klassisches Blackjack bezeichnet.\u00a0Und es ist eine der h\u00e4ufigsten Arten von Blackjack.<\/li>\n<li aria-level=\"1\">Blackjack Perfect Pairs \u2013 Einer der Hauptunterschiede zwischen dieser Art von Blackjack und klassischem Blackjack besteht darin, dass hier die Nebenwetten und das erste Ziehen von Karten die Hauptrolle spielen;<\/li>\n<li aria-level=\"1\">Europ\u00e4isches Blackjack \u2013 Diese Art von Blackjack hat nur wenige signifikante Unterschiede zum klassischen Blackjack, was nicht \u00fcberraschend ist, da Blackjack auf dem europ\u00e4ischen Kontinent geboren wurde;<\/li>\n<li aria-level=\"1\">Blackjack Switch \u2013 Der Hauptunterschied dieser Blackjack-Variante spiegelt sich perfekt im Namen des Spiels wider.\u00a0Die Besonderheit dieses Blackjacks besteht darin, dass Sie zwei Bl\u00e4tter gleichzeitig haben und die zweiten Karten, die bei jedem Blatt ausgeteilt werden, zwischen den beiden Spielern wechseln k\u00f6nnen.<\/li>\n<li aria-level=\"1\">Vegas Strip Blackjack ist eine klassische Form von Strip Blackjack, diese Art von Blackjack hat weltweit viele Fans und begann im S\u00fcden von Las Vegas.<\/li>\n<\/ul>\n<p>Sie k\u00f6nnen mehr \u00fcber die Regeln und Merkmale jedes dieser Blackjacks auf der offiziellen Website des Online-Casinos lesen.<\/p>\n<h2>Software<\/h2>\n<p>Auf dem Markt der Softwareanbieter gibt es viel Konkurrenz.\u00a0Daher versucht jeder Entwickler, viele verschiedene Spiele f\u00fcr jeden Benutzer zu erstellen.\u00a0Daher ist es nicht verwunderlich, dass fast alle verschiedene Blackjack-Varianten anbieten.\u00a0Wir empfehlen Ihnen, auf solche Entwickler mit dem besten Live-Blackjack online online zu achten, das Sie in Online-Casinos finden k\u00f6nnen:<\/p>\n<ul>\n<li aria-level=\"1\">PGSoft;<\/li>\n<li aria-level=\"1\">Mikrospiele;<\/li>\n<li aria-level=\"1\">Play&#8217;n&#8217;Go;<\/li>\n<\/ul>\n<p>Wir k\u00f6nnen Ihnen jeden dieser Softwareentwickler empfehlen, da sie ihre F\u00e4higkeiten durch jahrelange Arbeit in diesem Markt bewiesen haben und Dutzende von Variationen Live Blackjack spielen.<\/p>\n<h2>Kundendienst<\/h2>\n<p>Eines der nicht unerheblichen Themen ist auch der Benutzersupport, da jeder Benutzer eine Schwierigkeit oder eine Frage haben kann.\u00a0Daher k\u00f6nnen Sie sich bei fast jeder Variante von Blackjack an Spezialisten wenden, die Ihnen qualitativ hochwertige und umfassende Hilfestellung geben, die alle Ihre Fragen l\u00f6st.<\/p>\n<p><img loading=\"lazy\" decoding=\"async\" class=\"aligncenter wp-image-4856 size-full\" src=\"https:\/\/rocketplay-game.com\/wp-content\/uploads\/2024\/02\/bot.png\" alt=\"Live Blackjack 2\" width=\"443\" height=\"626\" srcset=\"https:\/\/rocketplay-game.com\/wp-content\/uploads\/2024\/02\/bot.png 443w, https:\/\/rocketplay-game.com\/wp-content\/uploads\/2024\/02\/bot-212x300.png 212w\" sizes=\"auto, (max-width: 443px) 100vw, 443px\" \/><\/p>\n<h2>Fazit<\/h2>\n<p>Blackjack hat eine massive Entwicklungsgeschichte, die von Menschen selbst geschaffen wurde.\u00a0Blackjack wurde von verschiedenen Leuten zu unterschiedlichen Zeiten geliebt.\u00a0Wenn Sie noch nicht versucht haben, Blackjack zu spielen, besuchen Sie Live-Blackjack-Sites, und wir sind sicher, dass dieses Spiel Sie f\u00fcr viele Abende fesseln wird.<\/p>\n<h2>FAQ<\/h2>\n<p>Wir bekommen oft viele Fragen.\u00a0Erfahrene Spieler und Anf\u00e4nger schreiben uns.\u00a0Wir haben einige beliebte gesammelt und umfassend beantwortet.<\/p>\n<h3>Kann ich kostenlos Blackjack spielen?<\/h3>\n<p>Ja, Sie k\u00f6nnen Blackjack spielen, ohne Investitionen zu t\u00e4tigen.\u00a0Dazu m\u00fcssen Sie unseren Demo-Modus verwenden, den jedes Spiel hat.<\/p>\n<h3>Kann ich Blackjack von meinem Handy aus spielen?<\/h3>\n<p>Unsere Entwickler tun alles, damit unsere Benutzer spielen k\u00f6nnen, wie sie wollen und wo es bequem ist.\u00a0Deshalb haben wir eine perfekt optimierte mobile Version unserer Seite.\u00a0Probieren Sie es unbedingt aus.<\/p>\n<h3>Kann ich mein Guthaben aus meiner Kryptow\u00e4hrungs-Wallet aufladen?<\/h3>\n<p>Ja, unser Casino bietet die M\u00f6glichkeit, Ihr Guthaben in Kryptow\u00e4hrung einzuzahlen.\u00a0Au\u00dferdem k\u00f6nnen Sie Ihre Gewinne auf Ihre Kryptow\u00e4hrungs-Brieftasche oder Bankkarte abheben.<\/p>\n","protected":false},"excerpt":{"rendered":"<p>Blackjack ist eines der \u00e4ltesten Kartenspiele in Casinos.\u00a0Einigen Studien zufolge begann Blackjack im siebzehnten Jahrhundert, aber damals hie\u00df es \u201e21\u201c, aber die Essenz des Spiels blieb gleich. Im Laufe der Zeit \u00e4ndert sich alles, \u00c4nderungen in der Verf\u00fcgbarkeit von Gl\u00fccksspielen, \u00c4nderungen im Gl\u00fccksspiel und \u00c4nderungen an den Orten, an denen Menschen spielen.\u00a0Casinos tauchten auf, und&#8230;<\/p>\n","protected":false},"author":1,"featured_media":0,"parent":3597,"menu_order":0,"comment_status":"closed","ping_status":"closed","template":"page-with-bonus.php","meta":{"_acf_changed":false,"_kad_post_transparent":"default","_kad_post_title":"default","_kad_post_layout":"default","_kad_post_sidebar_id":"","_kad_post_content_style":"default","_kad_post_vertical_padding":"default","_kad_post_feature":"","_kad_post_feature_position":"","_kad_post_header":false,"_kad_post_footer":false,"footnotes":""},"class_list":["post-3601","page","type-page","status-publish","hentry"],"acf":[],"rttpg_featured_image_url":null,"rttpg_author":{"display_name":"Tom","author_link":"https:\/\/rocketplay-game.com\/de\/author\/pemvas95n89x\/"},"rttpg_comment":0,"rttpg_category":null,"rttpg_excerpt":"Blackjack ist eines der \u00e4ltesten Kartenspiele in Casinos.\u00a0Einigen Studien zufolge begann Blackjack im siebzehnten Jahrhundert, aber damals hie\u00df es \u201e21\u201c, aber die Essenz des Spiels blieb gleich. Im Laufe der Zeit \u00e4ndert sich alles, \u00c4nderungen in der Verf\u00fcgbarkeit von Gl\u00fccksspielen, \u00c4nderungen im Gl\u00fccksspiel und \u00c4nderungen an den Orten, an denen Menschen spielen.\u00a0Casinos tauchten auf, und...","_links":{"self":[{"href":"https:\/\/rocketplay-game.com\/de\/wp-json\/wp\/v2\/pages\/3601","targetHints":{"allow":["GET"]}}],"collection":[{"href":"https:\/\/rocketplay-game.com\/de\/wp-json\/wp\/v2\/pages"}],"about":[{"href":"https:\/\/rocketplay-game.com\/de\/wp-json\/wp\/v2\/types\/page"}],"author":[{"embeddable":true,"href":"https:\/\/rocketplay-game.com\/de\/wp-json\/wp\/v2\/users\/1"}],"replies":[{"embeddable":true,"href":"https:\/\/rocketplay-game.com\/de\/wp-json\/wp\/v2\/comments?post=3601"}],"version-history":[{"count":4,"href":"https:\/\/rocketplay-game.com\/de\/wp-json\/wp\/v2\/pages\/3601\/revisions"}],"predecessor-version":[{"id":5238,"href":"https:\/\/rocketplay-game.com\/de\/wp-json\/wp\/v2\/pages\/3601\/revisions\/5238"}],"up":[{"embeddable":true,"href":"https:\/\/rocketplay-game.com\/de\/wp-json\/wp\/v2\/pages\/3597"}],"wp:attachment":[{"href":"https:\/\/rocketplay-game.com\/de\/wp-json\/wp\/v2\/media?parent=3601"}],"curies":[{"name":"wp","href":"https:\/\/api.w.org\/{rel}","templated":true}]}}