{"id":3605,"date":"2023-01-10T15:42:17","date_gmt":"2023-01-10T12:42:17","guid":{"rendered":"https:\/\/rocketplay-game.com\/live-games\/blackjck\/free\/"},"modified":"2024-02-09T15:41:44","modified_gmt":"2024-02-09T12:41:44","slug":"free","status":"publish","type":"page","link":"https:\/\/rocketplay-game.com\/de\/live-games\/blackjck\/free\/","title":{"rendered":"Spielen Sie kostenloses Live-Blackjack mit Rocket Play Casino"},"content":{"rendered":"<p><span class=\"\">Viele Menschen verbringen ihre Abende gerne in Online-Casinos.\u00a0<\/span>Schlie\u00dflich ist es immer interessant.\u00a0Das sind viele verschiedene Emotionen.\u00a0Aber viele Menschen haben Angst, ihr Geld auszugeben.<\/p>\n<p>Manche denken, dass sie betrogen werden k\u00f6nnen.\u00a0Jemand ist kein erfahrener Spieler.\u00a0Sie m\u00fcssen nicht sofort um echtes Geld spielen, denn es gibt Free Live Blackjack.\u00a0Sie m\u00fcssen keinen einzigen Cent ausgeben, um Blackjack zu genie\u00dfen.\u00a0Werfen wir einen Blick darauf, wie es geht.<\/p>\n<p><img loading=\"lazy\" decoding=\"async\" class=\"aligncenter wp-image-4866\" src=\"https:\/\/rocketplay-game.com\/wp-content\/uploads\/2024\/02\/blckfejwfw-12132123.png\" alt=\"Rocket Play Blackjack\" width=\"800\" height=\"423\" srcset=\"https:\/\/rocketplay-game.com\/wp-content\/uploads\/2024\/02\/blckfejwfw-12132123.png 1348w, https:\/\/rocketplay-game.com\/wp-content\/uploads\/2024\/02\/blckfejwfw-12132123-300x159.png 300w, https:\/\/rocketplay-game.com\/wp-content\/uploads\/2024\/02\/blckfejwfw-12132123-1024x542.png 1024w, https:\/\/rocketplay-game.com\/wp-content\/uploads\/2024\/02\/blckfejwfw-12132123-768x406.png 768w\" sizes=\"auto, (max-width: 800px) 100vw, 800px\" \/><\/p>\n<h2>Einf\u00fchrung in das kostenlose Live-Blackjack<\/h2>\n<p>Blackjack ist eines der \u00e4ltesten Gl\u00fcckskartenspiele.\u00a0Die Geschichte des Blackjack reicht bis ins 17. Jahrhundert zur\u00fcck.\u00a0Aber in all dieser Zeit hat Blackjack nur an Popularit\u00e4t gewonnen und wurde nie mit Regeln \u00fcberladen.\u00a0Bei Free Live Blackjack online gibt es Dutzende von Varianten, die Sie in Online-Casinos finden k\u00f6nnen.\u00a0Und Sie k\u00f6nnen Free Live Blackjack immer nutzen, weil es keine Investition erfordert, interessant und schnell genug ist.<\/p>\n<h2>Wie man kostenloses Live-Blackjack spielt<\/h2>\n<p>Im Online-Casino finden Sie immer kostenlose Live-Blackjack-Spiele in einem speziellen Bereich.\u00a0Um kostenlos zu spielen, m\u00fcssen Sie das Spiel im Demo-Modus ausw\u00e4hlen.\u00a0Sie haben ein bestimmtes Konto, das automatisch aufgef\u00fcllt wird, wenn Sie alles verlieren, aber Sie k\u00f6nnen Ihre Gewinne nicht davon behalten.\u00a0Und die Spielregeln f\u00fcr klassisches Blackjack sind elementar:<\/p>\n<ol>\n<li aria-level=\"1\">Sie k\u00f6nnen sehen, wie der Dealer Karten in einem Live-Format auf dem Bildschirm vor Ihnen spielt.\u00a0Sie k\u00f6nnen auch Ihren Einsatz und die Karten sehen, die Sie auf der Hand haben.<\/li>\n<li aria-level=\"1\">Nachdem Sie eine Wette abgeschlossen haben, sagt der Dealer den bekannten Satz \u201eWetten sind gemacht, keine Wetten mehr\u201c und teilt Karten an alle Partyteilnehmer aus.<\/li>\n<li aria-level=\"1\">Beim ersten Deal erhalten Sie zwei Karten.\u00a0Um zu gewinnen, muss der Gesamtwert der Karten 21 betragen oder so nahe wie m\u00f6glich an dieser Zahl liegen, ohne sie zu \u00fcberschreiten.\u00a0Das Gewicht jeder Karte finden Sie immer auf dem Bildschirm.<\/li>\n<li aria-level=\"1\">Nachdem die Teilnehmer ihre Karten erhalten haben, \u00fcberlegt sich jeder Teilnehmer, ob er noch eine Karte nimmt oder jetzt aufh\u00f6rt.\u00a0Wenn der Teilnehmer die n\u00e4chste Karte nimmt und das Gewicht seiner Karte kleiner oder gleich 21 ist, bleibt der Teilnehmer im Spiel.\u00a0Bei mehr ist der Teilnehmer raus.\u00a0Jeder Teilnehmer kann so viele Zusatzkarten nehmen, wie er ben\u00f6tigt.<\/li>\n<li aria-level=\"1\">Nachdem jeder Teilnehmer so viele Karten wie n\u00f6tig genommen hat, zeigen alle Spieler ihre H\u00e4nde.\u00a0Der Gewinner ist der Gewinner mit einem Kartengewicht von 21 oder n\u00e4her. Der Verlierer bekommt nichts.<\/li>\n<\/ol>\n<p>Wenn Sie diese einfachen Regeln kennen, k\u00f6nnen Sie jederzeit ein oder mehrere Blackjack-Spiele in einem Online-Casino spielen.\u00a0Aber um regelm\u00e4\u00dfig zu gewinnen, m\u00fcssen Sie das Spiel im Detail studieren, Tipps von Profis lernen und Ihre Gewinnstrategie entwickeln.\u00a0All dies ist unglaublich wichtig, besonders wenn Sie danach vorhaben, um echtes Geld zu spielen.<\/p>\n<p><img loading=\"lazy\" decoding=\"async\" class=\"aligncenter wp-image-4875\" src=\"https:\/\/rocketplay-game.com\/wp-content\/uploads\/2024\/02\/blckfejwfw-12132123323.png\" alt=\"Rocket Play Blackjack 2\" width=\"800\" height=\"428\" srcset=\"https:\/\/rocketplay-game.com\/wp-content\/uploads\/2024\/02\/blckfejwfw-12132123323.png 1352w, https:\/\/rocketplay-game.com\/wp-content\/uploads\/2024\/02\/blckfejwfw-12132123323-300x160.png 300w, https:\/\/rocketplay-game.com\/wp-content\/uploads\/2024\/02\/blckfejwfw-12132123323-1024x548.png 1024w, https:\/\/rocketplay-game.com\/wp-content\/uploads\/2024\/02\/blckfejwfw-12132123323-768x411.png 768w\" sizes=\"auto, (max-width: 800px) 100vw, 800px\" \/><\/p>\n<h2>Warum Free Live Blackjack spielen?<\/h2>\n<p>Es gibt viele Gr\u00fcnde, warum Sie Live Blackjack kostenlos online spielen sollten, die wir sicherlich mit Ihnen ber\u00fccksichtigen werden:<\/p>\n<ul>\n<li aria-level=\"1\">Blackjack ist faszinierend \u2013 dieser Tatsache l\u00e4sst sich nur schwer widersprechen, da Blackjack von vielen als eines der aufregendsten Kartenspiele anerkannt wird.\u00a0Nat\u00fcrlich k\u00f6nnen leidenschaftliche Pokerfans dar\u00fcber streiten, aber nichts hindert sie daran, Poker und Blackjack zu spielen.<\/li>\n<li aria-level=\"1\">Es ist sicher \u2013 f\u00fcr diejenigen, die bef\u00fcrchten, dass sie alle ihre Ersparnisse beim Kartenspielen verlieren k\u00f6nnten.\u00a0Oder dass man nicht rechtzeitig aufh\u00f6ren kann.\u00a0Sie m\u00fcssen keinen Cent ausgeben, um im Online-Blackjack-Demomodus zu spielen.\u00a0Wenn Sie im Demo-Modus spielen, geben Sie Ihre Ersparnisse nicht aus.\u00a0Sie spielen um virtuelles Geld, das auf einem virtuellen Konto liegt.\u00a0Dieses Konto wird aufgef\u00fcllt, wenn Sie das gesamte Geld davon verlieren.\u00a0Aber Sie k\u00f6nnen Ihre Gewinne nicht von diesem Konto abheben.\u00a0Erinnere dich daran.<\/li>\n<li aria-level=\"1\">Interaktion \u2013 Wenn Sie Live-Blackjack spielen, sehen Sie immer einen Live-Dealer vor sich, der in Echtzeit mit den Spielern am Tisch spricht, Karten austeilt und den Gewinner anruft.\u00a0Es ist einfach unglaublich zuzusehen.<\/li>\n<li aria-level=\"1\">Dies sind Live-Emotionen \u2013 wenn Sie Gl\u00fccksspiel und insbesondere Blackjack spielen, bekommen Sie eine enorme Dosis an Aufregung, die eine der st\u00e4rksten Emotionen ist, die Menschen empfinden.\u00a0Aber es ist sicher, diese Emotionen zu realisieren, wenn Sie kostenloses Blackjack spielen.\u00a0Sie verschwenden Ihre Investition nicht und riskieren nicht, sie zu verlieren.<\/li>\n<\/ul>\n<p>Wenn Sie versuchen, Blackjack zu spielen, werden Sie zweifellos Ihre eigenen einzigartigen Emotionen finden, die dieses Spiel hervorruft, und das ist gro\u00dfartig.\u00a0Gehen Sie also unbedingt hinein und versuchen Sie, kostenlos zu spielen.<\/p>\n<h2>Fazit<\/h2>\n<p>Blackjack hat weltweit Millionen von Fans.\u00a0Online-Casinos k\u00f6nnen Blackjack mit einem Live-Dealer spielen.\u00a0Vergessen Sie nicht den Bonus Live Blackjack Free.\u00a0Es wird es erm\u00f6glichen, ohne Investitionen echtes Geld zu verdienen.<\/p>\n<h2>FAQ<\/h2>\n<p>Viele Benutzer schreiben uns oft mit Fragen.\u00a0Und wir finden immer Zeit, sie zu beantworten.\u00a0Deshalb haben wir einige der beliebtesten Fragen zusammengestellt, damit Sie immer schneller Antworten finden, die Sie interessieren.<\/p>\n<h3>Was ist ein Willkommensbonus?<\/h3>\n<p>Dies ist ein Bonus, den jeder Benutzer erh\u00e4lt, der zum ersten Mal die offizielle Online-Casino-Website betritt.\u00a0Um diesen Bonus zu erhalten, muss der Benutzer eine einfache Registrierung abschlie\u00dfen und den Bonus in seinem Schrank abholen.<\/p>\n<h3>Kann ich kostenlos von meinem Telefon aus spielen?<\/h3>\n<p>Ja, Sie k\u00f6nnen Blackjack kostenlos spielen, nicht nur von Ihrem Handy aus.\u00a0Sie m\u00fcssen unsere Casino-App auf Ihrem Android-Ger\u00e4t auf die offizielle Website herunterladen.<\/p>\n<h3>Ab welchem \u200b\u200bAlter kann ich kostenlos Blackjack spielen?<\/h3>\n<p>Laut Gesetz darf man sich im Casino erst ab 18 Jahren anmelden. Ohne dieses Alter kann man leider nicht einmal kostenlos spielen.<\/p>\n","protected":false},"excerpt":{"rendered":"<p>Viele Menschen verbringen ihre Abende gerne in Online-Casinos.\u00a0Schlie\u00dflich ist es immer interessant.\u00a0Das sind viele verschiedene Emotionen.\u00a0Aber viele Menschen haben Angst, ihr Geld auszugeben. Manche denken, dass sie betrogen werden k\u00f6nnen.\u00a0Jemand ist kein erfahrener Spieler.\u00a0Sie m\u00fcssen nicht sofort um echtes Geld spielen, denn es gibt Free Live Blackjack.\u00a0Sie m\u00fcssen keinen einzigen Cent ausgeben, um Blackjack zu&#8230;<\/p>\n","protected":false},"author":1,"featured_media":0,"parent":3601,"menu_order":0,"comment_status":"closed","ping_status":"closed","template":"page-with-bonus.php","meta":{"_acf_changed":false,"_kad_post_transparent":"default","_kad_post_title":"default","_kad_post_layout":"default","_kad_post_sidebar_id":"","_kad_post_content_style":"default","_kad_post_vertical_padding":"default","_kad_post_feature":"","_kad_post_feature_position":"","_kad_post_header":false,"_kad_post_footer":false,"footnotes":""},"class_list":["post-3605","page","type-page","status-publish","hentry"],"acf":[],"rttpg_featured_image_url":null,"rttpg_author":{"display_name":"Tom","author_link":"https:\/\/rocketplay-game.com\/de\/author\/pemvas95n89x\/"},"rttpg_comment":0,"rttpg_category":null,"rttpg_excerpt":"Viele Menschen verbringen ihre Abende gerne in Online-Casinos.\u00a0Schlie\u00dflich ist es immer interessant.\u00a0Das sind viele verschiedene Emotionen.\u00a0Aber viele Menschen haben Angst, ihr Geld auszugeben. Manche denken, dass sie betrogen werden k\u00f6nnen.\u00a0Jemand ist kein erfahrener Spieler.\u00a0Sie m\u00fcssen nicht sofort um echtes Geld spielen, denn es gibt Free Live Blackjack.\u00a0Sie m\u00fcssen keinen einzigen Cent ausgeben, um Blackjack zu...","_links":{"self":[{"href":"https:\/\/rocketplay-game.com\/de\/wp-json\/wp\/v2\/pages\/3605","targetHints":{"allow":["GET"]}}],"collection":[{"href":"https:\/\/rocketplay-game.com\/de\/wp-json\/wp\/v2\/pages"}],"about":[{"href":"https:\/\/rocketplay-game.com\/de\/wp-json\/wp\/v2\/types\/page"}],"author":[{"embeddable":true,"href":"https:\/\/rocketplay-game.com\/de\/wp-json\/wp\/v2\/users\/1"}],"replies":[{"embeddable":true,"href":"https:\/\/rocketplay-game.com\/de\/wp-json\/wp\/v2\/comments?post=3605"}],"version-history":[{"count":4,"href":"https:\/\/rocketplay-game.com\/de\/wp-json\/wp\/v2\/pages\/3605\/revisions"}],"predecessor-version":[{"id":5229,"href":"https:\/\/rocketplay-game.com\/de\/wp-json\/wp\/v2\/pages\/3605\/revisions\/5229"}],"up":[{"embeddable":true,"href":"https:\/\/rocketplay-game.com\/de\/wp-json\/wp\/v2\/pages\/3601"}],"wp:attachment":[{"href":"https:\/\/rocketplay-game.com\/de\/wp-json\/wp\/v2\/media?parent=3605"}],"curies":[{"name":"wp","href":"https:\/\/api.w.org\/{rel}","templated":true}]}}