{"id":3609,"date":"2023-01-09T19:25:29","date_gmt":"2023-01-09T16:25:29","guid":{"rendered":"https:\/\/rocketplay-game.com\/live-casino\/"},"modified":"2026-03-01T16:11:03","modified_gmt":"2026-03-01T13:11:03","slug":"live-casino","status":"publish","type":"page","link":"https:\/\/rocketplay-game.com\/de\/live-casino\/","title":{"rendered":"Rocket Play Live-Casino-Rezension"},"content":{"rendered":"<p><span class=\"\">Es wird angenommen, dass die ersten Casinos im 17. Jahrhundert in Europa entstanden sind.\u00a0<\/span>Sie schienen das Gl\u00fccksspiel zu kontrollieren.\u00a0Schon damals war das Gl\u00fccksspiel unter den Menschen weit verbreitet.\u00a0Nat\u00fcrlich konnte nicht jeder dort hin, aber nur Angeh\u00f6rige des Adels und Adels, und mittendrin, warteten auf sehr hohe Preise f\u00fcr die Spiele.\u00a0Und sie spielten vor allem Kartenspiele wie Blackjack oder Bridge und spielten auch gerne Lotterien.<\/p>\n<p>Als das Casino wuchs, wurden die Preise erschwinglich und die Leute konnten spielen.\u00a0Dann kam das Internet.\u00a0Und so erschien unten die beste Live-Casino-Rezension!<\/p>\n<p><img loading=\"lazy\" decoding=\"async\" class=\"aligncenter wp-image-3185 lazy-loaded\" src=\"https:\/\/rocketplay-game.com\/wp-content\/uploads\/2023\/01\/live-kazino-300x169.jpg\" sizes=\"auto, (max-width: 800px) 100vw, 800px\" srcset=\"https:\/\/rocketplay-game.com\/wp-content\/uploads\/2023\/01\/live-kazino-300x169.jpg 300w, https:\/\/rocketplay-game.com\/wp-content\/uploads\/2023\/01\/live-kazino-1024x577.jpg 1024w, https:\/\/rocketplay-game.com\/wp-content\/uploads\/2023\/01\/live-kazino-768x433.jpg 768w, https:\/\/rocketplay-game.com\/wp-content\/uploads\/2023\/01\/live-kazino-1536x866.jpg 1536w, https:\/\/rocketplay-game.com\/wp-content\/uploads\/2023\/01\/live-kazino.jpg 1600w\" alt=\"\" width=\"800\" height=\"451\" data-lazy-type=\"image\" data-src=\"https:\/\/rocketplay-game.com\/wp-content\/uploads\/2023\/01\/live-kazino-300x169.jpg\" data-srcset=\"\" \/><\/p>\n<h2>RocketPlay Live-Casino-Software<\/h2>\n<p>Lassen Sie uns zun\u00e4chst einen Blick auf die Softwareanbieter werfen.\u00a0Wie \u00fcberall gibt es auch auf dem Markt der Softwareanbieter einen enormen Wettbewerb. Aus diesem Grund k\u00f6nnen Live-Online-Casinos in Deutschland aus einigen der besten w\u00e4hlen.<\/p>\n<p>Die Auswahl eines Softwareanbieters ist eine wichtige Aktivit\u00e4t.\u00a0Es beeinflusst die Qualit\u00e4t der Casinospiele, den Support, die Aktualisierung des Spiels, den Komfort der Spieler und wie viel sie verdienen k\u00f6nnen.\u00a0Das Top-Online-Live-Casino ist ein verantwortungsbewusster Ansatz f\u00fcr dieses Problem.\u00a0Deshalb k\u00f6nnen Sie solche Marktf\u00fchrer treffen:<\/p>\n<ul>\n<li>\n<ul>\n<li aria-level=\"1\">NetEnt;<\/li>\n<li aria-level=\"1\">BetSoft;<\/li>\n<li aria-level=\"1\">Entwurf;<\/li>\n<\/ul>\n<\/li>\n<\/ul>\n<p>Und das ist nicht alles; Weitere Informationen finden Sie auf der Deutschland-Live-Casino-Website. Schauen Sie sich unbedingt deren Anbieter an und w\u00e4hlen Sie aus, welcher Ihnen am besten gef\u00e4llt.<\/p>\n<h2>Boni &amp; Werbeaktionen<\/h2>\n<p>Boni und Werbeaktionen sind das, was den Benutzer am meisten fesselt, und das Live-Online-Casino versteht dies.\u00a0Daher k\u00f6nnen Sie beim Spielen auf viele verschiedene Bonusangebote sto\u00dfen.\u00a0Werfen wir einen Blick darauf, was sie sind:<\/p>\n<p><img loading=\"lazy\" decoding=\"async\" class=\"aligncenter wp-image-3195 lazy-loaded\" src=\"https:\/\/rocketplay-game.com\/wp-content\/uploads\/2023\/01\/9600978_258-300x156.jpg\" sizes=\"auto, (max-width: 800px) 100vw, 800px\" srcset=\"https:\/\/rocketplay-game.com\/wp-content\/uploads\/2023\/01\/9600978_258-300x156.jpg 300w, https:\/\/rocketplay-game.com\/wp-content\/uploads\/2023\/01\/9600978_258-1024x533.jpg 1024w, https:\/\/rocketplay-game.com\/wp-content\/uploads\/2023\/01\/9600978_258-768x400.jpg 768w, https:\/\/rocketplay-game.com\/wp-content\/uploads\/2023\/01\/9600978_258-1536x800.jpg 1536w, https:\/\/rocketplay-game.com\/wp-content\/uploads\/2023\/01\/9600978_258-2048x1067.jpg 2048w\" alt=\"\" width=\"800\" height=\"417\" data-lazy-type=\"image\" data-src=\"https:\/\/rocketplay-game.com\/wp-content\/uploads\/2023\/01\/9600978_258-300x156.jpg\" data-srcset=\"\" \/><\/p>\n<ul>\n<li aria-level=\"1\">Der Willkommensbonus ist ein Bonus, den jeder Spieler erhalten kann, sobald er die offizielle Website des Casinos betritt.\u00a0Dies geschieht, um neue Benutzer anzulocken;<\/li>\n<li aria-level=\"1\">Der Registrierungsbonus ist ein Bonus, den jeder Benutzer erh\u00e4lt, nachdem er sich registriert und seine E-Mail best\u00e4tigt hat.\u00a0Dies geschieht, damit neue Benutzer im Casino etwas zu tun finden und versuchen k\u00f6nnen, ihre ersten Wetten und Investitionen zu t\u00e4tigen;<\/li>\n<li aria-level=\"1\">Empfehlungsbonus \u2013 Dieser Bonus kann nur erhalten werden, wenn Sie bei der Registrierung den Code des Spielers angeben, der Sie zum Live-Casino eingeladen hat.\u00a0Dieser Spieler erh\u00e4lt auch seinen Teil des Bonus.\u00a0Es ist daf\u00fcr gemacht, dass Leute ihre Freunde ins Casino einladen;<\/li>\n<li aria-level=\"1\">Der Ersteinzahlungsbonus ist ein Bonus, der Ihrem Guthaben gutgeschrieben wird, sobald Sie Ihre erste Investition im Online-Casino t\u00e4tigen.\u00a0Dies geschieht, damit neue Benutzer einen gr\u00f6\u00dferen Anreiz haben, in das Casino zu investieren;<\/li>\n<li aria-level=\"1\">regelm\u00e4\u00dfige Aktionen \u2013 Sie finden sie immer auf der Hauptseite des Online-Casinos.\u00a0Dies sind v\u00f6llig unterschiedliche Boni.\u00a0Bitte lesen Sie die Bedingungen, wie Sie sie erhalten, sorgf\u00e4ltig durch.\u00a0Dies geschieht, um das Spiel von bereits erfahrenen Online-Casino-Benutzern zu diversifizieren;<\/li>\n<li aria-level=\"1\">Pers\u00f6nliche Angebote sind Werbeaktionen, die Sie per E-Mail erhalten.\u00a0Lesen Sie die Allgemeinen Gesch\u00e4ftsbedingungen sorgf\u00e4ltig durch, um zu erfahren, wie Sie sie erhalten.\u00a0Sie sind haupts\u00e4chlich darauf ausgelegt, passive Spieler zu aktivieren, aber manchmal m\u00f6chte das Casino Ihnen gefallen.<\/li>\n<li aria-level=\"1\">Ein Treuebonus ist ein Bonus, den erfahrene Casino-Benutzer erhalten.\u00a0Dieser Bonus existiert, damit erfahrene Spieler so viel wie m\u00f6glich im Casino bleiben.<\/li>\n<\/ul>\n<p>Wie Sie sehen k\u00f6nnen, hat das Casino eine riesige Auswahl an Bonusangeboten.\u00a0Ihr Inhalt kann variieren, also besuchen Sie die Website des Online-Casinos, um herauszufinden, was in dem Bonus enthalten ist, auf den Sie z\u00e4hlen.<\/p>\n<h2>Einzahlung &amp; Auszahlung<\/h2>\n<p>Ein wichtiger Teil ist auch, wie Sie Ihr Guthaben einzahlen und Ihre Gewinne abheben k\u00f6nnen.\u00a0Die beste Live-Casino-Website bietet ihren Benutzern viele verschiedene M\u00f6glichkeiten.\u00a0Schauen wir uns also an, wie Sie Ihre Einzahlung t\u00e4tigen k\u00f6nnen.\u00a0Sie k\u00f6nnen Ihre Einzahlung wie folgt vornehmen:<\/p>\n<ul>\n<li aria-level=\"1\">Ihre Bankkarte Visa, MasterCard, American Express;<\/li>\n<li aria-level=\"1\">Internetbanking PayPal, Payoneer, Payer;<\/li>\n<li aria-level=\"1\">verschiedene Wallets f\u00fcr Kryptow\u00e4hrungen.<\/li>\n<\/ul>\n<p>Das Casino bietet viele Optionen, um Ihr Guthaben einzuzahlen.\u00a0Sie k\u00f6nnen Ihre Einzahlung von $20 vornehmen.\u00a0Sie k\u00f6nnen Ihre Gewinne von Ihrem Guthaben abheben.\u00a0Leider k\u00f6nnen Sie Ihr Guthaben nicht auf Ihre Bankkarte abheben, aber Sie k\u00f6nnen weiterhin Online-Banking oder Ihre Kryptow\u00e4hrungs-Wallet verwenden.<\/p>\n<h2>Kundendienst<\/h2>\n<p>Ein wesentlicher Bestandteil eines jeden Casinos ist die Benutzerunterst\u00fctzung.\u00a0Denn Fragen und Schwierigkeiten k\u00f6nnen jederzeit bei jedem auftreten.\u00a0Und dieses Online-Casino ist alles auf h\u00f6chstem Niveau.\u00a0Sie k\u00f6nnen rund um die Uhr um Hilfe bitten, und Sie werden sicher helfen, denn hier wird das hochqualifizierte Team von Fachleuten Ihre Anfrage verstehen.<\/p>\n<h2>Fazit<\/h2>\n<p>Nachdem Sie unsere Live-Online-Casino-Bewertungen gelesen haben, registrieren Sie sich sofort in einem Online-Casino.\u00a0Aber bevor Sie dies tun, lesen Sie unbedingt die Empfehlungen von Profis, wie man live im Casino spielt.\u00a0Dies wird Ihnen sicherlich helfen.<\/p>\n<h2>FAQ<\/h2>\n<p>Wir haben unser technisches Support-Team gebeten, uns die drei h\u00e4ufigsten Fragen zu nennen, damit wir Ihnen helfen k\u00f6nnen, Ihre Antwort so schnell wie m\u00f6glich zu finden.\u00a0Und Sie k\u00f6nnen sie unten finden.<\/p>\n<h3>Ab welchem \u200b\u200bAlter kann ich in einem Online Casino spielen?<\/h3>\n<p>Es steht im Gesetz geschrieben, dass Sie ab 18 Jahren ausschlie\u00dflich Gl\u00fccksspielaktivit\u00e4ten aus\u00fcben d\u00fcrfen. Und wir k\u00f6nnen nicht mit dem Gesetz streiten.<\/p>\n<h3>Wie spiele ich kostenlos?<\/h3>\n<p>Auf der offiziellen Website des Online-Casinos k\u00f6nnen Sie eine Demoversion von jedem Spiel finden, das Sie interessiert, und sich daran versuchen.<\/p>\n<h3>Kann ich von meinem Handy aus spielen?<\/h3>\n<p>Ja, Sie k\u00f6nnen unsere App von der offiziellen Website des Online-Casinos herunterladen oder direkt von dort aus spielen.\u00a0Schlie\u00dflich ist es perfekt f\u00fcr mobile Endger\u00e4te optimiert.<\/p>\n","protected":false},"excerpt":{"rendered":"<p>Es wird angenommen, dass die ersten Casinos im 17. Jahrhundert in Europa entstanden sind.\u00a0Sie schienen das Gl\u00fccksspiel zu kontrollieren.\u00a0Schon damals war das Gl\u00fccksspiel unter den Menschen weit verbreitet.\u00a0Nat\u00fcrlich konnte nicht jeder dort hin, aber nur Angeh\u00f6rige des Adels und Adels, und mittendrin, warteten auf sehr hohe Preise f\u00fcr die Spiele.\u00a0Und sie spielten vor allem Kartenspiele&#8230;<\/p>\n","protected":false},"author":1,"featured_media":0,"parent":0,"menu_order":0,"comment_status":"closed","ping_status":"closed","template":"page-with-bonus.php","meta":{"_acf_changed":false,"_kad_post_transparent":"default","_kad_post_title":"default","_kad_post_layout":"default","_kad_post_sidebar_id":"","_kad_post_content_style":"default","_kad_post_vertical_padding":"default","_kad_post_feature":"","_kad_post_feature_position":"","_kad_post_header":false,"_kad_post_footer":false,"footnotes":""},"class_list":["post-3609","page","type-page","status-publish","hentry"],"acf":[],"rttpg_featured_image_url":null,"rttpg_author":{"display_name":"Tom","author_link":"https:\/\/rocketplay-game.com\/de\/author\/pemvas95n89x\/"},"rttpg_comment":0,"rttpg_category":null,"rttpg_excerpt":"Es wird angenommen, dass die ersten Casinos im 17. Jahrhundert in Europa entstanden sind.\u00a0Sie schienen das Gl\u00fccksspiel zu kontrollieren.\u00a0Schon damals war das Gl\u00fccksspiel unter den Menschen weit verbreitet.\u00a0Nat\u00fcrlich konnte nicht jeder dort hin, aber nur Angeh\u00f6rige des Adels und Adels, und mittendrin, warteten auf sehr hohe Preise f\u00fcr die Spiele.\u00a0Und sie spielten vor allem Kartenspiele...","_links":{"self":[{"href":"https:\/\/rocketplay-game.com\/de\/wp-json\/wp\/v2\/pages\/3609","targetHints":{"allow":["GET"]}}],"collection":[{"href":"https:\/\/rocketplay-game.com\/de\/wp-json\/wp\/v2\/pages"}],"about":[{"href":"https:\/\/rocketplay-game.com\/de\/wp-json\/wp\/v2\/types\/page"}],"author":[{"embeddable":true,"href":"https:\/\/rocketplay-game.com\/de\/wp-json\/wp\/v2\/users\/1"}],"replies":[{"embeddable":true,"href":"https:\/\/rocketplay-game.com\/de\/wp-json\/wp\/v2\/comments?post=3609"}],"version-history":[{"count":4,"href":"https:\/\/rocketplay-game.com\/de\/wp-json\/wp\/v2\/pages\/3609\/revisions"}],"predecessor-version":[{"id":10312,"href":"https:\/\/rocketplay-game.com\/de\/wp-json\/wp\/v2\/pages\/3609\/revisions\/10312"}],"wp:attachment":[{"href":"https:\/\/rocketplay-game.com\/de\/wp-json\/wp\/v2\/media?parent=3609"}],"curies":[{"name":"wp","href":"https:\/\/api.w.org\/{rel}","templated":true}]}}