{"id":3613,"date":"2023-01-09T19:46:20","date_gmt":"2023-01-09T16:46:20","guid":{"rendered":"https:\/\/rocketplay-game.com\/live-casino\/real-money\/"},"modified":"2026-03-01T16:06:13","modified_gmt":"2026-03-01T13:06:13","slug":"real-money","status":"publish","type":"page","link":"https:\/\/rocketplay-game.com\/de\/live-casino\/real-money\/","title":{"rendered":"Live-Casino-Echtgeld im Rocket Play Casino-Review"},"content":{"rendered":"<p>Viele Menschen suchen nach einem Ort, an dem sie eine tolle Zeit verbringen k\u00f6nnen, und viele m\u00f6chten zus\u00e4tzliches Geld verdienen.\u00a0Und all dies ist m\u00f6glich, w\u00e4hrend Sie im Live-Online-Casino um echtes Geld spielen.\u00a0Hier k\u00f6nnen Sie mit einer Mindestinvestition einen Betrag von zwei oder mehr als der Investition verdienen, und besondere Gl\u00fcckspilze haben die M\u00f6glichkeit, ihren ersten Jackpot zu knacken.\u00a0Lesen Sie mehr in unserem Echtgeld-Live-Casino-Review dar\u00fcber, wie das geht.<\/p>\n<h2>Boni und Werbeaktionen<\/h2>\n<p>Um das Beste aus Ihrem Guthaben herauszuholen, ist es wichtig, Bonussysteme und Aktionsangebote im Auge zu behalten.\u00a0Sie k\u00f6nnen Freispiele oder Freispielzeit erhalten.\u00a0Sie k\u00f6nnen oft einen steigenden Multiplikator auf Ihre Einzahlung und viele andere hervorragende Boni erhalten.<\/p>\n<p><img loading=\"lazy\" decoding=\"async\" class=\"aligncenter wp-image-4805\" src=\"https:\/\/rocketplay-game.com\/wp-content\/uploads\/2024\/02\/promoc-2.png\" alt=\"Live casino real money\" width=\"800\" height=\"491\" srcset=\"https:\/\/rocketplay-game.com\/wp-content\/uploads\/2024\/02\/promoc-2.png 1012w, https:\/\/rocketplay-game.com\/wp-content\/uploads\/2024\/02\/promoc-2-300x184.png 300w, https:\/\/rocketplay-game.com\/wp-content\/uploads\/2024\/02\/promoc-2-768x471.png 768w\" sizes=\"auto, (max-width: 800px) 100vw, 800px\" \/><\/p>\n<p>All diese hervorragenden Boni k\u00f6nnen Sie von Bonussystemen erhalten, wie zum Beispiel:<\/p>\n<ul>\n<li aria-level=\"1\">Willkommensbonus \u2013 Dies ist ein Bonus, der jedem Benutzer angeboten wird, der die offizielle Website des Casinos zum ersten Mal besucht;<\/li>\n<li aria-level=\"1\">Registrierungsbonus \u2013 dieser Bonus wird jedem Benutzer zuerkannt, der sich registriert und seine E-Mail best\u00e4tigt;<\/li>\n<li aria-level=\"1\">Empfehlungsbonus \u2013 um diesen Bonus zu erhalten, m\u00fcssen Sie den Einladungscode zum Zeitpunkt der Registrierung angeben.\u00a0Der Bonus wird demjenigen gegeben, der ihn angegeben hat, und demjenigen, der diesen Code gegeben hat;<\/li>\n<li aria-level=\"1\">Ersteinzahlungsbonus \u2013 Dieser Bonus wird vergeben, wenn Sie zum ersten Mal in ein Online-Casino investieren;<\/li>\n<li aria-level=\"1\">Allgemeine Werbeaktionen sind die h\u00e4ufigsten Werbeaktionen, die Sie auf der Hauptseite des Online-Casinos finden k\u00f6nnen.\u00a0Solche Werbeaktionen werden regelm\u00e4\u00dfig aktualisiert.\u00a0Befolgen Sie die Allgemeinen Gesch\u00e4ftsbedingungen sorgf\u00e4ltig, um das Beste aus diesen Werbeaktionen herauszuholen.<\/li>\n<li aria-level=\"1\">Individuelle Angebote sind Boni, die jedem Casino-Benutzer auf der von ihm angegebenen Stelle zugestellt werden k\u00f6nnen.<\/li>\n<li aria-level=\"1\">Ein Treuebonus ist ein Bonus, den alle erfahrenen Spieler regelm\u00e4\u00dfig f\u00fcr ihre Treue zu diesem Online-Casino erhalten.<\/li>\n<\/ul>\n<p>All diese Boni helfen Ihnen dabei, das Beste aus Ihrer Investition herauszuholen und so viel Geld wie m\u00f6glich mit dem besten Live-Casino-Echtgeld zu verdienen.<\/p>\n<p><img loading=\"lazy\" decoding=\"async\" class=\"aligncenter wp-image-4814\" src=\"https:\/\/rocketplay-game.com\/wp-content\/uploads\/2024\/02\/promro-23.png\" alt=\"Live casino real money 2\" width=\"800\" height=\"365\" srcset=\"https:\/\/rocketplay-game.com\/wp-content\/uploads\/2024\/02\/promro-23.png 1157w, https:\/\/rocketplay-game.com\/wp-content\/uploads\/2024\/02\/promro-23-300x137.png 300w, https:\/\/rocketplay-game.com\/wp-content\/uploads\/2024\/02\/promro-23-1024x467.png 1024w, https:\/\/rocketplay-game.com\/wp-content\/uploads\/2024\/02\/promro-23-768x350.png 768w\" sizes=\"auto, (max-width: 800px) 100vw, 800px\" \/><\/p>\n<h2>Live Casino Real Money Software at RocketPlay<\/h2>\n<p>Auch das Unternehmen, das die Software bereitstellt, spielt eine bedeutende Rolle bei den Gewinnen.\u00a0Schlie\u00dflich gibt es in der Gl\u00fccksspielwelt viele skrupellose Softwareentwickler.\u00a0Aber die meisten Live-Online-Casinos versuchen immer noch, das Beste auszuw\u00e4hlen.\u00a0All dies geschieht, damit die Leute dem Casino mehr vertrauen.\u00a0Daher haben wir eine kurze Liste von 3 Softwareentwicklern erstellt, die wir Ihnen empfehlen k\u00f6nnen:<\/p>\n<ul>\n<li aria-level=\"1\">NetEnt;<\/li>\n<li aria-level=\"1\">BetSoft;<\/li>\n<li aria-level=\"1\">Entwurf.<\/li>\n<\/ul>\n<p>Alle diese Softwareentwickler haben sich l\u00e4ngst als zuverl\u00e4ssig etabliert.\u00a0Sie k\u00f6nnen selbst den anspruchsvollsten Spieler zufrieden stellen.\u00a0RTP liegt konstant \u00fcber 95%.<\/p>\n<h2>Wie gewinnt man Geld?<\/h2>\n<p>Im Internet finden Sie Hunderte von verschiedenen Anleitungen, wie Sie Geld gewinnen k\u00f6nnen, wenn Sie Live-Casino-Echtgeld spielen.\u00a0Aber meistens sind sie falsch.\u00a0Wenn Ihnen angeboten wird, einen bestimmten Slot zu spielen und in einer bestimmten Reihenfolge zu setzen, versuchen Sie zu betr\u00fcgen.\u00a0Wir k\u00f6nnen Ihnen allgemeine Tipps geben, die Ihnen helfen, nicht alles zu verlieren, und wenn Sie sich genug M\u00fche geben, werden Sie viel Geld gewinnen.<\/p>\n<ul>\n<li aria-level=\"1\">spielen Sie nicht, wenn Sie betrunken sind;<\/li>\n<li aria-level=\"1\">versuchen Sie nicht, vom Casino zur\u00fcckzugewinnen;<\/li>\n<li aria-level=\"1\">Vergessen Sie nicht, alle paar Stunden eine Pause einzulegen.\u00a0Dies wird Ihren Geist zur Besinnung bringen und \u00fcberm\u00e4\u00dfige Aufregung beseitigen.<\/li>\n<\/ul>\n<p>Wenn Sie diese wichtigen Tipps befolgen, k\u00f6nnen Sie mehr verdienen, selbst wenn Sie eine schwierige Phase durchmachen.<\/p>\n<h2>Zahlung und Auszahlung<\/h2>\n<p>Viele Casinos bieten verschiedene M\u00f6glichkeiten, um Ihr Guthaben einzuzahlen und abzuheben.\u00a0Sie k\u00f6nnen Ihre Bankkarte oder PayPal verwenden, und sogar das Casino kann Kryptow\u00e4hrungs-Wallets akzeptieren.\u00a0Die Mindesteinzahlung betr\u00e4gt 20 $ und die Mindestauszahlung 50 $.<\/p>\n<h2>FAQ<\/h2>\n<p>Viele unerfahrene Online-Casino-Benutzer schreiben uns oft mit Fragen.\u00a0Und wir k\u00f6nnen nicht anders, als unsere Antworten zu geben.\u00a0Also haben wir 3 der beliebtesten von ihnen gesammelt und unsere Antworten gegeben.<\/p>\n<h3>Kann ich kostenlos im Casino spielen?<\/h3>\n<p>Ja, Sie k\u00f6nnen Ihre Gewinnstrategien im Demo-Modus ausprobieren.\u00a0Jeder Slot, den Sie finden, hat einen Demo-Modus.<\/p>\n<h3>Kann ich Online-Casinos spielen, wenn ich unter 18 bin?<\/h3>\n<p>Nein, der Gesetzgeber schreibt vor, dass Gl\u00fccksspielaktivit\u00e4ten erst ab 18 Jahren strengstens erlaubt sind.<\/p>\n<h3>Kann ich mit meinem Handy Geld verdienen?<\/h3>\n<p>Ja, Sie k\u00f6nnen unsere mobile Version der Website verwenden.\u00a0Oder wenn Sie ein Android-Smartphone haben, k\u00f6nnen Sie die App herunterladen.<\/p>\n","protected":false},"excerpt":{"rendered":"<p>Viele Menschen suchen nach einem Ort, an dem sie eine tolle Zeit verbringen k\u00f6nnen, und viele m\u00f6chten zus\u00e4tzliches Geld verdienen.\u00a0Und all dies ist m\u00f6glich, w\u00e4hrend Sie im Live-Online-Casino um echtes Geld spielen.\u00a0Hier k\u00f6nnen Sie mit einer Mindestinvestition einen Betrag von zwei oder mehr als der Investition verdienen, und besondere Gl\u00fcckspilze haben die M\u00f6glichkeit, ihren ersten&#8230;<\/p>\n","protected":false},"author":1,"featured_media":0,"parent":3609,"menu_order":0,"comment_status":"closed","ping_status":"closed","template":"page-with-bonus.php","meta":{"_acf_changed":false,"_kad_post_transparent":"default","_kad_post_title":"default","_kad_post_layout":"default","_kad_post_sidebar_id":"","_kad_post_content_style":"default","_kad_post_vertical_padding":"default","_kad_post_feature":"","_kad_post_feature_position":"","_kad_post_header":false,"_kad_post_footer":false,"footnotes":""},"class_list":["post-3613","page","type-page","status-publish","hentry"],"acf":[],"rttpg_featured_image_url":null,"rttpg_author":{"display_name":"Tom","author_link":"https:\/\/rocketplay-game.com\/de\/author\/pemvas95n89x\/"},"rttpg_comment":0,"rttpg_category":null,"rttpg_excerpt":"Viele Menschen suchen nach einem Ort, an dem sie eine tolle Zeit verbringen k\u00f6nnen, und viele m\u00f6chten zus\u00e4tzliches Geld verdienen.\u00a0Und all dies ist m\u00f6glich, w\u00e4hrend Sie im Live-Online-Casino um echtes Geld spielen.\u00a0Hier k\u00f6nnen Sie mit einer Mindestinvestition einen Betrag von zwei oder mehr als der Investition verdienen, und besondere Gl\u00fcckspilze haben die M\u00f6glichkeit, ihren ersten...","_links":{"self":[{"href":"https:\/\/rocketplay-game.com\/de\/wp-json\/wp\/v2\/pages\/3613","targetHints":{"allow":["GET"]}}],"collection":[{"href":"https:\/\/rocketplay-game.com\/de\/wp-json\/wp\/v2\/pages"}],"about":[{"href":"https:\/\/rocketplay-game.com\/de\/wp-json\/wp\/v2\/types\/page"}],"author":[{"embeddable":true,"href":"https:\/\/rocketplay-game.com\/de\/wp-json\/wp\/v2\/users\/1"}],"replies":[{"embeddable":true,"href":"https:\/\/rocketplay-game.com\/de\/wp-json\/wp\/v2\/comments?post=3613"}],"version-history":[{"count":5,"href":"https:\/\/rocketplay-game.com\/de\/wp-json\/wp\/v2\/pages\/3613\/revisions"}],"predecessor-version":[{"id":10309,"href":"https:\/\/rocketplay-game.com\/de\/wp-json\/wp\/v2\/pages\/3613\/revisions\/10309"}],"up":[{"embeddable":true,"href":"https:\/\/rocketplay-game.com\/de\/wp-json\/wp\/v2\/pages\/3609"}],"wp:attachment":[{"href":"https:\/\/rocketplay-game.com\/de\/wp-json\/wp\/v2\/media?parent=3613"}],"curies":[{"name":"wp","href":"https:\/\/api.w.org\/{rel}","templated":true}]}}