{"id":3618,"date":"2023-01-10T15:54:18","date_gmt":"2023-01-10T12:54:18","guid":{"rendered":"https:\/\/rocketplay-game.com\/sports-betting\/"},"modified":"2024-02-09T15:20:44","modified_gmt":"2024-02-09T12:20:44","slug":"sports-betting","status":"publish","type":"page","link":"https:\/\/rocketplay-game.com\/de\/sports-betting\/","title":{"rendered":"Sportwetten Bewertung"},"content":{"rendered":"<p>Der entscheidende Vorteil von Sportwetten besteht darin, schnell und effizient Spa\u00df zu haben und gro\u00dfe Geldpreise zu gewinnen.\u00a0Sie k\u00f6nnen Sportwetten auch kostenlos ausprobieren, da das Gl\u00fccksspielunternehmen Ihnen gerne hilft, zus\u00e4tzliche Boni zu erhalten.\u00a0Verschaffen Sie sich dank unserer Bewertung einen Ruf als gl\u00fccklicher Spieler und beginnen Sie, t\u00e4glich Gewinne zu erzielen.\u00a0Lassen Sie sich von uns \u00fcber alle Funktionen von Online-Wetten informieren.<\/p>\n<p><img loading=\"lazy\" decoding=\"async\" class=\"aligncenter wp-image-4653\" src=\"https:\/\/rocketplay-game.com\/wp-content\/uploads\/2024\/02\/soccer-ball-dollar-banknotes-keyboard-sport-gambling-bet-concept.jpg\" alt=\"Sportwetten Bewertung\" width=\"800\" height=\"534\" srcset=\"https:\/\/rocketplay-game.com\/wp-content\/uploads\/2024\/02\/soccer-ball-dollar-banknotes-keyboard-sport-gambling-bet-concept.jpg 1000w, https:\/\/rocketplay-game.com\/wp-content\/uploads\/2024\/02\/soccer-ball-dollar-banknotes-keyboard-sport-gambling-bet-concept-300x200.jpg 300w, https:\/\/rocketplay-game.com\/wp-content\/uploads\/2024\/02\/soccer-ball-dollar-banknotes-keyboard-sport-gambling-bet-concept-768x512.jpg 768w\" sizes=\"auto, (max-width: 800px) 100vw, 800px\" \/><\/p>\n<h2>Wie kann man auf Sport wetten?<\/h2>\n<p>Das erste, was ein Anf\u00e4nger braucht, ist eine geeignete Sportwettenseite.\u00a0Das kann ein klassisches Casino oder ein auf Wetten spezialisiertes Projekt sein.\u00a0Wir empfehlen Ihnen jedoch, die einzigartigen Angebote unseres Portals zu nutzen.\u00a0Speziell f\u00fcr Sie haben Sie Dutzende von Bewertungen mit den besten L\u00f6sungen f\u00fcr Gl\u00fccksspielfans erstellt.<\/p>\n<p>Um mit dem Wetten zu beginnen, m\u00fcssen Sie sich auf der Plattform registrieren:<\/p>\n<ol>\n<li aria-level=\"1\">Gehen Sie zur offiziellen Spieleseite und registrieren Sie ein pers\u00f6nliches Konto, indem Sie pers\u00f6nliche Daten eingeben.\u00a0\u00dcberpr\u00fcfen Sie die Informationen noch einmal, da sie nicht ge\u00e4ndert werden k\u00f6nnen und es oft schwieriger ist, die \u00dcberpr\u00fcfung zu bestehen.<\/li>\n<li aria-level=\"1\">Best\u00e4tigen Sie dann Ihr Konto per E-Mail oder SMS und nutzen Sie das einzigartige Kassensystem.\u00a0F\u00fcllen Sie Ihr Konto \u00fcber eines der vorgeschlagenen Zahlungssysteme auf.\u00a0Kryptow\u00e4hrungen sind ebenfalls verf\u00fcgbar.\u00a0Beschr\u00e4nkungen f\u00fcr Betr\u00e4ge und Provisionen sind unterschiedlich.<\/li>\n<li aria-level=\"1\">Danach k\u00f6nnen Sie mit der Auswahl eines geeigneten Spiels fortfahren. Moderne deutsche Sportwetten erfordern Liebe zum Detail und h\u00f6chste Konzentration. Versuchen Sie, verschiedene Wettoptionen zu verwenden, und Sie werden gewinnen k\u00f6nnen.\u00a0Es wird empfohlen, zuerst den Demo-Modus zu verwenden und dann mit dem aktiven Wetten zu beginnen.<\/li>\n<\/ol>\n<p>Nach der Erstellung eines pers\u00f6nlichen Kontos wird der Spieler aufgefordert, sich dem Verifizierungsverfahren zu unterziehen.\u00a0Dies ist ein obligatorischer Teil der Registrierung, bei der Sie pers\u00f6nliche Dokumente vorlegen m\u00fcssen.\u00a0Nachdem Sie Ihre Identit\u00e4t best\u00e4tigt haben, k\u00f6nnen Sie alle einzigartigen Spielfunktionen des Systems problemlos nutzen, um schnell auf Ihr Konto einzuzahlen.\u00a0Sie k\u00f6nnen auch schnell abheben und Ihr maximales Einsatzlimit erh\u00f6hen.<\/p>\n<h2>Wie liest man Sportquoten?<\/h2>\n<p>In den meisten F\u00e4llen ist es einfach genug, die besten Sportwetten zu verstehen.\u00a0Versuchen Sie, das klassische Wettsystem zu verwenden, bei dem alles klar ist.\u00a0Das erste, was zu beachten ist, ist, dass die klassischen Quoten wie 1,7 aussehen.\u00a0Das ist die Zahl, mit der Sie den Einsatzbetrag multiplizieren m\u00fcssen, um Ihre Gewinne zu erhalten.\u00a0Wenn Sie auf diese Quoten 100 $ setzen, erhalten Sie im Gewinnfall 170 $ auf Ihrem Guthaben, von denen 70 $ Ihr Gewinn sind.<\/p>\n<h2>Sportwetten-Tipps<\/h2>\n<p>Alle Sportwetten-Prognosen erfordern eine gr\u00fcndliche Analyse und das Sammeln statistischer Daten, damit Sie die Favoriten des Spiels ermitteln k\u00f6nnen.\u00a0Versuchen Sie, verschiedene Taktiken und Strategien anzuwenden, und h\u00f6ren Sie aufmerksam auf die Ratschl\u00e4ge von Experten:<\/p>\n<ul>\n<li aria-level=\"1\">Es ist notwendig, Ihre Emotionen zu kontrollieren und sorgf\u00e4ltig Geld zu setzen.\u00a0Denken Sie daran, dass Sie nicht verlieren d\u00fcrfen, daher m\u00fcssen Wettversuche sofort gestoppt werden.\u00a0Versuchen Sie, verschiedene Strategien und Taktiken anzuwenden, um Geld auf Ihr Konto zu bekommen;<\/li>\n<li aria-level=\"1\">Entwickeln Sie Ihre Wettstrategie f\u00fcr die Zukunft mit einem bestimmten kostenlosen Wettsystem.\u00a0Dadurch k\u00f6nnen Sie alle Ihre Ressourcen effektiver einsetzen und nicht nur Geld ausgeben.\u00a0Halten Sie sich strikt an das System, da Sie sonst leicht Ihr gesamtes Geld verlieren k\u00f6nnen.<\/li>\n<li aria-level=\"1\">Teilen Sie den gesamten Pot im Voraus in eine gro\u00dfe Anzahl von Eins\u00e4tzen auf.\u00a0Dadurch werden Ihre maximalen Gewinne und Verluste k\u00fcnstlich begrenzt.\u00a0Es wird auch verhindern, dass Sie den gesamten Betrag auf einmal verlieren.<\/li>\n<\/ul>\n<p>Klassische Empfehlungen helfen Anf\u00e4ngern, ihre Ressourcen effektiver zu verwalten und gro\u00dfe Summen auf ihren Konten zu verdienen.<\/p>\n<p><img loading=\"lazy\" decoding=\"async\" class=\"aligncenter wp-image-4662\" src=\"https:\/\/rocketplay-game.com\/wp-content\/uploads\/2024\/02\/people-bet-soccer-game-match-internet.jpg\" alt=\"Sportwetten Bewertung 2\" width=\"800\" height=\"534\" srcset=\"https:\/\/rocketplay-game.com\/wp-content\/uploads\/2024\/02\/people-bet-soccer-game-match-internet.jpg 1000w, https:\/\/rocketplay-game.com\/wp-content\/uploads\/2024\/02\/people-bet-soccer-game-match-internet-300x200.jpg 300w, https:\/\/rocketplay-game.com\/wp-content\/uploads\/2024\/02\/people-bet-soccer-game-match-internet-768x512.jpg 768w\" sizes=\"auto, (max-width: 800px) 100vw, 800px\" \/><\/p>\n<h2>Beste Wettstrategie<\/h2>\n<p>Hohe Quoten zeichnen die Spitzensportwetten aus.\u00a0Die besten Experten suchen nach neuen Gewinnm\u00f6glichkeiten, w\u00e4hrend Sie die klassischen Strategien anwenden k\u00f6nnen.\u00a0Dies wird Ihnen helfen, einen bestimmten Teil Ihres Gleichgewichts zu halten und nicht in ein hohes Risiko geraten.\u00a0So handeln die meisten der besten Spieler, die wissen, wie sie ihre Emotionen kontrollieren und den Preis des Gewinnens kennen.<\/p>\n<p>Zu den hilfreichsten Sportwetten-Tipps geh\u00f6rt das F\u00fchren Ihrer Statistiken.\u00a0Es hilft Ihnen nicht nur, die Rentabilit\u00e4t Ihrer Strategie sofort einzusch\u00e4tzen, sondern hilft Ihnen auch, der Wahrheit ins Auge zu sehen.\u00a0Sie sollten nicht immer dieselbe Linie biegen, wenn Sie st\u00e4ndige Verluste sehen.\u00a0Sie sollten in der Lage sein, sich je nach Situation anzupassen und zu \u00e4ndern.\u00a0Darauf basieren die meisten Gewinnwetten.<\/p>\n<p>Wir empfehlen Ihnen, sich die Rubrik Aktionen und Sonderangebote anzusehen.\u00a0Dort finden Sie spezielle Boni, die Ihnen helfen, effizienter zu spielen und gro\u00dfe Summen auf Ihrem Konto zu verdienen.\u00a0Probieren Sie es jetzt aus und Sie werden garantiert Ihre Ergebnisse genie\u00dfen.<\/p>\n<h2>FAQ<\/h2>\n<p>Speziell f\u00fcr Sie haben wir die beliebtesten Fragen von Anf\u00e4ngern gesammelt, die Ihnen in Zukunft helfen k\u00f6nnen, bestimmte Probleme zu l\u00f6sen.\u00a0Finden Sie die Eins\u00e4tze so schnell wie m\u00f6glich heraus und fangen Sie an, echtes Geld zu verdienen!<\/p>\n<h3>Welche Vorteile bieten Sportwetten?<\/h3>\n<p>Der wesentliche Vorteil der Sportwetten-App ist die M\u00f6glichkeit, Ihr Guthaben sehr schnell und effizient zu erh\u00f6hen.\u00a0Sie k\u00f6nnen eine gro\u00dfe Anzahl von Spielen analysieren und so viele hilfreiche Informationen wie m\u00f6glich nutzen, um \u00f6fter und mehr zu gewinnen.\u00a0Probieren Sie die verschiedenen Spielmodi aus und sichern Sie sich ein besonderes VIP-Geschenk.\u00a0Sie k\u00f6nnen sich auch f\u00fcr unseren Werbe-Newsletter anmelden und weitere Vorteile erhalten.<\/p>\n<h3>Wie viel kann ich mit einer Wette verdienen?<\/h3>\n<p>Im Allgemeinen h\u00e4ngt das Limit f\u00fcr den maximalen Gewinn ausschlie\u00dflich von Ihrer Bank und den vom Casino festgelegten Limits ab.\u00a0Zum Beispiel k\u00f6nnen Sie beim Top-Fu\u00dfballspiel bis zu mehreren hunderttausend Dollar wetten.\u00a0Aber ein Amateur-Tischtennis-Event wird Ihnen wahrscheinlich nicht mehr als eine Wette von 100 $ einbringen.\u00a0Probieren Sie verschiedene Optionen aus und finden Sie Ihre ideale Wettnische.<\/p>\n<h3>Was sind die Beschr\u00e4nkungen f\u00fcr die Auszahlung nach dem Gewinn?<\/h3>\n<p>Nach dem Gewinn haben Sie keine Einschr\u00e4nkungen, da das Gl\u00fccksspielunternehmen alle Preise sofort ausgibt und Sie sie abheben k\u00f6nnen.\u00a0Sie sollten jedoch die Begrenzung des maximalen Auszahlungsbetrags pro Tag beachten, der meistens 2.000 $ betr\u00e4gt.\u00a0Sie sollten auch wissen, dass es besser ist, nur unsere Websites mit Bewertungen zu verwenden.\u00a0Sie sind bereits getestet und daher werden Sie keine Probleme haben.<\/p>\n","protected":false},"excerpt":{"rendered":"<p>Der entscheidende Vorteil von Sportwetten besteht darin, schnell und effizient Spa\u00df zu haben und gro\u00dfe Geldpreise zu gewinnen.\u00a0Sie k\u00f6nnen Sportwetten auch kostenlos ausprobieren, da das Gl\u00fccksspielunternehmen Ihnen gerne hilft, zus\u00e4tzliche Boni zu erhalten.\u00a0Verschaffen Sie sich dank unserer Bewertung einen Ruf als gl\u00fccklicher Spieler und beginnen Sie, t\u00e4glich Gewinne zu erzielen.\u00a0Lassen Sie sich von uns \u00fcber&#8230;<\/p>\n","protected":false},"author":1,"featured_media":0,"parent":0,"menu_order":0,"comment_status":"closed","ping_status":"closed","template":"page-with-bonus.php","meta":{"_acf_changed":false,"_kad_post_transparent":"default","_kad_post_title":"default","_kad_post_layout":"default","_kad_post_sidebar_id":"","_kad_post_content_style":"default","_kad_post_vertical_padding":"default","_kad_post_feature":"","_kad_post_feature_position":"","_kad_post_header":false,"_kad_post_footer":false,"footnotes":""},"class_list":["post-3618","page","type-page","status-publish","hentry"],"acf":[],"rttpg_featured_image_url":null,"rttpg_author":{"display_name":"Tom","author_link":"https:\/\/rocketplay-game.com\/de\/author\/pemvas95n89x\/"},"rttpg_comment":0,"rttpg_category":null,"rttpg_excerpt":"Der entscheidende Vorteil von Sportwetten besteht darin, schnell und effizient Spa\u00df zu haben und gro\u00dfe Geldpreise zu gewinnen.\u00a0Sie k\u00f6nnen Sportwetten auch kostenlos ausprobieren, da das Gl\u00fccksspielunternehmen Ihnen gerne hilft, zus\u00e4tzliche Boni zu erhalten.\u00a0Verschaffen Sie sich dank unserer Bewertung einen Ruf als gl\u00fccklicher Spieler und beginnen Sie, t\u00e4glich Gewinne zu erzielen.\u00a0Lassen Sie sich von uns \u00fcber...","_links":{"self":[{"href":"https:\/\/rocketplay-game.com\/de\/wp-json\/wp\/v2\/pages\/3618","targetHints":{"allow":["GET"]}}],"collection":[{"href":"https:\/\/rocketplay-game.com\/de\/wp-json\/wp\/v2\/pages"}],"about":[{"href":"https:\/\/rocketplay-game.com\/de\/wp-json\/wp\/v2\/types\/page"}],"author":[{"embeddable":true,"href":"https:\/\/rocketplay-game.com\/de\/wp-json\/wp\/v2\/users\/1"}],"replies":[{"embeddable":true,"href":"https:\/\/rocketplay-game.com\/de\/wp-json\/wp\/v2\/comments?post=3618"}],"version-history":[{"count":4,"href":"https:\/\/rocketplay-game.com\/de\/wp-json\/wp\/v2\/pages\/3618\/revisions"}],"predecessor-version":[{"id":5212,"href":"https:\/\/rocketplay-game.com\/de\/wp-json\/wp\/v2\/pages\/3618\/revisions\/5212"}],"wp:attachment":[{"href":"https:\/\/rocketplay-game.com\/de\/wp-json\/wp\/v2\/media?parent=3618"}],"curies":[{"name":"wp","href":"https:\/\/api.w.org\/{rel}","templated":true}]}}