{"id":3622,"date":"2023-01-10T16:16:03","date_gmt":"2023-01-10T13:16:03","guid":{"rendered":"https:\/\/rocketplay-game.com\/sports-betting\/cricket\/"},"modified":"2023-01-19T23:44:05","modified_gmt":"2023-01-19T20:44:05","slug":"cricket","status":"publish","type":"page","link":"https:\/\/rocketplay-game.com\/de\/cricket\/","title":{"rendered":"Ein Leitfaden f\u00fcr Anf\u00e4nger zum Cricket-Wetten"},"content":{"rendered":"<p>In den meisten F\u00e4llen ziehen Cricket-Wetten Benutzer mit einfachen Regeln und der M\u00f6glichkeit an, schnell eine gro\u00dfe Geldsumme zu verdienen.\u00a0Um gut abzuschneiden, m\u00fcssen Sie sich mit allen Funktionen der Sportdisziplin vertraut machen und einige Wettoptionen ausprobieren.\u00a0Wir empfehlen jetzt, eine kurze Bewertung von unseren Experten zu lesen und aktiv gro\u00dfe Preise zu verdienen.<\/p>\n<p><img loading=\"lazy\" decoding=\"async\" class=\"aligncenter wp-image-3326 lazy-loaded\" src=\"https:\/\/rocketplay-game.com\/wp-content\/uploads\/2023\/01\/best-cricket-betting-apps-300x169.jpg\" sizes=\"auto, (max-width: 800px) 100vw, 800px\" srcset=\"https:\/\/rocketplay-game.com\/wp-content\/uploads\/2023\/01\/best-cricket-betting-apps-300x169.jpg 300w, https:\/\/rocketplay-game.com\/wp-content\/uploads\/2023\/01\/best-cricket-betting-apps-768x432.jpg 768w, https:\/\/rocketplay-game.com\/wp-content\/uploads\/2023\/01\/best-cricket-betting-apps.jpg 994w\" alt=\"\" width=\"800\" height=\"450\" data-lazy-type=\"image\" data-src=\"https:\/\/rocketplay-game.com\/wp-content\/uploads\/2023\/01\/best-cricket-betting-apps-300x169.jpg\" data-srcset=\"\" \/><\/p>\n<h2>Die Wettarten<\/h2>\n<p>Der einfachste Weg, mit Cricket-Wetttipps umzugehen, ist f\u00fcr Neulinge, die gerade erst mit dem Spiel beginnen.\u00a0Der Gl\u00fccksspielmarkt hat sich ziemlich lange gewandelt, sodass Benutzer erst jetzt verschiedene Wetten auf Spiele abschlie\u00dfen k\u00f6nnen.\u00a0Unter den beliebtesten k\u00f6nnen Sie Folgendes herausfinden:<\/p>\n<ul>\n<li aria-level=\"1\">individuelle Summe.\u00a0Bei der beliebtesten Wette k\u00f6nnen Sie nur einen Athleten oder ein Team ausw\u00e4hlen und auf die gewonnenen Punkte wetten.\u00a0Dadurch ist es einfacher, das gesamte Spiel zu analysieren und sofort von der ersten Wette an eine gro\u00dfe Geldsumme zu gewinnen.\u00a0Achten Sie jedoch auf die Quoten, denn wenn sie zu gro\u00df sind, gibt es ein Problem;<\/li>\n<li aria-level=\"1\">der beste Spieler.\u00a0Das Wetten ist f\u00fcr die meisten Spieler einfach und verst\u00e4ndlich, sodass Sie die Besonderheiten des Spiels kennenlernen und mit dem Verdienen beginnen k\u00f6nnen.\u00a0Das Hauptmerkmal ist, dass Sie einen Athleten ausw\u00e4hlen m\u00fcssen.\u00a0Wenn er das effektivste Ergebnis zeigt, haben Sie Erfolg und nehmen Ihre Gewinne mit;<\/li>\n<li aria-level=\"1\">das Ergebnis des Spiels.\u00a0Eine klassische Wette, die schon immer durch ihre Einfachheit gefiel.\u00a0Sie k\u00f6nnen einen Spieler oder ein Team gewinnen, das den Preis mit seinem hervorragenden Spiel gewinnen wird.\u00a0Am einfachsten ist es hier, den Gegner und den Favoriten gleich zu analysieren.\u00a0Lernen Sie alle Besonderheiten des Spiels kennen und beginnen Sie mit der Berechnung des perfekten Einsatzbetrags f\u00fcr Ihr Budget.<\/li>\n<\/ul>\n<p>Vergessen Sie bei der Auswahl der richtigen Wette nicht, dass Sie ein pers\u00f6nliches Konto registrieren und das \u00dcberpr\u00fcfungsverfahren durchlaufen sollten.\u00a0Dies wird dazu beitragen, die maximalen Wettlimits zu erh\u00f6hen und problemlos Zugang zu einer schnellen Auszahlung von Geldern von der Gl\u00fccksspielplattform zu erhalten.\u00a0Sie k\u00f6nnen auch eine geeignete Einzahlungsmethode ausw\u00e4hlen, um zus\u00e4tzliche Provisionen oder Wartezeiten f\u00fcr die Einzahlung zu vermeiden.<\/p>\n<h2>Die Quoten in Cricket erkl\u00e4rt<\/h2>\n<p>Wir geben Ihnen die besten Cricket-Wetttipps kostenlos, aber Sie sollten das Wetten selbst lernen.\u00a0Die Quoten spiegeln beispielsweise wider, wie zuversichtlich der Buchmacher in den Sieg einer bestimmten Mannschaft ist.\u00a0Manchmal ist es m\u00f6glich, eine Wette nur auf der Grundlage der Quoten abzuschlie\u00dfen, aber dies wird haupts\u00e4chlich von Anf\u00e4ngern gemacht.<\/p>\n<p>Wenn Sie Geld auf Live-Cricket-Wettquoten von 1,7 setzen, gewinnen Sie Ihre Summe und weitere 70% obendrauf.\u00a0Mit 100 Dollar k\u00f6nnen Sie 70 extra bekommen, was bedeutet, dass Sie schwarze Zahlen schreiben und Ihr Geld nehmen k\u00f6nnen.\u00a0Alle Details erfahren Sie, wenn Sie einen Gutschein erstellen.<\/p>\n<h2>Tipps und Strategie<\/h2>\n<p>Die meisten Quoten beim Cricket-Wetten werden automatisch ermittelt, daher sollten Sie bei der Auswahl einer geeigneten Wettstrategie vorsichtig sein:<\/p>\n<ul>\n<li aria-level=\"1\">Versuchen Sie, Ihr Guthaben in viele Teile aufzuteilen und nicht alle auf einmal zu verwenden.<\/li>\n<li aria-level=\"1\">Gehen Sie so verantwortungsvoll wie m\u00f6glich mit Ihren Emotionen um, damit Sie nicht gleich eine gro\u00dfe Summe verlieren.\u00a0Versuchen Sie aufzuh\u00f6ren, wenn Sie sehen, dass Sie st\u00e4ndig verlieren oder gewinnen;<\/li>\n<li aria-level=\"1\">Nehmen Sie sich die Zeit f\u00fcr die Analyse, denn das unterscheidet Sie von einem Wettamateur.\u00a0Verwenden Sie alle verf\u00fcgbaren Daten, um das richtige Ergebnis vorherzusagen.<\/li>\n<\/ul>\n<p>Beim Wetten h\u00e4ngt alles vom Gl\u00fcck und Ihrer F\u00e4higkeit ab, richtige Vorhersagen zu treffen.\u00a0Deshalb w\u00fcnschen wir Ihnen viel Gl\u00fcck und empfehlen Ihnen, zuerst den Demo-Modus auszuprobieren.<\/p>\n<p><img loading=\"lazy\" decoding=\"async\" class=\"aligncenter wp-image-3416 lazy-loaded\" src=\"https:\/\/rocketplay-game.com\/wp-content\/uploads\/2023\/01\/cricket-betting-guide-300x150.webp\" sizes=\"auto, (max-width: 800px) 100vw, 800px\" srcset=\"https:\/\/rocketplay-game.com\/wp-content\/uploads\/2023\/01\/cricket-betting-guide-300x150.webp 300w, https:\/\/rocketplay-game.com\/wp-content\/uploads\/2023\/01\/cricket-betting-guide-1024x512.webp 1024w, https:\/\/rocketplay-game.com\/wp-content\/uploads\/2023\/01\/cricket-betting-guide-768x384.webp 768w, https:\/\/rocketplay-game.com\/wp-content\/uploads\/2023\/01\/cricket-betting-guide.webp 1200w\" alt=\"\" width=\"800\" height=\"400\" data-lazy-type=\"image\" data-src=\"https:\/\/rocketplay-game.com\/wp-content\/uploads\/2023\/01\/cricket-betting-guide-300x150.webp\" data-srcset=\"\" \/><\/p>\n<h2>Die besten Cricket-Wettm\u00e4rkte zum Wetten<\/h2>\n<p>Die beliebteste Wette beim Cricket in Deutschland ist es, einen bestimmten Athleten zu gewinnen. Sie k\u00f6nnen sich die Statistiken auf der offiziellen Gl\u00fccksspielseite ansehen und eine geeignete Wettoption ausw\u00e4hlen.\u00a0Wir empfehlen Ihnen, verschiedene Varianten auszuprobieren und die am besten geeignete zu finden.\u00a0Wir raten Ihnen auch, verschiedene Regionen auszuprobieren, da jede Region Turniere hat.<\/p>\n<h2>FAQ<\/h2>\n<p>Jeder Benutzer braucht ein wenig Unterst\u00fctzung, wenn er gerade mit dem Online-Wetten beginnt.\u00a0Deshalb haben wir viele wertvolle Fragen und Antworten von Experten gesammelt.\u00a0Versuchen Sie, mehr Informationen zu studieren und beginnen Sie aktiv zu spielen.<\/p>\n<h3>Welche Vorteile bietet das Wetten auf Cricket?<\/h3>\n<p>Die meisten Benutzer verwenden gerne die Cricket-Wett-App, um mehr zu verdienen und immer im Spiel zu sein.\u00a0In diesem Fall k\u00f6nnen Sie die festgelegten Regeln leicht verstehen und die Wette auf den Favoriten im Turnier verwenden.\u00a0Es gibt auch ein fortgeschritteneres Raster verschiedener Ergebnisse, das von Profis verwendet wird, die mehr Geld verdienen m\u00f6chten.<\/p>\n<h3>Wie viel kann ich mit einer einzigen Cricket-Wette verdienen?<\/h3>\n<p>Wenn Sie mit einer einzigen Wette eine Million Dollar verdienen k\u00f6nnten, ben\u00f6tigen Sie ein betr\u00e4chtliches Guthaben und die M\u00f6glichkeit, diesen Betrag abzuheben.\u00a0Benutzer verdienen zwischen 50 und 1.500 US-Dollar pro Wette.\u00a0Die Meisterschaft, Spielertitel und das Kapital auf der Seite sind betroffen.\u00a0Probieren Sie verschiedene Spielvarianten aus und w\u00e4hlen Sie diejenige, die am besten zu Ihnen passt.<\/p>\n<h3>Welche Auszahlungsbeschr\u00e4nkungen gibt es nach einem Cricket-Gewinn?<\/h3>\n<p>Nachdem Sie unseren Cricket-Wettleitfaden gelesen haben, k\u00f6nnen Sie alle Boni auf der offiziellen Website verwenden und das Geld nach dem Gewinn auf Ihr Konto erhalten.\u00a0Jeder Spieler kann ohne Einschr\u00e4nkungen abheben, aber Sie sollten den maximal erhaltenen Geldbetrag ber\u00fccksichtigen.\u00a0Sie k\u00f6nnen auch verschiedene Systeme ausprobieren, um Ihr Geld am profitabelsten abzuheben.<\/p>\n","protected":false},"excerpt":{"rendered":"<p>In den meisten F\u00e4llen ziehen Cricket-Wetten Benutzer mit einfachen Regeln und der M\u00f6glichkeit an, schnell eine gro\u00dfe Geldsumme zu verdienen.\u00a0Um gut abzuschneiden, m\u00fcssen Sie sich mit allen Funktionen der Sportdisziplin vertraut machen und einige Wettoptionen ausprobieren.\u00a0Wir empfehlen jetzt, eine kurze Bewertung von unseren Experten zu lesen und aktiv gro\u00dfe Preise zu verdienen. Die Wettarten Der&#8230;<\/p>\n","protected":false},"author":1,"featured_media":0,"parent":0,"menu_order":0,"comment_status":"closed","ping_status":"closed","template":"page-with-bonus.php","meta":{"_acf_changed":false,"_kad_post_transparent":"default","_kad_post_title":"default","_kad_post_layout":"default","_kad_post_sidebar_id":"","_kad_post_content_style":"default","_kad_post_vertical_padding":"default","_kad_post_feature":"","_kad_post_feature_position":"","_kad_post_header":false,"_kad_post_footer":false,"footnotes":""},"class_list":["post-3622","page","type-page","status-publish","hentry"],"acf":[],"rttpg_featured_image_url":null,"rttpg_author":{"display_name":"Tom","author_link":"https:\/\/rocketplay-game.com\/de\/author\/pemvas95n89x\/"},"rttpg_comment":0,"rttpg_category":null,"rttpg_excerpt":"In den meisten F\u00e4llen ziehen Cricket-Wetten Benutzer mit einfachen Regeln und der M\u00f6glichkeit an, schnell eine gro\u00dfe Geldsumme zu verdienen.\u00a0Um gut abzuschneiden, m\u00fcssen Sie sich mit allen Funktionen der Sportdisziplin vertraut machen und einige Wettoptionen ausprobieren.\u00a0Wir empfehlen jetzt, eine kurze Bewertung von unseren Experten zu lesen und aktiv gro\u00dfe Preise zu verdienen. Die Wettarten Der...","_links":{"self":[{"href":"https:\/\/rocketplay-game.com\/de\/wp-json\/wp\/v2\/pages\/3622","targetHints":{"allow":["GET"]}}],"collection":[{"href":"https:\/\/rocketplay-game.com\/de\/wp-json\/wp\/v2\/pages"}],"about":[{"href":"https:\/\/rocketplay-game.com\/de\/wp-json\/wp\/v2\/types\/page"}],"author":[{"embeddable":true,"href":"https:\/\/rocketplay-game.com\/de\/wp-json\/wp\/v2\/users\/1"}],"replies":[{"embeddable":true,"href":"https:\/\/rocketplay-game.com\/de\/wp-json\/wp\/v2\/comments?post=3622"}],"version-history":[{"count":3,"href":"https:\/\/rocketplay-game.com\/de\/wp-json\/wp\/v2\/pages\/3622\/revisions"}],"predecessor-version":[{"id":3941,"href":"https:\/\/rocketplay-game.com\/de\/wp-json\/wp\/v2\/pages\/3622\/revisions\/3941"}],"wp:attachment":[{"href":"https:\/\/rocketplay-game.com\/de\/wp-json\/wp\/v2\/media?parent=3622"}],"curies":[{"name":"wp","href":"https:\/\/api.w.org\/{rel}","templated":true}]}}