{"id":3626,"date":"2023-01-10T16:21:38","date_gmt":"2023-01-10T13:21:38","guid":{"rendered":"https:\/\/rocketplay-game.com\/sports-betting\/horse-racing\/"},"modified":"2023-01-19T23:37:07","modified_gmt":"2023-01-19T20:37:07","slug":"horse-racing","status":"publish","type":"page","link":"https:\/\/rocketplay-game.com\/de\/horse-racing\/","title":{"rendered":"\u00dcberpr\u00fcfung der Pferderennen-Wetten"},"content":{"rendered":"<p><span class=\"\">Vor allem die Benutzer von Pferdewetten sind bereits an hohe Quoten und steile Boni gew\u00f6hnt.\u00a0<\/span>Es ist ein Angebot auf den Seiten in unseren Bewertungen von der Verwaltung des Casinos.\u00a0Sie k\u00f6nnen das richtige Pferd ausw\u00e4hlen und erhalten dadurch eine gro\u00dfe Geldsumme.\u00a0Probieren Sie es einfach aus und Sie werden garantiert noch mehr auf Ihr Konto gewinnen.<\/p>\n<p><img loading=\"lazy\" decoding=\"async\" class=\"aligncenter wp-image-3427 lazy-loaded\" src=\"https:\/\/rocketplay-game.com\/wp-content\/uploads\/2023\/01\/126horsebackriding-2-300x150.jpg\" sizes=\"auto, (max-width: 800px) 100vw, 800px\" srcset=\"https:\/\/rocketplay-game.com\/wp-content\/uploads\/2023\/01\/126horsebackriding-2-300x150.jpg 300w, https:\/\/rocketplay-game.com\/wp-content\/uploads\/2023\/01\/126horsebackriding-2-1024x512.jpg 1024w, https:\/\/rocketplay-game.com\/wp-content\/uploads\/2023\/01\/126horsebackriding-2-768x384.jpg 768w, https:\/\/rocketplay-game.com\/wp-content\/uploads\/2023\/01\/126horsebackriding-2.jpg 1200w\" alt=\"\" width=\"800\" height=\"400\" data-lazy-type=\"image\" data-src=\"https:\/\/rocketplay-game.com\/wp-content\/uploads\/2023\/01\/126horsebackriding-2-300x150.jpg\" data-srcset=\"\" \/><\/p>\n<h2>Wie man auf Pferderennen wetten kann<\/h2>\n<p>Zun\u00e4chst sollten Sie die Pferdewetten-App des Gl\u00fccksspielunternehmens im Detail studieren.\u00a0Dadurch k\u00f6nnen Sie Ihr Geld viel gewinnbringender in Wetten investieren und die beste Wette Ihres Lebens machen.\u00a0Der Zugang zum Gl\u00fccksspiel passt in Ihre Tasche, was bedeutet, dass Sie jederzeit Pferderennen er\u00f6ffnen, die \u00dcbertragung ansehen und Geld auf gro\u00dfe Gewinne setzen k\u00f6nnen.<\/p>\n<p>Dar\u00fcber hinaus sollten Anf\u00e4nger mit einer einfachen Registrierung auf der offiziellen Spieleseite beginnen:<\/p>\n<ol>\n<li aria-level=\"1\">Erstellen Sie ein pers\u00f6nliches Profil, indem Sie auf die Registrierungsschaltfl\u00e4che klicken.\u00a0F\u00fcllen Sie die Informationen zu Ihrer Person so sorgf\u00e4ltig wie m\u00f6glich aus, um keinen Fehler zu machen und das \u00dcberpr\u00fcfungsverfahren in Zukunft problemlos zu bestehen.\u00a0Danach k\u00f6nnen Sie Ihr Konto per E-Mail aktivieren.<\/li>\n<li aria-level=\"1\">Versuchen Sie, eines der Zahlungssysteme zu verwenden, um Ihr Guthaben zu erh\u00f6hen und echtes Geld zu verdienen.\u00a0Stellen Sie sicher, dass Sie verschiedene Wettoptionen verwenden und versuchen, Geld zu gewinnen.\u00a0Schalten Sie den Demo-Modus ein, wenn er Ihnen zur Verf\u00fcgung steht.<\/li>\n<li aria-level=\"1\">Vergessen Sie nicht, den Pferderennmarkt so gr\u00fcndlich wie m\u00f6glich zu analysieren und w\u00e4hlen Sie nur die Wetten aus, mit denen Sie Geld verdienen k\u00f6nnen.\u00a0Lassen Sie sich nicht von Amateurwettbewerben ablenken und konzentrieren Sie sich auf die Fahrer, \u00fcber die es Informationen gibt.<\/li>\n<\/ol>\n<p>Nutzen Sie unbedingt das Verifizierungsverfahren, um schnelleren Zugriff auf alle Finanzfunktionen der Online-Plattform zu erhalten und deutlich mehr Geld zu verdienen.\u00a0Auf diese Weise k\u00f6nnen Sie Ihre Gewinne steigern und direkt auf Ihr Konto belohnt werden.\u00a0Sie k\u00f6nnen auch zus\u00e4tzliche Funktionen nutzen und vorrangige Hilfe vom technischen Support erhalten.<\/p>\n<h2>Allgemeine Begriffe im Pferderennen<\/h2>\n<p>In den meisten F\u00e4llen muss sich der Anf\u00e4nger um die besten Pferderennwetten keine Sorgen machen, da das Gl\u00fccksspielunternehmen alle Wettm\u00e4rkte aufruft.\u00a0W\u00e4hlen Sie eine geeignete Option und schreiben Sie einen Gutschein \u00fcber einen bestimmten Betrag.\u00a0Das Ergebnis sehen Sie in wenigen Minuten in der Online-Sendung, auch direkt in Ihrem Browser.<\/p>\n<p>Bei Pferderennen sollten einige zus\u00e4tzliche Regeln und Bedingungen w\u00e4hrend des Spiels nicht verletzt werden.\u00a0Aus diesem Grund empfehlen wir Ihnen, sich sorgf\u00e4ltig mit folgenden Konzepten vertraut zu machen:<\/p>\n<ul>\n<li aria-level=\"1\">der Sieg eines Fahrers;<\/li>\n<li aria-level=\"1\">Fehlstart;<\/li>\n<li aria-level=\"1\">Rennkategorien.<\/li>\n<\/ul>\n<p>Dies wird Ihnen helfen, das Spiel schnell zu verstehen und mehr Geld auf Ihrem Konto zu verdienen.<\/p>\n<h2>Wie man ein Siegerpferd ausw\u00e4hlt<\/h2>\n<p>Nutzen Sie am besten das einzigartige deutsche System der Wertung und Pferderennanalyse. Viele Plattformen bieten Gl\u00fccksspielbenutzern die M\u00f6glichkeit, ein geeignetes Pferd auszuw\u00e4hlen und Statistiken \u00fcber seine Rennen zu finden.\u00a0Einige Pferde sind am besten, wenn sie nur tags\u00fcber Rennen fahren, w\u00e4hrend andere mit selbstbewussten Reitern gute Ergebnisse zeigen k\u00f6nnen.<\/p>\n<p>Erfahren Sie noch mehr \u00fcber das Gewinnen der Theorie in unseren Testberichten.\u00a0Bevor Sie um echtes Geld wetten, versuchen Sie, den Demo-Modus zu nutzen, um so ehrlich und selbstbewusst wie m\u00f6glich zu gewinnen.\u00a0Sie k\u00f6nnen auch verschiedene Spielmodi nutzen und versuchen, eine gro\u00dfe Summe auf Ihr Konto zu bekommen.<\/p>\n<p><img loading=\"lazy\" decoding=\"async\" class=\"aligncenter wp-image-3436 lazy-loaded\" src=\"https:\/\/rocketplay-game.com\/wp-content\/uploads\/2023\/01\/ypes-of-horse-racing-bets-1024x700-1-300x205.jpg\" sizes=\"auto, (max-width: 800px) 100vw, 800px\" srcset=\"https:\/\/rocketplay-game.com\/wp-content\/uploads\/2023\/01\/ypes-of-horse-racing-bets-1024x700-1-300x205.jpg 300w, https:\/\/rocketplay-game.com\/wp-content\/uploads\/2023\/01\/ypes-of-horse-racing-bets-1024x700-1-768x525.jpg 768w, https:\/\/rocketplay-game.com\/wp-content\/uploads\/2023\/01\/ypes-of-horse-racing-bets-1024x700-1.jpg 1024w\" alt=\"\" width=\"800\" height=\"547\" data-lazy-type=\"image\" data-src=\"https:\/\/rocketplay-game.com\/wp-content\/uploads\/2023\/01\/ypes-of-horse-racing-bets-1024x700-1-300x205.jpg\" data-srcset=\"\" \/><\/p>\n<h2>Arten von Wetten<\/h2>\n<p>Wir empfehlen, auf Tipps f\u00fcr Pferderennen zu wetten, um die offizielle Gl\u00fccksspielseite auszuprobieren.\u00a0Speziell f\u00fcr Sie haben wir die besten Plattformen mit Zugang zu Casinos und Wetten zusammengestellt.\u00a0Verwenden Sie Ihr Kapital mit Bedacht und versuchen Sie, den maximalen Geldbetrag auf einmal zu gewinnen.\u00a0Dies wird Ihnen erheblich dabei helfen, Preise und zus\u00e4tzliche Boni von der Verwaltung der Spieleplattform zu erhalten.<\/p>\n<h2>FAQ<\/h2>\n<p>In den meisten F\u00e4llen brauchen Anf\u00e4nger ein wenig Hilfe, deshalb haben wir einen Abschnitt mit Antworten auf die h\u00e4ufigsten Fragen zusammengestellt.\u00a0Versuchen Sie, die Art von Wette zu finden, die zu Ihnen passt, und beginnen Sie mit dem maximalen Geldbetrag auf Ihrem Guthaben zu spielen.<\/p>\n<h3>Welche Vorteile bieten Wetten auf Pferderennen?<\/h3>\n<p>Die Sportdisziplin liegt im Trend, und daher werden Sie in K\u00fcrze kostenlose Pferderennwetten erhalten k\u00f6nnen.\u00a0Gl\u00fccksspielunternehmen motivieren die Benutzer st\u00e4ndig zum Spielen und Gewinnen, um noch mehr Geld zu verdienen.\u00a0Sie k\u00f6nnen also jetzt ein so lukratives Angebot nutzen und alle Vorteile aktiver Spiele sp\u00fcren.<\/p>\n<h3>Wie viel kann ich pro Wette auf Pferderennen verdienen?<\/h3>\n<p>Im Allgemeinen k\u00f6nnen Sie mit Live-Pferderennen-Wetten eine gro\u00dfe Menge Geld verdienen.\u00a0Auch mit einer regul\u00e4ren Wette k\u00f6nnen Sie Ihr Guthaben mehrmals erh\u00f6hen, aber Sie m\u00fcssen lernen, Ereignisse richtig vorherzusagen.\u00a0Probieren Sie verschiedene Optionen aus, nutzen Sie zus\u00e4tzliche Boni und melden Sie sich f\u00fcr einen Werbe-Newsletter an.\u00a0All dies wird dazu beitragen, die Risiken zu verringern und h\u00e4ufiger zu gewinnen.<\/p>\n<h3>Was sind die Beschr\u00e4nkungen f\u00fcr den R\u00fccktritt nach dem Gewinn eines Rennens?<\/h3>\n<p>Im Allgemeinen gibt es keine Beschr\u00e4nkungen f\u00fcr die Auszahlung auf einer typischen Website.\u00a0Wir empfehlen jedoch, nur die Gl\u00fccksspielunternehmen auf unserer Liste zu verwenden.\u00a0Dies sch\u00fctzt vor Betr\u00fcgern und bietet ein H\u00f6chstma\u00df an Service.\u00a0Dar\u00fcber hinaus testen wir w\u00e4hrend der \u00dcberpr\u00fcfung auch den technischen Support;\u00a0So erhalten Sie jederzeit schnell die gew\u00fcnschten Informationen.<\/p>\n","protected":false},"excerpt":{"rendered":"<p>Vor allem die Benutzer von Pferdewetten sind bereits an hohe Quoten und steile Boni gew\u00f6hnt.\u00a0Es ist ein Angebot auf den Seiten in unseren Bewertungen von der Verwaltung des Casinos.\u00a0Sie k\u00f6nnen das richtige Pferd ausw\u00e4hlen und erhalten dadurch eine gro\u00dfe Geldsumme.\u00a0Probieren Sie es einfach aus und Sie werden garantiert noch mehr auf Ihr Konto gewinnen. Wie&#8230;<\/p>\n","protected":false},"author":1,"featured_media":0,"parent":0,"menu_order":0,"comment_status":"closed","ping_status":"closed","template":"page-with-bonus.php","meta":{"_acf_changed":false,"_kad_post_transparent":"default","_kad_post_title":"default","_kad_post_layout":"default","_kad_post_sidebar_id":"","_kad_post_content_style":"default","_kad_post_vertical_padding":"default","_kad_post_feature":"","_kad_post_feature_position":"","_kad_post_header":false,"_kad_post_footer":false,"footnotes":""},"class_list":["post-3626","page","type-page","status-publish","hentry"],"acf":[],"rttpg_featured_image_url":null,"rttpg_author":{"display_name":"Tom","author_link":"https:\/\/rocketplay-game.com\/de\/author\/pemvas95n89x\/"},"rttpg_comment":0,"rttpg_category":null,"rttpg_excerpt":"Vor allem die Benutzer von Pferdewetten sind bereits an hohe Quoten und steile Boni gew\u00f6hnt.\u00a0Es ist ein Angebot auf den Seiten in unseren Bewertungen von der Verwaltung des Casinos.\u00a0Sie k\u00f6nnen das richtige Pferd ausw\u00e4hlen und erhalten dadurch eine gro\u00dfe Geldsumme.\u00a0Probieren Sie es einfach aus und Sie werden garantiert noch mehr auf Ihr Konto gewinnen. Wie...","_links":{"self":[{"href":"https:\/\/rocketplay-game.com\/de\/wp-json\/wp\/v2\/pages\/3626","targetHints":{"allow":["GET"]}}],"collection":[{"href":"https:\/\/rocketplay-game.com\/de\/wp-json\/wp\/v2\/pages"}],"about":[{"href":"https:\/\/rocketplay-game.com\/de\/wp-json\/wp\/v2\/types\/page"}],"author":[{"embeddable":true,"href":"https:\/\/rocketplay-game.com\/de\/wp-json\/wp\/v2\/users\/1"}],"replies":[{"embeddable":true,"href":"https:\/\/rocketplay-game.com\/de\/wp-json\/wp\/v2\/comments?post=3626"}],"version-history":[{"count":3,"href":"https:\/\/rocketplay-game.com\/de\/wp-json\/wp\/v2\/pages\/3626\/revisions"}],"predecessor-version":[{"id":3940,"href":"https:\/\/rocketplay-game.com\/de\/wp-json\/wp\/v2\/pages\/3626\/revisions\/3940"}],"wp:attachment":[{"href":"https:\/\/rocketplay-game.com\/de\/wp-json\/wp\/v2\/media?parent=3626"}],"curies":[{"name":"wp","href":"https:\/\/api.w.org\/{rel}","templated":true}]}}