{"id":3630,"date":"2023-01-10T16:05:13","date_gmt":"2023-01-10T13:05:13","guid":{"rendered":"https:\/\/rocketplay-game.com\/sports-betting\/ufc\/"},"modified":"2023-01-19T23:46:54","modified_gmt":"2023-01-19T20:46:54","slug":"ufc","status":"publish","type":"page","link":"https:\/\/rocketplay-game.com\/de\/ufc\/","title":{"rendered":"UFC-Wettbewertung"},"content":{"rendered":"<p>Wettk\u00e4mpfe in gemischten Kampfk\u00fcnsten werden als K\u00e4mpfe ohne Regeln bezeichnet.\u00a0Es gibt jedoch spezielle Regeln.\u00a0Sie sind streng.\u00a0Daher ist es wichtig, all dies zu ber\u00fccksichtigen, wenn Sie die UFC-Wetten f\u00fcr Wetten ausw\u00e4hlen.\u00a0Viele Wetter setzen auf die UFC und haben Spa\u00df daran, das Geschehen zu beobachten.\u00a0Es besteht die M\u00f6glichkeit, ihr finanzielles Wohlergehen deutlich zu verbessern, ohne sich k\u00f6rperlich zu belasten.<\/p>\n<p><img loading=\"lazy\" decoding=\"async\" class=\"aligncenter wp-image-3377 lazy-loaded\" src=\"https:\/\/rocketplay-game.com\/wp-content\/uploads\/2023\/01\/ecfc44ff4496f67_886x452-300x153.png\" sizes=\"auto, (max-width: 800px) 100vw, 800px\" srcset=\"https:\/\/rocketplay-game.com\/wp-content\/uploads\/2023\/01\/ecfc44ff4496f67_886x452-300x153.png 300w, https:\/\/rocketplay-game.com\/wp-content\/uploads\/2023\/01\/ecfc44ff4496f67_886x452-768x392.png 768w, https:\/\/rocketplay-game.com\/wp-content\/uploads\/2023\/01\/ecfc44ff4496f67_886x452.png 886w\" alt=\"\" width=\"800\" height=\"408\" data-lazy-type=\"image\" data-src=\"https:\/\/rocketplay-game.com\/wp-content\/uploads\/2023\/01\/ecfc44ff4496f67_886x452-300x153.png\" data-srcset=\"\" \/><\/p>\n<h2>Beliebt und die besten UFC-Wetten erkl\u00e4rt<\/h2>\n<p>Auf der besten UFC-Wettseite gibt es eine gro\u00dfe Auswahl an Wetten:<\/p>\n<ol>\n<li aria-level=\"1\">Bei der Auswahl einer Wette auf den genauen Ausgang des Kampfes sollte der Wetter auf den Sieg des einen oder anderen Gegners setzen.\u00a0Meistens liegen sie ungef\u00e4hr in der gleichen Gewichtsklasse.\u00a0Daher gibt es keine klaren Favoriten.\u00a0Doch der Wettende wartet auf attraktive Quoten.<\/li>\n<li aria-level=\"1\">Bei der Auswahl einer Wette auf die Dauer des Kampfes sind die Chancen nicht weniger hoch.\u00a0Und wenn die Wette gespielt wird, erh\u00e4lt der Wettende ein erhebliches finanzielles Einkommen.<\/li>\n<li aria-level=\"1\">Wenn Sie den Live-Modus w\u00e4hlen, ist es ratsam, auf die Entscheidung des Schiedsrichters zu setzen.\u00a0Es ist m\u00f6glich, die Reaktionen der Richter zu beobachten.<\/li>\n<li aria-level=\"1\">In Anwesenheit eines ausgepr\u00e4gten Au\u00dfenseiters k\u00f6nnen Sie mit einem schmerzhaften oder w\u00fcrgenden Griff auf den Sieg des Spielers setzen.<\/li>\n<\/ol>\n<p>Es gibt andere Wetten auf die UFC.\u00a0Und jeder kann selbst entscheiden, f\u00fcr welches er sich entscheidet.<\/p>\n<h2>Wie man auf die UFC wetten kann<\/h2>\n<p>F\u00fcr eine Wette auf die beste UFC-Wett-App.\u00a0Es ist unerl\u00e4sslich, den Ablauf der Ereignisse kompetent zu analysieren und dabei auf wesentliche Komponenten zu achten:<\/p>\n<ol>\n<li aria-level=\"1\">Die Form der K\u00e4mpfer spielt eine Rolle.\u00a0Um diese Frage zu analysieren, lohnt sich ein Blick auf die Statistiken der letzten K\u00e4mpfe f\u00fcr jeden K\u00e4mpfer.<\/li>\n<li aria-level=\"1\">Es ist notwendig, die neuesten Nachrichten \u00fcber die Athleten zu studieren, die an dem Kampf teilnehmen, auf den Sie wetten werden.\u00a0Auf diese Weise ist es m\u00f6glich, sich \u00fcber den Zustand der Teilnehmer zu informieren.<\/li>\n<li aria-level=\"1\">Auch die Eigenschaften der K\u00e4mpfer sollten zwingend ber\u00fccksichtigt werden.\u00a0Jeder hat seine St\u00e4rken und Schw\u00e4chen.\u00a0Und wenn Sie sie kennen, k\u00f6nnen Sie den Ausgang des Kampfes genauer vorhersagen.<\/li>\n<li aria-level=\"1\">Kein Extra wird die Meinung von Experten sein.\u00a0Dies betrifft sowohl den bevorstehenden Kampf als auch die Chancen, dass die Konkurrenten in den Kampf verwickelt werden.<\/li>\n<\/ol>\n<p>Jeder kann eine Art von UFC-Wettratgeber w\u00e4hlen, um eine angenehme und aufregende Zeit zu verbringen und gleichzeitig alle Chancen zu haben, sein Leben dramatisch zu ver\u00e4ndern, indem er sein finanzielles Kapital dank der gespielten Wetten erh\u00f6ht.<\/p>\n<h2>UFC-Wetttipps und -strategien<\/h2>\n<p>Um erfolgreich auf die UFC-Livewetten zu wetten und oft zu gewinnen, verwenden erfahrene Wetter unterschiedliche Spielans\u00e4tze:<\/p>\n<ol>\n<li aria-level=\"1\">Informationen aus den Trainingslagern der K\u00e4mpfer sollten studiert werden.<\/li>\n<li aria-level=\"1\">Kursschwankungen sind zu ber\u00fccksichtigen.\u00a0Und wenn es zu erheblichen Verschiebungen in der Linie kommt, lohnt es sich, die Prognose zu \u00fcberdenken und Anpassungen vorzunehmen.<\/li>\n<\/ol>\n<p>Dies ist noch nicht das Ende der UFC-Wetttipps:<\/p>\n<ol>\n<li aria-level=\"1\">Wenn Sie sich f\u00fcr Live-Wetten entscheiden, ist es m\u00f6glich, w\u00e4hrend des Kampfes zu wetten.<\/li>\n<li aria-level=\"1\">Wenn einer der Rivalen zu Beginn des Kampfes verletzt wird, kann es im Laufe der Runden noch schlimmer werden.\u00a0Und dies ist wichtig zu ber\u00fccksichtigen, wenn Sie w\u00e4hrend des Kampfes eine Wette abschlie\u00dfen.<\/li>\n<li aria-level=\"1\">Es ist entscheidend, in welcher Verfassung sich die Athleten befinden. Es ist notwendig, sich auf die unerwartetsten Szenarien w\u00e4hrend des Kampfes vorzubereiten.<\/li>\n<\/ol>\n<p>Um beim Wetten auf die UFC zu gewinnen, ist es wichtig, aufmerksam zu sein, einen ruhigen Geist zu haben, sich nicht auf Emotionen zu verlassen und in der Lage zu sein, sie zu kontrollieren.<\/p>\n<p><img loading=\"lazy\" decoding=\"async\" class=\"aligncenter wp-image-3387 lazy-loaded\" src=\"https:\/\/rocketplay-game.com\/wp-content\/uploads\/2023\/01\/5858663a830ec-300x176.jpg\" sizes=\"auto, (max-width: 800px) 100vw, 800px\" srcset=\"https:\/\/rocketplay-game.com\/wp-content\/uploads\/2023\/01\/5858663a830ec-300x176.jpg 300w, https:\/\/rocketplay-game.com\/wp-content\/uploads\/2023\/01\/5858663a830ec-1024x602.jpg 1024w, https:\/\/rocketplay-game.com\/wp-content\/uploads\/2023\/01\/5858663a830ec-768x452.jpg 768w, https:\/\/rocketplay-game.com\/wp-content\/uploads\/2023\/01\/5858663a830ec.jpg 1360w\" alt=\"\" width=\"800\" height=\"471\" data-lazy-type=\"image\" data-src=\"https:\/\/rocketplay-game.com\/wp-content\/uploads\/2023\/01\/5858663a830ec-300x176.jpg\" data-srcset=\"\" \/><\/p>\n<h2>Die h\u00e4ufigsten UFC-Wettfehler<\/h2>\n<p>Einer der Hauptfehler kann getrost als Selbstvertrauen bezeichnet werden.\u00a0Um auf die UFC-Wett-App zu wetten, ist es wichtig, die Regeln des Sports zu kennen.\u00a0Au\u00dferdem ist hier eine gr\u00fcndliche Analyse entscheidend.<\/p>\n<p>Es ist wichtig, die St\u00e4rken und Schw\u00e4chen der Gegner im Voraus zu studieren, damit Sie den Ausgang des Kampfes genauer vorhersagen und die richtigen Wetten abschlie\u00dfen k\u00f6nnen.<\/p>\n<h2>FAQ<\/h2>\n<p>F\u00fcr diejenigen, die sich entschieden haben, auf die UFC zu wetten und den Sport lieben, wird es hilfreich sein, die Antworten auf die h\u00e4ufig gestellten Fragen zu lesen.\u00a0F\u00fcr Wettende sind diese Informationen von Bedeutung.<\/p>\n<h3>Warum entscheiden sich viele Menschen daf\u00fcr, auf die UFC zu wetten?<\/h3>\n<p>Es gibt eine echte Gelegenheit, einen ausreichend dynamischen und heftigen Kampf zu sehen und gleichzeitig eine anst\u00e4ndige Menge Geld mit diesem Sport zu verdienen, ohne sich k\u00f6rperlich anzustrengen.\u00a0In solchen Duellen gibt es einen Reiz:<\/p>\n<ul>\n<li aria-level=\"1\">Schauspiel;<\/li>\n<li aria-level=\"1\">Dynamik;<\/li>\n<li aria-level=\"1\">Konfrontation professioneller Gegner;<\/li>\n<li aria-level=\"1\">die Unvorhersehbarkeit des Ergebnisses des Wettbewerbs.<\/li>\n<\/ul>\n<p>Wetten auf Wettquoten UFC, jeder Wettende kann einen erheblichen Gewinn erzielen.<\/p>\n<h3>Was ist der richtige Weg, um auf die UFC zu wetten?<\/h3>\n<p>Um auf die UFC-Wetttipps zu wetten, ist es wichtig:<\/p>\n<ul>\n<li aria-level=\"1\">zu wissen, wie man in den Statistiken navigiert;<\/li>\n<li aria-level=\"1\">Seien Sie auf die unerwartetsten Ergebnisse in den Endk\u00e4mpfen vorbereitet;<\/li>\n<li aria-level=\"1\">in der Lage sein, eine Strategie aufzubauen;<\/li>\n<li aria-level=\"1\">Ber\u00fccksichtigen Sie die Regeln bei Wettbewerben, da diese je nach Austragungsort der Turniere unterschiedlich sein k\u00f6nnen.<\/li>\n<\/ul>\n<p>Es ist wichtig, Emotionen zu kontrollieren, Ereignisse genau zu verfolgen und eine Strategie zu entwickeln.<\/p>\n<h3>Welche Art von UFC-Wetten lohnt sich?<\/h3>\n<p>Zu den beliebtesten geh\u00f6ren:<\/p>\n<ul>\n<li aria-level=\"1\">eine Wette auf den genauen Ausgang des Kampfes;<\/li>\n<li aria-level=\"1\">Wetten auf die Dauer des Kampfes;<\/li>\n<li aria-level=\"1\">das Wetten auf die Entscheidung der Richter wird begr\u00fc\u00dft;<\/li>\n<li aria-level=\"1\">Es ist m\u00f6glich, mit einem schmerzhaften oder erstickenden Griff auf den Sieg des Spielers zu wetten.<\/li>\n<\/ul>\n<p>Es gibt noch andere m\u00f6gliche Wetten auf UFC Wetten Deutschland. Und jeder kann genau das w\u00e4hlen, was er bevorzugt.\u00a0Jede Option ist attraktiv und kann ein ordentliches Einkommen bringen, wenn die Wette spielt.<\/p>\n","protected":false},"excerpt":{"rendered":"<p>Wettk\u00e4mpfe in gemischten Kampfk\u00fcnsten werden als K\u00e4mpfe ohne Regeln bezeichnet.\u00a0Es gibt jedoch spezielle Regeln.\u00a0Sie sind streng.\u00a0Daher ist es wichtig, all dies zu ber\u00fccksichtigen, wenn Sie die UFC-Wetten f\u00fcr Wetten ausw\u00e4hlen.\u00a0Viele Wetter setzen auf die UFC und haben Spa\u00df daran, das Geschehen zu beobachten.\u00a0Es besteht die M\u00f6glichkeit, ihr finanzielles Wohlergehen deutlich zu verbessern, ohne sich k\u00f6rperlich&#8230;<\/p>\n","protected":false},"author":1,"featured_media":0,"parent":0,"menu_order":0,"comment_status":"closed","ping_status":"closed","template":"page-with-bonus.php","meta":{"_acf_changed":false,"_kad_post_transparent":"default","_kad_post_title":"default","_kad_post_layout":"default","_kad_post_sidebar_id":"","_kad_post_content_style":"default","_kad_post_vertical_padding":"default","_kad_post_feature":"","_kad_post_feature_position":"","_kad_post_header":false,"_kad_post_footer":false,"footnotes":""},"class_list":["post-3630","page","type-page","status-publish","hentry"],"acf":[],"rttpg_featured_image_url":null,"rttpg_author":{"display_name":"Tom","author_link":"https:\/\/rocketplay-game.com\/de\/author\/pemvas95n89x\/"},"rttpg_comment":0,"rttpg_category":null,"rttpg_excerpt":"Wettk\u00e4mpfe in gemischten Kampfk\u00fcnsten werden als K\u00e4mpfe ohne Regeln bezeichnet.\u00a0Es gibt jedoch spezielle Regeln.\u00a0Sie sind streng.\u00a0Daher ist es wichtig, all dies zu ber\u00fccksichtigen, wenn Sie die UFC-Wetten f\u00fcr Wetten ausw\u00e4hlen.\u00a0Viele Wetter setzen auf die UFC und haben Spa\u00df daran, das Geschehen zu beobachten.\u00a0Es besteht die M\u00f6glichkeit, ihr finanzielles Wohlergehen deutlich zu verbessern, ohne sich k\u00f6rperlich...","_links":{"self":[{"href":"https:\/\/rocketplay-game.com\/de\/wp-json\/wp\/v2\/pages\/3630","targetHints":{"allow":["GET"]}}],"collection":[{"href":"https:\/\/rocketplay-game.com\/de\/wp-json\/wp\/v2\/pages"}],"about":[{"href":"https:\/\/rocketplay-game.com\/de\/wp-json\/wp\/v2\/types\/page"}],"author":[{"embeddable":true,"href":"https:\/\/rocketplay-game.com\/de\/wp-json\/wp\/v2\/users\/1"}],"replies":[{"embeddable":true,"href":"https:\/\/rocketplay-game.com\/de\/wp-json\/wp\/v2\/comments?post=3630"}],"version-history":[{"count":3,"href":"https:\/\/rocketplay-game.com\/de\/wp-json\/wp\/v2\/pages\/3630\/revisions"}],"predecessor-version":[{"id":3942,"href":"https:\/\/rocketplay-game.com\/de\/wp-json\/wp\/v2\/pages\/3630\/revisions\/3942"}],"wp:attachment":[{"href":"https:\/\/rocketplay-game.com\/de\/wp-json\/wp\/v2\/media?parent=3630"}],"curies":[{"name":"wp","href":"https:\/\/api.w.org\/{rel}","templated":true}]}}