{"id":4314,"date":"2024-01-22T15:56:52","date_gmt":"2024-01-22T12:56:52","guid":{"rendered":"https:\/\/rocketplay-game.com\/aml-policy\/"},"modified":"2024-01-22T17:25:40","modified_gmt":"2024-01-22T14:25:40","slug":"aml-policy","status":"publish","type":"page","link":"https:\/\/rocketplay-game.com\/de\/aml-policy\/","title":{"rendered":"AML-Richtlinie"},"content":{"rendered":"<p>Bei RocketPlay Casino sind wir uns der Bedeutung der Aufrechterhaltung h\u00f6chster Integrit\u00e4ts- und Sicherheitsstandards bewusst. Unsere AML-Richtlinie ist ein umfassender Rahmen zur Erkennung und Verhinderung potenzieller Geldw\u00e4scheaktivit\u00e4ten auf unserer Plattform. Durch die Einhaltung strenger regulatorischer Richtlinien stellen wir sicher, dass unser Casino ein Paradies f\u00fcr Unterhaltung bleibt und gleichzeitig sch\u00e4ndliche Aktivit\u00e4ten in Schach h\u00e4lt.<\/p>\n<h2>Identifizierungs- und Verifizierungsverfahren<\/h2>\n<p>Um unsere Abwehrma\u00dfnahmen gegen Geldw\u00e4sche zu st\u00e4rken, setzt RocketPlay Casino robuste Identifizierungs- und Verifizierungsverfahren ein. Wenn sich ein Spieler auf unserer Plattform registriert, verlangen wir von ihm die Angabe korrekter und aktueller Informationen, einschlie\u00dflich pers\u00f6nlicher Daten und Finanzinformationen. Diese Daten werden dann einer sorgf\u00e4ltigen Pr\u00fcfung unterzogen, um ihre G\u00fcltigkeit zu best\u00e4tigen.<\/p>\n<p>Unsere hochmodernen Verifizierungsprozesse umfassen die Authentifizierung von Dokumenten und nutzen fortschrittliche Technologie, um etwaige Anomalien oder Unstimmigkeiten zu erkennen. Dieser vielschichtige Ansatz garantiert, dass jeder Spieler im RocketPlay Casino einen gr\u00fcndlichen \u00dcberpr\u00fcfungsprozess durchl\u00e4uft und so zu einer sicheren und vertrauensw\u00fcrdigen Spielumgebung beitr\u00e4gt.<\/p>\n<h2>Risikobewertung und -\u00fcberwachung<\/h2>\n<p>RocketPlay Casino ist sich bewusst, dass sich Risiken weiterentwickeln, und f\u00fchrt kontinuierliche Risikobewertungen durch, um potenziellen Geldw\u00e4schebedrohungen immer einen Schritt voraus zu sein. Durch den Einsatz modernster Technologie und Analyse \u00fcberwachen wir das Spielerverhalten in Echtzeit und identifizieren ungew\u00f6hnliche Muster oder Transaktionen, die auf illegale Aktivit\u00e4ten hinweisen k\u00f6nnten.<\/p>\n<p>Unsere Risikobewertungsprotokolle sind dynamisch, passen sich neuen Trends an und stellen sicher, dass sich unsere Abwehrma\u00dfnahmen parallel zu potenziellen Bedrohungen weiterentwickeln. Dieser proaktive Ansatz erm\u00f6glicht es uns, alle mit Geldw\u00e4sche verbundenen Risiken umgehend anzugehen und zu mindern und so die Integrit\u00e4t unseres Casinos zu sch\u00fctzen.<\/p>\n<h2>Transaktions\u00fcberwachung und Berichterstattung<\/h2>\n<p>RocketPlay Casino verwendet ein strenges System zur \u00dcberwachung von Transaktionen, um verd\u00e4chtige Finanzaktivit\u00e4ten umgehend zu erkennen. Gro\u00dfe oder allt\u00e4gliche Transaktionen l\u00f6sen automatische Warnungen aus und veranlassen eine gr\u00fcndliche Untersuchung durch unser engagiertes AML-Team. Dieses Team ist darin geschult, Muster und Verhaltensweisen im Zusammenhang mit Geldw\u00e4sche zu erkennen und schnell zu handeln, um potenziellen Schaden zu verhindern.<\/p>\n<p>In \u00dcbereinstimmung mit den gesetzlichen Anforderungen unterhalten wir au\u00dferdem offene Kommunikationswege mit den zust\u00e4ndigen Beh\u00f6rden und melden verd\u00e4chtige Aktivit\u00e4ten wie vorgeschrieben. Diese Zusammenarbeit stellt sicher, dass RocketPlay Casino aktiv zu den weltweiten Bem\u00fchungen gegen Geldw\u00e4sche beitr\u00e4gt und eine sicherere Online-Gl\u00fccksspielumgebung f\u00fcr alle f\u00f6rdert.<\/p>\n<h2>Customer Due Diligence (CDD)-Ma\u00dfnahmen<\/h2>\n<p>Die Sorgfaltspflicht gegen\u00fcber Kunden ist ein Eckpfeiler der AML-Richtlinie von RocketPlay Casino. Durch die Durchf\u00fchrung gr\u00fcndlicher Hintergrund\u00fcberpr\u00fcfungen unserer Spieler verbessern wir unsere F\u00e4higkeit, Geldw\u00e4scheaktivit\u00e4ten effektiv zu erkennen und zu verhindern. Dazu geh\u00f6rt die \u00dcberwachung und \u00dcberpr\u00fcfung der Geldquelle, die Feststellung der Legitimit\u00e4t der Finanztransaktionen des Spielers und die Sicherstellung, dass unser Casino nicht versehentlich als Instrument zur Geldw\u00e4sche missbraucht wird.<\/p>\n<p>Unser Engagement f\u00fcr CDD geht \u00fcber die anf\u00e4ngliche Kontoeinrichtung hinaus; Wir \u00fcberpr\u00fcfen und aktualisieren regelm\u00e4\u00dfig Kundenprofile, um etwaige \u00c4nderungen in ihrem Finanzverhalten widerzuspiegeln. Diese kontinuierliche Sorgfalt erm\u00f6glicht es uns, eine wachsame Haltung gegen\u00fcber potenziellen Risiken einzunehmen und die Interessen unserer legitimen Spieler zu sch\u00fctzen.<\/p>\n<h2>Mitarbeiterschulung und -bewusstsein<\/h2>\n<p>Um den Erfolg unserer AML-Richtlinie sicherzustellen, ist die aktive Beteiligung jedes Teammitglieds bei RocketPlay Casino erforderlich. Wir investieren erheblich in die Schulung unserer Mitarbeiter, um potenzielle Geldw\u00e4scheaktivit\u00e4ten zu erkennen und darauf zu reagieren. Durch die F\u00f6rderung einer Kultur des Bewusstseins und der Verantwortung bef\u00e4higen wir unsere Mitarbeiter, eine aktive Rolle bei der Wahrung der Integrit\u00e4t unserer Plattform zu spielen.<\/p>\n<p>Regelm\u00e4\u00dfige Schulungen halten unser Team \u00fcber die neuesten Geldw\u00e4schetaktiken, regulatorischen \u00c4nderungen und Entwicklungen auf dem Laufenden. Dieser proaktive Ansatz st\u00e4rkt unsere Abwehrkr\u00e4fte und schafft Vertrauen bei unseren Spielern, indem er ihnen versichert, dass wir uns f\u00fcr ein sicheres und faires Spielerlebnis einsetzen.<\/p>\n<h2>Fairplay im RocketPlay Casino wahren<\/h2>\n<p>Die AML-Richtlinie von RocketPlay Casino ist mehr als nur eine Reihe von Richtlinien. Es ist eine Verpflichtung zu Fairplay, Sicherheit und Transparenz. Durch die Implementierung strenger Identifizierungs-, \u00dcberwachungs- und Meldeprozesse schaffen wir eine Spielumgebung, die die Interessen unserer Spieler und der gesamten Community unterh\u00e4lt und sch\u00fctzt. W\u00e4hrend wir uns im Einklang mit der sich st\u00e4ndig ver\u00e4ndernden Landschaft des Online-Gl\u00fccksspiels weiterentwickeln, bleibt unsere AML-Richtlinie ein Eckpfeiler und stellt sicher, dass RocketPlay Casino nicht nur ein Ziel f\u00fcr Unterhaltung, sondern eine Oase des Vertrauens und der Integrit\u00e4t ist.<\/p>\n","protected":false},"excerpt":{"rendered":"<p>Bei RocketPlay Casino sind wir uns der Bedeutung der Aufrechterhaltung h\u00f6chster Integrit\u00e4ts- und Sicherheitsstandards bewusst. Unsere AML-Richtlinie ist ein umfassender Rahmen zur Erkennung und Verhinderung potenzieller Geldw\u00e4scheaktivit\u00e4ten auf unserer Plattform. Durch die Einhaltung strenger regulatorischer Richtlinien stellen wir sicher, dass unser Casino ein Paradies f\u00fcr Unterhaltung bleibt und gleichzeitig sch\u00e4ndliche Aktivit\u00e4ten in Schach h\u00e4lt. Identifizierungs-&#8230;<\/p>\n","protected":false},"author":1,"featured_media":0,"parent":0,"menu_order":0,"comment_status":"closed","ping_status":"closed","template":"page-with-bonus.php","meta":{"_acf_changed":false,"_kad_post_transparent":"default","_kad_post_title":"default","_kad_post_layout":"default","_kad_post_sidebar_id":"","_kad_post_content_style":"default","_kad_post_vertical_padding":"default","_kad_post_feature":"","_kad_post_feature_position":"","_kad_post_header":false,"_kad_post_footer":false,"footnotes":""},"class_list":["post-4314","page","type-page","status-publish","hentry"],"acf":[],"rttpg_featured_image_url":null,"rttpg_author":{"display_name":"Tom","author_link":"https:\/\/rocketplay-game.com\/de\/author\/pemvas95n89x\/"},"rttpg_comment":0,"rttpg_category":null,"rttpg_excerpt":"Bei RocketPlay Casino sind wir uns der Bedeutung der Aufrechterhaltung h\u00f6chster Integrit\u00e4ts- und Sicherheitsstandards bewusst. Unsere AML-Richtlinie ist ein umfassender Rahmen zur Erkennung und Verhinderung potenzieller Geldw\u00e4scheaktivit\u00e4ten auf unserer Plattform. Durch die Einhaltung strenger regulatorischer Richtlinien stellen wir sicher, dass unser Casino ein Paradies f\u00fcr Unterhaltung bleibt und gleichzeitig sch\u00e4ndliche Aktivit\u00e4ten in Schach h\u00e4lt. Identifizierungs-...","_links":{"self":[{"href":"https:\/\/rocketplay-game.com\/de\/wp-json\/wp\/v2\/pages\/4314","targetHints":{"allow":["GET"]}}],"collection":[{"href":"https:\/\/rocketplay-game.com\/de\/wp-json\/wp\/v2\/pages"}],"about":[{"href":"https:\/\/rocketplay-game.com\/de\/wp-json\/wp\/v2\/types\/page"}],"author":[{"embeddable":true,"href":"https:\/\/rocketplay-game.com\/de\/wp-json\/wp\/v2\/users\/1"}],"replies":[{"embeddable":true,"href":"https:\/\/rocketplay-game.com\/de\/wp-json\/wp\/v2\/comments?post=4314"}],"version-history":[{"count":1,"href":"https:\/\/rocketplay-game.com\/de\/wp-json\/wp\/v2\/pages\/4314\/revisions"}],"predecessor-version":[{"id":4315,"href":"https:\/\/rocketplay-game.com\/de\/wp-json\/wp\/v2\/pages\/4314\/revisions\/4315"}],"wp:attachment":[{"href":"https:\/\/rocketplay-game.com\/de\/wp-json\/wp\/v2\/media?parent=4314"}],"curies":[{"name":"wp","href":"https:\/\/api.w.org\/{rel}","templated":true}]}}