{"id":4389,"date":"2024-01-22T15:37:01","date_gmt":"2024-01-22T12:37:01","guid":{"rendered":"https:\/\/rocketplay-game.com\/gdpr-policy\/"},"modified":"2024-01-22T18:04:06","modified_gmt":"2024-01-22T15:04:06","slug":"gdpr-policy","status":"publish","type":"page","link":"https:\/\/rocketplay-game.com\/de\/gdpr-policy\/","title":{"rendered":"DSGVO-Richtlinie"},"content":{"rendered":"<p>In der dynamischen Welt des Online-Gl\u00fccksspiels zeichnet sich RocketPlay Casino nicht nur durch seine spannenden Spiele und fesselnden Erlebnisse aus, sondern auch durch sein unersch\u00fctterliches Engagement f\u00fcr den Schutz der Benutzerdaten. In \u00dcbereinstimmung mit der Datenschutz-Grundverordnung (DSGVO) hat RocketPlay Casino eine strenge Datenschutzrichtlinie eingef\u00fchrt, um sicherzustellen, dass die pers\u00f6nlichen Daten der Spieler mit gr\u00f6\u00dfter Sorgfalt und Transparenz behandelt werden. Diese DSGVO-Richtlinie ist ein Beweis f\u00fcr unser Engagement, eine sichere und unterhaltsame Spielumgebung f\u00fcr unsere Benutzer zu schaffen.<\/p>\n<h2>Transparenz und Verantwortlichkeit<\/h2>\n<p>Bei RocketPlay Casino steht Transparenz im Mittelpunkt unserer DSGVO-Compliance-Strategie. Wir legen gro\u00dfen Wert darauf, unsere Spieler dar\u00fcber zu informieren, wie ihre Daten erfasst, verarbeitet und genutzt werden. Unsere Datenschutzrichtlinie ist auf unserer Website leicht zug\u00e4nglich und bietet Benutzern einen umfassenden \u00dcberblick \u00fcber die von uns erfassten Informationen und die Zwecke, f\u00fcr die wir sie verwenden.<\/p>\n<p>Um die Verantwortlichkeit zu gew\u00e4hrleisten, haben wir einen Datenschutzbeauftragten (Data Protection Officer, DPO) benannt, der f\u00fcr die \u00dcberwachung der Einhaltung der Datenschutzgesetze und die Bearbeitung etwaiger Anfragen oder Bedenken der Nutzer zust\u00e4ndig ist. Der Datenschutzbeauftragte fungiert als Kontaktstelle zwischen RocketPlay Casino und den Datenschutzbeh\u00f6rden und f\u00f6rdert einen transparenten und verantwortungsvollen Ansatz zum Datenschutz.<\/p>\n<h2>Rechtm\u00e4\u00dfige und faire Datenverarbeitung<\/h2>\n<p>RocketPlay Casino h\u00e4lt sich an die in der DSGVO dargelegten Grunds\u00e4tze der rechtm\u00e4\u00dfigen und fairen Datenverarbeitung. Wir erheben und verarbeiten personenbezogene Daten nur f\u00fcr bestimmte und legitime Zwecke und stellen sicher, dass unsere Benutzer die Gr\u00fcnde f\u00fcr die Datenerhebung kennen. Ob Kontoregistrierung, Transaktionsabwicklung oder personalisierte Spielerlebnisse: Bei unseren Datenverarbeitungspraktiken legen wir gr\u00f6\u00dften Wert auf Transparenz.<\/p>\n<p>Dar\u00fcber hinaus beachten wir strikt das Minimierungsprinzip und erheben nur die f\u00fcr die Zweckbestimmung erforderlichen Daten. Dadurch wird sichergestellt, dass RocketPlay Casino einen schlanken und fokussierten Ansatz bei der Datenverarbeitung beibeh\u00e4lt und die potenziellen Auswirkungen auf die Privatsph\u00e4re der Benutzer minimiert.<\/p>\n<h2>Einwilligung und Kontrolle des Benutzers<\/h2>\n<p>Bei den DSGVO-Compliance-Bem\u00fchungen von RocketPlay Casino ist es von gr\u00f6\u00dfter Bedeutung, die Einwilligung der Nutzer zu respektieren. Wir holen die ausdr\u00fcckliche Einwilligung unserer Nutzer ein, bevor wir deren personenbezogene Daten erheben und verarbeiten. W\u00e4hrend der Kontoregistrierung erhalten die Spieler klare und pr\u00e4zise Informationen \u00fcber die von uns erfassten Daten und deren Verwendung. Benutzer k\u00f6nnen sich von bestimmten Datenverarbeitungsaktivit\u00e4ten abmelden und so die Kontrolle \u00fcber ihre pers\u00f6nlichen Daten erhalten.<\/p>\n<p>RocketPlay Casino erkennt au\u00dferdem das Recht der Benutzer an, auf ihre Daten zuzugreifen, sie zu berichtigen oder zu l\u00f6schen. Unsere benutzerfreundliche Oberfl\u00e4che erm\u00f6glicht es Spielern, ihre Datenschutzeinstellungen zu verwalten und ihr Spielerlebnis an ihre Vorlieben anzupassen. Dieses Bekenntnis zur Benutzerkontrolle st\u00e4rkt unsere Spieler und best\u00e4rkt unser Engagement f\u00fcr die Wahrung individueller Datenschutzrechte.<\/p>\n<h2>Sicherheitsma\u00dfnahmen und Datenintegrit\u00e4t<\/h2>\n<p>Der Schutz der Benutzerdaten hat bei RocketPlay Casino h\u00f6chste Priorit\u00e4t. Wir setzen modernste Sicherheitsma\u00dfnahmen ein, um personenbezogene Daten vor unbefugtem Zugriff, Offenlegung, \u00c4nderung und Zerst\u00f6rung zu sch\u00fctzen. Unsere sicheren Server, Verschl\u00fcsselungsprotokolle und regelm\u00e4\u00dfigen Sicherheits\u00fcberpr\u00fcfungen gew\u00e4hrleisten die Integrit\u00e4t und Vertraulichkeit der von uns verarbeiteten Daten.<\/p>\n<p>In \u00dcbereinstimmung mit den Datenschutzgrunds\u00e4tzen der DSGVO durch Technikgestaltung und datenschutzfreundliche Voreinstellungen haben wir von Anfang an Datenschutzma\u00dfnahmen in unsere Gaming-Plattform integriert. Dieser proaktive Ansatz erf\u00fcllt die gesetzlichen Anforderungen und spiegelt unser Engagement f\u00fcr die Bereitstellung einer sicheren und vertrauensw\u00fcrdigen Spielumgebung wider.<\/p>\n<h2>Internationale Daten\u00fcbertragungen und Vertr\u00e4ge mit Dritten<\/h2>\n<p>Als globale Online-Gaming-Plattform kann es bei RocketPlay Casino zu einer \u00dcbertragung von Benutzerdaten \u00fcber internationale Grenzen hinweg kommen. Um die Einhaltung der DSGVO sicherzustellen, haben wir geeignete Sicherheitsvorkehrungen wie Standardvertragsklauseln (SCCs) implementiert, um die rechtm\u00e4\u00dfige \u00dcbertragung personenbezogener Daten sicherzustellen. Diese vertraglichen Vereinbarungen mit Dritten gew\u00e4hrleisten, dass die Daten mit dem gleichen Schutzniveau behandelt werden, wie es die DSGVO vorschreibt.<\/p>\n<p>Bei der Beauftragung von Drittanbietern w\u00e4hlt RocketPlay Casino sorgf\u00e4ltig Partner aus, die unser Engagement f\u00fcr den Datenschutz teilen. Unsere Vertr\u00e4ge mit diesen Unternehmen enthalten spezifische Klauseln zum Datenschutz und zur Datensicherheit, die unser Engagement f\u00fcr die Einhaltung h\u00f6chster Benutzerschutzstandards unterstreichen.<\/p>\n<h2>Reaktion und Benachrichtigung bei Datenschutzverletzungen<\/h2>\n<p>Trotz strenger Sicherheitsma\u00dfnahmen ist sich RocketPlay Casino der M\u00f6glichkeit von Datenschutzverletzungen bewusst. Bei einem Sicherheitsvorfall ist unser Schnellreaktionsteam darauf vorbereitet, sofort Ma\u00dfnahmen zu ergreifen, um die Auswirkungen abzumildern. Wir halten uns an die Meldepflichten der DSGVO und informieren betroffene Nutzer und zust\u00e4ndige Beh\u00f6rden umgehend \u00fcber den Versto\u00df. Durch diese transparente Kommunikation wird sichergestellt, dass unsere Benutzer benachrichtigt werden und in die Lage versetzt werden, geeignete Ma\u00dfnahmen zum Schutz ihrer Daten zu ergreifen.<\/p>\n<h2>Kontinuierliche Verbesserung und Compliance-\u00dcberwachung<\/h2>\n<p>RocketPlay Casino betrachtet die Einhaltung der DSGVO als eine fortlaufende Verpflichtung und nicht als eine einmalige Aufgabe. Wir \u00fcberwachen kontinuierlich die regulatorischen Entwicklungen und aktualisieren unsere Datenschutzpraktiken, um sie an etwaige \u00c4nderungen der Datenschutzgesetze anzupassen. Unser Engagement f\u00fcr Compliance geht \u00fcber die gesetzlichen Verpflichtungen hinaus; Es spiegelt unser Engagement wider, Vertrauen und Transparenz in unserer Spielergemeinschaft zu f\u00f6rdern.<\/p>\n<p>Um die Wirksamkeit unserer DSGVO-Compliance-Ma\u00dfnahmen zu bewerten, werden regelm\u00e4\u00dfig Audits und Beurteilungen durchgef\u00fchrt. R\u00fcckmeldungen von Nutzern, Aufsichtsbeh\u00f6rden und interne Auswertungen tragen dazu bei, unsere Datenschutzpraktiken kontinuierlich zu verbessern. Dieser proaktive Ansatz st\u00e4rkt die Position von RocketPlay Casino als verantwortungsvoller Verwalter von Benutzerdaten in der Online-Gaming-Branche.<\/p>\n","protected":false},"excerpt":{"rendered":"<p>In der dynamischen Welt des Online-Gl\u00fccksspiels zeichnet sich RocketPlay Casino nicht nur durch seine spannenden Spiele und fesselnden Erlebnisse aus, sondern auch durch sein unersch\u00fctterliches Engagement f\u00fcr den Schutz der Benutzerdaten. In \u00dcbereinstimmung mit der Datenschutz-Grundverordnung (DSGVO) hat RocketPlay Casino eine strenge Datenschutzrichtlinie eingef\u00fchrt, um sicherzustellen, dass die pers\u00f6nlichen Daten der Spieler mit gr\u00f6\u00dfter Sorgfalt&#8230;<\/p>\n","protected":false},"author":1,"featured_media":0,"parent":0,"menu_order":0,"comment_status":"closed","ping_status":"closed","template":"page-with-bonus.php","meta":{"_acf_changed":false,"_kad_post_transparent":"default","_kad_post_title":"default","_kad_post_layout":"default","_kad_post_sidebar_id":"","_kad_post_content_style":"default","_kad_post_vertical_padding":"default","_kad_post_feature":"","_kad_post_feature_position":"","_kad_post_header":false,"_kad_post_footer":false,"footnotes":""},"class_list":["post-4389","page","type-page","status-publish","hentry"],"acf":[],"rttpg_featured_image_url":null,"rttpg_author":{"display_name":"Tom","author_link":"https:\/\/rocketplay-game.com\/de\/author\/pemvas95n89x\/"},"rttpg_comment":0,"rttpg_category":null,"rttpg_excerpt":"In der dynamischen Welt des Online-Gl\u00fccksspiels zeichnet sich RocketPlay Casino nicht nur durch seine spannenden Spiele und fesselnden Erlebnisse aus, sondern auch durch sein unersch\u00fctterliches Engagement f\u00fcr den Schutz der Benutzerdaten. In \u00dcbereinstimmung mit der Datenschutz-Grundverordnung (DSGVO) hat RocketPlay Casino eine strenge Datenschutzrichtlinie eingef\u00fchrt, um sicherzustellen, dass die pers\u00f6nlichen Daten der Spieler mit gr\u00f6\u00dfter Sorgfalt...","_links":{"self":[{"href":"https:\/\/rocketplay-game.com\/de\/wp-json\/wp\/v2\/pages\/4389","targetHints":{"allow":["GET"]}}],"collection":[{"href":"https:\/\/rocketplay-game.com\/de\/wp-json\/wp\/v2\/pages"}],"about":[{"href":"https:\/\/rocketplay-game.com\/de\/wp-json\/wp\/v2\/types\/page"}],"author":[{"embeddable":true,"href":"https:\/\/rocketplay-game.com\/de\/wp-json\/wp\/v2\/users\/1"}],"replies":[{"embeddable":true,"href":"https:\/\/rocketplay-game.com\/de\/wp-json\/wp\/v2\/comments?post=4389"}],"version-history":[{"count":2,"href":"https:\/\/rocketplay-game.com\/de\/wp-json\/wp\/v2\/pages\/4389\/revisions"}],"predecessor-version":[{"id":4391,"href":"https:\/\/rocketplay-game.com\/de\/wp-json\/wp\/v2\/pages\/4389\/revisions\/4391"}],"wp:attachment":[{"href":"https:\/\/rocketplay-game.com\/de\/wp-json\/wp\/v2\/media?parent=4389"}],"curies":[{"name":"wp","href":"https:\/\/api.w.org\/{rel}","templated":true}]}}