{"id":4416,"date":"2024-01-22T15:53:20","date_gmt":"2024-01-22T12:53:20","guid":{"rendered":"https:\/\/rocketplay-game.com\/kyc-policy\/"},"modified":"2024-01-22T18:17:37","modified_gmt":"2024-01-22T15:17:37","slug":"kyc-policy","status":"publish","type":"page","link":"https:\/\/rocketplay-game.com\/de\/kyc-policy\/","title":{"rendered":"KYC-Richtlinie"},"content":{"rendered":"<p>Die KYC-Richtlinie von RocketPlay Casino dient dazu, die Identit\u00e4t seiner Spieler zu \u00fcberpr\u00fcfen und die Einhaltung gesetzlicher Anforderungen sicherzustellen. Das Hauptziel besteht darin, betr\u00fcgerische Aktivit\u00e4ten wie Identit\u00e4tsdiebstahl und Geldw\u00e4sche zu verhindern und die Integrit\u00e4t der Spieleplattform zu wahren. Ziel von RocketPlay Casino ist es, allen seinen Benutzern ein vertrauensw\u00fcrdiges und transparentes Spielerlebnis zu bieten, indem es strenge KYC-Verfahren einh\u00e4lt.<\/p>\n<h2>Benutzerregistrierungs- und Verifizierungsprozess<\/h2>\n<p>Bei der Registrierung im RocketPlay Casino m\u00fcssen Spieler genaue und aktuelle pers\u00f6nliche Daten angeben. Dazu geh\u00f6ren der vollst\u00e4ndige Name, das Geburtsdatum, die Adresse und Kontaktinformationen. Das Casino nutzt fortschrittliche Verschl\u00fcsselungstechnologien, um diese sensiblen Daten zu sch\u00fctzen und sicherzustellen, dass Spieler ihr Spielerlebnis beruhigt genie\u00dfen k\u00f6nnen.<\/p>\n<p>Die \u00dcberpr\u00fcfung beginnt mit der Vorlage von Ausweisdokumenten, einschlie\u00dflich eines amtlichen Personalausweises, Reisepasses oder F\u00fchrerscheins. Dar\u00fcber hinaus m\u00fcssen Spieler m\u00f6glicherweise einen Adressnachweis vorlegen, beispielsweise eine Stromrechnung oder einen Kontoauszug. Diese Dokumente werden vom engagierten KYC-Team des Casinos sorgf\u00e4ltig gepr\u00fcft, das gewissenhaft daran arbeitet, die bereitgestellten Informationen zu authentifizieren.<\/p>\n<h2>Schutz vor Identit\u00e4tsdiebstahl<\/h2>\n<p>Identit\u00e4tsdiebstahl ist im digitalen Zeitalter ein weit verbreitetes Problem, und RocketPlay Casino setzt sich daf\u00fcr ein, solche Vorf\u00e4lle auf seiner Plattform zu verhindern. Der gr\u00fcndliche KYC-Verifizierungsprozess ist eine starke Barriere gegen unbefugte Personen, die versuchen, Konten mit gestohlenen oder falschen Identit\u00e4ten zu erstellen. Durch die Best\u00e4tigung der Legitimit\u00e4t jedes Spielers bietet das Casino echten Gaming-Enthusiasten einen sicheren Raum, in dem sie ihre Lieblingsspiele genie\u00dfen k\u00f6nnen, ohne Angst vor Identit\u00e4tsdiebstahl haben zu m\u00fcssen.<\/p>\n<h2>Gew\u00e4hrleistung von Fairplay und verantwortungsvollem Spielen<\/h2>\n<p>Neben der Verhinderung betr\u00fcgerischer Aktivit\u00e4ten ist die KYC-Richtlinie von RocketPlay Casino von entscheidender Bedeutung f\u00fcr die F\u00f6rderung von Fairplay und verantwortungsvollem Spielen. Durch die \u00dcberpr\u00fcfung des Alters und der Identit\u00e4t der Spieler stellt das Casino sicher, dass nur Personen im gesetzlichen Mindestalter Zugang zur Plattform erhalten. Dies steht im Einklang mit der Verpflichtung des Casinos zu verantwortungsvollen Spielpraktiken und tr\u00e4gt dazu bei, eine sicherere Benutzerumgebung zu schaffen.<\/p>\n<h2>Einhaltung beh\u00f6rdlicher Standards<\/h2>\n<p>RocketPlay Casino verpflichtet sich voll und ganz zur Einhaltung der von den Gl\u00fccksspielbeh\u00f6rden festgelegten regulatorischen Standards. Die Umsetzung einer umfassenden KYC-Richtlinie ist ein entscheidender Aspekt dieses Engagements. Durch die Einhaltung dieser Standards erf\u00fcllt das Casino die gesetzlichen Anforderungen und zeigt sein Engagement f\u00fcr die Aufrechterhaltung einer seri\u00f6sen und vertrauensw\u00fcrdigen Online-Gl\u00fccksspielplattform.<\/p>\n<h2>Optimierter und effizienter Verifizierungsprozess<\/h2>\n<p>RocketPlay Casino ist sich der Bedeutung eines reibungslosen Spielerlebnisses bewusst und hat in die Entwicklung eines optimierten und effizienten KYC-Verifizierungsprozesses investiert. Die benutzerfreundliche Oberfl\u00e4che und die klaren Anweisungen des Casinos erleichtern es den Spielern, die erforderlichen Dokumente einzureichen und den Verifizierungsprozess ohne unn\u00f6tige Verz\u00f6gerungen abzuschlie\u00dfen. Dieses Engagement f\u00fcr Effizienz stellt sicher, dass Spieler ihre Lieblingsspiele schnell genie\u00dfen k\u00f6nnen und gleichzeitig die h\u00f6chsten Sicherheitsstandards einhalten.<\/p>\n<h2>Datenschutz und Privatsph\u00e4re<\/h2>\n<p>RocketPlay Casino legt gro\u00dfen Wert auf den Schutz der Spielerdaten und der Privatsph\u00e4re. Alle w\u00e4hrend des KYC-Prozesses gesammelten Informationen werden mit gr\u00f6\u00dfter Sorgfalt behandelt und mithilfe fortschrittlicher Verschl\u00fcsselungsprotokolle sicher gespeichert. Das Casino h\u00e4lt sich strikt an die Datenschutzbestimmungen und stellt sicher, dass Spielerinformationen nicht an unbefugte Dritte weitergegeben werden. Dieses Engagement f\u00fcr den Datenschutz st\u00e4rkt das Vertrauen, das Spieler in RocketPlay Casino setzen.<\/p>\n<h2>Kontinuierliche \u00dcberwachung und Aktualisierung<\/h2>\n<p>Die Welt des Online-Gl\u00fccksspiels ist dynamisch und RocketPlay Casino ist sich der Notwendigkeit einer kontinuierlichen \u00dcberwachung und Aktualisierung seiner KYC-Verfahren bewusst. Das Casino h\u00e4lt sich \u00fcber technologische Fortschritte und regulatorische \u00c4nderungen auf dem Laufenden, um sicherzustellen, dass seine KYC-Richtlinie wirksam bleibt und den Industriestandards entspricht. Dieser proaktive Ansatz spiegelt das Engagement des Casinos wider, eine sichere Spielumgebung bereitzustellen, die sich mit der sich st\u00e4ndig ver\u00e4ndernden Online-Gl\u00fccksspiellandschaft weiterentwickelt.<\/p>\n<p>Die KYC-Richtlinie von RocketPlay Casino ist ein Beweis f\u00fcr sein unersch\u00fctterliches Engagement f\u00fcr Spielersicherheit, Fairplay und verantwortungsvolles Spielen. Durch die Implementierung eines strengen Verifizierungsprozesses schafft das Casino eine vertrauensw\u00fcrdige Plattform, auf der Spieler sicher ihre Lieblingsspiele spielen k\u00f6nnen. Die Kombination aus modernster Technologie, Einhaltung gesetzlicher Vorschriften und einer benutzerfreundlichen Oberfl\u00e4che macht RocketPlay Casino zu einem f\u00fchrenden Unternehmen in der Online-Gaming-Branche, das sich der Bereitstellung eines sicheren und angenehmen Erlebnisses f\u00fcr Spieler weltweit verschrieben hat.<\/p>\n","protected":false},"excerpt":{"rendered":"<p>Die KYC-Richtlinie von RocketPlay Casino dient dazu, die Identit\u00e4t seiner Spieler zu \u00fcberpr\u00fcfen und die Einhaltung gesetzlicher Anforderungen sicherzustellen. Das Hauptziel besteht darin, betr\u00fcgerische Aktivit\u00e4ten wie Identit\u00e4tsdiebstahl und Geldw\u00e4sche zu verhindern und die Integrit\u00e4t der Spieleplattform zu wahren. Ziel von RocketPlay Casino ist es, allen seinen Benutzern ein vertrauensw\u00fcrdiges und transparentes Spielerlebnis zu bieten, indem&#8230;<\/p>\n","protected":false},"author":1,"featured_media":0,"parent":0,"menu_order":0,"comment_status":"closed","ping_status":"closed","template":"page-with-bonus.php","meta":{"_acf_changed":false,"_kad_post_transparent":"default","_kad_post_title":"default","_kad_post_layout":"default","_kad_post_sidebar_id":"","_kad_post_content_style":"default","_kad_post_vertical_padding":"default","_kad_post_feature":"","_kad_post_feature_position":"","_kad_post_header":false,"_kad_post_footer":false,"footnotes":""},"class_list":["post-4416","page","type-page","status-publish","hentry"],"acf":[],"rttpg_featured_image_url":null,"rttpg_author":{"display_name":"Tom","author_link":"https:\/\/rocketplay-game.com\/de\/author\/pemvas95n89x\/"},"rttpg_comment":0,"rttpg_category":null,"rttpg_excerpt":"Die KYC-Richtlinie von RocketPlay Casino dient dazu, die Identit\u00e4t seiner Spieler zu \u00fcberpr\u00fcfen und die Einhaltung gesetzlicher Anforderungen sicherzustellen. Das Hauptziel besteht darin, betr\u00fcgerische Aktivit\u00e4ten wie Identit\u00e4tsdiebstahl und Geldw\u00e4sche zu verhindern und die Integrit\u00e4t der Spieleplattform zu wahren. Ziel von RocketPlay Casino ist es, allen seinen Benutzern ein vertrauensw\u00fcrdiges und transparentes Spielerlebnis zu bieten, indem...","_links":{"self":[{"href":"https:\/\/rocketplay-game.com\/de\/wp-json\/wp\/v2\/pages\/4416","targetHints":{"allow":["GET"]}}],"collection":[{"href":"https:\/\/rocketplay-game.com\/de\/wp-json\/wp\/v2\/pages"}],"about":[{"href":"https:\/\/rocketplay-game.com\/de\/wp-json\/wp\/v2\/types\/page"}],"author":[{"embeddable":true,"href":"https:\/\/rocketplay-game.com\/de\/wp-json\/wp\/v2\/users\/1"}],"replies":[{"embeddable":true,"href":"https:\/\/rocketplay-game.com\/de\/wp-json\/wp\/v2\/comments?post=4416"}],"version-history":[{"count":1,"href":"https:\/\/rocketplay-game.com\/de\/wp-json\/wp\/v2\/pages\/4416\/revisions"}],"predecessor-version":[{"id":4417,"href":"https:\/\/rocketplay-game.com\/de\/wp-json\/wp\/v2\/pages\/4416\/revisions\/4417"}],"wp:attachment":[{"href":"https:\/\/rocketplay-game.com\/de\/wp-json\/wp\/v2\/media?parent=4416"}],"curies":[{"name":"wp","href":"https:\/\/api.w.org\/{rel}","templated":true}]}}