{"id":4468,"date":"2024-01-22T15:07:28","date_gmt":"2024-01-22T12:07:28","guid":{"rendered":"https:\/\/rocketplay-game.com\/responsible-gaming\/"},"modified":"2024-01-22T18:47:12","modified_gmt":"2024-01-22T15:47:12","slug":"responsible-gaming","status":"publish","type":"page","link":"https:\/\/rocketplay-game.com\/de\/responsible-gaming\/","title":{"rendered":"Verantwortungsvolles Spielen"},"content":{"rendered":"<p>RocketPlay Casino zeichnet sich als Vorreiter des verantwortungsvollen Spielens aus und setzt neue Ma\u00dfst\u00e4be f\u00fcr das Wohlbefinden der Spieler und ethische Spielpraktiken in der schnelllebigen Welt der Online-Casinos. Als Vorreiter der Branche ist sich RocketPlay Casino bewusst, wie wichtig es ist, seinen Spielern eine sichere und angenehme Umgebung zu bieten. Dieses Engagement ist in ihrer umfassenden Responsible Gaming-Initiative verankert.<\/p>\n<h2>Einf\u00fchrung in verantwortungsvolles Spielen im RocketPlay Casino<\/h2>\n<p>Bei RocketPlay Casino ist verantwortungsvolles Spielen nicht nur eine Richtlinie; Es ist eine Philosophie, die in jedem Aspekt des Betriebs verankert ist. Das Casino versteht, dass der Nervenkitzel des Spiels immer mit der Verpflichtung zur Spielersicherheit und verantwortungsvollem Verhalten in Einklang gebracht werden sollte. Diese Philosophie leitet das Design ihrer Plattform, die Implementierung modernster Technologie und den Aufbau von Partnerschaften mit f\u00fchrenden Organisationen, die sich der F\u00f6rderung verantwortungsbewussten Spielens widmen.<\/p>\n<h2>Spielerschulung und -bewusstsein<\/h2>\n<p>Den Spielern Wissen zu vermitteln, ist ein Eckpfeiler des verantwortungsvollen Spielens im RocketPlay Casino. Die Plattform bietet umfangreiche Ressourcen, um Spieler \u00fcber die potenziellen Risiken im Zusammenhang mit Gl\u00fccksspielen und die Aufrechterhaltung eines gesunden Gleichgewichts aufzukl\u00e4ren. RocketPlay Casino stellt sicher, dass Spieler durch informative Artikel, interaktive Tutorials und ansprechende Inhalte gut \u00fcber verantwortungsvolle Spielpraktiken informiert sind.<\/p>\n<h2>Selbstbewertungstools f\u00fcr personalisierte Spiellimits<\/h2>\n<p>RocketPlay Casino geht \u00fcber herk\u00f6mmliche Ma\u00dfnahmen zum verantwortungsvollen Spielen hinaus, indem es den Spielern ausgefeilte Selbstbewertungstools bietet. Mit diesen Tools k\u00f6nnen Spieler ihr Spielverhalten bewerten und personalisierte Limits festlegen, die ihren Vorlieben und finanziellen M\u00f6glichkeiten entsprechen. Durch die Ermutigung der Spieler, Limits f\u00fcr Einzahlungen, Verluste und Sitzungsdauer festzulegen, erm\u00f6glicht RocketPlay Casino ihnen, die Kontrolle \u00fcber ihr Spielerlebnis zu behalten.<\/p>\n<h2>Hochmoderne Technologie f\u00fcr den Spielerschutz<\/h2>\n<p>Die Integration modernster Technologie ist ein Beweis f\u00fcr das Engagement von RocketPlay Casino f\u00fcr den Spielerschutz. Um problematisches Spielverhalten zu erkennen und zu verhindern, werden fortschrittliche Algorithmen und k\u00fcnstliche Intelligenz eingesetzt. Durch diesen proaktiven Ansatz wird sichergestellt, dass potenzielle Probleme fr\u00fchzeitig erkannt werden, sodass rechtzeitig eingegriffen werden kann, um die Spieler zu sch\u00fctzen.<\/p>\n<h2>Zusammenarbeit mit Branchenexperten und Supportorganisationen<\/h2>\n<p>RocketPlay Casino arbeitet bei seinem Streben nach Spitzenleistungen im verantwortungsvollen Spielen mit Branchenexperten und Unterst\u00fctzungsorganisationen zusammen. Durch die Partnerschaft mit f\u00fchrenden Unternehmen, die auf Spielsuchtpr\u00e4vention und Spielerunterst\u00fctzung spezialisiert sind, verbessert das Casino seine F\u00e4higkeit, Spielern, die vor Herausforderungen stehen, umfassende Unterst\u00fctzung zu bieten. Diese gemeinsame Anstrengung unterstreicht das Engagement von RocketPlay Casino, eine Kultur des verantwortungsvollen Spielens in der gesamten Branche zu f\u00f6rdern.<\/p>\n<h2>Strikte Einhaltung gesetzlicher und beh\u00f6rdlicher Standards<\/h2>\n<p>RocketPlay Casino ist sich der Bedeutung der strikten Einhaltung gesetzlicher und beh\u00f6rdlicher Standards bewusst, um eine sichere und verantwortungsvolle Spielumgebung zu gew\u00e4hrleisten. Das Casino arbeitet mit Transparenz und Integrit\u00e4t und arbeitet eng mit den Aufsichtsbeh\u00f6rden zusammen, um Ma\u00dfnahmen zum Schutz der Spieler und zur F\u00f6rderung verantwortungsvoller Spielpraktiken umzusetzen. Indem es bei der Einhaltung gesetzlicher Vorschriften an vorderster Front bleibt, setzt RocketPlay Casino ein Beispiel f\u00fcr andere Betreiber in der Branche.<\/p>\n<h2>Engagiertes Support-Team f\u00fcr verantwortungsvolles Spielen<\/h2>\n<p>Ein zentrales Element der Responsible Gaming-Initiative von RocketPlay Casino ist das engagierte Support-Team. Dieses Team besteht aus ausgebildeten Fachleuten mit Fachkenntnissen in verantwortungsvollen Spielpraktiken und steht den Spielern rund um die Uhr zur Verf\u00fcgung. Das Support-Team spielt eine entscheidende Rolle bei der Aufrechterhaltung des Engagements des Casinos f\u00fcr verantwortungsvolles Spielen, sei es als Anleitung, beim Festlegen von Limits, beim Anbieten von Ressourcen f\u00fcr den Support oder bei der Bearbeitung von Antr\u00e4gen auf Selbstausschluss.<\/p>\n<h2>Gemeinschaftliches Engagement und soziale Verantwortung<\/h2>\n<p>\u00dcber die virtuellen W\u00e4nde des Casinos hinaus tr\u00e4gt RocketPlay sein Engagement f\u00fcr verantwortungsvolles Spielen in die breitere Community. Das Casino beteiligt sich aktiv an Initiativen, die soziale Verantwortung f\u00f6rdern und sich mit den umfassenderen Auswirkungen des Gl\u00fccksspiels befassen. Ziel von RocketPlay Casino ist es, einen positiven Beitrag zur Gesellschaft zu leisten und einen ganzheitlichen Ansatz f\u00fcr verantwortungsvolles Spielen zu f\u00f6rdern, indem es Community-Programme, Aufkl\u00e4rungskampagnen und Wohlt\u00e4tigkeitsorganisationen unterst\u00fctzt.<\/p>\n<h2>Kontinuierliche Verbesserung und Innovation<\/h2>\n<p>RocketPlay Casino betrachtet verantwortungsvolles Spielen als eine sich weiterentwickelnde Verpflichtung, die kontinuierliche Verbesserung und Innovation erfordert. Das Casino investiert in Forschung und Entwicklung, um neue Technologien und Strategien zu erforschen, die den Spielerschutz verbessern. Indem RocketPlay Casino aufkommenden Trends immer einen Schritt voraus ist, stellt es sicher, dass seine Initiative f\u00fcr verantwortungsvolles Spielen an der Spitze der Branche bleibt und Ma\u00dfst\u00e4be setzt, denen andere folgen k\u00f6nnen.<\/p>\n<h2>Ein sichereres und angenehmeres Spielerlebnis<\/h2>\n<p>Zusammenfassend l\u00e4sst sich sagen, dass die Responsible Gaming-Initiative von RocketPlay Casino ein Beweis f\u00fcr sein Engagement ist, ein sichereres und angenehmeres Spielerlebnis zu bieten. Durch die Priorisierung des Wohlergehens der Spieler, Investitionen in Technologie und die Zusammenarbeit mit Branchenexperten hat sich RocketPlay Casino als f\u00fchrender Anbieter verantwortungsvoller Spielpraktiken etabliert. Wenn Spieler ihre Spielreise im RocketPlay Casino beginnen, k\u00f6nnen sie dies mit Zuversicht tun, da sie wissen, dass sie Teil einer Community sind, die verantwortungsvolles Spielen sch\u00e4tzt und ihre Sicherheit und ihr Vergn\u00fcgen \u00fcber alles andere stellt.<\/p>\n","protected":false},"excerpt":{"rendered":"<p>RocketPlay Casino zeichnet sich als Vorreiter des verantwortungsvollen Spielens aus und setzt neue Ma\u00dfst\u00e4be f\u00fcr das Wohlbefinden der Spieler und ethische Spielpraktiken in der schnelllebigen Welt der Online-Casinos. Als Vorreiter der Branche ist sich RocketPlay Casino bewusst, wie wichtig es ist, seinen Spielern eine sichere und angenehme Umgebung zu bieten. Dieses Engagement ist in ihrer&#8230;<\/p>\n","protected":false},"author":1,"featured_media":0,"parent":0,"menu_order":0,"comment_status":"closed","ping_status":"closed","template":"page-with-bonus.php","meta":{"_acf_changed":false,"_kad_post_transparent":"default","_kad_post_title":"default","_kad_post_layout":"default","_kad_post_sidebar_id":"","_kad_post_content_style":"default","_kad_post_vertical_padding":"default","_kad_post_feature":"","_kad_post_feature_position":"","_kad_post_header":false,"_kad_post_footer":false,"footnotes":""},"class_list":["post-4468","page","type-page","status-publish","hentry"],"acf":[],"rttpg_featured_image_url":null,"rttpg_author":{"display_name":"Tom","author_link":"https:\/\/rocketplay-game.com\/de\/author\/pemvas95n89x\/"},"rttpg_comment":0,"rttpg_category":null,"rttpg_excerpt":"RocketPlay Casino zeichnet sich als Vorreiter des verantwortungsvollen Spielens aus und setzt neue Ma\u00dfst\u00e4be f\u00fcr das Wohlbefinden der Spieler und ethische Spielpraktiken in der schnelllebigen Welt der Online-Casinos. Als Vorreiter der Branche ist sich RocketPlay Casino bewusst, wie wichtig es ist, seinen Spielern eine sichere und angenehme Umgebung zu bieten. Dieses Engagement ist in ihrer...","_links":{"self":[{"href":"https:\/\/rocketplay-game.com\/de\/wp-json\/wp\/v2\/pages\/4468","targetHints":{"allow":["GET"]}}],"collection":[{"href":"https:\/\/rocketplay-game.com\/de\/wp-json\/wp\/v2\/pages"}],"about":[{"href":"https:\/\/rocketplay-game.com\/de\/wp-json\/wp\/v2\/types\/page"}],"author":[{"embeddable":true,"href":"https:\/\/rocketplay-game.com\/de\/wp-json\/wp\/v2\/users\/1"}],"replies":[{"embeddable":true,"href":"https:\/\/rocketplay-game.com\/de\/wp-json\/wp\/v2\/comments?post=4468"}],"version-history":[{"count":1,"href":"https:\/\/rocketplay-game.com\/de\/wp-json\/wp\/v2\/pages\/4468\/revisions"}],"predecessor-version":[{"id":4469,"href":"https:\/\/rocketplay-game.com\/de\/wp-json\/wp\/v2\/pages\/4468\/revisions\/4469"}],"wp:attachment":[{"href":"https:\/\/rocketplay-game.com\/de\/wp-json\/wp\/v2\/media?parent=4468"}],"curies":[{"name":"wp","href":"https:\/\/api.w.org\/{rel}","templated":true}]}}