{"id":4495,"date":"2024-01-22T15:16:23","date_gmt":"2024-01-22T12:16:23","guid":{"rendered":"https:\/\/rocketplay-game.com\/terms-conditions\/"},"modified":"2024-01-22T19:03:09","modified_gmt":"2024-01-22T16:03:09","slug":"terms-conditions","status":"publish","type":"page","link":"https:\/\/rocketplay-game.com\/de\/terms-conditions\/","title":{"rendered":"Terms &#038; Bedingungen"},"content":{"rendered":"<p>Willkommen im RocketPlay Casino, wo Unterhaltung und Spannung mit verantwortungsvollem Spielen verschmelzen. Bevor Sie sich auf Ihre spannende Reise durch die Welt der Online-Casinospiele begeben, sollten Sie sich unbedingt mit unseren Allgemeinen Gesch\u00e4ftsbedingungen vertraut machen. Diese Richtlinien gew\u00e4hrleisten ein sicheres, faires und angenehmes Spielerlebnis.<\/p>\n<h2>Benutzervereinbarung<\/h2>\n<p>Durch den Zugriff auf RocketPlay Casino erkl\u00e4ren Sie sich mit der Einhaltung unserer Benutzervereinbarung einverstanden. Diese Vereinbarung legt die Nutzungsbedingungen f\u00fcr unsere Plattform fest und legt die Verantwortlichkeiten sowohl des Spielers als auch des Casinos fest. Lesen und verstehen Sie dieses Dokument sorgf\u00e4ltig, bevor Sie sich an Spielaktivit\u00e4ten beteiligen.<\/p>\n<h2>Berechtigung<\/h2>\n<p>Das RocketPlay Casino steht Spielern offen, die die in ihrem Land geltenden gesetzlichen Mindestaltersanforderungen erf\u00fcllen. Der Spieler ist daf\u00fcr verantwortlich, die Einhaltung der \u00f6rtlichen Gesetze zum Online-Gl\u00fccksspiel sicherzustellen. Wir setzen Ma\u00dfnahmen zur Alters\u00fcberpr\u00fcfung strikt durch, um eine sichere Spielumgebung zu f\u00f6rdern.<\/p>\n<h2>Kontosicherheit<\/h2>\n<p>Die Sicherung Ihres Kontos ist eine gemeinsame Verantwortung. W\u00e4hlen Sie ein sicheres Passwort, behandeln Sie es vertraulich und geben Sie Ihre Kontodaten nicht weiter. RocketPlay Casino wird Ihr Passwort niemals per E-Mail oder auf andere Weise anfordern. Wenn Sie einen unbefugten Zugriff vermuten, wenden Sie sich umgehend an unser Support-Team.<\/p>\n<h2>Einzahlungen und Auszahlungen<\/h2>\n<p>RocketPlay Casino bietet verschiedene Zahlungsmethoden f\u00fcr Ein- und Auszahlungen an. Machen Sie sich mit den verf\u00fcgbaren Optionen, den damit verbundenen Geb\u00fchren und Bearbeitungszeiten vertraut. Wir legen Wert auf sichere Transaktionen und setzen fortschrittliche Verschl\u00fcsselungstechnologie ein, um Ihre Finanzinformationen zu sch\u00fctzen.<\/p>\n<h2>Verantwortungsbewusstes Spielen<\/h2>\n<p>Wir engagieren uns f\u00fcr die F\u00f6rderung verantwortungsvoller Spielpraktiken. Im RocketPlay Casino k\u00f6nnen Spieler Einzahlungen, Verluste und Sitzungsdauern begrenzen. Wenn Sie das Gef\u00fchl haben, dass Ihr Gl\u00fccksspiel problematisch wird, nutzen Sie unsere M\u00f6glichkeiten zum Selbstausschluss oder wenden Sie sich an Organisationen f\u00fcr verantwortungsbewusstes Spielen.<\/p>\n<h2>Fairplay<\/h2>\n<p>Im RocketPlay Casino steht Fairness an erster Stelle. Unsere Spiele werden von unabh\u00e4ngigen Pr\u00fcfern strengen Tests unterzogen, um zuf\u00e4llige Ergebnisse und unvoreingenommene Ergebnisse zu gew\u00e4hrleisten. Wir verwenden zertifizierte Zufallszahlengeneratoren (RNGs), um die Integrit\u00e4t jeder Spielsitzung aufrechtzuerhalten und gleiche Wettbewerbsbedingungen f\u00fcr alle Teilnehmer zu gew\u00e4hrleisten.<\/p>\n<h2>Bonusbedingungen<\/h2>\n<p>Fesselnde Werbeaktionen und Boni sind Teil des RocketPlay Casino-Erlebnisses. Machen Sie sich mit den spezifischen Gesch\u00e4ftsbedingungen jedes Angebots vertraut, einschlie\u00dflich Wettanforderungen, Ablaufdaten und berechtigten Spielen. Bei Nichtbeachtung kann es zum Verlust der Bonusgelder kommen.<\/p>\n<h2>Spielregeln<\/h2>\n<p>Bevor Sie sich mit der umfangreichen Auswahl an Spielen befassen, die RocketPlay Casino anbietet, machen Sie sich mit den Regeln und Richtlinien der einzelnen Spiele vertraut. Das Verst\u00e4ndnis der Mechanismen verbessert Ihr Spielerlebnis und erh\u00f6ht die Wahrscheinlichkeit erfolgreicher Ergebnisse.<\/p>\n<h2>K\u00fcndigung und Aussetzung:<\/h2>\n<p>RocketPlay Casino beh\u00e4lt sich das Recht vor, Konten zu k\u00fcndigen oder zu sperren, die gegen unsere Allgemeinen Gesch\u00e4ftsbedingungen versto\u00dfen. Dazu geh\u00f6ren unter anderem betr\u00fcgerische Aktivit\u00e4ten, Missbrauch von Boni und Verst\u00f6\u00dfe gegen die Nutzungsvereinbarung. Die Spieler werden ermutigt, verantwortungsbewusst und ethisch zu spielen.<\/p>\n<h2>Datenschutzerkl\u00e4rung<\/h2>\n<p>Die Wahrung Ihrer Privatsph\u00e4re hat bei RocketPlay Casino oberste Priorit\u00e4t. In unserer Datenschutzrichtlinie erfahren Sie, wie wir Ihre personenbezogenen Daten erfassen, verwenden und sch\u00fctzen. Durch die Nutzung unserer Plattform stimmen Sie den in dieser Richtlinie beschriebenen Praktiken zu. Wir setzen branchen\u00fcbliche Sicherheitsma\u00dfnahmen ein, um Ihre Daten vor unbefugtem Zugriff zu sch\u00fctzen.<\/p>\n<h2>Kundensupport<\/h2>\n<p>Sollten Sie auf Probleme sto\u00dfen oder Fragen zu unseren Allgemeinen Gesch\u00e4ftsbedingungen haben, ist das Kundensupport-Team von RocketPlay Casino f\u00fcr Sie da. Kontaktieren Sie uns \u00fcber unseren Live-Chat, E-Mail- oder Telefonsupport f\u00fcr schnelle und zuvorkommende Hilfe.<\/p>\n<h2>\u00c4nderungen und Aktualisierungen<\/h2>\n<p>RocketPlay Casino beh\u00e4lt sich das Recht vor, seine Allgemeinen Gesch\u00e4ftsbedingungen regelm\u00e4\u00dfig zu aktualisieren oder zu \u00e4ndern. Spieler werden \u00fcber alle wesentlichen \u00c4nderungen informiert und die fortgesetzte Nutzung der Plattform setzt die Annahme der \u00fcberarbeiteten Bedingungen voraus. Es empfiehlt sich, die Allgemeinen Gesch\u00e4ftsbedingungen regelm\u00e4\u00dfig durchzulesen, um auf dem Laufenden zu bleiben.<\/p>\n<p>RocketPlay Casino ist bestrebt, ein au\u00dfergew\u00f6hnliches Spielerlebnis im Rahmen von Integrit\u00e4t, Sicherheit und Verantwortung zu bieten. Durch die Einhaltung unserer Allgemeinen Gesch\u00e4ftsbedingungen tragen Sie zum Aufbau einer lebendigen Online-Casino-Community bei. Genie\u00dfen Sie den Nervenkitzel des Spiels verantwortungsbewusst und m\u00f6ge Ihr RocketPlay Casino-Abenteuer unterhaltsam und lohnend sein.<\/p>\n","protected":false},"excerpt":{"rendered":"<p>Willkommen im RocketPlay Casino, wo Unterhaltung und Spannung mit verantwortungsvollem Spielen verschmelzen. Bevor Sie sich auf Ihre spannende Reise durch die Welt der Online-Casinospiele begeben, sollten Sie sich unbedingt mit unseren Allgemeinen Gesch\u00e4ftsbedingungen vertraut machen. Diese Richtlinien gew\u00e4hrleisten ein sicheres, faires und angenehmes Spielerlebnis. Benutzervereinbarung Durch den Zugriff auf RocketPlay Casino erkl\u00e4ren Sie sich mit&#8230;<\/p>\n","protected":false},"author":1,"featured_media":0,"parent":0,"menu_order":0,"comment_status":"closed","ping_status":"closed","template":"page-with-bonus.php","meta":{"_acf_changed":false,"_kad_post_transparent":"default","_kad_post_title":"default","_kad_post_layout":"default","_kad_post_sidebar_id":"","_kad_post_content_style":"default","_kad_post_vertical_padding":"default","_kad_post_feature":"","_kad_post_feature_position":"","_kad_post_header":false,"_kad_post_footer":false,"footnotes":""},"class_list":["post-4495","page","type-page","status-publish","hentry"],"acf":[],"rttpg_featured_image_url":null,"rttpg_author":{"display_name":"Tom","author_link":"https:\/\/rocketplay-game.com\/de\/author\/pemvas95n89x\/"},"rttpg_comment":0,"rttpg_category":null,"rttpg_excerpt":"Willkommen im RocketPlay Casino, wo Unterhaltung und Spannung mit verantwortungsvollem Spielen verschmelzen. Bevor Sie sich auf Ihre spannende Reise durch die Welt der Online-Casinospiele begeben, sollten Sie sich unbedingt mit unseren Allgemeinen Gesch\u00e4ftsbedingungen vertraut machen. Diese Richtlinien gew\u00e4hrleisten ein sicheres, faires und angenehmes Spielerlebnis. Benutzervereinbarung Durch den Zugriff auf RocketPlay Casino erkl\u00e4ren Sie sich mit...","_links":{"self":[{"href":"https:\/\/rocketplay-game.com\/de\/wp-json\/wp\/v2\/pages\/4495","targetHints":{"allow":["GET"]}}],"collection":[{"href":"https:\/\/rocketplay-game.com\/de\/wp-json\/wp\/v2\/pages"}],"about":[{"href":"https:\/\/rocketplay-game.com\/de\/wp-json\/wp\/v2\/types\/page"}],"author":[{"embeddable":true,"href":"https:\/\/rocketplay-game.com\/de\/wp-json\/wp\/v2\/users\/1"}],"replies":[{"embeddable":true,"href":"https:\/\/rocketplay-game.com\/de\/wp-json\/wp\/v2\/comments?post=4495"}],"version-history":[{"count":1,"href":"https:\/\/rocketplay-game.com\/de\/wp-json\/wp\/v2\/pages\/4495\/revisions"}],"predecessor-version":[{"id":4496,"href":"https:\/\/rocketplay-game.com\/de\/wp-json\/wp\/v2\/pages\/4495\/revisions\/4496"}],"wp:attachment":[{"href":"https:\/\/rocketplay-game.com\/de\/wp-json\/wp\/v2\/media?parent=4495"}],"curies":[{"name":"wp","href":"https:\/\/api.w.org\/{rel}","templated":true}]}}