{"id":4519,"date":"2024-01-22T15:28:18","date_gmt":"2024-01-22T12:28:18","guid":{"rendered":"https:\/\/rocketplay-game.com\/underage-gaming-policy\/"},"modified":"2025-11-21T22:48:21","modified_gmt":"2025-11-21T19:48:21","slug":"underage-gaming-policy","status":"publish","type":"page","link":"https:\/\/rocketplay-game.com\/de\/underage-gaming-policy\/","title":{"rendered":"Spielrichtlinien f\u00fcr Minderj\u00e4hrige"},"content":{"rendered":"<p>In der dynamischen Welt der Online-Spiele sticht RocketPlay Casino nicht nur durch seine spannenden Spiele und attraktiven Belohnungen hervor, sondern auch durch sein konsequentes Engagement f\u00fcr verantwortungsvolles Spielen. Bei RocketPlay steht das Wohlbefinden der Spieler an erster Stelle. Dieses Engagement umfasst auch die Gew\u00e4hrleistung, dass Spielen eine unterhaltsame und altersgerechte Aktivit\u00e4t bleibt. Dies spiegelt sich in den umfassenden Richtlinien von RocketPlay Casino zum Thema Spielen f\u00fcr Minderj\u00e4hrige wider.<\/p>\n<h2>Warum Gl\u00fccksspiel Minderj\u00e4hriger wichtig ist<\/h2>\n<p>Das Thema Gl\u00fccksspiel Minderj\u00e4hriger ist ein gro\u00dfes Problem in der Gl\u00fccksspielbranche. Personen unter dem gesetzlichen Gl\u00fccksspielalter die Teilnahme an Gl\u00fccksspielen zu erm\u00f6glichen, verst\u00f6\u00dft nicht nur gegen geltendes Recht, sondern birgt auch ernsthafte Risiken f\u00fcr deren Wohlbefinden. RocketPlay Casino ist sich der Tragweite dieses Problems bewusst und hat umfassende Ma\u00dfnahmen zur Pr\u00e4vention und Bek\u00e4mpfung von Gl\u00fccksspiel Minderj\u00e4hriger ergriffen.<\/p>\n<h2>Strenge Altersverifizierungsverfahren<\/h2>\n<p>RocketPlay Casino setzt strenge Altersverifizierungsverfahren ein, um die Integrit\u00e4t seiner Spieleplattform zu gew\u00e4hrleisten. W\u00e4hrend des Registrierungsprozesses m\u00fcssen Spieler korrekte und \u00fcberpr\u00fcfbare Angaben machen, einschlie\u00dflich ihres Geburtsdatums. RocketPlay verwendet fortschrittliche Verifizierungstechnologien, um diese Informationen mit zuverl\u00e4ssigen Datenbanken abzugleichen und so sicherzustellen, dass nur Personen im gesetzlichen Gl\u00fccksspielalter Zugang zur Plattform haben.<\/p>\n<h2>Kooperation mit Altersverifizierungsdiensten<\/h2>\n<p>RocketPlay Casino geht noch einen Schritt weiter und arbeitet mit renommierten Altersverifizierungsdiensten zusammen. Diese Dienste nutzen eine Kombination aus staatlichen Datenbanken und anderen zuverl\u00e4ssigen Quellen, um das Alter der Spieler unabh\u00e4ngig zu \u00fcberpr\u00fcfen. Diese zus\u00e4tzliche Verifizierungsebene erh\u00f6ht die Effektivit\u00e4t des Altersverifizierungsprozesses von RocketPlay und schafft so eine sicherere Umgebung f\u00fcr alle Spieler.<\/p>\n<h2>Aufkl\u00e4rungsinitiativen<\/h2>\n<p>Pr\u00e4vention ist ein zentraler Aspekt des Ansatzes von RocketPlay Casino im Umgang mit Gl\u00fccksspiel Minderj\u00e4hriger. Die Plattform engagiert sich daf\u00fcr, Spieler und deren Eltern \u00fcber die potenziellen Risiken des Gl\u00fccksspiels Minderj\u00e4hriger aufzukl\u00e4ren. RocketPlay bietet informative Ressourcen, darunter Artikel und Leitf\u00e4den, um Nutzern die Bedeutung verantwortungsvollen Spielens und die m\u00f6glichen Folgen des Gl\u00fccksspiels Minderj\u00e4hriger zu verdeutlichen.<\/p>\n<h2>Kindersicherung und Konto\u00fcberwachung<\/h2>\n<p>RocketPlay Casino erm\u00f6glicht Eltern, die Spielaktivit\u00e4ten ihrer Kinder aktiv zu \u00fcberwachen und zu kontrollieren. Die Plattform bietet umfassende Kindersicherungsfunktionen, mit denen Eltern Kontoausgaben, Spielzugriff und andere Einstellungen einschr\u00e4nken k\u00f6nnen. Dar\u00fcber hinaus verwendet RocketPlay hochentwickelte \u00dcberwachungstools, um ungew\u00f6hnliche Aktivit\u00e4tsmuster zu erkennen, die auf das Spielen von Minderj\u00e4hrigen hindeuten k\u00f6nnten. In solchen F\u00e4llen werden umgehend Ma\u00dfnahmen ergriffen, um weiteren unbefugten Zugriff zu verhindern.<\/p>\n<h2>Sofortige Kontosperrung<\/h2>\n<p>Wenn RocketPlay Casino feststellt, dass ein Spieler minderj\u00e4hrig ist oder falsche Angaben zu seinem Alter gemacht hat, ergreift die Plattform sofort und konsequent Ma\u00dfnahmen. Das Spielerkonto wurde gesperrt und der Zugriff auf alle Spielaktivit\u00e4ten bis zum Abschluss einer gr\u00fcndlichen Untersuchung entzogen. Diese schnelle Reaktion unterstreicht nicht nur das Engagement des Casinos f\u00fcr verantwortungsvolles Spielen, sondern dient auch der Abschreckung von Personen, die versuchen, Altersbeschr\u00e4nkungen zu umgehen.<\/p>\n<h2>Zusammenarbeit mit Organisationen f\u00fcr verantwortungsvolles Spielen<\/h2>\n<p>RocketPlay Casino arbeitet aktiv mit renommierten Organisationen f\u00fcr verantwortungsvolles Spielen zusammen, um stets die besten Praktiken und Standards der Branche zu erf\u00fcllen. Durch diese Partnerschaften erh\u00e4lt das Casino wertvolle Einblicke in die neuesten Entwicklungen im Bereich verantwortungsvolles Spielen und integriert diese in seine Richtlinien und Verfahren.<\/p>\n<h2>Kontinuierliche Verbesserung und Anpassung<\/h2>\n<p>RocketPlay Casino ist sich bewusst, dass sich die Gl\u00fccksspiellandschaft st\u00e4ndig weiterentwickelt. Daher ist das Casino bestrebt, seine Richtlinien zum Spielen f\u00fcr Minderj\u00e4hrige kontinuierlich zu verbessern und anzupassen. Regelm\u00e4\u00dfige \u00dcberpr\u00fcfungen werden durchgef\u00fchrt, um die Wirksamkeit der bestehenden Ma\u00dfnahmen zu bewerten, und Anpassungen werden vorgenommen, um aufkommenden Herausforderungen zu begegnen. Dieser proaktive Ansatz stellt sicher, dass RocketPlay weiterhin eine Vorreiterrolle bei der F\u00f6rderung verantwortungsvoller Spielpraktiken einnimmt.<\/p>\n<p>Die Richtlinie von RocketPlay Casino zum Spielen f\u00fcr Minderj\u00e4hrige unterstreicht das Engagement der Plattform f\u00fcr ein sicheres und unterhaltsames Spielumfeld. Durch strenge Altersverifizierungsverfahren, Aufkl\u00e4rungskampagnen, Kindersicherungsfunktionen und die Zusammenarbeit mit Organisationen f\u00fcr verantwortungsvolles Spielen setzt RocketPlay Ma\u00dfst\u00e4be f\u00fcr verantwortungsvolles Spielen in der Online-Casino-Branche. Spieler k\u00f6nnen sich beim Spielen der spannenden Spiele von RocketPlay darauf verlassen, dass ihr Wohlbefinden und die Integrit\u00e4t des Spielerlebnisses f\u00fcr das Casino h\u00f6chste Priorit\u00e4t haben.<\/p>\n","protected":false},"excerpt":{"rendered":"<p>In der dynamischen Welt der Online-Spiele sticht RocketPlay Casino nicht nur durch seine spannenden Spiele und attraktiven Belohnungen hervor, sondern auch durch sein konsequentes Engagement f\u00fcr verantwortungsvolles Spielen. Bei RocketPlay steht das Wohlbefinden der Spieler an erster Stelle. Dieses Engagement umfasst auch die Gew\u00e4hrleistung, dass Spielen eine unterhaltsame und altersgerechte Aktivit\u00e4t bleibt. Dies spiegelt sich&#8230;<\/p>\n","protected":false},"author":1,"featured_media":0,"parent":0,"menu_order":0,"comment_status":"closed","ping_status":"closed","template":"page-with-bonus.php","meta":{"_acf_changed":false,"_kad_post_transparent":"default","_kad_post_title":"default","_kad_post_layout":"default","_kad_post_sidebar_id":"","_kad_post_content_style":"default","_kad_post_vertical_padding":"default","_kad_post_feature":"","_kad_post_feature_position":"","_kad_post_header":false,"_kad_post_footer":false,"footnotes":""},"class_list":["post-4519","page","type-page","status-publish","hentry"],"acf":[],"rttpg_featured_image_url":null,"rttpg_author":{"display_name":"Tom","author_link":"https:\/\/rocketplay-game.com\/de\/author\/pemvas95n89x\/"},"rttpg_comment":0,"rttpg_category":null,"rttpg_excerpt":"In der dynamischen Welt der Online-Spiele sticht RocketPlay Casino nicht nur durch seine spannenden Spiele und attraktiven Belohnungen hervor, sondern auch durch sein konsequentes Engagement f\u00fcr verantwortungsvolles Spielen. Bei RocketPlay steht das Wohlbefinden der Spieler an erster Stelle. Dieses Engagement umfasst auch die Gew\u00e4hrleistung, dass Spielen eine unterhaltsame und altersgerechte Aktivit\u00e4t bleibt. Dies spiegelt sich...","_links":{"self":[{"href":"https:\/\/rocketplay-game.com\/de\/wp-json\/wp\/v2\/pages\/4519","targetHints":{"allow":["GET"]}}],"collection":[{"href":"https:\/\/rocketplay-game.com\/de\/wp-json\/wp\/v2\/pages"}],"about":[{"href":"https:\/\/rocketplay-game.com\/de\/wp-json\/wp\/v2\/types\/page"}],"author":[{"embeddable":true,"href":"https:\/\/rocketplay-game.com\/de\/wp-json\/wp\/v2\/users\/1"}],"replies":[{"embeddable":true,"href":"https:\/\/rocketplay-game.com\/de\/wp-json\/wp\/v2\/comments?post=4519"}],"version-history":[{"count":3,"href":"https:\/\/rocketplay-game.com\/de\/wp-json\/wp\/v2\/pages\/4519\/revisions"}],"predecessor-version":[{"id":9086,"href":"https:\/\/rocketplay-game.com\/de\/wp-json\/wp\/v2\/pages\/4519\/revisions\/9086"}],"wp:attachment":[{"href":"https:\/\/rocketplay-game.com\/de\/wp-json\/wp\/v2\/media?parent=4519"}],"curies":[{"name":"wp","href":"https:\/\/api.w.org\/{rel}","templated":true}]}}