{"id":2306,"date":"2022-10-03T12:15:51","date_gmt":"2022-10-03T09:15:51","guid":{"rendered":"https:\/\/rocketplay-game.com\/loyalty-program\/"},"modified":"2025-11-25T20:37:05","modified_gmt":"2025-11-25T17:37:05","slug":"loyalty-program","status":"publish","type":"page","link":"https:\/\/rocketplay-game.com\/fr\/bonus\/loyalty-program\/","title":{"rendered":"Programme de fid\u00e9lit\u00e9 chez RocketPlay"},"content":{"rendered":"<p>Les joueurs sont la base de tout \u00e9tablissement de jeu.\u00a0Pour que les clients des casinos reviennent r\u00e9guli\u00e8rement sur la plateforme en ligne, les \u00e9tablissements doivent comprendre leur public et \u00e9tudier ce qui motive les joueurs \u00e0 venir jouer encore et encore.\u00a0\u00c0 ces fins, presque tous les casinos cr\u00e9ent des programmes de fid\u00e9lit\u00e9 pour les joueurs, dans lesquels les utilisateurs peuvent compter sur des promotions r\u00e9guli\u00e8res, des offres sp\u00e9ciales d\u00e9di\u00e9es \u00e0 tous les \u00e9v\u00e9nements et des loteries dans lesquelles de vrais prix sont tir\u00e9s.<\/p>\n<p>Il convient de noter que toutes les offres rentables sont disponibles via le service du programme de fid\u00e9lit\u00e9, il est donc recommand\u00e9 de rejoindre ces programmes au moment de l&rsquo;\u00a0<a href=\"https:\/\/rocketplay-game.com\/fr\/registration\/\">enregistrement<\/a>\u00a0d&rsquo; un nouveau compte afin de supprimer toutes les cr\u00e8mes bonus.\u00a0Il existe un programme de fid\u00e9lit\u00e9 Rocket Play pour vous.<\/p>\n<p>Pour maintenir l&rsquo;int\u00e9r\u00eat des utilisateurs et stimuler les joueurs, les casinos mettent r\u00e9guli\u00e8rement \u00e0 jour et am\u00e9liorent leurs programmes de fid\u00e9lit\u00e9, tandis que les \u00e9tablissements de jeu m\u00e8nent \u00e9galement r\u00e9guli\u00e8rement des enqu\u00eates aupr\u00e8s de leurs clients afin d&rsquo;\u00e9valuer l&rsquo;efficacit\u00e9 d&rsquo;une promotion ou d&rsquo;un bonus particulier en cours ou d\u00e9j\u00e0 termin\u00e9.\u00a0Cela sugg\u00e8re que le casino tient compte de l&rsquo;opinion de son public et s&rsquo;assure qu&rsquo;aucun joueur ne se sente exclu.\u00a0Il convient de noter que les bonus de casino les plus rentables sont inclus dans les programmes de fid\u00e9lit\u00e9.<\/p>\n<p><img loading=\"lazy\" decoding=\"async\" class=\"aligncenter wp-image-4672 size-full\" src=\"https:\/\/rocketplay-game.com\/wp-content\/uploads\/2024\/02\/lp1.png\" alt=\"Programme de fid\u00e9lit\u00e9 chez RocketPlay\" width=\"1307\" height=\"437\" srcset=\"https:\/\/rocketplay-game.com\/wp-content\/uploads\/2024\/02\/lp1.png 1307w, https:\/\/rocketplay-game.com\/wp-content\/uploads\/2024\/02\/lp1-300x100.png 300w, https:\/\/rocketplay-game.com\/wp-content\/uploads\/2024\/02\/lp1-1024x342.png 1024w, https:\/\/rocketplay-game.com\/wp-content\/uploads\/2024\/02\/lp1-768x257.png 768w\" sizes=\"auto, (max-width: 1307px) 100vw, 1307px\" \/><\/p>\n<h2>Qu&rsquo;est-ce que vous obtenez avec le programme de fid\u00e9lit\u00e9?<\/h2>\n<p>Le programme de fid\u00e9lit\u00e9 du casino en ligne Rocket Play est un inverse sans d\u00e9poser de compte dans les jeux en ligne.\u00a0L&rsquo;inverse est de quinze pour cent dans les machines \u00e0 sous.\u00a0Ce cadeau est remis aux clients le lundi.\u00a0R\u00e8gles pour recevoir des incitations\u00a0:<\/p>\n<ul>\n<li>Vous \u00eates r\u00e9compens\u00e9 en faisant des paris d&rsquo;argent dans les jeux.<\/li>\n<li>Le montant des fonds rembours\u00e9s correspond au dipl\u00f4me du joueur.<\/li>\n<li>Le programme de fid\u00e9lit\u00e9 du casino Rocket Play Canada cr\u00e9dite automatiquement l&rsquo;inverse.<\/li>\n<li>Le plus gros revers possible est de 8 000 $.<\/li>\n<li>Le plus petit est \u00e9gal \u00e0 un euro.<\/li>\n<li>Affaire : 5X.<\/li>\n<li>La promotion est valable trois jours.<\/li>\n<\/ul>\n<p>Pour que le programme fonctionne, vous n&rsquo;avez pas besoin de r\u00e9approvisionner votre compte.<\/p>\n<p>Le jeudi, une marche arri\u00e8re de dix pour cent est \u00e9galement possible en mode direct.\u00a0Les conditions pour cela sont les m\u00eames que dans la phrase pr\u00e9c\u00e9dente.\u00a0Le meilleur programme de fid\u00e9lit\u00e9 de casino\u00a0<a href=\"https:\/\/rocketplay-game.com\/fr\">Rocket Play<\/a>\u00a0, comprend \u00e9galement l&rsquo;accomplissement de t\u00e2ches sp\u00e9ciales.\u00a0Pour ce faire, entrez votre email et faites des affaires.\u00a0Pour cela, vous avez droit \u00e0 des prix.<\/p>\n<h2>FAQ<\/h2>\n<h3>Qu&rsquo;est-ce que RTP\u00a0?<\/h3>\n<p>RTP dans les casinos en ligne signifie Return to Player.\u00a0Il s&rsquo;agit d&rsquo;un pourcentage, sugg\u00e9rant th\u00e9oriquement combien d&rsquo;argent vous pouvez retourner \u00e0 la fin de la session de jeu.\u00a0Il est g\u00e9n\u00e9ralement admis que la moyenne est de 95 %.\u00a091\u00a0% est consid\u00e9r\u00e9 comme faible, 98\u00a0% et plus est consid\u00e9r\u00e9 comme \u00e9lev\u00e9.\u00a0Plus la valeur RTP est \u00e9lev\u00e9e, plus les gains sont fr\u00e9quents et importants, bien qu&rsquo;un autre indicateur en soit responsable : la volatilit\u00e9.<\/p>\n<h3>Quel est le lien entre le RTP et les bonus\u00a0?<\/h3>\n<p>La valeur de retour dans certains jeux affecte directement les bonus.\u00a0Autrement dit, plus le RTP dans les machines \u00e0 sous en ligne est \u00e9lev\u00e9, plus les gains des jeux bonus sont fr\u00e9quents et importants ;\u00a0cependant, cela ne fonctionne pas avec toutes les machines \u00e0 sous.\u00a0Dans certains jeux, le bonus de recul est sup\u00e9rieur au recul du jeu de base.\u00a0Des informations d\u00e9taill\u00e9es peuvent \u00eatre trouv\u00e9es dans les r\u00e8gles de chaque jeu.<\/p>\n<h3>Comment obtenir un bonus de casino ?<\/h3>\n<p>Afin de recevoir un bonus de casino, vous devez vous inscrire, et ce n&rsquo;est que pour cette action termin\u00e9e que vous recevrez un bonus.\u00a0De plus, dans le compte personnel de chaque \u00e9tablissement de jeu, il y a une section \u00ab\u00a0Mes bonus\u00a0\u00bb, o\u00f9 vous pouvez obtenir des informations d\u00e9taill\u00e9es sur toutes les offres qui vous sont propos\u00e9es, ainsi que saisir le code promotionnel re\u00e7u via la liste de diffusion ou dans tout autre voie l\u00e9gale.<\/p>\n","protected":false},"excerpt":{"rendered":"<p>Les joueurs sont la base de tout \u00e9tablissement de jeu.\u00a0Pour que les clients des casinos reviennent r\u00e9guli\u00e8rement sur la plateforme en ligne, les \u00e9tablissements doivent comprendre leur public et \u00e9tudier ce qui motive les joueurs \u00e0 venir jouer encore et encore.\u00a0\u00c0 ces fins, presque tous les casinos cr\u00e9ent des programmes de fid\u00e9lit\u00e9 pour les joueurs,&#8230;<\/p>\n","protected":false},"author":1,"featured_media":0,"parent":2316,"menu_order":0,"comment_status":"closed","ping_status":"closed","template":"page-with-bonus.php","meta":{"_acf_changed":false,"_kad_post_transparent":"default","_kad_post_title":"default","_kad_post_layout":"default","_kad_post_sidebar_id":"","_kad_post_content_style":"default","_kad_post_vertical_padding":"default","_kad_post_feature":"","_kad_post_feature_position":"","_kad_post_header":false,"_kad_post_footer":false,"footnotes":""},"class_list":["post-2306","page","type-page","status-publish","hentry"],"acf":[],"rttpg_featured_image_url":null,"rttpg_author":{"display_name":"Tom","author_link":"https:\/\/rocketplay-game.com\/fr\/author\/pemvas95n89x\/"},"rttpg_comment":0,"rttpg_category":null,"rttpg_excerpt":"Les joueurs sont la base de tout \u00e9tablissement de jeu.\u00a0Pour que les clients des casinos reviennent r\u00e9guli\u00e8rement sur la plateforme en ligne, les \u00e9tablissements doivent comprendre leur public et \u00e9tudier ce qui motive les joueurs \u00e0 venir jouer encore et encore.\u00a0\u00c0 ces fins, presque tous les casinos cr\u00e9ent des programmes de fid\u00e9lit\u00e9 pour les joueurs,...","_links":{"self":[{"href":"https:\/\/rocketplay-game.com\/fr\/wp-json\/wp\/v2\/pages\/2306","targetHints":{"allow":["GET"]}}],"collection":[{"href":"https:\/\/rocketplay-game.com\/fr\/wp-json\/wp\/v2\/pages"}],"about":[{"href":"https:\/\/rocketplay-game.com\/fr\/wp-json\/wp\/v2\/types\/page"}],"author":[{"embeddable":true,"href":"https:\/\/rocketplay-game.com\/fr\/wp-json\/wp\/v2\/users\/1"}],"replies":[{"embeddable":true,"href":"https:\/\/rocketplay-game.com\/fr\/wp-json\/wp\/v2\/comments?post=2306"}],"version-history":[{"count":3,"href":"https:\/\/rocketplay-game.com\/fr\/wp-json\/wp\/v2\/pages\/2306\/revisions"}],"predecessor-version":[{"id":5307,"href":"https:\/\/rocketplay-game.com\/fr\/wp-json\/wp\/v2\/pages\/2306\/revisions\/5307"}],"up":[{"embeddable":true,"href":"https:\/\/rocketplay-game.com\/fr\/wp-json\/wp\/v2\/pages\/2316"}],"wp:attachment":[{"href":"https:\/\/rocketplay-game.com\/fr\/wp-json\/wp\/v2\/media?parent=2306"}],"curies":[{"name":"wp","href":"https:\/\/api.w.org\/{rel}","templated":true}]}}