{"id":2338,"date":"2022-09-30T17:30:34","date_gmt":"2022-09-30T14:30:34","guid":{"rendered":"https:\/\/rocketplay-game.com\/bonus\/regular-bonuses\/"},"modified":"2025-11-25T20:45:43","modified_gmt":"2025-11-25T17:45:43","slug":"regular-bonuses","status":"publish","type":"page","link":"https:\/\/rocketplay-game.com\/fr\/bonus\/regular-bonuses\/","title":{"rendered":"Bonus r\u00e9guliers sur RocketPlay"},"content":{"rendered":"<p>Les casinos en ligne font un stratag\u00e8me marketing pour attirer les joueurs potentiels en mettant en avant les r\u00e9compenses.\u00a0Les participants au jeu bonus du casino Rocket Play aident \u00e0 comprendre la strat\u00e9gie du gameplay et \u00e0 obtenir des tours suppl\u00e9mentaires avant leur premier d\u00e9p\u00f4t de fonds.<\/p>\n<p>Ces r\u00e9compenses sont compl\u00e8tement diff\u00e9rentes sur chaque plateforme de jeu.\u00a0Apr\u00e8s avoir pass\u00e9 en revue les r\u00e8gles pour recevoir chaque r\u00e9compense, ainsi que les r\u00e8gles de pari, vous pourrez comprendre qu&rsquo;en r\u00e9alit\u00e9, vous pouvez b\u00e9n\u00e9ficier de ce cadeau.\u00a0Vous aurez peut-\u00eatre besoin de codes bonus Rocket Play pour l&rsquo;obtenir.<\/p>\n<p><img loading=\"lazy\" decoding=\"async\" class=\"aligncenter wp-image-4682\" src=\"https:\/\/rocketplay-game.com\/wp-content\/uploads\/2024\/02\/4362480_2302613-scaled-e1707309644661.jpg\" alt=\"Bonus r\u00e9guliers sur RocketPlay \" width=\"800\" height=\"448\" srcset=\"https:\/\/rocketplay-game.com\/wp-content\/uploads\/2024\/02\/4362480_2302613-scaled-e1707309644661.jpg 2560w, https:\/\/rocketplay-game.com\/wp-content\/uploads\/2024\/02\/4362480_2302613-scaled-e1707309644661-300x168.jpg 300w, https:\/\/rocketplay-game.com\/wp-content\/uploads\/2024\/02\/4362480_2302613-scaled-e1707309644661-1024x573.jpg 1024w, https:\/\/rocketplay-game.com\/wp-content\/uploads\/2024\/02\/4362480_2302613-scaled-e1707309644661-768x430.jpg 768w, https:\/\/rocketplay-game.com\/wp-content\/uploads\/2024\/02\/4362480_2302613-scaled-e1707309644661-1536x860.jpg 1536w, https:\/\/rocketplay-game.com\/wp-content\/uploads\/2024\/02\/4362480_2302613-scaled-e1707309644661-2048x1146.jpg 2048w\" sizes=\"auto, (max-width: 800px) 100vw, 800px\" \/><\/p>\n<h2>Types de bonus r\u00e9guliers au jeu Rocket<\/h2>\n<p>Bonus r\u00e9guliers\u00a0:<\/p>\n<ul>\n<li>Le vendredi, promotion sans tarifs.<\/li>\n<li>Vendredi red\u00e9marrage des offres de bonus.<\/li>\n<li>Faites une entr\u00e9e de trente CAD le vendredi, et les p\u00e9riodes suppl\u00e9mentaires sont \u00e0 vous.<\/li>\n<\/ul>\n<p>R\u00e8gles pour recevoir des incitations\u00a0:<\/p>\n<ul>\n<li>La r\u00e9compense peut \u00eatre utilis\u00e9e dans le jeu apr\u00e8s 2 versements.<\/li>\n<li>Les r\u00e9compenses sont \u00e9ligibles les vendredis de 00h00 \u00e0 23h59.<\/li>\n<li>Le montant du chiffre d&rsquo;affaires pr\u00e9f\u00e9rentiel : 20\/50\/100.<\/li>\n<li>La contribution la plus simple est de trente \u00e0 cent cinquante dollars.<\/li>\n<li>L&rsquo;entr\u00e9e promotionnelle maximale est de sept dollars et cinquante cents.<\/li>\n<li>Frais : 40X.<\/li>\n<\/ul>\n<p>\u00c0 la fin du jeu, lorsque le b\u00e9n\u00e9fice atteint trois mille dollars.\u00a0Le r\u00e9sultat promotionnel est valable 24 heures.\u00a0Pr\u00e9sentation en fin de semaine.<\/p>\n<p>50% de l&rsquo;apport de fonds dans le jeu.\u00a0Lorsque vous d\u00e9posez trente CAD \u00e0 la fin de la semaine, vous avez droit \u00e0 une promotion de 50 % ! Les codes promotionnels Rocket Play r\u00e9compensent une remise importante sur le d\u00e9p\u00f4t.\u00a0Entrez le code HIGHROLLER \u00e0 l&rsquo;endroit o\u00f9 vous recevez des dividendes et gagnez votre r\u00e9compense de 50 %.\u00a0R\u00e8gles pour recevoir des incitations\u00a0:<\/p>\n<ul>\n<li>Vous pouvez utiliser le syst\u00e8me de r\u00e9compense apr\u00e8s 2 d\u00e9p\u00f4ts de fonds.<\/li>\n<li>Le bonus du casino Rocket Play Canada est possible avec un code de r\u00e9duction.<\/li>\n<li>Le code de r\u00e9duction ne peut \u00eatre appliqu\u00e9 qu&rsquo;une fois tous les sept jours.<\/li>\n<li>Suppl\u00e9ment de 50% sur entr\u00e9e \u00e0 partir de trois cents dollars les Canadiens.<\/li>\n<li>Promotion ultime : deux mille cinq cents dollars les Canadiens.<\/li>\n<li>La mise promotionnelle maximale est de cinq euros, sept dollars et demi autrichiens et canadiens.<\/li>\n<li>Entr\u00e9e : 40X<\/li>\n<\/ul>\n<p>Le jeu continue jusqu&rsquo;\u00e0 un b\u00e9n\u00e9fice de 16 000 EUR ou 25 000 dollars les Canadiens et canadiens. La promotion fonctionne 24 heures sur 24.<\/p>\n<h2>Comment r\u00e9clamer ?<\/h2>\n<p>Le portail de tout casino en ligne comporte un onglet \u00abMes bonus\u00bb, o\u00f9 il est possible de se familiariser avec les moments promotionnels en cours ou en saisissant le code re\u00e7u de la plateforme de jeu.\u00a0Vous pouvez trouver ces informations via la liste de diffusion en ligne.\u00a0Ces syst\u00e8mes de r\u00e9compenses sont nombreux : 100% de bonus sur le droit d&rsquo;entr\u00e9e,\u00a0<a href=\"https:\/\/rocketplay-game.com\/fr\/free-spins\/\">tours gratuits<\/a>\u00a0Rocket Play sans investissement, etc. Leurs b\u00e9n\u00e9fices sont \u00e0 \u00e9tudier en d\u00e9tail.<\/p>\n<h2>FAQ<\/h2>\n<h3>Comment obtenir des bonus ?<\/h3>\n<p>Un joueur potentiel doit passer par une petite inscription sur sa plateforme de jeu pr\u00e9f\u00e9r\u00e9e.\u00a0Cela est n\u00e9cessaire pour obtenir des incitations et recevoir des dividendes.\u00a0Vous devez \u00e9galement passer par une v\u00e9rification d&rsquo;identit\u00e9 car sans cela, l&rsquo;acc\u00e8s au syst\u00e8me de r\u00e9compense et, surtout, au retrait des fonds gagn\u00e9s vous sera refus\u00e9.<\/p>\n<h3>Que sont les cadeaux sur la plateforme Internet ?<\/h3>\n<p>Pour vous-m\u00eame, d\u00e9signez que les \u00e9tablissements de jeu ont non seulement une fonction de divertissement mais aussi un moyen de faire du profit.\u00a0En trouvant votre strat\u00e9gie de jeu et en identifiant la bonne direction, vous pouvez gagner.\u00a0Les incitations de la plate-forme de jeu ne peuvent \u00eatre re\u00e7ues que par les abonn\u00e9s enregistr\u00e9s.\u00a0Incitations de la base de jeu\u00a0: sommes d&rsquo;argent promotionnelles, tours sans investissements, paris sans investissements dans des \u00e9tablissements de paris ou autres r\u00e9compenses qui vous seront ouvertes apr\u00e8s le d\u00e9p\u00f4t initial de fonds sur la sc\u00e8ne des jeux de hasard et ayant \u00e9t\u00e9 activ\u00e9s sur le portail du casino en ligne .<\/p>\n<h3>Dois-je utiliser des r\u00e9compenses\u00a0?<\/h3>\n<p>En r\u00e9alit\u00e9, l&rsquo;utilisation ou non de la r\u00e9compense du site de jeu ne d\u00e9pend que de votre d\u00e9sir.\u00a0Chaque promotion contient de nombreuses suggestions, et c&rsquo;est \u00e0 vous de d\u00e9cider et de les accepter ou non.<\/p>\n<p><strong>A lire \u00e9galement sur :<\/strong><\/p>\n<ul>\n<li style=\"list-style-type: none;\">\n<ul>\n<li><a href=\"https:\/\/rocketplay-game.com\/fr\/bonus\/loyalty-program\/\">Programme de fid\u00e9lit\u00e9<\/a><\/li>\n<\/ul>\n<\/li>\n<\/ul>\n","protected":false},"excerpt":{"rendered":"<p>Les casinos en ligne font un stratag\u00e8me marketing pour attirer les joueurs potentiels en mettant en avant les r\u00e9compenses.\u00a0Les participants au jeu bonus du casino Rocket Play aident \u00e0 comprendre la strat\u00e9gie du gameplay et \u00e0 obtenir des tours suppl\u00e9mentaires avant leur premier d\u00e9p\u00f4t de fonds. Ces r\u00e9compenses sont compl\u00e8tement diff\u00e9rentes sur chaque plateforme de&#8230;<\/p>\n","protected":false},"author":1,"featured_media":0,"parent":2316,"menu_order":0,"comment_status":"closed","ping_status":"closed","template":"page-with-bonus.php","meta":{"_acf_changed":false,"_kad_post_transparent":"default","_kad_post_title":"default","_kad_post_layout":"default","_kad_post_sidebar_id":"","_kad_post_content_style":"default","_kad_post_vertical_padding":"default","_kad_post_feature":"","_kad_post_feature_position":"","_kad_post_header":false,"_kad_post_footer":false,"footnotes":""},"class_list":["post-2338","page","type-page","status-publish","hentry"],"acf":[],"rttpg_featured_image_url":null,"rttpg_author":{"display_name":"Tom","author_link":"https:\/\/rocketplay-game.com\/fr\/author\/pemvas95n89x\/"},"rttpg_comment":0,"rttpg_category":null,"rttpg_excerpt":"Les casinos en ligne font un stratag\u00e8me marketing pour attirer les joueurs potentiels en mettant en avant les r\u00e9compenses.\u00a0Les participants au jeu bonus du casino Rocket Play aident \u00e0 comprendre la strat\u00e9gie du gameplay et \u00e0 obtenir des tours suppl\u00e9mentaires avant leur premier d\u00e9p\u00f4t de fonds. Ces r\u00e9compenses sont compl\u00e8tement diff\u00e9rentes sur chaque plateforme de...","_links":{"self":[{"href":"https:\/\/rocketplay-game.com\/fr\/wp-json\/wp\/v2\/pages\/2338","targetHints":{"allow":["GET"]}}],"collection":[{"href":"https:\/\/rocketplay-game.com\/fr\/wp-json\/wp\/v2\/pages"}],"about":[{"href":"https:\/\/rocketplay-game.com\/fr\/wp-json\/wp\/v2\/types\/page"}],"author":[{"embeddable":true,"href":"https:\/\/rocketplay-game.com\/fr\/wp-json\/wp\/v2\/users\/1"}],"replies":[{"embeddable":true,"href":"https:\/\/rocketplay-game.com\/fr\/wp-json\/wp\/v2\/comments?post=2338"}],"version-history":[{"count":3,"href":"https:\/\/rocketplay-game.com\/fr\/wp-json\/wp\/v2\/pages\/2338\/revisions"}],"predecessor-version":[{"id":5299,"href":"https:\/\/rocketplay-game.com\/fr\/wp-json\/wp\/v2\/pages\/2338\/revisions\/5299"}],"up":[{"embeddable":true,"href":"https:\/\/rocketplay-game.com\/fr\/wp-json\/wp\/v2\/pages\/2316"}],"wp:attachment":[{"href":"https:\/\/rocketplay-game.com\/fr\/wp-json\/wp\/v2\/media?parent=2338"}],"curies":[{"name":"wp","href":"https:\/\/api.w.org\/{rel}","templated":true}]}}