{"id":2540,"date":"2022-06-17T16:45:32","date_gmt":"2022-06-17T13:45:32","guid":{"rendered":"https:\/\/rocketplay-game.com\/download\/"},"modified":"2024-02-09T16:28:30","modified_gmt":"2024-02-09T13:28:30","slug":"download","status":"publish","type":"page","link":"https:\/\/rocketplay-game.com\/fr\/download\/","title":{"rendered":"T\u00e9l\u00e9charger le casino en ligne RocketPlay"},"content":{"rendered":"<p>De nos jours, beaucoup de gens aiment tenter leur chance et jouer aux machines \u00e0 sous, et il existe un grand nombre d&rsquo;institutions pour cela.\u00a0Par exemple, vous pouvez t\u00e9l\u00e9charger le casino en ligne RocketPlay.\u00a0Mais beaucoup se demandent si vous pouvez essayer de jouer gratuitement sans perdre votre propre argent ?\u00a0Y a-t-il une telle chance ?\u00a0Et nous r\u00e9pondons avec une grande confiance que non seulement cela existe, mais qu&rsquo;il est assez populaire !\u00a0Surtout les d\u00e9butants aiment jouer sans argent.\u00a0Gardez \u00e0 l&rsquo;esprit que dans ce cas, vous ne pouvez pas retirer vos gains, car vous n&rsquo;apportez pas les v\u00f4tres, mais il existe de nombreux autres avantages.\u00a0C&rsquo;est de cela que nous allons parler maintenant.\u00a0Mais commen\u00e7ons par quelques informations de base sur les jeux d&rsquo;argent en ligne.<\/p>\n<p><img loading=\"lazy\" decoding=\"async\" class=\"aligncenter wp-image-4723\" src=\"https:\/\/rocketplay-game.com\/wp-content\/uploads\/2024\/02\/tytryew2.png\" alt=\"Download RocketPlay\" width=\"800\" height=\"388\" srcset=\"https:\/\/rocketplay-game.com\/wp-content\/uploads\/2024\/02\/tytryew2.png 1386w, https:\/\/rocketplay-game.com\/wp-content\/uploads\/2024\/02\/tytryew2-300x145.png 300w, https:\/\/rocketplay-game.com\/wp-content\/uploads\/2024\/02\/tytryew2-1024x496.png 1024w, https:\/\/rocketplay-game.com\/wp-content\/uploads\/2024\/02\/tytryew2-768x372.png 768w\" sizes=\"auto, (max-width: 800px) 100vw, 800px\" \/><\/p>\n<h2>Qu&rsquo;est-ce qu&rsquo;un casino en ligne : informations utiles<\/h2>\n<p>Tout joueur doit savoir que presque tous les clubs d&rsquo;aujourd&rsquo;hui passent progressivement au format en ligne.\u00a0Les casinos virtuels proposent presque autant de machines que les casinos classiques.\u00a0Ainsi, ils pr\u00e9sentent un large \u00e9ventail de divertissements pour les joueurs, notamment des machines \u00e0 sous en ligne, des jeux de cartes,\u00a0<a href=\"https:\/\/rocketplay-game.com\/fr\/poker\/\">du poker<\/a>\u00a0et bien plus encore.\u00a0Et tous sont disponibles pour absolument tous les joueurs qui d\u00e9cident de visiter un site particulier et de s&rsquo;y amuser.<\/p>\n<p>Parmi les avantages de tout casino sur Internet, il y a la possibilit\u00e9 de t\u00e9l\u00e9charger des jeux de casino gratuits RocketPlay.\u00a0Cette option vous permet de profiter de votre passe-temps favori m\u00eame lorsque vous \u00eates loin de chez vous.\u00a0Et lorsque vous \u00eates en d\u00e9placement, vous pourrez acc\u00e9der au site et jouer aux machines \u00e0 sous.<\/p>\n<h2>Guide de t\u00e9l\u00e9chargement des casinos<\/h2>\n<p>Supposons que vous d\u00e9cidiez de t\u00e9l\u00e9charger l&rsquo;application RocketPlay Casino.\u00a0Dans ce cas, vous devez proc\u00e9der comme suit :<\/p>\n<ul>\n<li>T\u00e9l\u00e9chargez les fichiers du casino.\u00a0Nous vous recommandons de t\u00e9l\u00e9charger le casino exclusivement \u00e0 partir de son portail officiel.\u00a0De cette fa\u00e7on, vous pouvez \u00eatre s\u00fbr que vous ne serez pas la proie des tricheurs et que vous obtiendrez exactement les fichiers dont vous avez besoin &#8211; sans virus, chevaux de Troie et autres logiciels malveillants ;<\/li>\n<li>Lancement du client.\u00a0Une fois que vous avez t\u00e9l\u00e9charg\u00e9 les fichiers, il vous suffit de les ouvrir.\u00a0Ne vous pr\u00e9cipitez pas pour cliquer sur tous les boutons \u2013 vous serez bient\u00f4t invit\u00e9 \u00e0 lire les termes du contrat d&rsquo;utilisation, \u00e0 choisir une langue pour l&rsquo;interface, etc.<\/li>\n<li>Si vous n&rsquo;avez pas de profil sur le site \u00ab complet \u00bb du casino, cr\u00e9ez un nouveau compte.\u00a0Si vous avez d\u00e9j\u00e0 un profil, connectez-vous simplement \u00e0 votre compte Live en utilisant votre ancien nom d&rsquo;utilisateur et mot de passe.\u00a0S&rsquo;ils ne correspondent pas \u00e0 votre nom d&rsquo;utilisateur et \u00e0 votre mot de passe pour quelque raison que ce soit, demandez l&rsquo;assistance technique.<\/li>\n<\/ul>\n<p>Les casinos en ligne dans les applications mobiles offrent le choix de jouer en argent r\u00e9el ou gratuitement.\u00a0Nous vous recommandons de choisir d&rsquo;abord la version de d\u00e9monstration gratuite du casino RocketPlay, puis de t\u00e9l\u00e9charger les jeux de casino RocketPlay pour de l&rsquo;argent r\u00e9el.\u00a0Vous pouvez vous familiariser avec le menu, l&#8217;emplacement des boutons fonctionnels, apprendre toutes les fonctionnalit\u00e9s et capacit\u00e9s du gameplay.\u00a0Ce mouvement vous permet d&rsquo;\u00e9viter les erreurs.<\/p>\n<h2>Les casinos mobiles \u2013 ont-ils des avantages ?<\/h2>\n<p>Le t\u00e9l\u00e9chargement mobile du casino RocketPlay sur les smartphones et les tablettes Les clubs de jeux avec machines \u00e0 sous et jeux de cartes pr\u00e9sentent plusieurs avantages significatifs\u00a0:<\/p>\n<ul>\n<li>La gamme et la vari\u00e9t\u00e9 des jeux ne sont pas moindres que ce qui vous attend sur la version compl\u00e8te du casino\u00a0;<\/li>\n<li>L&rsquo;interface de l&rsquo;application est accessible et compr\u00e9hensible m\u00eame pour les nouveaux arrivants ;<\/li>\n<li><a href=\"https:\/\/rocketplay-game.com\/fr\/mobile-version\/\">Les applications mobiles<\/a>\u00a0disposent d&rsquo;une protection renforc\u00e9e contre les codes malveillants\u00a0;<\/li>\n<li>Toutes les donn\u00e9es du joueur (compte et solde) sont stock\u00e9es \u00e0 partir de la version r\u00e9guli\u00e8re du casino\u00a0;<\/li>\n<li>Les jeux ont tendance \u00e0 avoir des graphismes de meilleure qualit\u00e9 et sont moins susceptibles de se figer ;<\/li>\n<li>Le choix de param\u00e8tres est vaste;<\/li>\n<li>Aucune connexion Internet haut d\u00e9bit n&rsquo;est requise pour jouer.\u00a0M\u00eame avec un r\u00e9seau lent et un trafic minimal, vous pouvez passer un bon moment.<\/li>\n<\/ul>\n<p>Puis-je participer \u00e0 des tournois de casino en ligne tout en jouant depuis mon smartphone ?\u00a0La r\u00e9ponse est oui.\u00a0Toutes les promotions et offres sp\u00e9ciales du club vous seront propos\u00e9es.\u00a0Il n&rsquo;y a pas non plus de limites de paiement de prix<\/p>\n<h2>Comment t\u00e9l\u00e9charger le logiciel du casino<\/h2>\n<p>Pour avoir acc\u00e8s aux machines \u00e0 sous RocketPlay \u00e0 tout moment, vous devez trouver et t\u00e9l\u00e9charger RocketPlay Casino Canada appropri\u00e9 pour l&rsquo;appareil \u00e0 partir duquel vous allez acc\u00e9der aux salles virtuelles du club de jeux.<\/p>\n<h2>Options propos\u00e9es par l&rsquo;administration RocketPlay<\/h2>\n<p>La grande majorit\u00e9 des internautes ne connaissant pas tr\u00e8s bien les bases de la programmation, les applications populaires sont celles qui peuvent \u00eatre install\u00e9es sur des syst\u00e8mes d&rsquo;exploitation \u00ab\u00a0basiques\u00a0\u00bb :<\/p>\n<ul>\n<li>Windows de Microsoft\u00a0;<\/li>\n<li>Android de Google\u00a0;<\/li>\n<li>iOS par Apple.<\/li>\n<\/ul>\n<h2>Comment t\u00e9l\u00e9charger l&rsquo;application Android RocketPlay<\/h2>\n<p>Le t\u00e9l\u00e9chargement de la version compl\u00e8te des jeux de casino RocketPlay peut \u00eatre effectu\u00e9 en cliquant sur le bouton appropri\u00e9 sur la page de t\u00e9l\u00e9chargement de votre tablette ou smartphone Android.\u00a0Habituellement, ce processus ne prendra pas plus de deux \u00e0 trois minutes avec une connexion Internet normale.\u00a0Avant de t\u00e9l\u00e9charger, n&rsquo;oubliez pas de cocher la case \u00ab\u00a0Autoriser l&rsquo;installation \u00e0 partir de sources inconnues\u00a0\u00bb dans les param\u00e8tres de s\u00e9curit\u00e9 de votre gadget.<\/p>\n<p>Une fois l&rsquo;utilitaire RocketPlay t\u00e9l\u00e9charg\u00e9, lancez-le en autorisant l&rsquo;installation du programme.\u00a0Une fois l&rsquo;application install\u00e9e, un raccourci RocketPlay appara\u00eetra sur le bureau de votre smartphone ou de votre tablette.<\/p>\n<p>Vous devez ensuite vous connecter \u00e0 votre espace client s\u00e9curis\u00e9 ou terminer le processus d&rsquo;inscription et \u00e0 partir de l\u00e0, vous pourrez profiter de tous les avantages d&rsquo;\u00eatre un membre \u00e0 part enti\u00e8re du club RocketPlay.<\/p>\n<h2>Comment t\u00e9l\u00e9charger l&rsquo;application RocketPlay pour Windows<\/h2>\n<p>Si vous avez l&rsquo;habitude de vous amuser dans le confort de votre propre maison, le RocketPlay pour Windows est id\u00e9al.\u00a0D&rsquo;autant plus qu&rsquo;il est aussi simple \u00e0 installer sur un PC que sur un smartphone :<\/p>\n<ul>\n<li>t\u00e9l\u00e9chargez l&rsquo;application et enregistrez-la dans un dossier de votre choix sur votre ordinateur\u00a0;<\/li>\n<li><span class=\"\">Ex\u00e9cutez l&rsquo;installation de l&rsquo;utilitaire en s\u00e9lectionnant un dossier pour l&rsquo;installer\u00a0;<\/span><\/li>\n<li>Cliquez sur le bouton \u00ab\u00a0Fermer\u00a0\u00bb, jusqu&rsquo;\u00e0 ce que l&rsquo;installation soit termin\u00e9e.<\/li>\n<\/ul>\n<p>Et tous les\u00a0<a href=\"https:\/\/rocketplay-game.com\/fr\/bonus\/\">bonus<\/a>\u00a0, promotions et surprises de l&rsquo;administration RocketPlay sont \u00e0 votre disposition !<\/p>\n<p><img loading=\"lazy\" decoding=\"async\" class=\"alignnone wp-image-4712\" src=\"https:\/\/rocketplay-game.com\/wp-content\/uploads\/2024\/02\/31244399_smartphone231-scaled.jpg\" alt=\"Download RocketPlay 2\" width=\"800\" height=\"400\" srcset=\"https:\/\/rocketplay-game.com\/wp-content\/uploads\/2024\/02\/31244399_smartphone231-scaled.jpg 2560w, https:\/\/rocketplay-game.com\/wp-content\/uploads\/2024\/02\/31244399_smartphone231-300x150.jpg 300w, https:\/\/rocketplay-game.com\/wp-content\/uploads\/2024\/02\/31244399_smartphone231-1024x512.jpg 1024w, https:\/\/rocketplay-game.com\/wp-content\/uploads\/2024\/02\/31244399_smartphone231-768x384.jpg 768w, https:\/\/rocketplay-game.com\/wp-content\/uploads\/2024\/02\/31244399_smartphone231-1536x768.jpg 1536w, https:\/\/rocketplay-game.com\/wp-content\/uploads\/2024\/02\/31244399_smartphone231-2048x1024.jpg 2048w\" sizes=\"auto, (max-width: 800px) 100vw, 800px\" \/><\/p>\n<h2>Caract\u00e9ristiques du lobby du casino t\u00e9l\u00e9chargeable<\/h2>\n<p>Chaque fabricant de logiciels de jeu sur Internet impl\u00e9mente ses propres caract\u00e9ristiques dans le logiciel t\u00e9l\u00e9chargeable.\u00a0En r\u00e8gle g\u00e9n\u00e9rale, les sections suivantes sont toujours disponibles\u00a0:<\/p>\n<ul>\n<li>Caisse enregistreuse, o\u00f9 les transactions financi\u00e8res sont effectu\u00e9es\u00a0;<\/li>\n<li>Armoire avec donn\u00e9es client\u00a0;<\/li>\n<li>Lobby avec des jeux divis\u00e9s en sections th\u00e9matiques\u00a0;<\/li>\n<li>Fen\u00eatre des tournois\u00a0;<\/li>\n<li>Page de bonus et promotions\u00a0;<\/li>\n<li>M\u00e9thodes de contact avec les repr\u00e9sentants du service client\u00a0;<\/li>\n<li>Une bo\u00eete aux lettres o\u00f9 arrivent les e-mails, etc.<\/li>\n<\/ul>\n<p>Tous les fabricants essaient de rendre le logiciel client du casino intuitif pour tout d\u00e9butant et aussi pratique que possible pour tous les utilisateurs.\u00a0Divers param\u00e8tres et fonctionnalit\u00e9s suppl\u00e9mentaires sont g\u00e9n\u00e9ralement disponibles et doivent \u00eatre familiaris\u00e9s au cas par cas.<\/p>\n<h2>Les jeux avec croupier en direct sont-ils t\u00e9l\u00e9chargeables\u00a0?<\/h2>\n<p>La plupart des grands portails vous permettent de jouer \u00e0 des jeux de hasard avec de vrais croupiers.\u00a0Si un \u00e9tablissement propose un programme t\u00e9l\u00e9chargeable, vous pouvez \u00eatre s\u00fbr que le casino en direct sera pr\u00e9sent\u00e9 dans ce format.<\/p>\n<p>Mais de nombreux sites de jeu bas\u00e9s sur un navigateur vous permettent de jouer avec de vrais croupiers sans installer de logiciel suppl\u00e9mentaire.<\/p>\n<h2>Casinos en ligne Fran\u00e7ais<\/h2>\n<p>Il faut dire que les les Canadiens ont de la chance avec les jeux d&rsquo;argent en ligne. Ils sont \u00e0 peu pr\u00e8s s\u00e9duits par presque tous les casinos en ligne, quel que soit le logiciel qu&rsquo;ils utilisent, la licence sous laquelle ils op\u00e8rent ou l&#8217;emplacement de leurs serveurs.\u00a0Il existe donc un large \u00e9ventail d&rsquo;options pour les joueurs Fran\u00e7ais.<\/p>\n<p>De plus, un grand nombre de casinos en ligne r\u00e9put\u00e9s comme RocketPlay permettent aux clients du \u00ab continent vert \u00bb d&rsquo;effectuer des d\u00e9p\u00f4ts et des paris en dollars Fran\u00e7ais pratiques, et certains leur offrent m\u00eame des num\u00e9ros d&rsquo;assistance client\u00e8le gratuits.<\/p>\n<p>En fait, la liste des casinos en ligne pour les joueurs Fran\u00e7ais et n\u00e9o-z\u00e9landais est longue. Et si un r\u00e9sident du \u00ab continent vert \u00bb accepte de jouer dans d&rsquo;autres devises et d&rsquo;utiliser un t\u00e9l\u00e9phone d&rsquo;assistance international, la grande majorit\u00e9 de ces \u00e9tablissements lui conviennent.<\/p>\n<p>Top 5 des meilleurs casinos en ligne en Canada :<\/p>\n<ul>\n<li>RocketPlay\u00a0;<\/li>\n<li>Casino Joie\u00a0;<\/li>\n<li>Jouez \u00e0 Frank\u00a0;<\/li>\n<li>Casino Grand Reef\u00a0;<\/li>\n<li>Jackpot City Casino.<\/li>\n<\/ul>\n<h2>FAQ sur les t\u00e9l\u00e9chargements de casino<\/h2>\n<ul>\n<li>Les casinos t\u00e9l\u00e9chargeables pr\u00e9sentent-ils de nombreux avantages par rapport aux casinos sur navigateur\u00a0?<\/li>\n<\/ul>\n<p>Ils ont leurs m\u00e9rites, mais les casinos en ligne bas\u00e9s sur un navigateur pr\u00e9sentent \u00e9galement de nombreux avantages.\u00a0C&rsquo;est simplement une question de pr\u00e9f\u00e9rence personnelle du joueur.<\/p>\n<ul>\n<li>Les casinos mobiles doivent-ils \u00eatre t\u00e9l\u00e9charg\u00e9s ?<\/li>\n<\/ul>\n<p>De plus en plus de casinos en ligne mobiles fonctionnent d\u00e9sormais dans un navigateur.<\/p>\n<ul>\n<li>Est-ce que tous les casinos n\u00e9cessitent l&rsquo;installation d&rsquo;un logiciel pour jouer ?<\/li>\n<\/ul>\n<p>Non, la plupart des meilleurs casinos en ligne fonctionnent dans le navigateur, il n&rsquo;est donc pas n\u00e9cessaire d&rsquo;installer de logiciel.<\/p>\n","protected":false},"excerpt":{"rendered":"<p>De nos jours, beaucoup de gens aiment tenter leur chance et jouer aux machines \u00e0 sous, et il existe un grand nombre d&rsquo;institutions pour cela.\u00a0Par exemple, vous pouvez t\u00e9l\u00e9charger le casino en ligne RocketPlay.\u00a0Mais beaucoup se demandent si vous pouvez essayer de jouer gratuitement sans perdre votre propre argent ?\u00a0Y a-t-il une telle chance ?\u00a0Et&#8230;<\/p>\n","protected":false},"author":1,"featured_media":0,"parent":0,"menu_order":0,"comment_status":"closed","ping_status":"closed","template":"page-with-bonus.php","meta":{"_acf_changed":false,"_kad_post_transparent":"default","_kad_post_title":"default","_kad_post_layout":"default","_kad_post_sidebar_id":"","_kad_post_content_style":"default","_kad_post_vertical_padding":"default","_kad_post_feature":"","_kad_post_feature_position":"","_kad_post_header":false,"_kad_post_footer":false,"footnotes":""},"class_list":["post-2540","page","type-page","status-publish","hentry"],"acf":[],"rttpg_featured_image_url":null,"rttpg_author":{"display_name":"Tom","author_link":"https:\/\/rocketplay-game.com\/fr\/author\/pemvas95n89x\/"},"rttpg_comment":0,"rttpg_category":null,"rttpg_excerpt":"De nos jours, beaucoup de gens aiment tenter leur chance et jouer aux machines \u00e0 sous, et il existe un grand nombre d&rsquo;institutions pour cela.\u00a0Par exemple, vous pouvez t\u00e9l\u00e9charger le casino en ligne RocketPlay.\u00a0Mais beaucoup se demandent si vous pouvez essayer de jouer gratuitement sans perdre votre propre argent ?\u00a0Y a-t-il une telle chance ?\u00a0Et...","_links":{"self":[{"href":"https:\/\/rocketplay-game.com\/fr\/wp-json\/wp\/v2\/pages\/2540","targetHints":{"allow":["GET"]}}],"collection":[{"href":"https:\/\/rocketplay-game.com\/fr\/wp-json\/wp\/v2\/pages"}],"about":[{"href":"https:\/\/rocketplay-game.com\/fr\/wp-json\/wp\/v2\/types\/page"}],"author":[{"embeddable":true,"href":"https:\/\/rocketplay-game.com\/fr\/wp-json\/wp\/v2\/users\/1"}],"replies":[{"embeddable":true,"href":"https:\/\/rocketplay-game.com\/fr\/wp-json\/wp\/v2\/comments?post=2540"}],"version-history":[{"count":3,"href":"https:\/\/rocketplay-game.com\/fr\/wp-json\/wp\/v2\/pages\/2540\/revisions"}],"predecessor-version":[{"id":5287,"href":"https:\/\/rocketplay-game.com\/fr\/wp-json\/wp\/v2\/pages\/2540\/revisions\/5287"}],"wp:attachment":[{"href":"https:\/\/rocketplay-game.com\/fr\/wp-json\/wp\/v2\/media?parent=2540"}],"curies":[{"name":"wp","href":"https:\/\/api.w.org\/{rel}","templated":true}]}}