{"id":2544,"date":"2022-06-13T18:04:06","date_gmt":"2022-06-13T15:04:06","guid":{"rendered":"https:\/\/rocketplay-game.com\/bingo\/"},"modified":"2022-10-29T21:08:24","modified_gmt":"2022-10-29T18:08:24","slug":"bingo","status":"publish","type":"page","link":"https:\/\/rocketplay-game.com\/fr\/bingo\/","title":{"rendered":"Comment jouer au bingo sur RocketPlay Casino"},"content":{"rendered":"<p>Si vous n&rsquo;avez jamais jou\u00e9 au\u00a0bingo en ligne gratuit\u00a0<a href=\"https:\/\/rocketplay-game.com\/fr\">RocketPlay<\/a>\u00a0auparavant, vous pouvez toujours comprendre facilement les r\u00e8gles du jeu, car le bingo est un simple jeu de jackpot avec de nombreuses personnes en comp\u00e9tition dans chaque cheval pour un (ou plusieurs) prix gagnant.\u00a0Cependant, il existe plusieurs formats diff\u00e9rents dans lesquels ce jeu peut \u00eatre jou\u00e9, et chacun utilise des r\u00e8gles l\u00e9g\u00e8rement diff\u00e9rentes.<\/p>\n<p>Dans ce jeu, les joueurs ach\u00e8tent des cartes avec une grille de cinq par cinq.\u00a0Quinze num\u00e9ros se rapportent \u00e0 chacune des cinq colonnes, et g\u00e9n\u00e9ralement chaque colonne est associ\u00e9e \u00e0 l&rsquo;une des lettres BINGO.\u00a0Par exemple, B contient les nombres 1-15, I contient les nombres 16-30, etc. Les cartes contiennent des nombres attribu\u00e9s au hasard dans chaque colonne de la plage appropri\u00e9e.\u00a0Dans de nombreuses vari\u00e9t\u00e9s d&rsquo; examens de\u00a0bingo en ligne RocketPlay\u00a0, le champ central est fourni aux joueurs au d\u00e9but du jeu sous la forme d&rsquo;un \u00ab\u00a0carr\u00e9 libre\u00a0\u00bb, qui sert principalement \u00e0 acc\u00e9l\u00e9rer le jeu d&rsquo;une mani\u00e8re ou d&rsquo;une autre.<\/p>\n<p><img loading=\"lazy\" decoding=\"async\" class=\"aligncenter wp-image-220 lazy-loaded\" src=\"https:\/\/rocketplay-game.com\/wp-content\/uploads\/2022\/06\/rocketplaycasino-300x113.webp\" sizes=\"auto, (max-width: 800px) 100vw, 800px\" srcset=\"https:\/\/rocketplay-game.com\/wp-content\/uploads\/2022\/06\/rocketplaycasino-300x113.webp 300w, https:\/\/rocketplay-game.com\/wp-content\/uploads\/2022\/06\/rocketplaycasino-1024x384.webp 1024w, https:\/\/rocketplay-game.com\/wp-content\/uploads\/2022\/06\/rocketplaycasino-768x288.webp 768w, https:\/\/rocketplay-game.com\/wp-content\/uploads\/2022\/06\/rocketplaycasino.webp 1140w\" alt=\"\" width=\"800\" height=\"300\" data-lazy-type=\"image\" data-src=\"https:\/\/rocketplay-game.com\/wp-content\/uploads\/2022\/06\/rocketplaycasino-300x113.webp\" data-srcset=\"\" \/><\/p>\n<p>L&rsquo;h\u00f4te annonce les num\u00e9ros, un par un, et les joueurs marquent les champs correspondants sur leurs cartes lorsque ces num\u00e9ros correspondent.\u00a0Le but du jeu est d&rsquo;\u00eatre le premier joueur \u00e0 remplir les chiffres requis pour un jeu particulier.\u00a0Le plus souvent, les joueurs doivent remplir une rang\u00e9e horizontale, verticale ou diagonale de cinq champs d&rsquo;affil\u00e9e.\u00a0Diverses autres pi\u00e8ces sont \u00e9galement possibles : losanges, quatre coins, cadres, lettres, couverture compl\u00e8te des champs (ce que l&rsquo;on appelle le \u00ab blackout \u00bb).\u00a0En g\u00e9n\u00e9ral, n&rsquo;importe quelle pi\u00e8ce peut \u00eatre utilis\u00e9e, tant que les joueurs comprennent ce qui est n\u00e9cessaire pour remporter une victoire.\u00a0Traditionnellement, apr\u00e8s qu&rsquo;un joueur ait ferm\u00e9 sa pi\u00e8ce, il doit crier \u00ab\u00a0BINGO\u00a0!\u00a0\u00bb, apr\u00e8s quoi l&rsquo;h\u00f4te v\u00e9rifiera le billet du joueur et le joueur recevra un prix pour ce jeu ou cette pi\u00e8ce.<\/p>\n<p>Dans une grande partie du monde, en particulier en Canada, une variante du jeu appel\u00e9e 90-Ball Bingo est principalement courante. Dans ce cas, les joueurs re\u00e7oivent des cartes \u00e0 trois lignes et neuf colonnes.\u00a0Cependant, il n&rsquo;y aura que cinq num\u00e9ros par colonne (les champs restants seront vides), ce qui signifie que la carte de chaque joueur contiendra 15 num\u00e9ros.\u00a0<span class=\"\">Les nombres de chaque colonne sont associ\u00e9s \u00e0 diff\u00e9rents groupes d&rsquo;une dizaine de nombres : la premi\u00e8re colonne peut contenir uniquement les nombres 1-9, la deuxi\u00e8me colonne peut contenir les nombres 10-19, et la neuvi\u00e8me colonne contiendra les nombres 80-90.<\/span><\/p>\n<p>Dans le jeu\u00a0bonus r\u00e9gulier de bingo en ligne RocketPlay\u00a0, trois prix diff\u00e9rents sont attribu\u00e9s.\u00a0Le premier prix, le plus petit, est attribu\u00e9 au gagnant pour \u00ab\u00a0une ligne\u00a0\u00bb, qui est le premier joueur \u00e0 deviner les cinq num\u00e9ros sur une ligne horizontale sur sa carte.\u00a0Le deuxi\u00e8me prix provisoire est attribu\u00e9 au joueur qui remplit deux lignes (dix champs au total &#8211; les soi-disant spots).\u00a0Enfin, le grand prix revient au premier joueur (ou aux premiers joueurs) \u00e0 obtenir un \u00ab\u00a0full house\u00a0\u00bb en cochant correctement les 15 num\u00e9ros sur sa carte.<\/p>\n<p>D&rsquo;autres versions du jeu sont \u00e9galement courantes, m\u00eame si elles sont moins populaires que les deux options principales.\u00a0Les cartes en ligne des jeux de bingo 80-Ball\u00a0RocketPlay\u00a0utilisent un chiffre quatre par quatre, mais ce jeu est plut\u00f4t un jeu \u00e0 75 balles, l&rsquo;objectif pour les joueurs cherchant \u00e0 gagner un prix \u00e9tant souvent de couvrir toutes les lignes ou pi\u00e8ces.\u00a0Une version de ce jeu, 30-Ball, est une version \u00ab\u00a0rapide\u00a0\u00bb du jeu\u00a0: les joueurs re\u00e7oivent g\u00e9n\u00e9ralement une carte trois contre trois, et la premi\u00e8re personne \u00e0 remplir toute la carte remporte le prix du c\u00f4ne.<\/p>\n<h2>Remplir votre carte virtuelle<\/h2>\n<p>RocketPlay play bingo en ligne\u00a0a \u00e9t\u00e9 lanc\u00e9 \u00e0 la fin des ann\u00e9es 90, les premi\u00e8res versions du jeu \u00e9tant apparues en ligne vers 1996. Beaucoup de ces jeux \u00e9taient gratuits, certains offraient des prix (g\u00e9n\u00e9ralement pas en esp\u00e8ces) aux gagnants.\u00a0Le bingo en argent r\u00e9el n&rsquo;a vraiment commenc\u00e9 \u00e0 se r\u00e9pandre en ligne qu&rsquo;apr\u00e8s que de nombreuses autres formes de jeu en ligne, telles que le poker en ligne, aient connu le succ\u00e8s au cours de la premi\u00e8re d\u00e9cennie du 21e si\u00e8cle.<\/p>\n<p>Aujourd&rsquo;hui, les joueurs peuvent choisir parmi des dizaines de sites r\u00e9put\u00e9s, fiables et populaires, tels que\u00a0le bingo en ligne RocketPlay France\u00a0.<\/p>\n<p>Les formats les plus populaires sont avec 75 et 90 balles.\u00a0La distribution des types de jeux individuels d\u00e9pend des r\u00e9gions auxquelles un site particulier est destin\u00e9 : ainsi, si le public principal du site est am\u00e9ricain ou canadien, le format BINGO sera probablement dominant.<\/p>\n<p>La plupart des syst\u00e8mes logiciels contiennent des fonctionnalit\u00e9s communes que les joueurs peuvent utiliser pour mieux organiser leur jeu.\u00a0Et bien que chaque joueur ait g\u00e9n\u00e9ralement la possibilit\u00e9 de marquer manuellement les cartes (ce qui rend le jeu plus proche du mode live), il existe \u00e9galement une fonction \u00ab\u00a0autolabel\u00a0\u00bb qui fait ce travail automatiquement &#8211; une fonctionnalit\u00e9 qui est particuli\u00e8rement utile lorsque vous jouez avec beaucoup de cartes.<\/p>\n<p>En parlant de ceux qui jouent avec trop de cartes et ne peuvent pas toutes les suivre, il existe des sites qui proposent des moyens de marquer vos actions cl\u00e9s lorsque vous gagnez un con.\u00a0Habituellement, un certain m\u00e9canisme de tri est propos\u00e9 qui d\u00e9place vos cartes les plus r\u00e9ussies vers le haut, vous permettant de voir imm\u00e9diatement \u00e0 quel point vous \u00eates proche de former une pi\u00e8ce gagnante.<\/p>\n<p><img loading=\"lazy\" decoding=\"async\" class=\"aligncenter wp-image-219 lazy-loaded\" src=\"https:\/\/rocketplay-game.com\/wp-content\/uploads\/2022\/06\/2832_rocketplay-game-selection-300x176.webp\" sizes=\"auto, (max-width: 800px) 100vw, 800px\" srcset=\"https:\/\/rocketplay-game.com\/wp-content\/uploads\/2022\/06\/2832_rocketplay-game-selection-300x176.webp 300w, https:\/\/rocketplay-game.com\/wp-content\/uploads\/2022\/06\/2832_rocketplay-game-selection.webp 680w\" alt=\"\" width=\"800\" height=\"471\" data-lazy-type=\"image\" data-src=\"https:\/\/rocketplay-game.com\/wp-content\/uploads\/2022\/06\/2832_rocketplay-game-selection-300x176.webp\" data-srcset=\"\" \/><\/p>\n<h2>Comment commencer?<\/h2>\n<p>Si vous avez d\u00e9cid\u00e9 de vous essayer au\u00a0bingo en ligne RocketPlay\u00a0, vous avez pris la bonne d\u00e9cision.\u00a0Le site propose le jeu de\u00a0bingo en ligne RocketPlay en argent r\u00e9el\u00a0sur votre territoire.<\/p>\n<p>Apr\u00e8s avoir ouvert un compte, vous devrez trouver un moyen d&rsquo;y effectuer un d\u00e9p\u00f4t.\u00a0Pour\u00a0le jeu de bingo en ligne RocketPlay sans d\u00e9p\u00f4t\u00a0, il existe diverses options bancaires utilis\u00e9es pour les jeux d&rsquo;argent sur Internet, et elles sont plus ou moins les m\u00eames que celles propos\u00e9es dans\u00a0<a href=\"https:\/\/rocketplay-game.com\/fr\/casino\/\">les casinos en ligne<\/a>\u00a0.\u00a0Si vous ne les connaissez pas, voici les explications des m\u00e9thodes les plus couramment utilis\u00e9es par les joueurs :<\/p>\n<ul>\n<li aria-level=\"1\">Cartes de cr\u00e9dit\u00a0: puis-je utiliser des cartes de cr\u00e9dit \u00e0 cette fin\u00a0?\u00a0Visa et MasterCard sont largement accept\u00e9s dans le monde des jeux d&rsquo;argent en ligne, bien qu&rsquo;il appartienne aux banques \u00e9mettrices de d\u00e9cider si elles souhaitent que leurs cartes soient utilis\u00e9es sur ces sites.\u00a0Cela signifie que vous constaterez peut-\u00eatre que certaines cartes ne sont pas trait\u00e9es sur certains des sites sur lesquels vous voudrez jouer.<\/li>\n<li aria-level=\"1\">Portefeuilles \u00e9lectroniques : ces services vous permettent de conserver de l&rsquo;argent dans un \u00ab portefeuille \u00bb virtuel que vous pouvez utiliser pour effectuer des d\u00e9p\u00f4ts, traiter des retraits ou renvoyer de l&rsquo;argent sur votre compte bancaire.\u00a0En r\u00e8gle g\u00e9n\u00e9rale, un portefeuille \u00e9lectronique se connecte \u00e0 votre compte bancaire, carte de cr\u00e9dit ou autre source de financement, puis vous pouvez utiliser le portefeuille \u00e9lectronique pour coordonner toutes vos transactions bancaires.\u00a0Skrill et Neteller sont des portefeuilles \u00e9lectroniques populaires dans le monde du jeu, et PayPal (peut-\u00eatre le portefeuille \u00e9lectronique le plus c\u00e9l\u00e8bre \u00e0 des fins g\u00e9n\u00e9rales) est \u00e9galement accept\u00e9 sur certains sites.<\/li>\n<li aria-level=\"1\">Virements bancaires : Si vous ne souhaitez pas traiter avec des interm\u00e9diaires, vous pouvez toujours simplement transf\u00e9rer des fonds directement de votre banque vers le bon site.<\/li>\n<li aria-level=\"1\">Ch\u00e8ques\/cartes pr\u00e9pay\u00e9s : vous voudrez peut-\u00eatre utiliser de l&rsquo;argent pour financer votre jeu, mais vous ne pouvez pas simplement prendre quelques dollars et les envoyer sur votre site pr\u00e9f\u00e9r\u00e9.\u00a0Au lieu de cela, vous pouvez acheter un produit pr\u00e9pay\u00e9, que vous recevrez avec un code \u00e0 utiliser sur le site de votre choix pour approvisionner votre compte.\u00a0Un bon exemple est Ukash.\u00a0C&rsquo;est un bon qui est vendu dans un millier de points de vente.\u00a0PaySafeCard est une autre option populaire pour effectuer des d\u00e9p\u00f4ts pr\u00e9pay\u00e9s.<\/li>\n<\/ul>\n<p>Ce ne sont l\u00e0 que quelques-unes des nombreuses fa\u00e7ons d&rsquo;approvisionner votre compte.\u00a0La r\u00e9ception de vos paiements se fait g\u00e9n\u00e9ralement de la m\u00eame mani\u00e8re &#8211; de plus, la plupart des op\u00e9rateurs se feront un plaisir de vous envoyer un ch\u00e8que si c&rsquo;est la meilleure fa\u00e7on pour vous de recevoir vos gains.\u00a0Si vous avez d\u00e9j\u00e0 un compte et disposez du solde pour le recharger, vous pourrez acheter des cartes et jouer votre premi\u00e8re partie en quelques minutes seulement !<\/p>\n<p>En ce qui concerne les logiciels, RocketPlay est pris en charge par des plateformes de paiement instantan\u00e9 accessibles directement depuis votre navigateur Web.\u00a0Ces jours-ci, comme pour les autres types de jeu sur Internet, il y a eu une augmentation significative de l&rsquo;int\u00e9r\u00eat pour le Bingo mobile.\u00a0RocketPlay Casino propose une application accessible directement depuis votre\u00a0<a href=\"https:\/\/rocketplay-game.com\/fr\/mobile-version\">smartphone<\/a>\u00a0ou votre tablette, vous permettant de vous lancer et de jouer quelques mises tout en \u00e9tant connect\u00e9 \u00e0 Internet.<\/p>\n","protected":false},"excerpt":{"rendered":"<p>Si vous n&rsquo;avez jamais jou\u00e9 au\u00a0bingo en ligne gratuit\u00a0RocketPlay\u00a0auparavant, vous pouvez toujours comprendre facilement les r\u00e8gles du jeu, car le bingo est un simple jeu de jackpot avec de nombreuses personnes en comp\u00e9tition dans chaque cheval pour un (ou plusieurs) prix gagnant.\u00a0Cependant, il existe plusieurs formats diff\u00e9rents dans lesquels ce jeu peut \u00eatre jou\u00e9, et&#8230;<\/p>\n","protected":false},"author":1,"featured_media":0,"parent":0,"menu_order":0,"comment_status":"closed","ping_status":"closed","template":"page-with-bonus.php","meta":{"_acf_changed":false,"_kad_post_transparent":"default","_kad_post_title":"default","_kad_post_layout":"default","_kad_post_sidebar_id":"","_kad_post_content_style":"default","_kad_post_vertical_padding":"default","_kad_post_feature":"","_kad_post_feature_position":"","_kad_post_header":false,"_kad_post_footer":false,"footnotes":""},"class_list":["post-2544","page","type-page","status-publish","hentry"],"acf":[],"rttpg_featured_image_url":null,"rttpg_author":{"display_name":"Tom","author_link":"https:\/\/rocketplay-game.com\/fr\/author\/pemvas95n89x\/"},"rttpg_comment":0,"rttpg_category":null,"rttpg_excerpt":"Si vous n&rsquo;avez jamais jou\u00e9 au\u00a0bingo en ligne gratuit\u00a0RocketPlay\u00a0auparavant, vous pouvez toujours comprendre facilement les r\u00e8gles du jeu, car le bingo est un simple jeu de jackpot avec de nombreuses personnes en comp\u00e9tition dans chaque cheval pour un (ou plusieurs) prix gagnant.\u00a0Cependant, il existe plusieurs formats diff\u00e9rents dans lesquels ce jeu peut \u00eatre jou\u00e9, et...","_links":{"self":[{"href":"https:\/\/rocketplay-game.com\/fr\/wp-json\/wp\/v2\/pages\/2544","targetHints":{"allow":["GET"]}}],"collection":[{"href":"https:\/\/rocketplay-game.com\/fr\/wp-json\/wp\/v2\/pages"}],"about":[{"href":"https:\/\/rocketplay-game.com\/fr\/wp-json\/wp\/v2\/types\/page"}],"author":[{"embeddable":true,"href":"https:\/\/rocketplay-game.com\/fr\/wp-json\/wp\/v2\/users\/1"}],"replies":[{"embeddable":true,"href":"https:\/\/rocketplay-game.com\/fr\/wp-json\/wp\/v2\/comments?post=2544"}],"version-history":[{"count":3,"href":"https:\/\/rocketplay-game.com\/fr\/wp-json\/wp\/v2\/pages\/2544\/revisions"}],"predecessor-version":[{"id":2547,"href":"https:\/\/rocketplay-game.com\/fr\/wp-json\/wp\/v2\/pages\/2544\/revisions\/2547"}],"wp:attachment":[{"href":"https:\/\/rocketplay-game.com\/fr\/wp-json\/wp\/v2\/media?parent=2544"}],"curies":[{"name":"wp","href":"https:\/\/api.w.org\/{rel}","templated":true}]}}