{"id":2549,"date":"2022-06-17T16:03:00","date_gmt":"2022-06-17T13:03:00","guid":{"rendered":"https:\/\/rocketplay-game.com\/free-casino\/"},"modified":"2022-10-29T21:19:15","modified_gmt":"2022-10-29T18:19:15","slug":"free-casino","status":"publish","type":"page","link":"https:\/\/rocketplay-game.com\/fr\/free-casino\/","title":{"rendered":"Jouez gratuitement sur Casino RocketPlay"},"content":{"rendered":"<div>\n<p>Pour gagner gros, vous devez d\u00e9penser gros &#8211; c&rsquo;est vrai dans n&rsquo;importe quel casino.\u00a0Mais que faire si vous avez un budget serr\u00e9 et que vous voulez essayer le jeu maintenant\u00a0?\u00a0Une option consiste \u00e0 faire des mises minimales et \u00e0 jouer petit \u00e0 petit.\u00a0L&rsquo;autre est de jouer au casino en ligne totalement gratuit RocketPlay, sans risquer votre propre argent, mais sans gagner d&rsquo;argent r\u00e9el.<\/p>\n<p>Le site de casino en ligne RocketPlay attire les joueurs avec sa vaste gamme de jeux de machines \u00e0 sous.\u00a0Le catalogue peut \u00eatre trouv\u00e9 comme les plus anciennes machines \u00e0 sous qui ont plus de 20 ans, mais, n\u00e9anmoins, des bandits manchots toujours populaires, et de nouveaux \u00e9l\u00e9ments qui sont r\u00e9guli\u00e8rement livr\u00e9s au site des d\u00e9veloppeurs mondiaux de logiciels de jeux, tels que Novomatic, Igrosoft , et d&rsquo;autres.<\/p>\n<h2>Le casino de jeux gratuit le plus populaire RocketPlay<\/h2>\n<p>Les machines \u00e0 sous en ligne gagnent en popularit\u00e9 ces derni\u00e8res ann\u00e9es.\u00a0Et ce n&rsquo;est pas surprenant.\u00a0<a href=\"https:\/\/rocketplay-game.com\/fr\/registration\/\">Commodit\u00e9, anonymat, inscription<\/a>\u00a0facile\u00a0et une grande vari\u00e9t\u00e9 de bonus avantageux pour distinguer le casino virtuel du traditionnel.\u00a0Le site du casino RocketPlay est l&rsquo;un des plus brillants repr\u00e9sentants du club de jeu virtuel.\u00a0Ici, chaque joueur peut trouver une machine \u00e0 sous \u00e0 son go\u00fbt<\/p>\n<p>Dans la base de jeux gratuits RocketPlay, vous trouverez une vari\u00e9t\u00e9 de jeux de casino qui n&rsquo;ont pas besoin de d\u00e9penser votre propre argent.\u00a0Trouvez simplement un jeu appropri\u00e9, ouvrez-le et commencez \u00e0 jouer.\u00a0Vous pouvez jouer au casino RocketPlay gratuitement sans t\u00e9l\u00e9chargement et sans inscription.<\/p>\n<p><img loading=\"lazy\" decoding=\"async\" class=\"aligncenter wp-image-264 size-full lazy-loaded\" src=\"https:\/\/rocketplay-game.com\/wp-content\/uploads\/2022\/06\/og-image.png\" sizes=\"auto, (max-width: 1920px) 100vw, 1920px\" srcset=\"https:\/\/rocketplay-game.com\/wp-content\/uploads\/2022\/06\/og-image.png 1920w, https:\/\/rocketplay-game.com\/wp-content\/uploads\/2022\/06\/og-image-300x110.png 300w, https:\/\/rocketplay-game.com\/wp-content\/uploads\/2022\/06\/og-image-1024x374.png 1024w, https:\/\/rocketplay-game.com\/wp-content\/uploads\/2022\/06\/og-image-768x281.png 768w, https:\/\/rocketplay-game.com\/wp-content\/uploads\/2022\/06\/og-image-1536x562.png 1536w\" alt=\"Casino RocketPlay\" width=\"1920\" height=\"702\" data-lazy-type=\"image\" data-src=\"https:\/\/rocketplay-game.com\/wp-content\/uploads\/2022\/06\/og-image.png\" data-srcset=\"\" \/><\/p>\n<h2>Les jeux de casino les plus populaires sont les machines \u00e0 sous<\/h2>\n<p>Ils viennent dans toutes sortes de variantes, des machines \u00e0 sous \u00e0 3 ou 5 rouleaux aux machines avec des paiements en grappe ou des lignes gagnantes.\u00a0Les machines \u00e0 sous sont \u00e9galement tr\u00e8s populaires pour leurs fonctionnalit\u00e9s int\u00e9ressantes, leurs tours bonus et leurs tours gratuits.<\/p>\n<p>Cependant, les machines \u00e0 sous ne sont pas du go\u00fbt de tout le monde.\u00a0Certains pr\u00e9f\u00e8rent\u00a0<a href=\"https:\/\/rocketplay--game-com.translate.goog\/table-games\/?_x_tr_sl=auto&amp;_x_tr_tl=fr&amp;_x_tr_hl=ru&amp;_x_tr_pto=wapp\" target=\"_blank\" rel=\"noopener\">les jeux de table<\/a>\u00a0comme la roulette ou le blackjack.\u00a0La roulette a la r\u00e9putation d&rsquo;\u00eatre un jeu plus premium, en particulier avec un croupier en direct, mais ces jeux ne sont g\u00e9n\u00e9ralement pas propos\u00e9s gratuitement.\u00a0Le blackjack est appr\u00e9ci\u00e9 des joueurs car le r\u00e9sultat d\u00e9pend de leurs propres d\u00e9cisions.\u00a0Un autre jeu similaire au blackjack est le vid\u00e9o poker.\u00a0Il est similaire aux machines \u00e0 sous mais jou\u00e9 d&rsquo;une mani\u00e8re compl\u00e8tement diff\u00e9rente.<\/p>\n<p>Quel que soit le jeu que vous choisissez, vous le trouverez sur le site et le casino RocketPlay joue gratuitement sans d\u00e9p\u00f4t.<\/p>\n<p>Jouez aux jeux de casino gratuits RocketPlay est une opportunit\u00e9 d&rsquo;essayer les mod\u00e8les sans inscription, offrant aux clients des jetons d&rsquo;entra\u00eenement et un temps illimit\u00e9 pour tester.\u00a0Cela permet de se familiariser avec les r\u00e8gles des jeux, de scruter l&rsquo;ensemble des fonctionnalit\u00e9s disponibles, de tester l&rsquo;efficacit\u00e9 des strat\u00e9gies et tout simplement de s&rsquo;habituer aux nombreux boutons du panneau de contr\u00f4le.<\/p>\n<p>Des versions de d\u00e9monstration des jeux les plus populaires sont \u00e9galement disponibles sur RocketPlay afin que vous puissiez les essayer sans risque et d\u00e9cider de parier de l&rsquo;argent r\u00e9el.<\/p>\n<h2>Les derniers jeux de casino gratuits<\/h2>\n<p>L&rsquo;\u00e9tablissement de jeu en ligne propose une large s\u00e9lection de jeux de hasard.\u00a0Il y a des jeux de cartes, de la roulette, des machines \u00e0 sous et d&rsquo;autres types de divertissement.\u00a0Chaque visiteur du site Web choisit un jeu \u00e0 son go\u00fbt.\u00a0Un grand nombre de machines \u00e0 sous dans la salle de jeux, \u00e0 la fois sous forme moderne et classique.\u00a0Des sujets de machines en ligne tr\u00e8s diff\u00e9rents : voyages, aventure, d\u00e9tectives, films d&rsquo;action et autres toutes sortes de situations de la vie.\u00a0Machines \u00e0 sous avec des images lumineuses et une animation divertissante.\u00a0Les utilisateurs jouent avec la musique ou s&rsquo;\u00e9teignent en cliquant sur l&rsquo;ic\u00f4ne appropri\u00e9e.\u00a0Sur les machines en ligne est un d\u00e9marrage automatique.\u00a0Si le joueur est trop paresseux pour appuyer \u00e0 chaque fois sur le bouton \u00ab\u00a0Start\u00a0\u00bb, il parie et appuie sur \u00ab\u00a0Auto Start\u00a0\u00bb.\u00a0Puis observe tranquillement les tours des tambours.<\/p>\n<p>La plupart des joueurs de casino s&rsquo;inscrivent pour trouver leur chance et jouer pour de l&rsquo;argent.\u00a0Cependant, il y a aussi ceux qui aiment les jeux gratuits qui ne n\u00e9cessitent pas toujours d&rsquo;inscription.\u00a0Certains des jeux de hasard gratuits les plus r\u00e9cents et les plus populaires (machines \u00e0 sous) incluent les suivants\u00a0:<\/p>\n<ul>\n<li>Incandescent,<\/li>\n<li>Livre des morts,<\/li>\n<li>Ultra-chaud,<\/li>\n<li>Livre de Ra,<\/li>\n<li>Qu\u00eate Gonzo,<\/li>\n<li>Observation des \u00e9toiles,<\/li>\n<li>M\u00e9ga Fortune,<\/li>\n<li>Roches NetEnt,<\/li>\n<li>Film hollywoodien.<\/li>\n<\/ul>\n<p>Aujourd&rsquo;hui, de nombreux Fran\u00e7ais jouent au casino gratuit RocketPlay car il est possible de jouer partout o\u00f9 il y a Internet et il n&rsquo;est pas n\u00e9cessaire de quitter votre zone de confort et d&rsquo;aller \u00e0 l&rsquo;arcade. D&rsquo;autant plus que vous pouvez jouer en ligne pour le plaisir.<\/p>\n<h2>Nouvelles machines \u00e0 sous 3D sans inscription<\/h2>\n<p>Les appareils 3D modernes plaisent aux joueurs heureux de nouveaut\u00e9 et de r\u00e9alit\u00e9.\u00a0La vue tridimensionnelle du jeu donne \u00e0 l&rsquo;utilisateur une couleur vive et un sens de la r\u00e9alit\u00e9.\u00a0Dans les machines \u00e0 sous 3D d&rsquo;aujourd&rsquo;hui, de la bonne musique, des histoires sympas et des personnages int\u00e9ressants.\u00a0L&rsquo;utilisateur se sent comme un participant aux \u00e9v\u00e9nements, pleinement concentr\u00e9 dans l&rsquo;environnement du jeu.\u00a0L&rsquo;intrigue capture le joueur avec sa t\u00eate.\u00a0Il s&rsquo;inqui\u00e8te des difficult\u00e9s, heureux de la chance, nerveux des \u00e9checs.\u00a0Tout se passe comme dans l&rsquo;environnement r\u00e9el !<\/p>\n<h2>Pourquoi jouer gratuitement ?<\/h2>\n<p>Le jeu gratuit du casino RocketPlay est une option tr\u00e8s int\u00e9ressante.\u00a0Les casinos o\u00f9 vous pouvez jouer gratuitement sont plus appr\u00e9ci\u00e9s par les utilisateurs.\u00a0Gr\u00e2ce \u00e0 cela, le joueur peut mieux conna\u00eetre le jeu et ses r\u00e8gles, ainsi qu&rsquo;appr\u00e9cier les fonctionnalit\u00e9s du jeu et la facilit\u00e9 des combinaisons gagnantes.<\/p>\n<p>Bien s\u00fbr, jouer pour de l&rsquo;argent r\u00e9el apporte plus de plaisir et des gains \u00e9lev\u00e9s offrent plus d&rsquo;excitation, mais les jeux de casino gratuits sans inscription sont une garantie.<\/p>\n<p>Sans conna\u00eetre tous les aspects du jeu choisi, il est plus facile de perdre de l&rsquo;argent.\u00a0Bien s\u00fbr, si l&rsquo;on consid\u00e8re les jeux de hasard fournis gratuitement, les machines \u00e0 sous sont les plus populaires d&rsquo;entre elles.<\/p>\n<h2>Jeux de casino gratuits contre jeux de casino en argent r\u00e9el<\/h2>\n<p>Dans le club de jeu-casino RocketPlay sont les meilleures machines \u00e0 sous en ligne sans inscription sur une vari\u00e9t\u00e9 de sujets.\u00a0Chacune des options de jeu a ses propres avantages et inconv\u00e9nients, qu&rsquo;il vaut la peine de lire en d\u00e9tail.<\/p>\n<p><img loading=\"lazy\" decoding=\"async\" class=\"aligncenter wp-image-265 size-full lazy-loaded\" src=\"https:\/\/rocketplay-game.com\/wp-content\/uploads\/2022\/06\/rocketplay-all-pokies.jpeg\" sizes=\"auto, (max-width: 1634px) 100vw, 1634px\" srcset=\"https:\/\/rocketplay-game.com\/wp-content\/uploads\/2022\/06\/rocketplay-all-pokies.jpeg 1634w, https:\/\/rocketplay-game.com\/wp-content\/uploads\/2022\/06\/rocketplay-all-pokies-300x165.jpeg 300w, https:\/\/rocketplay-game.com\/wp-content\/uploads\/2022\/06\/rocketplay-all-pokies-1024x564.jpeg 1024w, https:\/\/rocketplay-game.com\/wp-content\/uploads\/2022\/06\/rocketplay-all-pokies-768x423.jpeg 768w, https:\/\/rocketplay-game.com\/wp-content\/uploads\/2022\/06\/rocketplay-all-pokies-1536x846.jpeg 1536w\" alt=\"jeux de fus\u00e9e\" width=\"1634\" height=\"900\" data-lazy-type=\"image\" data-src=\"https:\/\/rocketplay-game.com\/wp-content\/uploads\/2022\/06\/rocketplay-all-pokies.jpeg\" data-srcset=\"\" \/><\/p>\n<h2>Jouer pour de l&rsquo;argent r\u00e9el<\/h2>\n<p>C&rsquo;est le plus populaire \u00e0 ce jour, car tout l&rsquo;argent gagn\u00e9, le joueur peut le retirer librement et l&rsquo;utiliser \u00e0 sa discr\u00e9tion.\u00a0Jouer pour de l&rsquo;argent r\u00e9el est plus risqu\u00e9 et parier, cela apporte beaucoup de sensations fortes et d&rsquo;\u00e9motions positives.\u00a0Le casino en ligne encourage tous les clients qui parient avec de l&rsquo;argent.\u00a0Ils leur offrent de jolis bonus, des cadeaux, des tickets pour des tournois ou pour participer \u00e0 la loterie.\u00a0Pour jouer aux meilleures machines \u00e0 sous pour de l&rsquo;argent dans les casinos en ligne, vous devez vous rendre sur le site Web du casino et vous inscrire.\u00a0Apr\u00e8s votre inscription, vous pouvez obtenir un bonus et jouer gratuitement au casino en argent r\u00e9el RocketPlay.\u00a0Voici les machines \u00e0 sous embl\u00e9matiques de d\u00e9veloppeurs c\u00e9l\u00e8bres.\u00a0Ils ont un rendement \u00e9lev\u00e9 de 95%, ce qui vous permet de gagner tr\u00e8s souvent.<\/p>\n<h2>Jouer avec des cr\u00e9dits virtuels dans les machines \u00e0 sous<\/h2>\n<p>Les experts conseillent aux joueurs d\u00e9butants de choisir ce mode de jeu pour acqu\u00e9rir de l&rsquo;exp\u00e9rience.\u00a0Le principal avantage est qu&rsquo;il n&rsquo;est pas n\u00e9cessaire de d\u00e9poser et de risquer de l&rsquo;argent r\u00e9el, mais les gains ne peuvent pas non plus \u00eatre retir\u00e9s.\u00a0Jouer pour des cr\u00e9dits virtuels est parfait pour faire quelques dizaines de tours apr\u00e8s le travail et se d\u00e9tendre.\u00a0De plus, avec le mode d\u00e9mo, les joueurs exp\u00e9riment\u00e9s testent de nouvelles machines \u00e0 sous et \u00e9laborent diff\u00e9rentes strat\u00e9gies de jeu.\u00a0Pour ex\u00e9cuter les machines \u00e0 sous, il n&rsquo;est m\u00eame pas n\u00e9cessaire de se soumettre \u00e0 une inscription obligatoire, ce qui est tr\u00e8s pratique.\u00a0Mais le manque de risque de perdre r\u00e9ellement quelque chose ne vous permet pas d&rsquo;obtenir toute la gamme de sensations fortes qui sont disponibles lorsque vous jouez pour de l&rsquo;argent r\u00e9el.<\/p>\n<h2>Comment jouer \u00e0 des jeux gratuits<\/h2>\n<p>L&rsquo;utilisateur, pour participer au portail de jeux sans inscription et gratuitement, effectue les \u00e9tapes suivantes<\/p>\n<ul>\n<li>P\u00e9n\u00e8tre dans l&rsquo;\u00e9tablissement de jeu\u00a0;<\/li>\n<li>S\u00e9lectionne une machine de jeu parmi celles qui se trouvent sur le site Web\u00a0;<\/li>\n<li>Conna\u00eetre les r\u00e8gles, la combinaison de prix et les autres d\u00e9tails du jeu\u00a0;<\/li>\n<li>D\u00e9finit le nombre de lignes actives et d&rsquo;autres param\u00e8tres sur la machine \u00e0 sous\u00a0;<\/li>\n<li>Fait un pari;<\/li>\n<li>Appuie sur \u00ab\u00a0D\u00e9marrer\u00a0\u00bb.<\/li>\n<\/ul>\n<h2>QUESTIONS FR\u00c9QUEMMENT POS\u00c9ES<\/h2>\n<ul>\n<li>Puis-je gagner de l&rsquo;argent r\u00e9el avec les jeux gratuits ?<\/li>\n<\/ul>\n<p>Vous ne pouvez pas gagner d&rsquo;argent r\u00e9el dans les jeux gratuits, car ce sont des monnaies virtuelles qui ne peuvent pas \u00eatre \u00e9chang\u00e9es.\u00a0Si vous souhaitez gagner quelque chose sans d\u00e9penser d&rsquo;argent, vous pouvez essayer d&rsquo;utiliser les bonus sans d\u00e9p\u00f4t.\u00a0Ils sont remis gratuitement aux joueurs lors de leur inscription.<\/p>\n<ul>\n<li>Quels types de jeux de casino sont disponibles gratuitement ?<\/li>\n<\/ul>\n<p>La base de donn\u00e9es des jeux de casino gratuits comprend tous les jeux populaires, y compris les machines \u00e0 sous, la roulette, le blackjack, le vid\u00e9o poker, le baccarat et plus encore.<\/p>\n<ul>\n<li>Quels d\u00e9veloppeurs proposent des jeux gratuits\u00a0?<\/li>\n<\/ul>\n<p>De nombreux d\u00e9veloppeurs de jeux publient des versions gratuites de leurs jeux \u00e0 des fins de publicit\u00e9 et de promotion, de sorte que la plupart des jeux de casino peuvent \u00eatre jou\u00e9s gratuitement, y compris les jeux de d\u00e9veloppeurs populaires comme NetEnt, Microgaming, Playtech, Play&rsquo;n GO, Big Time Gaming, Novomatic, Igrosoft, Merkur, EGT et autres.<\/p>\n<ul>\n<li>Les jeux gratuits sont-ils diff\u00e9rents des vrais jeux ?<\/li>\n<\/ul>\n<p>Certaines personnes pensent que les jeux gratuits sont configur\u00e9s diff\u00e9remment des vrais jeux de casino pour cr\u00e9er l&rsquo;illusion de gros gains.\u00a0Cependant, ce n&rsquo;est g\u00e9n\u00e9ralement pas le cas.\u00a0De nombreux jeux sur le site ne sont pas diff\u00e9rents de ceux jou\u00e9s avec de l&rsquo;argent r\u00e9el si vous choisissez un casino avec une bonne r\u00e9putation.<\/p>\n<\/div>\n","protected":false},"excerpt":{"rendered":"<p>Pour gagner gros, vous devez d\u00e9penser gros &#8211; c&rsquo;est vrai dans n&rsquo;importe quel casino.\u00a0Mais que faire si vous avez un budget serr\u00e9 et que vous voulez essayer le jeu maintenant\u00a0?\u00a0Une option consiste \u00e0 faire des mises minimales et \u00e0 jouer petit \u00e0 petit.\u00a0L&rsquo;autre est de jouer au casino en ligne totalement gratuit RocketPlay, sans risquer&#8230;<\/p>\n","protected":false},"author":1,"featured_media":0,"parent":0,"menu_order":0,"comment_status":"closed","ping_status":"closed","template":"page-with-bonus.php","meta":{"_acf_changed":false,"_kad_post_transparent":"default","_kad_post_title":"default","_kad_post_layout":"default","_kad_post_sidebar_id":"","_kad_post_content_style":"default","_kad_post_vertical_padding":"default","_kad_post_feature":"","_kad_post_feature_position":"","_kad_post_header":false,"_kad_post_footer":false,"footnotes":""},"class_list":["post-2549","page","type-page","status-publish","hentry"],"acf":[],"rttpg_featured_image_url":null,"rttpg_author":{"display_name":"Tom","author_link":"https:\/\/rocketplay-game.com\/fr\/author\/pemvas95n89x\/"},"rttpg_comment":0,"rttpg_category":null,"rttpg_excerpt":"Pour gagner gros, vous devez d\u00e9penser gros &#8211; c&rsquo;est vrai dans n&rsquo;importe quel casino.\u00a0Mais que faire si vous avez un budget serr\u00e9 et que vous voulez essayer le jeu maintenant\u00a0?\u00a0Une option consiste \u00e0 faire des mises minimales et \u00e0 jouer petit \u00e0 petit.\u00a0L&rsquo;autre est de jouer au casino en ligne totalement gratuit RocketPlay, sans risquer...","_links":{"self":[{"href":"https:\/\/rocketplay-game.com\/fr\/wp-json\/wp\/v2\/pages\/2549","targetHints":{"allow":["GET"]}}],"collection":[{"href":"https:\/\/rocketplay-game.com\/fr\/wp-json\/wp\/v2\/pages"}],"about":[{"href":"https:\/\/rocketplay-game.com\/fr\/wp-json\/wp\/v2\/types\/page"}],"author":[{"embeddable":true,"href":"https:\/\/rocketplay-game.com\/fr\/wp-json\/wp\/v2\/users\/1"}],"replies":[{"embeddable":true,"href":"https:\/\/rocketplay-game.com\/fr\/wp-json\/wp\/v2\/comments?post=2549"}],"version-history":[{"count":4,"href":"https:\/\/rocketplay-game.com\/fr\/wp-json\/wp\/v2\/pages\/2549\/revisions"}],"predecessor-version":[{"id":2556,"href":"https:\/\/rocketplay-game.com\/fr\/wp-json\/wp\/v2\/pages\/2549\/revisions\/2556"}],"wp:attachment":[{"href":"https:\/\/rocketplay-game.com\/fr\/wp-json\/wp\/v2\/media?parent=2549"}],"curies":[{"name":"wp","href":"https:\/\/api.w.org\/{rel}","templated":true}]}}