{"id":2560,"date":"2022-05-16T09:06:33","date_gmt":"2022-05-16T06:06:33","guid":{"rendered":"https:\/\/rocketplay-game.com\/casino\/"},"modified":"2025-11-25T20:30:00","modified_gmt":"2025-11-25T17:30:00","slug":"casino","status":"publish","type":"page","link":"https:\/\/rocketplay-game.com\/fr\/casino\/","title":{"rendered":"Casino"},"content":{"rendered":"<div id=\"wppb-builder-container\" class=\"wppb-builder-container\">                <div  class=\"wppb-row-parent  wppb-row-1651149714946 \"  >\n\t\t\t\t\t\n\t\t\t\t\t\t\t\t\t\t\n\t\t\t\t\t\t\t\t\t\t\n\t\t\t\t\t<div class=\"wppb-container \">\n\t\t\t\t\t\t\t\t\t\t\t\t\t\n                        <div class=\"wppb-row\">\n\t\t\t\t\t\t\t                                    <div  class=\"wppb-column-parent wppb-column-parent-view wppb-col-1651149714949  \"  >\n                                        <div class=\"wppb-column\">\n\t\t\t\t\t\n\t\t\t\t\t\t\t\t\t\t\t\n                                            <div class=\"wppb-builder-addons\">\n\t\t\t\t\t\t\t\t\t\t\t\t<div class='wppb-builder-addon wppb-addon-1651150162258'  data-addon-id='1651150162258'><div class='wppb-addon'><div class=\"wppb-headline-addon\"><div class=\"wppb-headline-content\"><h1 class=\"wppb-addon-title\">Examen des casinos en ligne RocketPlay<\/h1><\/div><\/div><\/div><\/div><div class='wppb-builder-addon wppb-addon-1651150171497'  data-addon-id='1651150171497'><div class='wppb-addon'><div class=\"wppb-text-block-addon\"><div class=\"wppb-text-block-content 0\"><p><a href=\"https:\/\/rocketplay-game.com\/fr\">Le casino RocketPlay<\/a> est le casino le plus populaire Canada parmi les joueurs, il s'est parfaitement \u00e9tabli sur le march\u00e9, offre des conditions attrayantes pour les utilisateurs et les attire par son atmosph\u00e8re, ses images lumineuses et ses gains r\u00e9els.<\/p><p>Ca casino, chacun peut trouver un jeu pour lui-m\u00eame, s'enthousiasmer et s'inspirer en s'immergeant dans le monde r\u00e9el du jeu.<\/p><\/div><\/div><\/div><\/div><div class='wppb-builder-addon wppb-addon-1651149715158'  data-addon-id='1651149715158'><div class='wppb-addon'><div class=\"wppb-addon wppb-button-addon\"><div class=\"wppb-button-addon-content\"><a  href=\"\/go-casino\/\" target=_blank class=\"wppb-btn-addons  wppb-btn-custom wppb-btn-round wppb-btn-large wppb-btn-no\">JOUE MAINTENANT<\/a><\/div><\/div><\/div><\/div>                                            <\/div>\n                                        <\/div>\n                                    <\/div>\n\t\t\t\t\t\t\t\t\t                                    <div  class=\"wppb-column-parent wppb-column-parent-view wppb-col-1651149714947  \"  >\n                                        <div class=\"wppb-column\">\n\t\t\t\t\t\n\t\t\t\t\t\t\t\t\t\t\t\n                                            <div class=\"wppb-builder-addons\">\n\t\t\t\t\t\t\t\t\t\t\t\t<div class='wppb-builder-addon wppb-addon-1707724570742'  data-addon-id='1707724570742'><div class='wppb-addon'><div class=\"wppb-image-addon\"><figure class=\"wppb-image-addon-content-wrap\"><div class=\"wppb-image-addon-content wppb-imginlineblock\"><img decoding=\"async\" class=\"wppb-image-addon-img\" src=\"https:\/\/rocketplay-game.com\/wp-content\/uploads\/2024\/02\/cas1.jpg\" alt=\"RocketPlay\"><\/div><\/figure><\/div><\/div><\/div>                                            <\/div>\n                                        <\/div>\n                                    <\/div>\n\t\t\t\t\t\t\t\t\t                        <\/div>\n\n                    <\/div>\n                <\/div>\n\t\t\t\t                <div  class=\"wppb-row-parent  wppb-row-1651149715118 \"  >\n\t\t\t\t\t\n\t\t\t\t\t\t\t\t\t\t\n\t\t\t\t\t\t\t\t\t\t\n\t\t\t\t\t<div class=\"wppb-container \">\n\t\t\t\t\t\t\t\t\t\t\t\t\t\n                        <div class=\"wppb-row\">\n\t\t\t\t\t\t\t                                    <div  class=\"wppb-column-parent wppb-column-parent-view wppb-col-1651149715122  \"  >\n                                        <div class=\"wppb-column\">\n\t\t\t\t\t\n\t\t\t\t\t\t\t\t\t\t\t\n                                            <div class=\"wppb-builder-addons\">\n\t\t\t\t\t\t\t\t\t\t\t\t<div class='wppb-builder-addon wppb-addon-1707724570747'  data-addon-id='1707724570747'><div class='wppb-addon'><div class=\"wppb-image-addon\"><figure class=\"wppb-image-addon-content-wrap\"><div class=\"wppb-image-addon-content wppb-imginlineblock\"><img decoding=\"async\" class=\"wppb-image-addon-img\" src=\"https:\/\/rocketplay-game.com\/wp-content\/uploads\/2024\/02\/cas2.jpg\" alt=\"RocketPlay 2\"><\/div><\/figure><\/div><\/div><\/div>                                            <\/div>\n                                        <\/div>\n                                    <\/div>\n\t\t\t\t\t\t\t\t\t                                    <div  class=\"wppb-column-parent wppb-column-parent-view wppb-col-1651149715119  \"  >\n                                        <div class=\"wppb-column\">\n\t\t\t\t\t\n\t\t\t\t\t\t\t\t\t\t\t\n                                            <div class=\"wppb-builder-addons\">\n\t\t\t\t\t\t\t\t\t\t\t\t<div class='wppb-builder-addon wppb-addon-1651149715120'  data-addon-id='1651149715120'><div class='wppb-addon'><div class=\"wppb-headline-addon\"><div class=\"wppb-headline-content\"><h2 class=\"wppb-addon-title\">Site officiel de Rocketplay<\/h2><\/div><\/div><\/div><\/div><div class='wppb-builder-addon wppb-addon-1651149715121'  data-addon-id='1651149715121'><div class='wppb-addon'><div class=\"wppb-text-block-addon\"><div class=\"wppb-text-block-content 0\"><p><span>En vous rendant sur le site du casino en ligne, vous trouverez une interface pratique et claire - des images lumineuses, une atmosph\u00e8re de jeu et un son discret ajouteront un charme suppl\u00e9mentaire au jeu.\u00a0Les d\u00e9veloppeurs du site le mettent \u00e0 jour et le modernisent r\u00e9guli\u00e8rement, de sorte que tous les processus du casino soient conformes aux tendances modernes.\u00a0Plus important encore - utiliser le site du casino n'est pas difficile, comprendre l'interface sera \u00e0 la port\u00e9e de tout le monde.<\/span><\/p><p><strong><span>En entrant sur le site, l'utilisateur se voit proposer les rubriques suivantes :<\/span><\/strong><\/p><ul><li><span>la salle de jeux, qui contient toutes les\u00a0<\/span><a href=\"https:\/\/rocketplay-game.com\/fr\/slots\/\"><span>machines \u00e0 sous<\/span><\/a><span>\u00a0du casino en ligne ;<\/span><\/li><li><span>poker sportif;<\/span><\/li><li><span>bonus;<\/span><\/li><li><span>le temple de la renomm\u00e9e, qui abrite les gains des utilisateurs enregistr\u00e9s de machines \u00e0 sous\u00a0;<\/span><\/li><li><span>des tournois, auxquels les joueurs inscrits ont le droit de participer, de recevoir des bonus et d'autres prix, puis de les utiliser dans les machines, augmentant ainsi leurs chances de gagner\u00a0;<\/span><\/li><li><span>des qu\u00eates, passant qui peuvent \u00eatre des tours gratuits quotidiens, des tours gratuits et d'autres prix en esp\u00e8ces, qui peuvent ensuite \u00eatre utiles dans le casino\u00a0;<\/span><\/li><li><span>aide, o\u00f9 vous pouvez trouver des r\u00e9ponses aux questions les plus populaires des joueurs, sans avoir \u00e0 contacter le support.<\/span><\/li><\/ul><\/div><\/div><\/div><\/div>                                            <\/div>\n                                        <\/div>\n                                    <\/div>\n\t\t\t\t\t\t\t\t\t                        <\/div>\n\n                    <\/div>\n                <\/div>\n\t\t\t\t                <div  class=\"wppb-row-parent  wppb-row-1652183192609 \"  >\n\t\t\t\t\t\n\t\t\t\t\t\t\t\t\t\t\n\t\t\t\t\t\t\t\t\t\t\n\t\t\t\t\t<div class=\"wppb-container \">\n\t\t\t\t\t\t\t\t\t\t\t\t\t\n                        <div class=\"wppb-row\">\n\t\t\t\t\t\t\t                                    <div  class=\"wppb-column-parent wppb-column-parent-view wppb-col-1652183192610  \"  >\n                                        <div class=\"wppb-column\">\n\t\t\t\t\t\n\t\t\t\t\t\t\t\t\t\t\t\n                                            <div class=\"wppb-builder-addons\">\n\t\t\t\t\t\t\t\t\t\t\t\t<div class='wppb-builder-addon wppb-addon-1652183192623'  data-addon-id='1652183192623'><div class='wppb-addon'><div class=\"wppb-headline-addon\"><div class=\"wppb-headline-content\"><h2 class=\"wppb-addon-title\">Inscription et connexion au casino en ligne<\/h2><\/div><\/div><\/div><\/div><div class='wppb-builder-addon wppb-addon-1652183192612'  data-addon-id='1652183192612'><div class='wppb-addon'><div class=\"wppb-text-block-addon\"><div class=\"wppb-text-block-content 0\"><p><strong><span>Vous pouvez vous inscrire sur la ressource en quelques secondes.\u00a0Pour ce faire, vous devez effectuer des actions \u00e9l\u00e9mentaires\u00a0:<\/span><\/strong><\/p><ul><li><span>Rendez-vous sur le site officiel du casino en ligne RocketPlay ;<\/span><\/li><li><span>Cliquez sur le bouton - \"Inscription\"\u00a0;<\/span><\/li><li><span>Remplissez un questionnaire standard o\u00f9 vous devez sp\u00e9cifier une adresse e-mail, trouver un nom d'utilisateur et un mot de passe et fournir de vraies informations sur vous-m\u00eame\u00a0;<\/span><\/li><li><span>La prochaine \u00e9tape sera la s\u00e9lection de la devise du jeu ;<\/span><\/li><li><span>Apr\u00e8s avoir v\u00e9rifi\u00e9 l'exactitude des donn\u00e9es saisies, vous devez lire les r\u00e8gles de l'\u00e9tablissement de jeu Joycasino\u00a0;<\/span><\/li><li><span>A l'email apr\u00e8s l'envoi du formulaire viendra confirmer le compte;<\/span><\/li><li><span>Acc\u00e9dez au lien hypertexte et vous pouvez maintenant vous connecter facilement \u00e0 votre armoire personnelle.<\/span><\/li><\/ul><p><strong><span>De plus, les joueurs peuvent se connecter via n'importe lequel des r\u00e9seaux sociaux\u00a0:<\/span><\/strong><\/p><ul><li><span>Facebook;<\/span><\/li><li><span>Google+.<\/span><\/li><\/ul><p><span>L'inscription est consid\u00e9r\u00e9e comme absolument gratuite et ne n\u00e9cessite aucun investissement suppl\u00e9mentaire.\u00a0\u00c9tant donn\u00e9 que seules les personnes majeures peuvent cr\u00e9er un profil dans un casino en ligne, le service de s\u00e9curit\u00e9 est en mesure d'exiger une photo de votre document \u00e0 des fins d'identification.\u00a0Cette proc\u00e9dure assurera \u00e9galement le retrait en douceur de l'argent de votre compte de jeu.<\/span><\/p><\/div><\/div><\/div><\/div>                                            <\/div>\n                                        <\/div>\n                                    <\/div>\n\t\t\t\t\t\t\t\t\t                                    <div  class=\"wppb-column-parent wppb-column-parent-view wppb-col-1652183192613  \"  >\n                                        <div class=\"wppb-column\">\n\t\t\t\t\t\n\t\t\t\t\t\t\t\t\t\t\t\n                                            <div class=\"wppb-builder-addons\">\n\t\t\t\t\t\t\t\t\t\t\t\t<div class='wppb-builder-addon wppb-addon-1707724570752'  data-addon-id='1707724570752'><div class='wppb-addon'><div class=\"wppb-image-addon\"><figure class=\"wppb-image-addon-content-wrap\"><div class=\"wppb-image-addon-content wppb-imginlineblock\"><img decoding=\"async\" class=\"wppb-image-addon-img\" src=\"https:\/\/rocketplay-game.com\/wp-content\/uploads\/2024\/02\/cas3.jpg\" alt=\"RocketPlay 3\"><\/div><\/figure><\/div><\/div><\/div>                                            <\/div>\n                                        <\/div>\n                                    <\/div>\n\t\t\t\t\t\t\t\t\t                        <\/div>\n\n                    <\/div>\n                <\/div>\n\t\t\t\t                <div  class=\"wppb-row-parent  wppb-row-1652183192642 \"  >\n\t\t\t\t\t\n\t\t\t\t\t\t\t\t\t\t\n\t\t\t\t\t\t\t\t\t\t\n\t\t\t\t\t<div class=\"wppb-container \">\n\t\t\t\t\t\t\t\t\t\t\t\t\t\n                        <div class=\"wppb-row\">\n\t\t\t\t\t\t\t                                    <div  class=\"wppb-column-parent wppb-column-parent-view wppb-col-1652183192643  \"  >\n                                        <div class=\"wppb-column\">\n\t\t\t\t\t\n\t\t\t\t\t\t\t\t\t\t\t\n                                            <div class=\"wppb-builder-addons\">\n\t\t\t\t\t\t\t\t\t\t\t\t<div class='wppb-builder-addon wppb-addon-1707724570757'  data-addon-id='1707724570757'><div class='wppb-addon'><div class=\"wppb-image-addon\"><figure class=\"wppb-image-addon-content-wrap\"><div class=\"wppb-image-addon-content wppb-imginlineblock\"><img decoding=\"async\" class=\"wppb-image-addon-img\" src=\"https:\/\/rocketplay-game.com\/wp-content\/uploads\/2024\/02\/cas-4.jpg\" alt=\"RocketPlay 4\"><\/div><\/figure><\/div><\/div><\/div>                                            <\/div>\n                                        <\/div>\n                                    <\/div>\n\t\t\t\t\t\t\t\t\t                                    <div  class=\"wppb-column-parent wppb-column-parent-view wppb-col-1652183192645  \"  >\n                                        <div class=\"wppb-column\">\n\t\t\t\t\t\n\t\t\t\t\t\t\t\t\t\t\t\n                                            <div class=\"wppb-builder-addons\">\n\t\t\t\t\t\t\t\t\t\t\t\t<div class='wppb-builder-addon wppb-addon-1652183192646'  data-addon-id='1652183192646'><div class='wppb-addon'><div class=\"wppb-headline-addon\"><div class=\"wppb-headline-content\"><h2 class=\"wppb-addon-title\">Service d'assistance<\/h2><\/div><\/div><\/div><\/div><div class='wppb-builder-addon wppb-addon-1652183192647'  data-addon-id='1652183192647'><div class='wppb-addon'><div class=\"wppb-text-block-addon\"><div class=\"wppb-text-block-content 0\"><p><span>Si dans les questions fr\u00e9quemment pos\u00e9es, le joueur ne trouve pas de r\u00e9ponse \u00e0 votre question - il peut toujours demander aux professionnels du casino qui travaillent 24 heures sur 24 en ligne sans pause ni week-end sur le nouveau site Web du casino RocketPlay.<\/span><\/p><p><strong><span>Vous pouvez contacter l'assistance des mani\u00e8res suivantes\u00a0:<\/span><\/strong><\/p><ul><li><span>e-mail - en envoyant l'e-mail appropri\u00e9\u00a0;<\/span><\/li><li><span>Num\u00e9ro du contact;<\/span><\/li><li><span>chatbot dans Telegram et Viber.<\/span><\/li><\/ul><p><span>L'essentiel est que toutes ces m\u00e9thodes soient disponibles pour absolument tous les joueurs et utilisateurs, elles sont pertinentes et fonctionnent sans restrictions.\u00a0Les professionnels du casino de soutien, quant \u00e0 eux, essaient de fournir les informations n\u00e9cessaires et de r\u00e9soudre les questions le plus rapidement possible.<\/span><\/p><\/div><\/div><\/div><\/div>                                            <\/div>\n                                        <\/div>\n                                    <\/div>\n\t\t\t\t\t\t\t\t\t                        <\/div>\n\n                    <\/div>\n                <\/div>\n\t\t\t\t                <div  class=\"wppb-row-parent  wppb-row-1652183192667 \"  >\n\t\t\t\t\t\n\t\t\t\t\t\t\t\t\t\t\n\t\t\t\t\t\t\t\t\t\t\n\t\t\t\t\t<div class=\"wppb-container \">\n\t\t\t\t\t\t\t\t\t\t\t\t\t\n                        <div class=\"wppb-row\">\n\t\t\t\t\t\t\t                                    <div  class=\"wppb-column-parent wppb-column-parent-view wppb-col-1652183192668  \"  >\n                                        <div class=\"wppb-column\">\n\t\t\t\t\t\n\t\t\t\t\t\t\t\t\t\t\t\n                                            <div class=\"wppb-builder-addons\">\n\t\t\t\t\t\t\t\t\t\t\t\t<div class='wppb-builder-addon wppb-addon-1652183192669'  data-addon-id='1652183192669'><div class='wppb-addon'><div class=\"wppb-headline-addon\"><div class=\"wppb-headline-content\"><h2 class=\"wppb-addon-title\">Machines \u00e0 sous<\/h2><\/div><\/div><\/div><\/div><div class='wppb-builder-addon wppb-addon-1652183192670'  data-addon-id='1652183192670'><div class='wppb-addon'><div class=\"wppb-text-block-addon\"><div class=\"wppb-text-block-content 0\"><p>Le site RocketPlay casino Canada a pr\u00e9sent\u00e9 une gamme assez large de toutes sortes de machines \u00e0 sous de diff\u00e9rents d\u00e9veloppeurs. Chaque machine est unique \u00e0 sa mani\u00e8re, attire ses propres conditions, ses programmes de bonus et une atmosph\u00e8re de jeu vraiment.<\/p><p>Il existe \u00e0 la fois des jeux classiques, que l'on peut trouver dans d'autres casinos, ainsi que des jeux plus rares.<\/p><p><strong>Presque tous les jeux pr\u00e9sent\u00e9s sont caract\u00e9ris\u00e9s par les attributs suivants\u00a0:<\/strong><\/p><ul><li>Une histoire d'aventure int\u00e9ressante, qui peut \u00eatre tir\u00e9e d'un film ou d'un livre\u00a0;<\/li><li>La pr\u00e9sence de moulinets et de lignes tournantes;<\/li><li>Offres de bonus, free spins et freespins.<\/li><\/ul><p><strong>De plus, chaque machine \u00e0 sous a deux versions :<\/strong>\u00a0payante et gratuite.\u00a0La gratuit\u00e9 est g\u00e9n\u00e9ralement plus int\u00e9ressante pour les nouveaux venus dans les casinos en ligne, qui commencent tout juste leur parcours de jeu et cherchent \u00e0 apprendre les bases du jeu.\u00a0La version payante est con\u00e7ue pour les joueurs plus exp\u00e9riment\u00e9s qui sont capables et d\u00e9sireux de faire de vrais paris et de gagner de l'argent r\u00e9el en retirant des fonds.\u00a0Mais chacun est dot\u00e9 de la possibilit\u00e9 de choisir exactement ce qu'il aime, quelle variante du jeu et quel r\u00e9sultat des \u00e9v\u00e9nements.<\/p><\/div><\/div><\/div><\/div>                                            <\/div>\n                                        <\/div>\n                                    <\/div>\n\t\t\t\t\t\t\t\t\t                                    <div  class=\"wppb-column-parent wppb-column-parent-view wppb-col-1652183192671  \"  >\n                                        <div class=\"wppb-column\">\n\t\t\t\t\t\n\t\t\t\t\t\t\t\t\t\t\t\n                                            <div class=\"wppb-builder-addons\">\n\t\t\t\t\t\t\t\t\t\t\t\t<div class='wppb-builder-addon wppb-addon-1707724570762'  data-addon-id='1707724570762'><div class='wppb-addon'><div class=\"wppb-image-addon\"><figure class=\"wppb-image-addon-content-wrap\"><div class=\"wppb-image-addon-content wppb-imginlineblock\"><img decoding=\"async\" class=\"wppb-image-addon-img\" src=\"https:\/\/rocketplay-game.com\/wp-content\/uploads\/2024\/02\/cas-5.jpg\" alt=\"RocketPlay 5\"><\/div><\/figure><\/div><\/div><\/div>                                            <\/div>\n                                        <\/div>\n                                    <\/div>\n\t\t\t\t\t\t\t\t\t                        <\/div>\n\n                    <\/div>\n                <\/div>\n\t\t\t\t                <div  class=\"wppb-row-parent  wppb-row-1652449333680 \"  >\n\t\t\t\t\t\n\t\t\t\t\t\t\t\t\t\t\n\t\t\t\t\t\t\t\t\t\t\n\t\t\t\t\t<div class=\"wppb-container \">\n\t\t\t\t\t\t\t\t\t\t\t\t\t\n                        <div class=\"wppb-row\">\n\t\t\t\t\t\t\t                                    <div  class=\"wppb-column-parent wppb-column-parent-view wppb-col-1652449333681  \"  >\n                                        <div class=\"wppb-column\">\n\t\t\t\t\t\n\t\t\t\t\t\t\t\t\t\t\t\n                                            <div class=\"wppb-builder-addons\">\n\t\t\t\t\t\t\t\t\t\t\t\t<div class='wppb-builder-addon wppb-addon-1707724570767'  data-addon-id='1707724570767'><div class='wppb-addon'><div class=\"wppb-image-addon\"><figure class=\"wppb-image-addon-content-wrap\"><div class=\"wppb-image-addon-content wppb-imginlineblock\"><img decoding=\"async\" class=\"wppb-image-addon-img\" src=\"https:\/\/rocketplay-game.com\/wp-content\/uploads\/2024\/02\/cas6-1.jpg\" alt=\"RocketPlay 6\"><\/div><\/figure><\/div><\/div><\/div>                                            <\/div>\n                                        <\/div>\n                                    <\/div>\n\t\t\t\t\t\t\t\t\t                                    <div  class=\"wppb-column-parent wppb-column-parent-view wppb-col-1652449333683  \"  >\n                                        <div class=\"wppb-column\">\n\t\t\t\t\t\n\t\t\t\t\t\t\t\t\t\t\t\n                                            <div class=\"wppb-builder-addons\">\n\t\t\t\t\t\t\t\t\t\t\t\t<div class='wppb-builder-addon wppb-addon-1652449333684'  data-addon-id='1652449333684'><div class='wppb-addon'><div class=\"wppb-headline-addon\"><div class=\"wppb-headline-content\"><h2 class=\"wppb-addon-title\">Avis sur le casino sur le r\u00e9seau<\/h2><\/div><\/div><\/div><\/div><div class='wppb-builder-addon wppb-addon-1652449333685'  data-addon-id='1652449333685'><div class='wppb-addon'><div class=\"wppb-text-block-addon\"><div class=\"wppb-text-block-content 0\"><p><span>Diff\u00e9rents acteurs, qui ont eu le temps d'explorer les services de l'aire de jeux, racontent leurs exp\u00e9riences sur Internet.\u00a0Cependant, l'accent est mis principalement sur la vari\u00e9t\u00e9 des cr\u00e9neaux et la commodit\u00e9 de s\u00e9lectionner des d\u00e9veloppements int\u00e9ressants.\u00a0Avis positifs gagn\u00e9s et syst\u00e8me\u00a0<\/span><a href=\"https:\/\/rocketplay-game.com\/fr\/vip\"><span>VIP<\/span><\/a><span>\u00a0.\u00a0Les joueurs parlent de la protection des fonds et des donn\u00e9es personnelles.\u00a0Les gains sont pay\u00e9s en temps opportun, le support client r\u00e9pond rapidement aux questions.\u00a0L'application de casino RocketPlay fonctionne tr\u00e8s bien.<\/span><\/p><\/div><\/div><\/div><\/div>                                            <\/div>\n                                        <\/div>\n                                    <\/div>\n\t\t\t\t\t\t\t\t\t                        <\/div>\n\n                    <\/div>\n                <\/div>\n\t\t\t\t                <div  class=\"wppb-row-parent  wppb-row-1651158175344 \"  >\n\t\t\t\t\t\n\t\t\t\t\t\t\t\t\t\t\n\t\t\t\t\t\t\t\t\t\t\n\t\t\t\t\t<div class=\"wppb-container \">\n\t\t\t\t\t\t\t\t\t\t\t\t\t\n                        <div class=\"wppb-row\">\n\t\t\t\t\t\t\t                                    <div  class=\"wppb-column-parent wppb-column-parent-view wppb-col-1651158175347  \"  >\n                                        <div class=\"wppb-column\">\n\t\t\t\t\t\n\t\t\t\t\t\t\t\t\t\t\t\n                                            <div class=\"wppb-builder-addons\">\n\t\t\t\t\t\t\t\t\t\t\t\t<div class='wppb-builder-addon wppb-addon-1651158175348'  data-addon-id='1651158175348'><div class='wppb-addon'><div class=\"wppb-headline-addon\"><div class=\"wppb-headline-content\"><h2 class=\"wppb-addon-title\">Inscription et bonus de bienvenue<\/h2><\/div><\/div><\/div><\/div><div class='wppb-builder-addon wppb-addon-1651158175349'  data-addon-id='1651158175349'><div class='wppb-addon'><div class=\"wppb-text-block-addon\"><div class=\"wppb-text-block-content 0\"><p>L'inscription sur le site officiel ne prend que quelques minutes - vous devez remplir un e-mail, cr\u00e9er un mot de passe pour vous prot\u00e9ger et, apr\u00e8s avoir rempli le formulaire, v\u00e9rifier les informations de contact.\u00a0Chaque nouveau venu a droit \u00e0 une prime de d\u00e9part pour avoir r\u00e9ussi l'inscription.\u00a0Le bonus d'inscription au casino viendra tout de suite, et vous pourrez alors commencer \u00e0 jouer pour de l'argent.\u00a0Auparavant recommand\u00e9 de relire la liste des r\u00e8gles, selon qui a permis d'inscrire uniquement les joueurs adultes.<\/p><p>Les casinos virtuels sont disponibles sans pause ni week-end, les joueurs ont donc la possibilit\u00e9 d'utiliser des machines virtuelles en toutes circonstances.\u00a0Cette revue du casino RocketPlay aurait d\u00fb aider \u00e0 comprendre toutes les subtilit\u00e9s du travail.<\/p><\/div><\/div><\/div><\/div>                                            <\/div>\n                                        <\/div>\n                                    <\/div>\n\t\t\t\t\t\t\t\t\t                                    <div  class=\"wppb-column-parent wppb-column-parent-view wppb-col-1651158175345  \"  >\n                                        <div class=\"wppb-column\">\n\t\t\t\t\t\n\t\t\t\t\t\t\t\t\t\t\t\n                                            <div class=\"wppb-builder-addons\">\n\t\t\t\t\t\t\t\t\t\t\t\t<div class='wppb-builder-addon wppb-addon-1707724570772'  data-addon-id='1707724570772'><div class='wppb-addon'><div class=\"wppb-image-addon\"><figure class=\"wppb-image-addon-content-wrap\"><div class=\"wppb-image-addon-content wppb-imginlineblock\"><img decoding=\"async\" class=\"wppb-image-addon-img\" src=\"https:\/\/rocketplay-game.com\/wp-content\/uploads\/2024\/02\/cas7.jpg\" alt=\"RocketPlay 7\"><\/div><\/figure><\/div><\/div><\/div>                                            <\/div>\n                                        <\/div>\n                                    <\/div>\n\t\t\t\t\t\t\t\t\t                        <\/div>\n\n                    <\/div>\n                <\/div>\n\t\t\t\t<\/div>","protected":false},"excerpt":{"rendered":"<p>Examen des casinos en ligne RocketPlayLe casino RocketPlay est le casino le plus populaire Canada parmi les joueurs, il s&rsquo;est parfaitement \u00e9tabli sur le march\u00e9, offre des conditions attrayantes pour les utilisateurs et les attire par son atmosph\u00e8re, ses images lumineuses et ses gains r\u00e9els.Ca casino, chacun peut trouver un jeu pour lui-m\u00eame, s&rsquo;enthousiasmer et&#8230;<\/p>\n","protected":false},"author":1,"featured_media":0,"parent":0,"menu_order":0,"comment_status":"closed","ping_status":"closed","template":"wppb_theme_template","meta":{"_acf_changed":false,"_kad_post_transparent":"default","_kad_post_title":"default","_kad_post_layout":"default","_kad_post_sidebar_id":"","_kad_post_content_style":"default","_kad_post_vertical_padding":"default","_kad_post_feature":"","_kad_post_feature_position":"","_kad_post_header":false,"_kad_post_footer":false,"footnotes":""},"class_list":["post-2560","page","type-page","status-publish","hentry"],"acf":[],"rttpg_featured_image_url":null,"rttpg_author":{"display_name":"Tom","author_link":"https:\/\/rocketplay-game.com\/fr\/author\/pemvas95n89x\/"},"rttpg_comment":0,"rttpg_category":null,"rttpg_excerpt":"Examen des casinos en ligne RocketPlayLe casino RocketPlay est le casino le plus populaire Canada parmi les joueurs, il s'est parfaitement \u00e9tabli sur le march\u00e9, offre des conditions attrayantes pour les utilisateurs et les attire par son atmosph\u00e8re, ses images lumineuses et ses gains r\u00e9els.Ca casino, chacun peut trouver un jeu pour lui-m\u00eame, s'enthousiasmer et...","_links":{"self":[{"href":"https:\/\/rocketplay-game.com\/fr\/wp-json\/wp\/v2\/pages\/2560","targetHints":{"allow":["GET"]}}],"collection":[{"href":"https:\/\/rocketplay-game.com\/fr\/wp-json\/wp\/v2\/pages"}],"about":[{"href":"https:\/\/rocketplay-game.com\/fr\/wp-json\/wp\/v2\/types\/page"}],"author":[{"embeddable":true,"href":"https:\/\/rocketplay-game.com\/fr\/wp-json\/wp\/v2\/users\/1"}],"replies":[{"embeddable":true,"href":"https:\/\/rocketplay-game.com\/fr\/wp-json\/wp\/v2\/comments?post=2560"}],"version-history":[{"count":1,"href":"https:\/\/rocketplay-game.com\/fr\/wp-json\/wp\/v2\/pages\/2560\/revisions"}],"predecessor-version":[{"id":2562,"href":"https:\/\/rocketplay-game.com\/fr\/wp-json\/wp\/v2\/pages\/2560\/revisions\/2562"}],"wp:attachment":[{"href":"https:\/\/rocketplay-game.com\/fr\/wp-json\/wp\/v2\/media?parent=2560"}],"curies":[{"name":"wp","href":"https:\/\/api.w.org\/{rel}","templated":true}]}}