{"id":2565,"date":"2022-06-13T19:37:05","date_gmt":"2022-06-13T16:37:05","guid":{"rendered":"https:\/\/rocketplay-game.com\/table-games\/"},"modified":"2024-02-09T14:46:26","modified_gmt":"2024-02-09T11:46:26","slug":"table-games","status":"publish","type":"page","link":"https:\/\/rocketplay-game.com\/fr\/table-games\/","title":{"rendered":"Jeux de table de jeu en ligne sur RocketPlay Casino"},"content":{"rendered":"<p>Malgr\u00e9 le fait que la cat\u00e9gorie la plus populaire de jeu virtuel aujourd&rsquo;hui sont les machines \u00e0 sous vid\u00e9o, beaucoup de ces amateurs de risque et d&rsquo;excitation pr\u00e9f\u00e8rent les jeux de table de jeu en ligne.<\/p>\n<p>Les jeux de table de casino RocketPlay\u00a0sont l&rsquo;un des divertissements les plus anciens de l&rsquo;humanit\u00e9, qui n&rsquo;a pas perdu sa popularit\u00e9 depuis des si\u00e8cles.\u00a0Cette popularit\u00e9 est due \u00e0 diverses raisons, dont vous apprendrez ici, le casino en ligne officiel RocketPlay.<\/p>\n<p><img loading=\"lazy\" decoding=\"async\" class=\"lazy-loaded aligncenter wp-image-244\" src=\"https:\/\/rocketplay-game.com\/wp-content\/uploads\/2022\/06\/rocketplay-site-300x114.png\" sizes=\"auto, (max-width: 800px) 100vw, 800px\" srcset=\"https:\/\/rocketplay-game.com\/wp-content\/uploads\/2022\/06\/rocketplay-site-300x114.png 300w, https:\/\/rocketplay-game.com\/wp-content\/uploads\/2022\/06\/rocketplay-site-768x291.png 768w, https:\/\/rocketplay-game.com\/wp-content\/uploads\/2022\/06\/rocketplay-site.png 930w\" alt=\"Jeux de table de jeu en ligne sur RocketPlay Casino\" width=\"800\" height=\"303\" data-lazy-type=\"image\" data-src=\"https:\/\/rocketplay-game.com\/wp-content\/uploads\/2022\/06\/rocketplay-site-300x114.png\" data-srcset=\"\" \/><\/p>\n<h2>Jeux de table populaires en ligne sur RocketPlay Casino<\/h2>\n<p>Conform\u00e9ment aux r\u00e9alit\u00e9s actuelles de la vie moderne, la plupart des divertissements de jeu se sont d\u00e9plac\u00e9s dans la sph\u00e8re en ligne.\u00a0Si vous appartenez au groupe de personnes qui ne refuseront pas de tenter la faveur de la fortune \u00e0 la table de jeu &#8211; en particulier pour vous , les jeux de\u00a0table de casino RocketPlay en ligne\u00a0des principaux fournisseurs mondiaux.<\/p>\n<p>Dans cette section, vous pouvez jouer au poker en ligne gratuitement sans inscription ou pour de l&rsquo;argent r\u00e9el.\u00a0De plus, sp\u00e9cialement pour vous, voici le jeu de cartes baccarat, la version europ\u00e9enne et am\u00e9ricaine de la roulette, le jeu de cartes vingt et un en ligne (alias blackjack) et bien plus encore.\u00a0Dans cette section, nous avons rassembl\u00e9 les\u00a0meilleurs jeux de table de casino RocketPlay les plus populaires\u00a0, que l&rsquo;on peut trouver dans les salles de jeux du monde entier.<\/p>\n<h2>Jeux de table RocketPlay<\/h2>\n<p>En jouant dans la version de d\u00e9monstration, les d\u00e9butants peuvent apprendre attentivement les aspects th\u00e9oriques et les caract\u00e9ristiques d&rsquo;une machine particuli\u00e8re, et les joueurs plus exp\u00e9riment\u00e9s &#8211; pour pratiquer leurs propres comp\u00e9tences et d\u00e9velopper des strat\u00e9gies gagnantes individuelles.<\/p>\n<p>Toutes les machines soumises se caract\u00e9risent par des graphismes de haute qualit\u00e9 et tr\u00e8s r\u00e9alistes, ce qui contribue \u00e0 cr\u00e9er l&rsquo;atmosph\u00e8re de la pr\u00e9sence r\u00e9elle du joueur dans la salle du casino.<\/p>\n<p>C&rsquo;est pour cette raison, tout d&rsquo;abord, que les fournisseurs mondiaux tels que Microgaming ou TomHorn Games &#8211; les principaux d\u00e9veloppeurs d&rsquo;\u00e9mulateurs de jeux de table tels que le poker, la roulette en ligne, etc., pr\u00eatent attention \u00e0 la qualit\u00e9 des graphismes, ainsi qu&rsquo;\u00e0 la musique .\u00a0De plus, les jeux de table de casino gratuits pr\u00e9sent\u00e9s sur le site\u00a0RocketPlay\u00a0ont une interface intuitive qui simplifie le processus d&rsquo;apprentissage en tant qu&rsquo;utilisateur.<\/p>\n<p>Tout joueur qui visite l&rsquo;\u00e9tablissement de jeu virtuel veut passer du temps int\u00e9ressant et profiter de l&rsquo;atmosph\u00e8re de risque, et c&rsquo;est ce qu&rsquo;il peut faire\u00a0Jeux de table de casino en ligne RocketPlay pour de l&rsquo;argent r\u00e9el\u00a0.\u00a0En faisant de vrais paris, vous avez la chance de devenir propri\u00e9taire d&rsquo;un gros lot.\u00a0Pour ce faire, il suffit de\u00a0<a href=\"https:\/\/rocketplay-game.com\/fr\/registration\/\">s&rsquo;inscrire<\/a>\u00a0sur le site RocketPlay, et de d\u00e9poser n&rsquo;importe quel moyen pratique.<\/p>\n<h2>Avantages des jeux de table par rapport aux machines \u00e0 sous vid\u00e9o<\/h2>\n<p>Malgr\u00e9 le fait que ceux qui viennent de se familiariser avec le monde du jeu virtuel,\u00a0l&rsquo;application de jeux de table de casino RocketPlay\u00a0semblent trop compliqu\u00e9s et qu&rsquo;ils pr\u00e9f\u00e8rent les machines \u00e0 sous vid\u00e9o lumineuses et color\u00e9es, cette d\u00e9cision est un peu erron\u00e9e.<\/p>\n<p>Cette cat\u00e9gorie offre \u00e0 l&rsquo;attention des joueurs une grande vari\u00e9t\u00e9 de divertissements, parmi lesquels vous pouvez trouver des options avec des r\u00e8gles complexes et des jeux simples qui ne n\u00e9cessitent que de faire un pari et d&rsquo;appuyer sur le bouton de d\u00e9marrage.<\/p>\n<p>Les principaux d\u00e9veloppeurs ont \u00e9quip\u00e9 leurs produits de r\u00e8gles d\u00e9taill\u00e9es, gr\u00e2ce auxquelles m\u00eame le joueur qui rencontre de tels jeux pour la premi\u00e8re fois peut facilement comprendre la gestion et toutes les fonctionnalit\u00e9s de la gestion.<\/p>\n<h2>Jeu de table de roulette au casino en ligne RocketPlay<\/h2>\n<p>Et lorsque vous comprendrez toutes les r\u00e8gles et commencerez \u00e0 jouer, le processus vous absorbera compl\u00e8tement.\u00a0Contrairement aux machines \u00e0 sous o\u00f9 le r\u00e9sultat d\u00e9pend \u00e0 100% du bon vouloir de Fortune, dans les jeux de table l&rsquo;avantage est du c\u00f4t\u00e9 du joueur.\u00a0Et ce n&rsquo;est pas un fantasme des d\u00e9veloppeurs, mais un fait vraiment av\u00e9r\u00e9.<\/p>\n<p><img loading=\"lazy\" decoding=\"async\" class=\"aligncenter wp-image-4629\" src=\"https:\/\/rocketplay-game.com\/wp-content\/uploads\/2024\/02\/2222.png\" alt=\"Jeux de table de jeu en ligne sur RocketPlay Casino 2\" width=\"800\" height=\"431\" srcset=\"https:\/\/rocketplay-game.com\/wp-content\/uploads\/2024\/02\/2222.png 1343w, https:\/\/rocketplay-game.com\/wp-content\/uploads\/2024\/02\/2222-300x162.png 300w, https:\/\/rocketplay-game.com\/wp-content\/uploads\/2024\/02\/2222-1024x551.png 1024w, https:\/\/rocketplay-game.com\/wp-content\/uploads\/2024\/02\/2222-768x413.png 768w\" sizes=\"auto, (max-width: 800px) 100vw, 800px\" \/><\/p>\n<p>Tout le monde sait que la base de toute machine \u00e0 sous vid\u00e9o est un g\u00e9n\u00e9rateur de nombres al\u00e9atoires &#8211; un appareil qui cr\u00e9e une s\u00e9quence al\u00e9atoire de nombres.\u00a0Le r\u00e9sultat est affich\u00e9 sous la forme d&rsquo;une combinaison de symboles sur les rouleaux.\u00a0Dans ce cas, chaque d\u00e9veloppeur de machines \u00e0 sous s&rsquo;est initialement engag\u00e9 \u00e0 donner un pourcentage de rendement aux joueurs.\u00a0Dans les meilleures machines \u00e0 sous, que vous pouvez trouver dans la section correspondante de notre site Web, ce pourcentage est d&rsquo;environ 95 %.<\/p>\n<p>Cependant, dans le divertissement de cette cat\u00e9gorie et le casino premium pour les joueurs est beaucoup plus faible.\u00a0<span class=\"\">De plus, le participant peut garder entre ses mains le contr\u00f4le absolu du processus et du jeu.\u00a0<\/span>Dans tous les casinos en ligne de jeux de table populaires, le r\u00e9sultat du jeu est largement d\u00e9termin\u00e9 non seulement par la chance du joueur, mais d\u00e9pend proportionnellement des choix qu&rsquo;il a faits.<\/p>\n<p>Le processus, dont le r\u00e9sultat d\u00e9pend des propres d\u00e9cisions de l&rsquo;utilisateur, apporte une exp\u00e9rience beaucoup plus vivante et riche, remplissant le sang d&rsquo;adr\u00e9naline.\u00a0Par cons\u00e9quent, ce sont les jeux de table de casino qui sont associ\u00e9s pour les joueurs exp\u00e9riment\u00e9s avec une sensation beaucoup plus vive de l&rsquo;atmosph\u00e8re de risque et d&rsquo;excitation.<\/p>\n<h2>Une variante du jeu de cartes sur table \u2013 le vid\u00e9o poker<\/h2>\n<p>Un autre avantage important est la dur\u00e9e du gameplay.\u00a0Alors que les rouleaux tournent souvent pendant quelques secondes, un jeu de cartes au Three Card\u00a0<a href=\"https:\/\/rocketplay-game.com\/fr\/poker\">Poker<\/a>\u00a0peut durer beaucoup plus longtemps.\u00a0Vous pouvez choisir le v\u00f4tre, adapt\u00e9 \u00e0 votre rythme de jeu, par exemple dans la machine \u00e0 sous Baccara (Baccarat).<\/p>\n<h3>Comment choisir un jeu de soci\u00e9t\u00e9 ?<\/h3>\n<p>En choisissant un divertissement appropri\u00e9, vous devez faire attention aux caract\u00e9ristiques cl\u00e9s suivantes :<\/p>\n<ul>\n<li aria-level=\"1\">graphiques de haute qualit\u00e9;<\/li>\n<li aria-level=\"1\">La possibilit\u00e9 de jouer \u00e0 partir d&rsquo;un\u00a0<a href=\"https:\/\/rocketplay-game.com\/fr\/mobile-version\/\">appareil mobile<\/a>\u00a0, qui prend en charge la technologie innovante HTML5 &#8211; afin que vous puissiez profiter de vos jeux pr\u00e9f\u00e9r\u00e9s \u00e0 tout moment, dans n&rsquo;importe quel endroit pratique ;<\/li>\n<li aria-level=\"1\">fonctionnement stable &#8211; comme dans un tel divertissement, le r\u00e9sultat d\u00e9pend en grande partie de la tactique utilis\u00e9e par le joueur, toute panne ou interruption de la connexion peut \u00eatre fatale\u00a0;<\/li>\n<li aria-level=\"1\">une m\u00e9canique r\u00e9aliste du gameplay, qui permet aux participants de profiter pleinement du processus de jeu, et cr\u00e9e une v\u00e9ritable atmosph\u00e8re de pr\u00e9sence dans la salle de jeux du casino\u00a0;<\/li>\n<li aria-level=\"1\">le respect des normes internationales de jeu permet aux utilisateurs de diff\u00e9rents pays de participer au jeu, sans penser aux diff\u00e9rences de r\u00e8gles.<\/li>\n<\/ul>\n<p>Le casino bonus sans d\u00e9p\u00f4t pour les jeux de table RocketPlay\u00a0respecte pleinement toutes les caract\u00e9ristiques ci-dessus.\u00a0Il vous suffit donc d&rsquo;ouvrir le jeu que vous aimez &#8211; et de profiter de l&rsquo;atmosph\u00e8re excitante d&rsquo;excitation et de risque avec le casino en ligne RocketPlay !<\/p>\n<p><img loading=\"lazy\" decoding=\"async\" class=\"aligncenter wp-image-4638\" src=\"https:\/\/rocketplay-game.com\/wp-content\/uploads\/2024\/02\/33333.png\" alt=\"Jeux de table de jeu en ligne sur RocketPlay Casino 3\" width=\"800\" height=\"393\" srcset=\"https:\/\/rocketplay-game.com\/wp-content\/uploads\/2024\/02\/33333.png 1348w, https:\/\/rocketplay-game.com\/wp-content\/uploads\/2024\/02\/33333-300x147.png 300w, https:\/\/rocketplay-game.com\/wp-content\/uploads\/2024\/02\/33333-1024x503.png 1024w, https:\/\/rocketplay-game.com\/wp-content\/uploads\/2024\/02\/33333-768x377.png 768w\" sizes=\"auto, (max-width: 800px) 100vw, 800px\" \/><\/p>\n<h2>FAQ sur les jeux de table<\/h2>\n<h3>Que sont les jeux de table de casino ?<\/h3>\n<p>Les jeux de table sont des \u00e9mulateurs virtuels des jeux de cartes et des jeux de roulette les plus populaires mis en \u0153uvre avec un maximum de r\u00e9alisme, ainsi que des jeux en direct avec un croupier en direct.\u00a0Ici, le joueur peut influencer le r\u00e9sultat du tour avec ses propres d\u00e9cisions et comp\u00e9tences, et une mise en \u0153uvre de haute qualit\u00e9 cr\u00e9e une v\u00e9ritable atmosph\u00e8re de pr\u00e9sence dans la vraie salle de jeu.<\/p>\n<h3>\u00c0 quels jeux de table pouvez-vous jouer au casino en ligne RocketPlay\u00a0?<\/h3>\n<p>Le casino en ligne RocketPlay propose tous les types populaires de jeux de table pour de l&rsquo;argent : cartes (poker, blackjack et baccarat), roulette (fran\u00e7aise, am\u00e9ricaine et europ\u00e9enne), craps, grattage et autres.\u00a0Une cat\u00e9gorie \u00e0 part est celle des jeux avec croupiers en direct (Live Casino) : les d\u00e9s, le baccarat, le poker ainsi que les loteries et la roue de la fortune.\u00a0Si vous regardez les jeux individuels, il existe des jeux de table de hasard en ligne des fournisseurs Tom Horn, Microgaming, Playtech, Playson, Amatic et BetGames TV.<\/p>\n<h3>Quel jeu de hasard sur table choisir pour jouer pour de l&rsquo;argent ?<\/h3>\n<p>La question de choisir le meilleur jeu de table en ligne \u2013 cartes ou roulette \u2013 pour jouer avec de vrais enjeux est une question individuelle.\u00a0Puisque, contrairement aux machines \u00e0 sous vid\u00e9o, o\u00f9 le gameplay est largement identique, chaque esp\u00e8ce a son propre caract\u00e8re unique.\u00a0Faites \u00e9galement attention au pourcentage de paiement d&rsquo;un mod\u00e8le particulier (pour le vid\u00e9o poker et les machines \u00e0 sous avec roulette), un indicateur qui influe directement sur la rentabilit\u00e9 de votre jeu.\u00a0Les joueurs exp\u00e9riment\u00e9s choisissent le plus souvent Aces and Faces Poker, French Roulette, Bet-on-Poker et Deuces Wild.<\/p>\n<h3>Quels jeux de table de casino en ligne sont les meilleurs : la roulette, les cartes ou le craps ?<\/h3>\n<p>Il est impossible de r\u00e9pondre sans \u00e9quivoque \u00e0 la question de savoir quels jeux de table de casino en ligne sont les meilleurs, car c&rsquo;est une question de pr\u00e9f\u00e9rence individuelle.\u00a0Si vous vous basez sur la popularit\u00e9 globale de ce type de machines \u00e0 sous aupr\u00e8s des joueurs, les plus populaires sont les cartes, \u00e0 savoir le vid\u00e9o poker, dont le blackjack virtuel suit pratiquement le rythme.\u00a0La roulette ne perd pas non plus sa place dans l&rsquo;incarnation virtuelle, justifiant son \u00ab titre royal \u00bb.<\/p>\n<h3>Puis-je jouer gratuitement \u00e0 des jeux de table de hasard ?<\/h3>\n<p>Sur le site officiel du casino RocketPlay, vous pouvez essayer n&rsquo;importe quelle machine de table en mode d\u00e9mo gratuite.\u00a0Le jeu de d\u00e9monstration ne n\u00e9cessite pas d&rsquo;inscription sur le site ni de d\u00e9p\u00f4t, et est disponible pour chaque visiteur du projet, il suffit de choisir le mod\u00e8le appropri\u00e9 et de proc\u00e9der au jeu.<\/p>\n","protected":false},"excerpt":{"rendered":"<p>Malgr\u00e9 le fait que la cat\u00e9gorie la plus populaire de jeu virtuel aujourd&rsquo;hui sont les machines \u00e0 sous vid\u00e9o, beaucoup de ces amateurs de risque et d&rsquo;excitation pr\u00e9f\u00e8rent les jeux de table de jeu en ligne. Les jeux de table de casino RocketPlay\u00a0sont l&rsquo;un des divertissements les plus anciens de l&rsquo;humanit\u00e9, qui n&rsquo;a pas perdu&#8230;<\/p>\n","protected":false},"author":1,"featured_media":0,"parent":0,"menu_order":0,"comment_status":"closed","ping_status":"closed","template":"page-with-bonus.php","meta":{"_acf_changed":false,"_kad_post_transparent":"default","_kad_post_title":"default","_kad_post_layout":"default","_kad_post_sidebar_id":"","_kad_post_content_style":"default","_kad_post_vertical_padding":"default","_kad_post_feature":"","_kad_post_feature_position":"","_kad_post_header":false,"_kad_post_footer":false,"footnotes":""},"class_list":["post-2565","page","type-page","status-publish","hentry"],"acf":[],"rttpg_featured_image_url":null,"rttpg_author":{"display_name":"Tom","author_link":"https:\/\/rocketplay-game.com\/fr\/author\/pemvas95n89x\/"},"rttpg_comment":0,"rttpg_category":null,"rttpg_excerpt":"Malgr\u00e9 le fait que la cat\u00e9gorie la plus populaire de jeu virtuel aujourd&rsquo;hui sont les machines \u00e0 sous vid\u00e9o, beaucoup de ces amateurs de risque et d&rsquo;excitation pr\u00e9f\u00e8rent les jeux de table de jeu en ligne. Les jeux de table de casino RocketPlay\u00a0sont l&rsquo;un des divertissements les plus anciens de l&rsquo;humanit\u00e9, qui n&rsquo;a pas perdu...","_links":{"self":[{"href":"https:\/\/rocketplay-game.com\/fr\/wp-json\/wp\/v2\/pages\/2565","targetHints":{"allow":["GET"]}}],"collection":[{"href":"https:\/\/rocketplay-game.com\/fr\/wp-json\/wp\/v2\/pages"}],"about":[{"href":"https:\/\/rocketplay-game.com\/fr\/wp-json\/wp\/v2\/types\/page"}],"author":[{"embeddable":true,"href":"https:\/\/rocketplay-game.com\/fr\/wp-json\/wp\/v2\/users\/1"}],"replies":[{"embeddable":true,"href":"https:\/\/rocketplay-game.com\/fr\/wp-json\/wp\/v2\/comments?post=2565"}],"version-history":[{"count":6,"href":"https:\/\/rocketplay-game.com\/fr\/wp-json\/wp\/v2\/pages\/2565\/revisions"}],"predecessor-version":[{"id":5203,"href":"https:\/\/rocketplay-game.com\/fr\/wp-json\/wp\/v2\/pages\/2565\/revisions\/5203"}],"wp:attachment":[{"href":"https:\/\/rocketplay-game.com\/fr\/wp-json\/wp\/v2\/media?parent=2565"}],"curies":[{"name":"wp","href":"https:\/\/api.w.org\/{rel}","templated":true}]}}