{"id":2596,"date":"2022-08-11T20:51:13","date_gmt":"2022-08-11T17:51:13","guid":{"rendered":"https:\/\/rocketplay-game.com\/promo-code\/"},"modified":"2022-10-29T23:06:38","modified_gmt":"2022-10-29T20:06:38","slug":"promo-code","status":"publish","type":"page","link":"https:\/\/rocketplay-game.com\/fr\/promo-code\/","title":{"rendered":"Code promotionnel RocketPlay 2023"},"content":{"rendered":"<p><img loading=\"lazy\" decoding=\"async\" class=\" wp-image-300 aligncenter\" src=\"https:\/\/rocketplay-game.com\/wp-content\/uploads\/2022\/08\/rocketplay-casino-bonuses-300x125.jpg\" alt=\"promo code\" width=\"624\" height=\"260\" srcset=\"https:\/\/rocketplay-game.com\/wp-content\/uploads\/2022\/08\/rocketplay-casino-bonuses-300x125.jpg 300w, https:\/\/rocketplay-game.com\/wp-content\/uploads\/2022\/08\/rocketplay-casino-bonuses.jpg 700w\" sizes=\"auto, (max-width: 624px) 100vw, 624px\" \/><\/p>\n<p><span>Le\u00a0<\/span><span>code promotionnel du casino\u00a0<\/span><a href=\"https:\/\/rocketplay-game.com\/fr\"><span>RocketPlay<\/span><\/a><span> est une pratique courante pour les habitu\u00e9s des casinos en ligne Canada. Bien qu&rsquo;il soit facile pour tous les nouveaux utilisateurs de d\u00e9cider de s&rsquo;inscrire dans tel ou tel casino en ligne s&rsquo;il existe un code promo avec de jolis bonus pour un long jeu en argent r\u00e9el.<\/span><\/p>\n<p><span>Vous pouvez trouver un code promotionnel sur les pages officielles du casino en ligne dans les r\u00e9seaux sociaux ou sur le site officiel, ou sur les pages des r\u00e9seaux sociaux et sur les sites des casinos en ligne partenaires.\u00a0Habituellement, le casino partenaire lui-m\u00eame d\u00e9veloppe des informations sur les bonus agr\u00e9ables, encourageant ainsi les utilisateurs \u00e0 s&rsquo;inscrire sur le site Web du casino.<\/span><\/p>\n<h2><span>Comment obtenir un code promo ?<\/span><\/h2>\n<p><span>Bien que le casino distribue un certain nombre de codes promotionnels pour les utilisateurs nouveaux et r\u00e9guliers, ils peuvent tous \u00eatre obtenus de cette fa\u00e7on.\u00a0Avant tout, vous devez vous inscrire ou confirmer la pr\u00e9sence d&rsquo;un enregistrement sur le site officiel du casino en ligne.\u00a0Avant de recevoir tel ou tel bonus avec un code promotionnel, vous devez vous assurer qu&rsquo;il convient au joueur et l&rsquo;aidera vraiment \u00e0 r\u00e9ussir le jeu en argent virtuel ou r\u00e9el.<\/span><\/p>\n<p><span>Comment obtenir\u00a0<\/span><span>le code promo RocketPlay 2023\u00a0<\/span><span>?\u00a0Si l&rsquo;utilisateur s&rsquo;est inscrit, il doit entrer un identifiant et un mot de passe pour acc\u00e9der \u00e0 son propre compte, se rendre dans le profil, puis dans la section des offres de bonus.\u00a0Ensuite, vous devez v\u00e9rifier le bonus qui vous int\u00e9resse et confirmer votre intention d&rsquo;entrer un mot de passe particulier.<\/span><\/p>\n<p><span>Les utilisateurs qui viennent d&rsquo;enregistrer leur propre compte peuvent obtenir un code promotionnel RocketPlay sans d\u00e9p\u00f4t et 25 tours gratuits.\u00a0Pour devenir propri\u00e9taire d&rsquo;un tel nombre de tours gratuits, vous devez entrer le\u00a0<\/span><span>code bonus RocketPlay\u00a0<\/span><span>ROCKET dans le champ sp\u00e9cial et confirmer la r\u00e9ception du bonus.\u00a0Cependant, il n&rsquo;est pas n\u00e9cessaire d&rsquo;attendre longtemps pour obtenir le bonus de pari 50xV, car l&rsquo;utilisateur n&rsquo;aura qu&rsquo;un jour pour activer l&rsquo;offre de bonus et seulement 5 jours pour utiliser les 25 tours gratuits.\u00a0Il semblerait que les r\u00e8gles soient simples, mais tous les utilisateurs n&rsquo;arrivent pas \u00e0 activer et \u00e0 cr\u00e9er un bonus \u00e0 temps.<\/span><\/p>\n<p><span>S&rsquo;il s&rsquo;agit d&rsquo;environ 25 tours gratuits pour cr\u00e9er une nouvelle piste musicale sur le site du casino RocketPlay, o\u00f9 peuvent-ils \u00eatre utilis\u00e9s ?\u00a0Il existe une liste limit\u00e9e de machines \u00e0 sous pouvant n\u00e9cessiter des tours gratuits.\u00a0Avant tout, nous parlons de l&rsquo;une des machines \u00e0 sous populaires du fournisseur mondial de logiciels de jeux BGaming, \u00e0 savoir West Town.\u00a0Que sait-on de cette machine \u00e0 sous\u00a0?\u00a0L&rsquo;indicateur RTP est de 96,95 %.\u00a0Il s&rsquo;agit d&rsquo;un pourcentage assez \u00e9lev\u00e9 de paris qui sont retourn\u00e9s au joueur \u00e0 partir d&rsquo;un emplacement particulier.\u00a0Si le joueur a de l&rsquo;exp\u00e9rience en jouant aux machines \u00e0 sous pour de l&rsquo;argent r\u00e9el, alors la machine \u00e0 sous West Town est tr\u00e8s similaire \u00e0 une autre machine \u00e0 sous tr\u00e8s populaire dans le domaine du jeu &#8211; Dead Or Alive.<\/span><\/p>\n<h2><span>Autres bonus RocketPlay<\/span><\/h2>\n<p><span>En plus du\u00a0<\/span><span>code bonus sans d\u00e9p\u00f4t RocketPlay sans d\u00e9p\u00f4t\u00a0<\/span><span>, vous pouvez obtenir d&rsquo;autres bonus en vous inscrivant ou\u00a0<\/span><a href=\"https:\/\/rocketplay-game.com\/fr\/download\"><span>en t\u00e9l\u00e9chargeant<\/span><\/a><span>\u00a0une application mobile sur le site RocketPlay.\u00a0seuls les nouveaux utilisateurs qui n&rsquo;ont pas encore jou\u00e9 aux machines \u00e0 sous ou \u00e0 d&rsquo;autres jeux de hasard en ligne sur le site Web du casino RocketPlay peuvent recevoir un bonus lors de l&rsquo;inscription, de sorte que le bonus pour le t\u00e9l\u00e9chargement de l&rsquo;application mobile puisse \u00eatre re\u00e7u par tous les utilisateurs qui ont donn\u00e9 pour le t\u00e9l\u00e9charger.\u00a0Bien s\u00fbr, il peut s&rsquo;agir \u00e0 la fois de nouveaux utilisateurs qui viennent de s&rsquo;inscrire et de joueurs qui jouent aux machines \u00e0 sous sur le site du casino depuis sa cr\u00e9ation.<\/span><\/p>\n<p><span>Malgr\u00e9 le fait que de nombreux bonus de casino peuvent \u00eatre obtenus pour effectuer l&rsquo;une ou l&rsquo;autre action, plut\u00f4t que de reconstituer le compte de jeu, sans d\u00e9poser de fonds, il est peu probable que l&rsquo;utilisateur puisse activer l&rsquo;offre de bonus.\u00a0Si le joueur accepte de prendre tel ou tel bonus, il doit voir quelles sont les conditions de son activation.\u00a0La taille du d\u00e9p\u00f4t varie d&rsquo;un bonus \u00e0 l&rsquo;autre.<\/span><\/p>\n<p><span>Sous forme de bonus, vous pouvez compter non seulement des tours gratuits, des tours gratuits du tambour, mais aussi de l&rsquo;argent r\u00e9el, qui peut ensuite \u00eatre investi dans le jeu pour de l&rsquo;argent r\u00e9el.\u00a0La taille des gains d\u00e9pend des conditions de r\u00e9ception d&rsquo;un bonus particulier et du montant du d\u00e9p\u00f4t que l&rsquo;utilisateur aura sur le compte principal pour activer l&rsquo;offre de bonus.<\/span><\/p>\n<p><img loading=\"lazy\" decoding=\"async\" class=\"wp-image-301 aligncenter lazy-loaded\" src=\"https:\/\/rocketplay-game.com\/wp-content\/uploads\/2022\/08\/b5cafdb1ad0027f89a28ea8aa9901b83-300x144.jpg\" sizes=\"auto, (max-width: 652px) 100vw, 652px\" srcset=\"https:\/\/rocketplay-game.com\/wp-content\/uploads\/2022\/08\/b5cafdb1ad0027f89a28ea8aa9901b83-300x144.jpg 300w, https:\/\/rocketplay-game.com\/wp-content\/uploads\/2022\/08\/b5cafdb1ad0027f89a28ea8aa9901b83-768x370.jpg 768w, https:\/\/rocketplay-game.com\/wp-content\/uploads\/2022\/08\/b5cafdb1ad0027f89a28ea8aa9901b83.jpg 800w\" alt=\"code promotionnel rocketplay\" width=\"652\" height=\"313\" data-lazy-type=\"image\" data-src=\"https:\/\/rocketplay-game.com\/wp-content\/uploads\/2022\/08\/b5cafdb1ad0027f89a28ea8aa9901b83-300x144.jpg\" data-srcset=\"\" \/><\/p>\n<h2><span>FAQ<\/span><\/h2>\n<h3><span>Un utilisateur du code bonus du casino en ligne RocketPlay peut-il uniquement cr\u00e9er un nouveau disque de musique ?<\/span><\/h3>\n<p><span>Sur les sites partenaires, les casinos en ligne proposent de nombreuses autres offres qui peuvent convenir aux utilisateurs qui ont d\u00e9j\u00e0 suivi le processus d&rsquo;inscription, de sorte qu&rsquo;ils n&rsquo;ont pas besoin de s&rsquo;inscrire \u00e0 nouveau.\u00a0Il existe des codes promotionnels pour activer des bonus pour un certain nombre de tours gratuits, comme 20 tours gratuits suppl\u00e9mentaires pour jouer avec de l&rsquo;argent r\u00e9el dans une machine \u00e0 sous en ligne particuli\u00e8re.\u00a0De plus, vous pouvez r\u00e9clamer un bonus de 125% si vous entrez un code bonus sp\u00e9cial.\u00a0Il existe \u00e9galement un code promotionnel pour activer un bonus de premier d\u00e9p\u00f4t de 100 %.\u00a0100 tours gratuits, ou tours gratuits de la bobine dans les machines \u00e0 sous, sont ajout\u00e9s au bonus de 100 %.<\/span><\/p>\n<h3><span>Quels bonus sont disponibles sur le site Web du casino RocketPlay ?<\/span><\/h3>\n<p><span>Sur le site Web du casino en ligne Canada, vous pouvez trouver de nombreux bonus utiles et agr\u00e9ables pour les utilisateurs nouveaux et r\u00e9guliers, connaisseurs du jeu en ligne. En g\u00e9n\u00e9ral, tous les bonus peuvent \u00eatre divis\u00e9s en deux groupes : d\u00e9p\u00f4t et non-d\u00e9p\u00f4t.\u00a0C&rsquo;est une distribution assez pratique, surtout pour les nouveaux utilisateurs.\u00a0Apr\u00e8s tout, il existe des bonus, qui ne peuvent \u00eatre obtenus que pour l&rsquo;inscription, le t\u00e9l\u00e9chargement de l&rsquo;application mobile, et il existe des bonus pour effectuer les premier, deuxi\u00e8me ou troisi\u00e8me d\u00e9p\u00f4ts.\u00a0L&rsquo;avantage des bonus sans d\u00e9p\u00f4t est que vous pouvez jouer aux machines \u00e0 sous pour de l&rsquo;argent r\u00e9el sans utiliser de fonds de d\u00e9p\u00f4t.\u00a0Bien que les fonds de d\u00e9p\u00f4t seront toujours n\u00e9cessaires pour activer l&rsquo;une ou l&rsquo;autre offre de bonus.<\/span><\/p>\n","protected":false},"excerpt":{"rendered":"<p>Le\u00a0code promotionnel du casino\u00a0RocketPlay est une pratique courante pour les habitu\u00e9s des casinos en ligne Canada. Bien qu&rsquo;il soit facile pour tous les nouveaux utilisateurs de d\u00e9cider de s&rsquo;inscrire dans tel ou tel casino en ligne s&rsquo;il existe un code promo avec de jolis bonus pour un long jeu en argent r\u00e9el. Vous pouvez trouver&#8230;<\/p>\n","protected":false},"author":1,"featured_media":0,"parent":0,"menu_order":0,"comment_status":"closed","ping_status":"closed","template":"","meta":{"_acf_changed":false,"_kad_post_transparent":"default","_kad_post_title":"default","_kad_post_layout":"default","_kad_post_sidebar_id":"","_kad_post_content_style":"default","_kad_post_vertical_padding":"default","_kad_post_feature":"","_kad_post_feature_position":"","_kad_post_header":false,"_kad_post_footer":false,"footnotes":""},"class_list":["post-2596","page","type-page","status-publish","hentry"],"acf":[],"rttpg_featured_image_url":null,"rttpg_author":{"display_name":"Tom","author_link":"https:\/\/rocketplay-game.com\/fr\/author\/pemvas95n89x\/"},"rttpg_comment":0,"rttpg_category":null,"rttpg_excerpt":"Le\u00a0code promotionnel du casino\u00a0RocketPlay est une pratique courante pour les habitu\u00e9s des casinos en ligne Canada. Bien qu&rsquo;il soit facile pour tous les nouveaux utilisateurs de d\u00e9cider de s&rsquo;inscrire dans tel ou tel casino en ligne s&rsquo;il existe un code promo avec de jolis bonus pour un long jeu en argent r\u00e9el. Vous pouvez trouver...","_links":{"self":[{"href":"https:\/\/rocketplay-game.com\/fr\/wp-json\/wp\/v2\/pages\/2596","targetHints":{"allow":["GET"]}}],"collection":[{"href":"https:\/\/rocketplay-game.com\/fr\/wp-json\/wp\/v2\/pages"}],"about":[{"href":"https:\/\/rocketplay-game.com\/fr\/wp-json\/wp\/v2\/types\/page"}],"author":[{"embeddable":true,"href":"https:\/\/rocketplay-game.com\/fr\/wp-json\/wp\/v2\/users\/1"}],"replies":[{"embeddable":true,"href":"https:\/\/rocketplay-game.com\/fr\/wp-json\/wp\/v2\/comments?post=2596"}],"version-history":[{"count":2,"href":"https:\/\/rocketplay-game.com\/fr\/wp-json\/wp\/v2\/pages\/2596\/revisions"}],"predecessor-version":[{"id":2598,"href":"https:\/\/rocketplay-game.com\/fr\/wp-json\/wp\/v2\/pages\/2596\/revisions\/2598"}],"wp:attachment":[{"href":"https:\/\/rocketplay-game.com\/fr\/wp-json\/wp\/v2\/media?parent=2596"}],"curies":[{"name":"wp","href":"https:\/\/api.w.org\/{rel}","templated":true}]}}